{"id":12165,"date":"2020-06-13T18:07:18","date_gmt":"2020-06-13T16:07:18","guid":{"rendered":"http:\/\/www.vfl-westercelle.de\/fb\/?page_id=12165"},"modified":"2020-07-18T12:24:06","modified_gmt":"2020-07-18T10:24:06","slug":"neuer-c-platz","status":"publish","type":"page","link":"https:\/\/www.vfl-westercelle.de\/fb\/neuer-c-platz\/","title":{"rendered":"Neuer C-Platz"},"content":{"rendered":"\n<style type=\"text\/css\" data-created_by=\"avia_inline_auto\" id=\"style-css-av-nvsc2t-9794fb4d6f9732fcd4567f91cabbcff4\">\n.flex_column.av-nvsc2t-9794fb4d6f9732fcd4567f91cabbcff4{\nborder-radius:0px 0px 0px 0px;\npadding:0px 0px 0px 0px;\n}\n<\/style>\n<div  class='flex_column av-nvsc2t-9794fb4d6f9732fcd4567f91cabbcff4 av_one_full  avia-builder-el-0  avia-builder-el-no-sibling  first flex_column_div av-zero-column-padding  '     ><p><section  class='av_textblock_section av-kbdu1fle-493a38c24966cad1de0202fd533b6fe5 '   itemscope=\"itemscope\" itemtype=\"https:\/\/schema.org\/CreativeWork\" ><div class='avia_textblock'  itemprop=\"text\" ><p>Im Zuge des Baus des Kunstrasenplatzes, wurde der C-Platz verlegt. Er befindet sich nun an seinem neuen Platz etwas weiter s\u00fcdlich neben dem Kunstrasen. Nat\u00fcrlich ist auch der neue C-Platz an die automatische Bew\u00e4sserung angeschlossen. Der Platz bietet Raum f\u00fcr ein Kleinfeld, so dass ihn insbesondere unsere j\u00fcngsten Kicker von der U6 bis zur U11 und unsere \u00e4ltesten Fu\u00dfballer von der \u00dc40 und \u00dc50 nutzen werden.<\/p>\n<\/div><\/section><br \/>\n\n<style type=\"text\/css\" data-created_by=\"avia_inline_auto\" id=\"style-css-av-kcri756b-7a60ba9f781921b4c7c6f985152dfe28\">\n#top .avia-gallery.av-kcri756b-7a60ba9f781921b4c7c6f985152dfe28 .avia-gallery-thumb a{\nwidth:25%;\n}\n<\/style>\n<div  class='avia-gallery av-kcri756b-7a60ba9f781921b4c7c6f985152dfe28 avia_animate_when_visible  avia-builder-el-2  el_after_av_textblock  avia-builder-el-last  avia_lazyload avia-gallery-animate avia-gallery-1'  itemprop=\"image\" itemscope=\"itemscope\" itemtype=\"https:\/\/schema.org\/ImageObject\" ><meta itemprop=\"contentURL\" content=\"https:\/\/www.vfl-westercelle.de\/fb\/neuer-c-platz\/\"><div class='avia-gallery-thumb'><a href=\"https:\/\/www.vfl-westercelle.de\/fb\/wp-content\/uploads\/sites\/3\/2020\/07\/IMG_20200718_105338-770x1030.jpg\" data-srcset=\"https:\/\/www.vfl-westercelle.de\/fb\/wp-content\/uploads\/sites\/3\/2020\/07\/IMG_20200718_105338-770x1030.jpg 770w, https:\/\/www.vfl-westercelle.de\/fb\/wp-content\/uploads\/sites\/3\/2020\/07\/IMG_20200718_105338-224x300.jpg 224w, https:\/\/www.vfl-westercelle.de\/fb\/wp-content\/uploads\/sites\/3\/2020\/07\/IMG_20200718_105338-768x1027.jpg 768w, https:\/\/www.vfl-westercelle.de\/fb\/wp-content\/uploads\/sites\/3\/2020\/07\/IMG_20200718_105338-1149x1536.jpg 1149w, https:\/\/www.vfl-westercelle.de\/fb\/wp-content\/uploads\/sites\/3\/2020\/07\/IMG_20200718_105338-1532x2048.jpg 1532w, https:\/\/www.vfl-westercelle.de\/fb\/wp-content\/uploads\/sites\/3\/2020\/07\/IMG_20200718_105338-1122x1500.jpg 1122w, https:\/\/www.vfl-westercelle.de\/fb\/wp-content\/uploads\/sites\/3\/2020\/07\/IMG_20200718_105338-527x705.jpg 527w, https:\/\/www.vfl-westercelle.de\/fb\/wp-content\/uploads\/sites\/3\/2020\/07\/IMG_20200718_105338-96x128.jpg 96w, https:\/\/www.vfl-westercelle.de\/fb\/wp-content\/uploads\/sites\/3\/2020\/07\/IMG_20200718_105338-24x32.jpg 24w, https:\/\/www.vfl-westercelle.de\/fb\/wp-content\/uploads\/sites\/3\/2020\/07\/IMG_20200718_105338-scaled.jpg 1915w\" data-sizes=\"(max-width: 770px) 100vw, 770px\" data-rel='gallery-1' data-prev-img='https:\/\/www.vfl-westercelle.de\/fb\/wp-content\/uploads\/sites\/3\/2020\/07\/IMG_20200718_105338-495x400.jpg' class='first_thumb lightbox ' data-onclick='1' title='dav'  itemprop=\"thumbnailUrl\"  ><img decoding=\"async\" fetchpriority=\"high\" class=\"wp-image-12435 avia-img-lazy-loading-not-12435\"  data-avia-tooltip='dav' src=\"https:\/\/www.vfl-westercelle.de\/fb\/wp-content\/uploads\/sites\/3\/2020\/07\/IMG_20200718_105338-495x400.jpg\" width=\"495\" height=\"400\"  title='C-Platz 2020 (2)' alt='' srcset=\"https:\/\/www.vfl-westercelle.de\/fb\/wp-content\/uploads\/sites\/3\/2020\/07\/IMG_20200718_105338-495x400.jpg 495w, https:\/\/www.vfl-westercelle.de\/fb\/wp-content\/uploads\/sites\/3\/2020\/07\/IMG_20200718_105338-845x684.jpg 845w\" sizes=\"(max-width: 495px) 100vw, 495px\" \/><div class='big-prev-fake'><img decoding=\"async\" loading=\"lazy\" class=\"wp-image-12435 avia-img-lazy-loading-12435\"  width=\"495\" height=\"400\" src=\"https:\/\/www.vfl-westercelle.de\/fb\/wp-content\/uploads\/sites\/3\/2020\/07\/IMG_20200718_105338-495x400.jpg\" title='C-Platz 2020 (2)' alt='' srcset=\"https:\/\/www.vfl-westercelle.de\/fb\/wp-content\/uploads\/sites\/3\/2020\/07\/IMG_20200718_105338-495x400.jpg 495w, https:\/\/www.vfl-westercelle.de\/fb\/wp-content\/uploads\/sites\/3\/2020\/07\/IMG_20200718_105338-845x684.jpg 845w\" sizes=\"auto, (max-width: 495px) 100vw, 495px\" \/><\/div><\/a><a href=\"https:\/\/www.vfl-westercelle.de\/fb\/wp-content\/uploads\/sites\/3\/2020\/07\/IMG_20200718_105201-1030x770.jpg\" data-srcset=\"https:\/\/www.vfl-westercelle.de\/fb\/wp-content\/uploads\/sites\/3\/2020\/07\/IMG_20200718_105201-1030x770.jpg 1030w, https:\/\/www.vfl-westercelle.de\/fb\/wp-content\/uploads\/sites\/3\/2020\/07\/IMG_20200718_105201-300x224.jpg 300w, https:\/\/www.vfl-westercelle.de\/fb\/wp-content\/uploads\/sites\/3\/2020\/07\/IMG_20200718_105201-768x574.jpg 768w, https:\/\/www.vfl-westercelle.de\/fb\/wp-content\/uploads\/sites\/3\/2020\/07\/IMG_20200718_105201-1536x1149.jpg 1536w, https:\/\/www.vfl-westercelle.de\/fb\/wp-content\/uploads\/sites\/3\/2020\/07\/IMG_20200718_105201-2048x1532.jpg 2048w, https:\/\/www.vfl-westercelle.de\/fb\/wp-content\/uploads\/sites\/3\/2020\/07\/IMG_20200718_105201-1500x1122.jpg 1500w, https:\/\/www.vfl-westercelle.de\/fb\/wp-content\/uploads\/sites\/3\/2020\/07\/IMG_20200718_105201-705x527.jpg 705w, https:\/\/www.vfl-westercelle.de\/fb\/wp-content\/uploads\/sites\/3\/2020\/07\/IMG_20200718_105201-128x96.jpg 128w, https:\/\/www.vfl-westercelle.de\/fb\/wp-content\/uploads\/sites\/3\/2020\/07\/IMG_20200718_105201-32x24.jpg 32w\" data-sizes=\"(max-width: 1030px) 100vw, 1030px\" data-rel='gallery-1' data-prev-img='https:\/\/www.vfl-westercelle.de\/fb\/wp-content\/uploads\/sites\/3\/2020\/07\/IMG_20200718_105201-495x400.jpg' class='lightbox ' data-onclick='2' title='dav'  itemprop=\"thumbnailUrl\"  ><img decoding=\"async\" fetchpriority=\"high\" class=\"wp-image-12437 avia-img-lazy-loading-not-12437\"  data-avia-tooltip='dav' src=\"https:\/\/www.vfl-westercelle.de\/fb\/wp-content\/uploads\/sites\/3\/2020\/07\/IMG_20200718_105201-495x400.jpg\" width=\"495\" height=\"400\"  title='C-Platz 2020 (5)' alt='' srcset=\"https:\/\/www.vfl-westercelle.de\/fb\/wp-content\/uploads\/sites\/3\/2020\/07\/IMG_20200718_105201-495x400.jpg 495w, https:\/\/www.vfl-westercelle.de\/fb\/wp-content\/uploads\/sites\/3\/2020\/07\/IMG_20200718_105201-845x684.jpg 845w\" sizes=\"(max-width: 495px) 100vw, 495px\" \/><div class='big-prev-fake'><img decoding=\"async\" loading=\"lazy\" class=\"wp-image-12437 avia-img-lazy-loading-12437\"  width=\"495\" height=\"400\" src=\"https:\/\/www.vfl-westercelle.de\/fb\/wp-content\/uploads\/sites\/3\/2020\/07\/IMG_20200718_105201-495x400.jpg\" title='C-Platz 2020 (5)' alt='' srcset=\"https:\/\/www.vfl-westercelle.de\/fb\/wp-content\/uploads\/sites\/3\/2020\/07\/IMG_20200718_105201-495x400.jpg 495w, https:\/\/www.vfl-westercelle.de\/fb\/wp-content\/uploads\/sites\/3\/2020\/07\/IMG_20200718_105201-845x684.jpg 845w\" sizes=\"auto, (max-width: 495px) 100vw, 495px\" \/><\/div><\/a><a href=\"https:\/\/www.vfl-westercelle.de\/fb\/wp-content\/uploads\/sites\/3\/2020\/07\/IMG_20200718_105257-770x1030.jpg\" data-srcset=\"https:\/\/www.vfl-westercelle.de\/fb\/wp-content\/uploads\/sites\/3\/2020\/07\/IMG_20200718_105257-770x1030.jpg 770w, https:\/\/www.vfl-westercelle.de\/fb\/wp-content\/uploads\/sites\/3\/2020\/07\/IMG_20200718_105257-224x300.jpg 224w, https:\/\/www.vfl-westercelle.de\/fb\/wp-content\/uploads\/sites\/3\/2020\/07\/IMG_20200718_105257-768x1027.jpg 768w, https:\/\/www.vfl-westercelle.de\/fb\/wp-content\/uploads\/sites\/3\/2020\/07\/IMG_20200718_105257-1149x1536.jpg 1149w, https:\/\/www.vfl-westercelle.de\/fb\/wp-content\/uploads\/sites\/3\/2020\/07\/IMG_20200718_105257-1532x2048.jpg 1532w, https:\/\/www.vfl-westercelle.de\/fb\/wp-content\/uploads\/sites\/3\/2020\/07\/IMG_20200718_105257-1122x1500.jpg 1122w, https:\/\/www.vfl-westercelle.de\/fb\/wp-content\/uploads\/sites\/3\/2020\/07\/IMG_20200718_105257-527x705.jpg 527w, https:\/\/www.vfl-westercelle.de\/fb\/wp-content\/uploads\/sites\/3\/2020\/07\/IMG_20200718_105257-96x128.jpg 96w, https:\/\/www.vfl-westercelle.de\/fb\/wp-content\/uploads\/sites\/3\/2020\/07\/IMG_20200718_105257-24x32.jpg 24w, https:\/\/www.vfl-westercelle.de\/fb\/wp-content\/uploads\/sites\/3\/2020\/07\/IMG_20200718_105257-scaled.jpg 1915w\" data-sizes=\"(max-width: 770px) 100vw, 770px\" data-rel='gallery-1' data-prev-img='https:\/\/www.vfl-westercelle.de\/fb\/wp-content\/uploads\/sites\/3\/2020\/07\/IMG_20200718_105257-495x400.jpg' class='lightbox ' data-onclick='3' title='dav'  itemprop=\"thumbnailUrl\"  ><img decoding=\"async\" fetchpriority=\"high\" class=\"wp-image-12433 avia-img-lazy-loading-not-12433\"  data-avia-tooltip='dav' src=\"https:\/\/www.vfl-westercelle.de\/fb\/wp-content\/uploads\/sites\/3\/2020\/07\/IMG_20200718_105257-495x400.jpg\" width=\"495\" height=\"400\"  title='C-Platz 2020 (3)' alt='' srcset=\"https:\/\/www.vfl-westercelle.de\/fb\/wp-content\/uploads\/sites\/3\/2020\/07\/IMG_20200718_105257-495x400.jpg 495w, https:\/\/www.vfl-westercelle.de\/fb\/wp-content\/uploads\/sites\/3\/2020\/07\/IMG_20200718_105257-845x684.jpg 845w\" sizes=\"(max-width: 495px) 100vw, 495px\" \/><div class='big-prev-fake'><img decoding=\"async\" loading=\"lazy\" class=\"wp-image-12433 avia-img-lazy-loading-12433\"  width=\"495\" height=\"400\" src=\"https:\/\/www.vfl-westercelle.de\/fb\/wp-content\/uploads\/sites\/3\/2020\/07\/IMG_20200718_105257-495x400.jpg\" title='C-Platz 2020 (3)' alt='' srcset=\"https:\/\/www.vfl-westercelle.de\/fb\/wp-content\/uploads\/sites\/3\/2020\/07\/IMG_20200718_105257-495x400.jpg 495w, https:\/\/www.vfl-westercelle.de\/fb\/wp-content\/uploads\/sites\/3\/2020\/07\/IMG_20200718_105257-845x684.jpg 845w\" sizes=\"auto, (max-width: 495px) 100vw, 495px\" \/><\/div><\/a><a href=\"https:\/\/www.vfl-westercelle.de\/fb\/wp-content\/uploads\/sites\/3\/2020\/06\/IMG-20200611-WA0014-1-1030x773.jpg\" data-srcset=\"https:\/\/www.vfl-westercelle.de\/fb\/wp-content\/uploads\/sites\/3\/2020\/06\/IMG-20200611-WA0014-1-1030x773.jpg 1030w, https:\/\/www.vfl-westercelle.de\/fb\/wp-content\/uploads\/sites\/3\/2020\/06\/IMG-20200611-WA0014-1-300x225.jpg 300w, https:\/\/www.vfl-westercelle.de\/fb\/wp-content\/uploads\/sites\/3\/2020\/06\/IMG-20200611-WA0014-1-768x576.jpg 768w, https:\/\/www.vfl-westercelle.de\/fb\/wp-content\/uploads\/sites\/3\/2020\/06\/IMG-20200611-WA0014-1-1536x1152.jpg 1536w, https:\/\/www.vfl-westercelle.de\/fb\/wp-content\/uploads\/sites\/3\/2020\/06\/IMG-20200611-WA0014-1-1500x1125.jpg 1500w, https:\/\/www.vfl-westercelle.de\/fb\/wp-content\/uploads\/sites\/3\/2020\/06\/IMG-20200611-WA0014-1-705x529.jpg 705w, https:\/\/www.vfl-westercelle.de\/fb\/wp-content\/uploads\/sites\/3\/2020\/06\/IMG-20200611-WA0014-1-128x96.jpg 128w, https:\/\/www.vfl-westercelle.de\/fb\/wp-content\/uploads\/sites\/3\/2020\/06\/IMG-20200611-WA0014-1-32x24.jpg 32w, https:\/\/www.vfl-westercelle.de\/fb\/wp-content\/uploads\/sites\/3\/2020\/06\/IMG-20200611-WA0014-1.jpg 1600w\" data-sizes=\"(max-width: 1030px) 100vw, 1030px\" data-rel='gallery-1' data-prev-img='https:\/\/www.vfl-westercelle.de\/fb\/wp-content\/uploads\/sites\/3\/2020\/06\/IMG-20200611-WA0014-1-495x400.jpg' class='lightbox ' data-onclick='4' title='Kunstrasen_Luftbild_Jun2020 2'  itemprop=\"thumbnailUrl\"  ><img decoding=\"async\" fetchpriority=\"high\" class=\"wp-image-12133 avia-img-lazy-loading-not-12133\"   src=\"https:\/\/www.vfl-westercelle.de\/fb\/wp-content\/uploads\/sites\/3\/2020\/06\/IMG-20200611-WA0014-1-495x400.jpg\" width=\"495\" height=\"400\"  title='Kunstrasen_Luftbild_Jun2020 2' alt='' srcset=\"https:\/\/www.vfl-westercelle.de\/fb\/wp-content\/uploads\/sites\/3\/2020\/06\/IMG-20200611-WA0014-1-495x400.jpg 495w, https:\/\/www.vfl-westercelle.de\/fb\/wp-content\/uploads\/sites\/3\/2020\/06\/IMG-20200611-WA0014-1-845x684.jpg 845w\" sizes=\"(max-width: 495px) 100vw, 495px\" \/><div class='big-prev-fake'><img decoding=\"async\" loading=\"lazy\" class=\"wp-image-12133 avia-img-lazy-loading-12133\"  width=\"495\" height=\"400\" src=\"https:\/\/www.vfl-westercelle.de\/fb\/wp-content\/uploads\/sites\/3\/2020\/06\/IMG-20200611-WA0014-1-495x400.jpg\" title='Kunstrasen_Luftbild_Jun2020 2' alt='' srcset=\"https:\/\/www.vfl-westercelle.de\/fb\/wp-content\/uploads\/sites\/3\/2020\/06\/IMG-20200611-WA0014-1-495x400.jpg 495w, https:\/\/www.vfl-westercelle.de\/fb\/wp-content\/uploads\/sites\/3\/2020\/06\/IMG-20200611-WA0014-1-845x684.jpg 845w\" sizes=\"auto, (max-width: 495px) 100vw, 495px\" \/><\/div><\/a><\/div><\/div><\/p><\/div>\n","protected":false},"excerpt":{"rendered":"","protected":false},"author":9,"featured_media":0,"parent":0,"menu_order":0,"comment_status":"closed","ping_status":"closed","template":"","meta":{"footnotes":""},"class_list":["post-12165","page","type-page","status-publish","hentry"],"_links":{"self":[{"href":"https:\/\/www.vfl-westercelle.de\/fb\/wp-json\/wp\/v2\/pages\/12165","targetHints":{"allow":["GET"]}}],"collection":[{"href":"https:\/\/www.vfl-westercelle.de\/fb\/wp-json\/wp\/v2\/pages"}],"about":[{"href":"https:\/\/www.vfl-westercelle.de\/fb\/wp-json\/wp\/v2\/types\/page"}],"author":[{"embeddable":true,"href":"https:\/\/www.vfl-westercelle.de\/fb\/wp-json\/wp\/v2\/users\/9"}],"replies":[{"embeddable":true,"href":"https:\/\/www.vfl-westercelle.de\/fb\/wp-json\/wp\/v2\/comments?post=12165"}],"version-history":[{"count":5,"href":"https:\/\/www.vfl-westercelle.de\/fb\/wp-json\/wp\/v2\/pages\/12165\/revisions"}],"predecessor-version":[{"id":12438,"href":"https:\/\/www.vfl-westercelle.de\/fb\/wp-json\/wp\/v2\/pages\/12165\/revisions\/12438"}],"wp:attachment":[{"href":"https:\/\/www.vfl-westercelle.de\/fb\/wp-json\/wp\/v2\/media?parent=12165"}],"curies":[{"name":"wp","href":"https:\/\/api.w.org\/{rel}","templated":true}]}}