{"id":13738,"date":"2021-01-06T17:29:36","date_gmt":"2021-01-06T16:29:36","guid":{"rendered":"http:\/\/www.vfl-westercelle.de\/fb\/?page_id=13738"},"modified":"2021-01-06T18:54:33","modified_gmt":"2021-01-06T17:54:33","slug":"schule-und-verein","status":"publish","type":"page","link":"https:\/\/www.vfl-westercelle.de\/fb\/schule-und-verein\/","title":{"rendered":"Schule und Verein"},"content":{"rendered":"\n<style type=\"text\/css\" data-created_by=\"avia_inline_auto\" id=\"style-css-av-uwxvpm-c7366e1e1742ca33939f325f05fe32cd\">\n.flex_column.av-uwxvpm-c7366e1e1742ca33939f325f05fe32cd{\nborder-radius:0px 0px 0px 0px;\npadding:0px 0px 0px 0px;\n}\n<\/style>\n<div  class='flex_column av-uwxvpm-c7366e1e1742ca33939f325f05fe32cd av_one_full  avia-builder-el-0  el_before_av_heading  avia-builder-el-first  first flex_column_div av-zero-column-padding  '     ><style type=\"text\/css\" data-created_by=\"avia_inline_auto\" id=\"style-css-av-kjlj4k1w-82c500d1db97d9cc420d5090c6beb4a4\">\n.avia-image-container.av-kjlj4k1w-82c500d1db97d9cc420d5090c6beb4a4 img.avia_image{\nbox-shadow:none;\n}\n.avia-image-container.av-kjlj4k1w-82c500d1db97d9cc420d5090c6beb4a4 .av-image-caption-overlay-center{\ncolor:#ffffff;\n}\n<\/style>\n<div  class='avia-image-container av-kjlj4k1w-82c500d1db97d9cc420d5090c6beb4a4 av-styling- avia-align-center  avia-builder-el-1  avia-builder-el-no-sibling '   itemprop=\"image\" itemscope=\"itemscope\" itemtype=\"https:\/\/schema.org\/ImageObject\" ><div class=\"avia-image-container-inner\"><div class=\"avia-image-overlay-wrap\"><img decoding=\"async\" fetchpriority=\"high\" class='wp-image-13739 avia-img-lazy-loading-not-13739 avia_image ' src=\"https:\/\/www.vfl-westercelle.de\/fb\/wp-content\/uploads\/sites\/3\/2021\/01\/5c502b5b77fff_cli_grundschulcup-62-scaled.jpg\" alt='' title='Grundschulcup beim VfL Westercelle'  height=\"1707\" width=\"2560\"  itemprop=\"thumbnailUrl\" srcset=\"https:\/\/www.vfl-westercelle.de\/fb\/wp-content\/uploads\/sites\/3\/2021\/01\/5c502b5b77fff_cli_grundschulcup-62-scaled.jpg 2560w, https:\/\/www.vfl-westercelle.de\/fb\/wp-content\/uploads\/sites\/3\/2021\/01\/5c502b5b77fff_cli_grundschulcup-62-300x200.jpg 300w, https:\/\/www.vfl-westercelle.de\/fb\/wp-content\/uploads\/sites\/3\/2021\/01\/5c502b5b77fff_cli_grundschulcup-62-1030x687.jpg 1030w, https:\/\/www.vfl-westercelle.de\/fb\/wp-content\/uploads\/sites\/3\/2021\/01\/5c502b5b77fff_cli_grundschulcup-62-768x512.jpg 768w, https:\/\/www.vfl-westercelle.de\/fb\/wp-content\/uploads\/sites\/3\/2021\/01\/5c502b5b77fff_cli_grundschulcup-62-1536x1024.jpg 1536w, https:\/\/www.vfl-westercelle.de\/fb\/wp-content\/uploads\/sites\/3\/2021\/01\/5c502b5b77fff_cli_grundschulcup-62-2048x1365.jpg 2048w, https:\/\/www.vfl-westercelle.de\/fb\/wp-content\/uploads\/sites\/3\/2021\/01\/5c502b5b77fff_cli_grundschulcup-62-1500x1000.jpg 1500w, https:\/\/www.vfl-westercelle.de\/fb\/wp-content\/uploads\/sites\/3\/2021\/01\/5c502b5b77fff_cli_grundschulcup-62-705x470.jpg 705w, https:\/\/www.vfl-westercelle.de\/fb\/wp-content\/uploads\/sites\/3\/2021\/01\/5c502b5b77fff_cli_grundschulcup-62-128x85.jpg 128w, https:\/\/www.vfl-westercelle.de\/fb\/wp-content\/uploads\/sites\/3\/2021\/01\/5c502b5b77fff_cli_grundschulcup-62-32x21.jpg 32w\" sizes=\"(max-width: 2560px) 100vw, 2560px\" \/><\/div><\/div><\/div><\/div>\n\n<style type=\"text\/css\" data-created_by=\"avia_inline_auto\" id=\"style-css-av-av_heading-10eb802ff9edfae859100d0e80bdebb8\">\n#top .av-special-heading.av-av_heading-10eb802ff9edfae859100d0e80bdebb8{\npadding-bottom:10px;\n}\nbody .av-special-heading.av-av_heading-10eb802ff9edfae859100d0e80bdebb8 .av-special-heading-tag .heading-char{\nfont-size:25px;\n}\n.av-special-heading.av-av_heading-10eb802ff9edfae859100d0e80bdebb8 .av-subheading{\nfont-size:15px;\n}\n<\/style>\n<div  class='av-special-heading av-av_heading-10eb802ff9edfae859100d0e80bdebb8 av-special-heading-h3  avia-builder-el-2  el_after_av_one_full  el_before_av_textblock '><h3 class='av-special-heading-tag '  itemprop=\"headline\"  >Kooperationen mit Celler Schulen<\/h3><div class=\"special-heading-border\"><div class=\"special-heading-inner-border\"><\/div><\/div><\/div>\n<section  class='av_textblock_section av-kjlk06co-84d6f539228357ac53732edf3d03a57a '   itemscope=\"itemscope\" itemtype=\"https:\/\/schema.org\/CreativeWork\" ><div class='avia_textblock'  itemprop=\"text\" ><p>Der VfL Westercelle macht Schule! Der Verein kooperiert auf verschiedenen Feldern mit den Westerceller und Celler Schulen.<\/p>\n<p>Die OBS Westercelle und die Grundschule Nadelberg nutzen seit Langem die Sportanlagen in der Wilhelm-Hasselmann-Stra\u00dfe und profitieren dabei stark vom neuen Kunstrasenplatz. Dadurch kann der Sportunterricht fast ganzj\u00e4hrig drau\u00dfen ausgetragen werden. Der Platz l\u00e4sst sich dabei auch f\u00fcr andere Sportarten hervorragend nutzen. Ebenso erfreut sich die Laufbahn rund um den A-Platz gro\u00dfer Beliebtheit.<\/p>\n<p>Durch die Nutzung des Sportplatzes in der Burgstra\u00dfe gilt nun, dass auch das Gymnasium Ernestinum und die IGS Burgstra\u00dfe ihren Sportunterricht teilweise auf Gel\u00e4uf ausrichten, f\u00fcr das der VfL Westercelle eine langfristige Nutzungsvereinbarung mit der Stadt Celle geschlossen hat.<\/p>\n<p>Einmal im Jahr richtet der VfL den <a href=\"https:\/\/www.vfl-westercelle.de\/fb\/grundschulcup\/\" target=\"_blank\" rel=\"noopener\">Grundschulcup<\/a> aus. Dabei treten Mannschaften von allen Celler Grundschulen in der Nadelberghalle gegeneinander an. Dabei geht es nicht nur um Tore, sondern auch um das Fairplay! Die fairste Mannschaft wird bei diesem Turnier wie der Sieger mit einem gro\u00dfen Pokal geehrt!<\/p>\n<p>Die Spiele des Grundschulcups werden nicht nur von unseren jungen VfL-Schiedsrichtern geleitet, sondern die gesamte Durchf\u00fchrung und Organisation des Turniers liegt in den H\u00e4nden unseres FSJlers! Ein Freiwilliges Soziales Jahr beim VfL bietet viele M\u00f6glichkeiten, um eine spannende, lehrreiche und erf\u00fcllende Zeit zu erleben. Ein Interview mit einem unserer ehemaligen FSJler, Johannes Wunsch, findet ihr <a href=\"https:\/\/www.vfl-westercelle.de\/fb\/2020\/03\/18\/kreuzverhoer-teil-13-johannes-wunsch\/\" target=\"_blank\" rel=\"noopener\">hier<\/a>.<\/p>\n<p>Dabei f\u00e4llt nicht nur der Grundschulcup in den Aufgabenbereich des FSJlers, sondern ein ganz besonderer Teil ist die Durchf\u00fchrung von AGs an Celler Schulen! In diesem Schuljahr wird an der katholischen Grundschule w\u00f6chentlich eine Fu\u00dfball-AG angeboten.<\/p>\n<p>Die intensive Kooperation zwischen Verein und Schulen soll kontinuierlich ausgebaut werden.<\/p>\n<\/div><\/section>\n","protected":false},"excerpt":{"rendered":"","protected":false},"author":9,"featured_media":0,"parent":0,"menu_order":0,"comment_status":"closed","ping_status":"closed","template":"","meta":{"footnotes":""},"class_list":["post-13738","page","type-page","status-publish","hentry"],"_links":{"self":[{"href":"https:\/\/www.vfl-westercelle.de\/fb\/wp-json\/wp\/v2\/pages\/13738","targetHints":{"allow":["GET"]}}],"collection":[{"href":"https:\/\/www.vfl-westercelle.de\/fb\/wp-json\/wp\/v2\/pages"}],"about":[{"href":"https:\/\/www.vfl-westercelle.de\/fb\/wp-json\/wp\/v2\/types\/page"}],"author":[{"embeddable":true,"href":"https:\/\/www.vfl-westercelle.de\/fb\/wp-json\/wp\/v2\/users\/9"}],"replies":[{"embeddable":true,"href":"https:\/\/www.vfl-westercelle.de\/fb\/wp-json\/wp\/v2\/comments?post=13738"}],"version-history":[{"count":4,"href":"https:\/\/www.vfl-westercelle.de\/fb\/wp-json\/wp\/v2\/pages\/13738\/revisions"}],"predecessor-version":[{"id":13746,"href":"https:\/\/www.vfl-westercelle.de\/fb\/wp-json\/wp\/v2\/pages\/13738\/revisions\/13746"}],"wp:attachment":[{"href":"https:\/\/www.vfl-westercelle.de\/fb\/wp-json\/wp\/v2\/media?parent=13738"}],"curies":[{"name":"wp","href":"https:\/\/api.w.org\/{rel}","templated":true}]}}