{"id":15126,"date":"2021-08-18T12:05:26","date_gmt":"2021-08-18T10:05:26","guid":{"rendered":"https:\/\/www.vfl-westercelle.de\/fb\/?page_id=15126"},"modified":"2025-06-18T20:32:02","modified_gmt":"2025-06-18T18:32:02","slug":"umbau-und-energetische-sanierung-der-kabinen","status":"publish","type":"page","link":"https:\/\/www.vfl-westercelle.de\/fb\/umbau-und-energetische-sanierung-der-kabinen\/","title":{"rendered":"Umbau und energetische Sanierung der Kabinen"},"content":{"rendered":"<div  class='flex_column av-msyxpy-11d8104db0c59073bc0eb2d5de0dd5c0 av_one_full  avia-builder-el-0  avia-builder-el-no-sibling  first flex_column_div  '     ><p><section  class='av_textblock_section av-kshbv4jb-ad83ac3abe38afe6f8a8872743f03fff '   itemscope=\"itemscope\" itemtype=\"https:\/\/schema.org\/CreativeWork\" ><div class='avia_textblock'  itemprop=\"text\" ><p>Die Kabinen am Westerceller Sportpark konnten zuletzt nicht mehr mit der sportlichen Entwicklung der Mannschaften mithalten. Seit Dezember 2024 sind wir dabei, Schritt f\u00fcr Schritt das gesamte Geb\u00e4ude energetisch zu sanieren.<\/p>\n<p>Es wird eine neue D\u00e4mmung angebracht, energiesparende Lampen verbaut, die Thermostate erneuert und vieles mehr.<\/p>\n<p>Der Zuschnitt der Kabinen wird sich \u00e4ndern. In Zukunft gibt es mehr Platz f\u00fcr die Mannschaften und die Schiedsrichter erhalten eine auf ihre Bed\u00fcrfnisse zugeschnittene Umkleidem\u00f6glichkeit.<\/p>\n<\/div><\/section><br \/>\n\n<style type=\"text\/css\" data-created_by=\"avia_inline_auto\" id=\"style-css-av-kshbwack-11d4336d734c74df943748377b179e57\">\n#top .avia-gallery.av-kshbwack-11d4336d734c74df943748377b179e57 .avia-gallery-thumb a{\nwidth:16.6667%;\n}\n<\/style>\n<div  class='avia-gallery av-kshbwack-11d4336d734c74df943748377b179e57 avia_animate_when_visible  avia-builder-el-2  el_after_av_textblock  avia-builder-el-last  avia_lazyload avia-gallery-animate avia-gallery-1'  itemprop=\"image\" itemscope=\"itemscope\" itemtype=\"https:\/\/schema.org\/ImageObject\" ><meta itemprop=\"contentURL\" content=\"https:\/\/www.vfl-westercelle.de\/fb\/umbau-und-energetische-sanierung-der-kabinen\/\"><div class='avia-gallery-thumb'><a href=\"https:\/\/www.vfl-westercelle.de\/fb\/wp-content\/uploads\/sites\/3\/2025\/03\/IMG-20241129-WA0000-1030x773.jpg\" data-srcset=\"https:\/\/www.vfl-westercelle.de\/fb\/wp-content\/uploads\/sites\/3\/2025\/03\/IMG-20241129-WA0000-1030x773.jpg 1030w, https:\/\/www.vfl-westercelle.de\/fb\/wp-content\/uploads\/sites\/3\/2025\/03\/IMG-20241129-WA0000-300x225.jpg 300w, https:\/\/www.vfl-westercelle.de\/fb\/wp-content\/uploads\/sites\/3\/2025\/03\/IMG-20241129-WA0000-768x576.jpg 768w, https:\/\/www.vfl-westercelle.de\/fb\/wp-content\/uploads\/sites\/3\/2025\/03\/IMG-20241129-WA0000-1536x1152.jpg 1536w, https:\/\/www.vfl-westercelle.de\/fb\/wp-content\/uploads\/sites\/3\/2025\/03\/IMG-20241129-WA0000-1500x1125.jpg 1500w, https:\/\/www.vfl-westercelle.de\/fb\/wp-content\/uploads\/sites\/3\/2025\/03\/IMG-20241129-WA0000-705x529.jpg 705w, https:\/\/www.vfl-westercelle.de\/fb\/wp-content\/uploads\/sites\/3\/2025\/03\/IMG-20241129-WA0000-128x96.jpg 128w, https:\/\/www.vfl-westercelle.de\/fb\/wp-content\/uploads\/sites\/3\/2025\/03\/IMG-20241129-WA0000-32x24.jpg 32w, https:\/\/www.vfl-westercelle.de\/fb\/wp-content\/uploads\/sites\/3\/2025\/03\/IMG-20241129-WA0000.jpg 2000w\" data-sizes=\"(max-width: 1030px) 100vw, 1030px\" data-rel='gallery-1' data-prev-img='https:\/\/www.vfl-westercelle.de\/fb\/wp-content\/uploads\/sites\/3\/2025\/03\/IMG-20241129-WA0000-495x400.jpg' class='first_thumb lightbox ' data-onclick='1' title='Baustart im Dezember 2024'  itemprop=\"thumbnailUrl\"  ><img decoding=\"async\" fetchpriority=\"high\" class=\"wp-image-26816 avia-img-lazy-loading-not-26816\"  data-avia-tooltip='Baustart im Dezember 2024' src=\"https:\/\/www.vfl-westercelle.de\/fb\/wp-content\/uploads\/sites\/3\/2025\/03\/IMG-20241129-WA0000-495x400.jpg\" width=\"495\" height=\"400\"  title='Sanierung der Kabinen (1)' alt='' srcset=\"https:\/\/www.vfl-westercelle.de\/fb\/wp-content\/uploads\/sites\/3\/2025\/03\/IMG-20241129-WA0000-495x400.jpg 495w, https:\/\/www.vfl-westercelle.de\/fb\/wp-content\/uploads\/sites\/3\/2025\/03\/IMG-20241129-WA0000-845x684.jpg 845w\" sizes=\"(max-width: 495px) 100vw, 495px\" \/><div class='big-prev-fake'><img decoding=\"async\" loading=\"lazy\" class=\"wp-image-26816 avia-img-lazy-loading-26816\"  width=\"495\" height=\"400\" src=\"https:\/\/www.vfl-westercelle.de\/fb\/wp-content\/uploads\/sites\/3\/2025\/03\/IMG-20241129-WA0000-495x400.jpg\" title='Sanierung der Kabinen (1)' alt='' srcset=\"https:\/\/www.vfl-westercelle.de\/fb\/wp-content\/uploads\/sites\/3\/2025\/03\/IMG-20241129-WA0000-495x400.jpg 495w, https:\/\/www.vfl-westercelle.de\/fb\/wp-content\/uploads\/sites\/3\/2025\/03\/IMG-20241129-WA0000-845x684.jpg 845w\" sizes=\"auto, (max-width: 495px) 100vw, 495px\" \/><\/div><\/a><a href=\"https:\/\/www.vfl-westercelle.de\/fb\/wp-content\/uploads\/sites\/3\/2025\/06\/IMG_20250618_180913-1030x773.jpg\" data-srcset=\"https:\/\/www.vfl-westercelle.de\/fb\/wp-content\/uploads\/sites\/3\/2025\/06\/IMG_20250618_180913-1030x773.jpg 1030w, https:\/\/www.vfl-westercelle.de\/fb\/wp-content\/uploads\/sites\/3\/2025\/06\/IMG_20250618_180913-300x225.jpg 300w, https:\/\/www.vfl-westercelle.de\/fb\/wp-content\/uploads\/sites\/3\/2025\/06\/IMG_20250618_180913-768x576.jpg 768w, https:\/\/www.vfl-westercelle.de\/fb\/wp-content\/uploads\/sites\/3\/2025\/06\/IMG_20250618_180913-1536x1152.jpg 1536w, https:\/\/www.vfl-westercelle.de\/fb\/wp-content\/uploads\/sites\/3\/2025\/06\/IMG_20250618_180913-2048x1536.jpg 2048w, https:\/\/www.vfl-westercelle.de\/fb\/wp-content\/uploads\/sites\/3\/2025\/06\/IMG_20250618_180913-1500x1125.jpg 1500w, https:\/\/www.vfl-westercelle.de\/fb\/wp-content\/uploads\/sites\/3\/2025\/06\/IMG_20250618_180913-705x529.jpg 705w, https:\/\/www.vfl-westercelle.de\/fb\/wp-content\/uploads\/sites\/3\/2025\/06\/IMG_20250618_180913-128x96.jpg 128w, https:\/\/www.vfl-westercelle.de\/fb\/wp-content\/uploads\/sites\/3\/2025\/06\/IMG_20250618_180913-32x24.jpg 32w\" data-sizes=\"(max-width: 1030px) 100vw, 1030px\" data-rel='gallery-1' data-prev-img='https:\/\/www.vfl-westercelle.de\/fb\/wp-content\/uploads\/sites\/3\/2025\/06\/IMG_20250618_180913-495x400.jpg' class='lightbox ' data-onclick='2' title='Abbrucharbeiten '  itemprop=\"thumbnailUrl\"  ><img decoding=\"async\" fetchpriority=\"high\" class=\"wp-image-27377 avia-img-lazy-loading-not-27377\"  data-avia-tooltip='Abbrucharbeiten ' src=\"https:\/\/www.vfl-westercelle.de\/fb\/wp-content\/uploads\/sites\/3\/2025\/06\/IMG_20250618_180913-495x400.jpg\" width=\"495\" height=\"400\"  title='Sanierung der Kabinen (2)' alt='' srcset=\"https:\/\/www.vfl-westercelle.de\/fb\/wp-content\/uploads\/sites\/3\/2025\/06\/IMG_20250618_180913-495x400.jpg 495w, https:\/\/www.vfl-westercelle.de\/fb\/wp-content\/uploads\/sites\/3\/2025\/06\/IMG_20250618_180913-845x684.jpg 845w\" sizes=\"(max-width: 495px) 100vw, 495px\" \/><div class='big-prev-fake'><img decoding=\"async\" loading=\"lazy\" class=\"wp-image-27377 avia-img-lazy-loading-27377\"  width=\"495\" height=\"400\" src=\"https:\/\/www.vfl-westercelle.de\/fb\/wp-content\/uploads\/sites\/3\/2025\/06\/IMG_20250618_180913-495x400.jpg\" title='Sanierung der Kabinen (2)' alt='' srcset=\"https:\/\/www.vfl-westercelle.de\/fb\/wp-content\/uploads\/sites\/3\/2025\/06\/IMG_20250618_180913-495x400.jpg 495w, https:\/\/www.vfl-westercelle.de\/fb\/wp-content\/uploads\/sites\/3\/2025\/06\/IMG_20250618_180913-845x684.jpg 845w\" sizes=\"auto, (max-width: 495px) 100vw, 495px\" \/><\/div><\/a><a href=\"https:\/\/www.vfl-westercelle.de\/fb\/wp-content\/uploads\/sites\/3\/2025\/06\/IMG_20250618_180859-1030x773.jpg\" data-srcset=\"https:\/\/www.vfl-westercelle.de\/fb\/wp-content\/uploads\/sites\/3\/2025\/06\/IMG_20250618_180859-1030x773.jpg 1030w, https:\/\/www.vfl-westercelle.de\/fb\/wp-content\/uploads\/sites\/3\/2025\/06\/IMG_20250618_180859-300x225.jpg 300w, https:\/\/www.vfl-westercelle.de\/fb\/wp-content\/uploads\/sites\/3\/2025\/06\/IMG_20250618_180859-768x576.jpg 768w, https:\/\/www.vfl-westercelle.de\/fb\/wp-content\/uploads\/sites\/3\/2025\/06\/IMG_20250618_180859-1536x1152.jpg 1536w, https:\/\/www.vfl-westercelle.de\/fb\/wp-content\/uploads\/sites\/3\/2025\/06\/IMG_20250618_180859-2048x1536.jpg 2048w, https:\/\/www.vfl-westercelle.de\/fb\/wp-content\/uploads\/sites\/3\/2025\/06\/IMG_20250618_180859-1500x1125.jpg 1500w, https:\/\/www.vfl-westercelle.de\/fb\/wp-content\/uploads\/sites\/3\/2025\/06\/IMG_20250618_180859-705x529.jpg 705w, https:\/\/www.vfl-westercelle.de\/fb\/wp-content\/uploads\/sites\/3\/2025\/06\/IMG_20250618_180859-128x96.jpg 128w, https:\/\/www.vfl-westercelle.de\/fb\/wp-content\/uploads\/sites\/3\/2025\/06\/IMG_20250618_180859-32x24.jpg 32w\" data-sizes=\"(max-width: 1030px) 100vw, 1030px\" data-rel='gallery-1' data-prev-img='https:\/\/www.vfl-westercelle.de\/fb\/wp-content\/uploads\/sites\/3\/2025\/06\/IMG_20250618_180859-495x400.jpg' class='lightbox ' data-onclick='3' title='Abbrucharbeiten'  itemprop=\"thumbnailUrl\"  ><img decoding=\"async\" fetchpriority=\"high\" class=\"wp-image-27376 avia-img-lazy-loading-not-27376\"  data-avia-tooltip='Abbrucharbeiten' src=\"https:\/\/www.vfl-westercelle.de\/fb\/wp-content\/uploads\/sites\/3\/2025\/06\/IMG_20250618_180859-495x400.jpg\" width=\"495\" height=\"400\"  title='Sanierung der Kabinen (3)' alt='' srcset=\"https:\/\/www.vfl-westercelle.de\/fb\/wp-content\/uploads\/sites\/3\/2025\/06\/IMG_20250618_180859-495x400.jpg 495w, https:\/\/www.vfl-westercelle.de\/fb\/wp-content\/uploads\/sites\/3\/2025\/06\/IMG_20250618_180859-845x684.jpg 845w\" sizes=\"(max-width: 495px) 100vw, 495px\" \/><div class='big-prev-fake'><img decoding=\"async\" loading=\"lazy\" class=\"wp-image-27376 avia-img-lazy-loading-27376\"  width=\"495\" height=\"400\" src=\"https:\/\/www.vfl-westercelle.de\/fb\/wp-content\/uploads\/sites\/3\/2025\/06\/IMG_20250618_180859-495x400.jpg\" title='Sanierung der Kabinen (3)' alt='' srcset=\"https:\/\/www.vfl-westercelle.de\/fb\/wp-content\/uploads\/sites\/3\/2025\/06\/IMG_20250618_180859-495x400.jpg 495w, https:\/\/www.vfl-westercelle.de\/fb\/wp-content\/uploads\/sites\/3\/2025\/06\/IMG_20250618_180859-845x684.jpg 845w\" sizes=\"auto, (max-width: 495px) 100vw, 495px\" \/><\/div><\/a><a href=\"https:\/\/www.vfl-westercelle.de\/fb\/wp-content\/uploads\/sites\/3\/2025\/06\/IMG_20250618_181000-1030x773.jpg\" data-srcset=\"https:\/\/www.vfl-westercelle.de\/fb\/wp-content\/uploads\/sites\/3\/2025\/06\/IMG_20250618_181000-1030x773.jpg 1030w, https:\/\/www.vfl-westercelle.de\/fb\/wp-content\/uploads\/sites\/3\/2025\/06\/IMG_20250618_181000-300x225.jpg 300w, https:\/\/www.vfl-westercelle.de\/fb\/wp-content\/uploads\/sites\/3\/2025\/06\/IMG_20250618_181000-768x576.jpg 768w, https:\/\/www.vfl-westercelle.de\/fb\/wp-content\/uploads\/sites\/3\/2025\/06\/IMG_20250618_181000-1536x1152.jpg 1536w, https:\/\/www.vfl-westercelle.de\/fb\/wp-content\/uploads\/sites\/3\/2025\/06\/IMG_20250618_181000-2048x1536.jpg 2048w, https:\/\/www.vfl-westercelle.de\/fb\/wp-content\/uploads\/sites\/3\/2025\/06\/IMG_20250618_181000-1500x1125.jpg 1500w, https:\/\/www.vfl-westercelle.de\/fb\/wp-content\/uploads\/sites\/3\/2025\/06\/IMG_20250618_181000-705x529.jpg 705w, https:\/\/www.vfl-westercelle.de\/fb\/wp-content\/uploads\/sites\/3\/2025\/06\/IMG_20250618_181000-128x96.jpg 128w, https:\/\/www.vfl-westercelle.de\/fb\/wp-content\/uploads\/sites\/3\/2025\/06\/IMG_20250618_181000-32x24.jpg 32w\" data-sizes=\"(max-width: 1030px) 100vw, 1030px\" data-rel='gallery-1' data-prev-img='https:\/\/www.vfl-westercelle.de\/fb\/wp-content\/uploads\/sites\/3\/2025\/06\/IMG_20250618_181000-495x400.jpg' class='lightbox ' data-onclick='4' title='Abbrucharbeiten'  itemprop=\"thumbnailUrl\"  ><img decoding=\"async\" fetchpriority=\"high\" class=\"wp-image-27379 avia-img-lazy-loading-not-27379\"  data-avia-tooltip='Abbrucharbeiten' src=\"https:\/\/www.vfl-westercelle.de\/fb\/wp-content\/uploads\/sites\/3\/2025\/06\/IMG_20250618_181000-495x400.jpg\" width=\"495\" height=\"400\"  title='Sanierung der Kabinen (5)' alt='' srcset=\"https:\/\/www.vfl-westercelle.de\/fb\/wp-content\/uploads\/sites\/3\/2025\/06\/IMG_20250618_181000-495x400.jpg 495w, https:\/\/www.vfl-westercelle.de\/fb\/wp-content\/uploads\/sites\/3\/2025\/06\/IMG_20250618_181000-845x684.jpg 845w\" sizes=\"(max-width: 495px) 100vw, 495px\" \/><div class='big-prev-fake'><img decoding=\"async\" loading=\"lazy\" class=\"wp-image-27379 avia-img-lazy-loading-27379\"  width=\"495\" height=\"400\" src=\"https:\/\/www.vfl-westercelle.de\/fb\/wp-content\/uploads\/sites\/3\/2025\/06\/IMG_20250618_181000-495x400.jpg\" title='Sanierung der Kabinen (5)' alt='' srcset=\"https:\/\/www.vfl-westercelle.de\/fb\/wp-content\/uploads\/sites\/3\/2025\/06\/IMG_20250618_181000-495x400.jpg 495w, https:\/\/www.vfl-westercelle.de\/fb\/wp-content\/uploads\/sites\/3\/2025\/06\/IMG_20250618_181000-845x684.jpg 845w\" sizes=\"auto, (max-width: 495px) 100vw, 495px\" \/><\/div><\/a><a href=\"https:\/\/www.vfl-westercelle.de\/fb\/wp-content\/uploads\/sites\/3\/2025\/06\/IMG_20250618_180924-1030x773.jpg\" data-srcset=\"https:\/\/www.vfl-westercelle.de\/fb\/wp-content\/uploads\/sites\/3\/2025\/06\/IMG_20250618_180924-1030x773.jpg 1030w, https:\/\/www.vfl-westercelle.de\/fb\/wp-content\/uploads\/sites\/3\/2025\/06\/IMG_20250618_180924-300x225.jpg 300w, https:\/\/www.vfl-westercelle.de\/fb\/wp-content\/uploads\/sites\/3\/2025\/06\/IMG_20250618_180924-768x576.jpg 768w, https:\/\/www.vfl-westercelle.de\/fb\/wp-content\/uploads\/sites\/3\/2025\/06\/IMG_20250618_180924-1536x1152.jpg 1536w, https:\/\/www.vfl-westercelle.de\/fb\/wp-content\/uploads\/sites\/3\/2025\/06\/IMG_20250618_180924-2048x1536.jpg 2048w, https:\/\/www.vfl-westercelle.de\/fb\/wp-content\/uploads\/sites\/3\/2025\/06\/IMG_20250618_180924-1500x1125.jpg 1500w, https:\/\/www.vfl-westercelle.de\/fb\/wp-content\/uploads\/sites\/3\/2025\/06\/IMG_20250618_180924-705x529.jpg 705w, https:\/\/www.vfl-westercelle.de\/fb\/wp-content\/uploads\/sites\/3\/2025\/06\/IMG_20250618_180924-128x96.jpg 128w, https:\/\/www.vfl-westercelle.de\/fb\/wp-content\/uploads\/sites\/3\/2025\/06\/IMG_20250618_180924-32x24.jpg 32w\" data-sizes=\"(max-width: 1030px) 100vw, 1030px\" data-rel='gallery-1' data-prev-img='https:\/\/www.vfl-westercelle.de\/fb\/wp-content\/uploads\/sites\/3\/2025\/06\/IMG_20250618_180924-495x400.jpg' class='lightbox ' data-onclick='5' title='Kabine 4 besitzt schon wieder Putz an den W\u00e4nden.'  itemprop=\"thumbnailUrl\"  ><img decoding=\"async\" fetchpriority=\"high\" class=\"wp-image-27378 avia-img-lazy-loading-not-27378\"  data-avia-tooltip='Kabine 4 besitzt schon wieder Putz an den W\u00e4nden.' src=\"https:\/\/www.vfl-westercelle.de\/fb\/wp-content\/uploads\/sites\/3\/2025\/06\/IMG_20250618_180924-495x400.jpg\" width=\"495\" height=\"400\"  title='Sanierung der Kabinen (4)' alt='' srcset=\"https:\/\/www.vfl-westercelle.de\/fb\/wp-content\/uploads\/sites\/3\/2025\/06\/IMG_20250618_180924-495x400.jpg 495w, https:\/\/www.vfl-westercelle.de\/fb\/wp-content\/uploads\/sites\/3\/2025\/06\/IMG_20250618_180924-845x684.jpg 845w\" sizes=\"(max-width: 495px) 100vw, 495px\" \/><div class='big-prev-fake'><img decoding=\"async\" loading=\"lazy\" class=\"wp-image-27378 avia-img-lazy-loading-27378\"  width=\"495\" height=\"400\" src=\"https:\/\/www.vfl-westercelle.de\/fb\/wp-content\/uploads\/sites\/3\/2025\/06\/IMG_20250618_180924-495x400.jpg\" title='Sanierung der Kabinen (4)' alt='' srcset=\"https:\/\/www.vfl-westercelle.de\/fb\/wp-content\/uploads\/sites\/3\/2025\/06\/IMG_20250618_180924-495x400.jpg 495w, https:\/\/www.vfl-westercelle.de\/fb\/wp-content\/uploads\/sites\/3\/2025\/06\/IMG_20250618_180924-845x684.jpg 845w\" sizes=\"auto, (max-width: 495px) 100vw, 495px\" \/><\/div><\/a><a href=\"https:\/\/www.vfl-westercelle.de\/fb\/wp-content\/uploads\/sites\/3\/2025\/06\/IMG_20250618_181038-773x1030.jpg\" data-srcset=\"https:\/\/www.vfl-westercelle.de\/fb\/wp-content\/uploads\/sites\/3\/2025\/06\/IMG_20250618_181038-773x1030.jpg 773w, https:\/\/www.vfl-westercelle.de\/fb\/wp-content\/uploads\/sites\/3\/2025\/06\/IMG_20250618_181038-225x300.jpg 225w, https:\/\/www.vfl-westercelle.de\/fb\/wp-content\/uploads\/sites\/3\/2025\/06\/IMG_20250618_181038-768x1024.jpg 768w, https:\/\/www.vfl-westercelle.de\/fb\/wp-content\/uploads\/sites\/3\/2025\/06\/IMG_20250618_181038-1152x1536.jpg 1152w, https:\/\/www.vfl-westercelle.de\/fb\/wp-content\/uploads\/sites\/3\/2025\/06\/IMG_20250618_181038-1536x2048.jpg 1536w, https:\/\/www.vfl-westercelle.de\/fb\/wp-content\/uploads\/sites\/3\/2025\/06\/IMG_20250618_181038-1125x1500.jpg 1125w, https:\/\/www.vfl-westercelle.de\/fb\/wp-content\/uploads\/sites\/3\/2025\/06\/IMG_20250618_181038-529x705.jpg 529w, https:\/\/www.vfl-westercelle.de\/fb\/wp-content\/uploads\/sites\/3\/2025\/06\/IMG_20250618_181038-96x128.jpg 96w, https:\/\/www.vfl-westercelle.de\/fb\/wp-content\/uploads\/sites\/3\/2025\/06\/IMG_20250618_181038-24x32.jpg 24w, https:\/\/www.vfl-westercelle.de\/fb\/wp-content\/uploads\/sites\/3\/2025\/06\/IMG_20250618_181038-scaled.jpg 1920w\" data-sizes=\"(max-width: 773px) 100vw, 773px\" data-rel='gallery-1' data-prev-img='https:\/\/www.vfl-westercelle.de\/fb\/wp-content\/uploads\/sites\/3\/2025\/06\/IMG_20250618_181038-495x400.jpg' class='lightbox ' data-onclick='6' title='Noch werden die kleinen Kabinen zur Ablage genutzt.'  itemprop=\"thumbnailUrl\"  ><img decoding=\"async\" fetchpriority=\"high\" class=\"wp-image-27375 avia-img-lazy-loading-not-27375\"  data-avia-tooltip='Noch werden die kleinen Kabinen zur Ablage genutzt.' src=\"https:\/\/www.vfl-westercelle.de\/fb\/wp-content\/uploads\/sites\/3\/2025\/06\/IMG_20250618_181038-495x400.jpg\" width=\"495\" height=\"400\"  title='Sanierung der Kabinen (6)' alt='' srcset=\"https:\/\/www.vfl-westercelle.de\/fb\/wp-content\/uploads\/sites\/3\/2025\/06\/IMG_20250618_181038-495x400.jpg 495w, https:\/\/www.vfl-westercelle.de\/fb\/wp-content\/uploads\/sites\/3\/2025\/06\/IMG_20250618_181038-845x684.jpg 845w\" sizes=\"(max-width: 495px) 100vw, 495px\" \/><div class='big-prev-fake'><img decoding=\"async\" loading=\"lazy\" class=\"wp-image-27375 avia-img-lazy-loading-27375\"  width=\"495\" height=\"400\" src=\"https:\/\/www.vfl-westercelle.de\/fb\/wp-content\/uploads\/sites\/3\/2025\/06\/IMG_20250618_181038-495x400.jpg\" title='Sanierung der Kabinen (6)' alt='' srcset=\"https:\/\/www.vfl-westercelle.de\/fb\/wp-content\/uploads\/sites\/3\/2025\/06\/IMG_20250618_181038-495x400.jpg 495w, https:\/\/www.vfl-westercelle.de\/fb\/wp-content\/uploads\/sites\/3\/2025\/06\/IMG_20250618_181038-845x684.jpg 845w\" sizes=\"auto, (max-width: 495px) 100vw, 495px\" \/><\/div><\/a><\/div><\/div><\/p><\/div>\n","protected":false},"excerpt":{"rendered":"","protected":false},"author":9,"featured_media":0,"parent":0,"menu_order":0,"comment_status":"closed","ping_status":"closed","template":"","meta":{"footnotes":""},"class_list":["post-15126","page","type-page","status-publish","hentry"],"_links":{"self":[{"href":"https:\/\/www.vfl-westercelle.de\/fb\/wp-json\/wp\/v2\/pages\/15126","targetHints":{"allow":["GET"]}}],"collection":[{"href":"https:\/\/www.vfl-westercelle.de\/fb\/wp-json\/wp\/v2\/pages"}],"about":[{"href":"https:\/\/www.vfl-westercelle.de\/fb\/wp-json\/wp\/v2\/types\/page"}],"author":[{"embeddable":true,"href":"https:\/\/www.vfl-westercelle.de\/fb\/wp-json\/wp\/v2\/users\/9"}],"replies":[{"embeddable":true,"href":"https:\/\/www.vfl-westercelle.de\/fb\/wp-json\/wp\/v2\/comments?post=15126"}],"version-history":[{"count":3,"href":"https:\/\/www.vfl-westercelle.de\/fb\/wp-json\/wp\/v2\/pages\/15126\/revisions"}],"predecessor-version":[{"id":27388,"href":"https:\/\/www.vfl-westercelle.de\/fb\/wp-json\/wp\/v2\/pages\/15126\/revisions\/27388"}],"wp:attachment":[{"href":"https:\/\/www.vfl-westercelle.de\/fb\/wp-json\/wp\/v2\/media?parent=15126"}],"curies":[{"name":"wp","href":"https:\/\/api.w.org\/{rel}","templated":true}]}}