{"id":1560,"date":"2018-02-21T21:00:30","date_gmt":"2018-02-21T20:00:30","guid":{"rendered":"http:\/\/www.vfl-westercelle.de\/fb\/?page_id=1560"},"modified":"2025-01-22T18:28:45","modified_gmt":"2025-01-22T17:28:45","slug":"ausstattung","status":"publish","type":"page","link":"https:\/\/www.vfl-westercelle.de\/fb\/ausstattung\/","title":{"rendered":"Ausstattung"},"content":{"rendered":"<section  class='av_textblock_section av-jhj6k0dl-157004c61dee65f9526271977c8c05f7 '   itemscope=\"itemscope\" itemtype=\"https:\/\/schema.org\/CreativeWork\" ><div class='avia_textblock'  itemprop=\"text\" ><p>Die Fu\u00dfballer des VfL Westercelle haben es sich zum Ziel gesetzt, alle Sportler ihrer Sparte einheitlich auszur\u00fcsten. Mit Intersport Celle haben wir einen Partner an der Seite, der uns dabei unterst\u00fctzt.<\/p>\n<p>Solltet ihr eine Anschaffung von neuen Trikots, Trainingsanz\u00fcgen oder anderen Ausr\u00fcstungsteilen planen, sprecht bitte Jens Tjaden an. Er wird euch weiter beraten.<\/p>\n<p>Einen \u00dcberblick dar\u00fcber, was es bei Intersport alles gibt, findet ihr im <a href=\"https:\/\/www.jako.de\/de\/team\/vfl_westercelle\/\" target=\"_blank\" rel=\"noopener\">VfL Westercelle JAKO-Teamshop<\/a>.<\/p>\n<\/div><\/section>\n\n<style type=\"text\/css\" data-created_by=\"avia_inline_auto\" id=\"style-css-av-dmcn14-e00b3fb4da998e7395a8e7bd1e62366c\">\n.flex_column.av-dmcn14-e00b3fb4da998e7395a8e7bd1e62366c{\nborder-radius:0px 0px 0px 0px;\npadding:0px 0px 0px 0px;\n}\n<\/style>\n<div  class='flex_column av-dmcn14-e00b3fb4da998e7395a8e7bd1e62366c av_one_half  avia-builder-el-1  el_after_av_textblock  el_before_av_one_half  first flex_column_div av-zero-column-padding  column-top-margin'     ><p>\n<style type=\"text\/css\" data-created_by=\"avia_inline_auto\" id=\"style-css-av-2vfo4o-b34da97a6217ea90f5d2f69290d7421f\">\n#top .av-special-heading.av-2vfo4o-b34da97a6217ea90f5d2f69290d7421f{\npadding-bottom:10px;\n}\nbody .av-special-heading.av-2vfo4o-b34da97a6217ea90f5d2f69290d7421f .av-special-heading-tag .heading-char{\nfont-size:25px;\n}\n.av-special-heading.av-2vfo4o-b34da97a6217ea90f5d2f69290d7421f .av-subheading{\nfont-size:15px;\n}\n<\/style>\n<div  class='av-special-heading av-2vfo4o-b34da97a6217ea90f5d2f69290d7421f av-special-heading-h3  avia-builder-el-2  el_before_av_team_member  avia-builder-el-first '><h3 class='av-special-heading-tag '  itemprop=\"headline\"  >Kontakt<\/h3><div class=\"special-heading-border\"><div class=\"special-heading-inner-border\"><\/div><\/div><\/div><br \/>\n<section  class='avia-team-member av-b27t60-a86e7a6f8d1dfecb4a70a0324e72f007  avia-builder-el-3  el_after_av_heading  avia-builder-el-last '  itemscope=\"itemscope\" itemtype=\"https:\/\/schema.org\/Person\" ><div class=\"team-img-container\"><img decoding=\"async\" fetchpriority=\"high\" class='wp-image-933 avia-img-lazy-loading-not-933 avia_image avia_image_team' src=\"https:\/\/www.vfl-westercelle.de\/fb\/wp-content\/uploads\/sites\/3\/2017\/08\/tjaden-300x200.jpg\" alt='Jens Tjaden'  itemprop=\"image\"   height=\"200\" width=\"300\" srcset=\"https:\/\/www.vfl-westercelle.de\/fb\/wp-content\/uploads\/sites\/3\/2017\/08\/tjaden-300x200.jpg 300w, https:\/\/www.vfl-westercelle.de\/fb\/wp-content\/uploads\/sites\/3\/2017\/08\/tjaden-768x512.jpg 768w, https:\/\/www.vfl-westercelle.de\/fb\/wp-content\/uploads\/sites\/3\/2017\/08\/tjaden-1030x687.jpg 1030w, https:\/\/www.vfl-westercelle.de\/fb\/wp-content\/uploads\/sites\/3\/2017\/08\/tjaden-1500x1000.jpg 1500w, https:\/\/www.vfl-westercelle.de\/fb\/wp-content\/uploads\/sites\/3\/2017\/08\/tjaden-705x470.jpg 705w, https:\/\/www.vfl-westercelle.de\/fb\/wp-content\/uploads\/sites\/3\/2017\/08\/tjaden-450x300.jpg 450w, https:\/\/www.vfl-westercelle.de\/fb\/wp-content\/uploads\/sites\/3\/2017\/08\/tjaden-128x85.jpg 128w, https:\/\/www.vfl-westercelle.de\/fb\/wp-content\/uploads\/sites\/3\/2017\/08\/tjaden-32x21.jpg 32w\" sizes=\"(max-width: 300px) 100vw, 300px\" \/><div class=\"team-social\"><div class=\"team-social-inner\"><a class='avia-team-icon av-7ygqx4-2ed53862cae4d1a5b1435fa4f78ed942 avia-iconfont avia-font-entypo-fontello' data-avia-tooltip=\"01525 - 3301872\" data-av_icon='\ue854' data-av_iconfont='entypo-fontello' ><\/a><span class='hidden av_member_url_markup '  itemprop=\"email\" >&#x6d;a&#x69;&#108;t&#x6f;&#58;&#x74;&#x6a;a&#x64;&#101;n&#x40;&#118;&#x66;&#108;f&#x75;&#115;s&#x62;&#97;&#x6c;&#108;&#46;&#x64;&#101;<\/span><a href='&#109;&#x61;&#105;&#x6c;&#116;&#x6f;&#58;&#x74;&#106;&#x61;&#100;&#x65;&#110;&#x40;&#118;&#x66;&#108;&#x66;&#117;&#x73;&#115;&#x62;&#97;&#x6c;&#108;&#x2e;&#100;&#x65;' class='avia-team-icon av-8jax3c-abf411aee0aebadc0380b9878d59d9ee avia-iconfont avia-font-entypo-fontello' rel='v:url' data-avia-tooltip=\"&#x74;&#106;&#97;d&#x65;&#x6e;&#64;v&#x66;&#x6c;&#102;u&#x73;&#x73;&#98;a&#x6c;&#x6c;&#46;d&#x65;\"  data-av_icon='\ue805' data-av_iconfont='entypo-fontello' ><\/a><\/div><\/div><\/div><h3 class='team-member-name '  itemprop=\"name\" >Jens Tjaden<\/h3><div class='team-member-job-title '  itemprop=\"jobTitle\" >Ansprechpartner f\u00fcr Ausr\u00fcstung<\/div><span class='hidden team-member-affiliation'  itemprop=\"affiliation\" >VfL Westercelle - Fussball<\/span><\/section><\/p><\/div>\n\n<style type=\"text\/css\" data-created_by=\"avia_inline_auto\" id=\"style-css-av-maadk-20f97b7e243eac75c4d5bdd0f9f321a7\">\n.flex_column.av-maadk-20f97b7e243eac75c4d5bdd0f9f321a7{\nborder-radius:0px 0px 0px 0px;\npadding:0px 0px 0px 0px;\n}\n<\/style>\n<div  class='flex_column av-maadk-20f97b7e243eac75c4d5bdd0f9f321a7 av_one_half  avia-builder-el-4  el_after_av_one_half  avia-builder-el-last  flex_column_div av-zero-column-padding  column-top-margin'     ><p>\n<style type=\"text\/css\" data-created_by=\"avia_inline_auto\" id=\"style-css-av-2hpex4-546a7a6e5a23866427275d8e3c2f181c\">\n#top .av-special-heading.av-2hpex4-546a7a6e5a23866427275d8e3c2f181c{\npadding-bottom:10px;\n}\nbody .av-special-heading.av-2hpex4-546a7a6e5a23866427275d8e3c2f181c .av-special-heading-tag .heading-char{\nfont-size:25px;\n}\n.av-special-heading.av-2hpex4-546a7a6e5a23866427275d8e3c2f181c .av-subheading{\nfont-size:15px;\n}\n<\/style>\n<div  class='av-special-heading av-2hpex4-546a7a6e5a23866427275d8e3c2f181c av-special-heading-h3  avia-builder-el-5  el_before_av_image  avia-builder-el-first  av-linked-heading'><h3 class='av-special-heading-tag '  itemprop=\"headline\"  >Online Shop<\/h3><div class=\"special-heading-border\"><div class=\"special-heading-inner-border\"><\/div><\/div><\/div><br \/>\n\n<style type=\"text\/css\" data-created_by=\"avia_inline_auto\" id=\"style-css-av-k6ezt8zl-17186f4cb17a7d40695fd4b1eb086178\">\n.avia-image-container.av-k6ezt8zl-17186f4cb17a7d40695fd4b1eb086178 img.avia_image{\nbox-shadow:none;\n}\n.avia-image-container.av-k6ezt8zl-17186f4cb17a7d40695fd4b1eb086178 .av-image-caption-overlay-center{\ncolor:#ffffff;\n}\n<\/style>\n<div  class='avia-image-container av-k6ezt8zl-17186f4cb17a7d40695fd4b1eb086178 av-styling- av-img-linked avia-align-center  avia-builder-el-6  el_after_av_heading  avia-builder-el-last '   itemprop=\"image\" itemscope=\"itemscope\" itemtype=\"https:\/\/schema.org\/ImageObject\" ><div class=\"avia-image-container-inner\"><div class=\"avia-image-overlay-wrap\"><a href=\"http:\/\/www.vfl-westercelle.de\/fb\/wp-content\/uploads\/sites\/3\/2025\/01\/Merchandising-Flyer_Westercelle_2024_Digital_Formular.pdf\" class='avia_image '  target=\"_blank\"  rel=\"noopener noreferrer\" aria-label='Merchandising_Intersport'><img decoding=\"async\" fetchpriority=\"high\" class='wp-image-26296 avia-img-lazy-loading-not-26296 avia_image ' src=\"https:\/\/www.vfl-westercelle.de\/fb\/wp-content\/uploads\/sites\/3\/2025\/01\/Merchandising_Intersport.png\" alt='' title='Merchandising_Intersport'  height=\"854\" width=\"600\"  itemprop=\"thumbnailUrl\" srcset=\"https:\/\/www.vfl-westercelle.de\/fb\/wp-content\/uploads\/sites\/3\/2025\/01\/Merchandising_Intersport.png 600w, https:\/\/www.vfl-westercelle.de\/fb\/wp-content\/uploads\/sites\/3\/2025\/01\/Merchandising_Intersport-211x300.png 211w, https:\/\/www.vfl-westercelle.de\/fb\/wp-content\/uploads\/sites\/3\/2025\/01\/Merchandising_Intersport-495x705.png 495w, https:\/\/www.vfl-westercelle.de\/fb\/wp-content\/uploads\/sites\/3\/2025\/01\/Merchandising_Intersport-90x128.png 90w, https:\/\/www.vfl-westercelle.de\/fb\/wp-content\/uploads\/sites\/3\/2025\/01\/Merchandising_Intersport-22x32.png 22w\" sizes=\"(max-width: 600px) 100vw, 600px\" \/><\/a><\/div><\/div><\/div><\/p><\/div>\n","protected":false},"excerpt":{"rendered":"","protected":false},"author":1,"featured_media":0,"parent":0,"menu_order":0,"comment_status":"closed","ping_status":"closed","template":"","meta":{"footnotes":""},"class_list":["post-1560","page","type-page","status-publish","hentry"],"_links":{"self":[{"href":"https:\/\/www.vfl-westercelle.de\/fb\/wp-json\/wp\/v2\/pages\/1560","targetHints":{"allow":["GET"]}}],"collection":[{"href":"https:\/\/www.vfl-westercelle.de\/fb\/wp-json\/wp\/v2\/pages"}],"about":[{"href":"https:\/\/www.vfl-westercelle.de\/fb\/wp-json\/wp\/v2\/types\/page"}],"author":[{"embeddable":true,"href":"https:\/\/www.vfl-westercelle.de\/fb\/wp-json\/wp\/v2\/users\/1"}],"replies":[{"embeddable":true,"href":"https:\/\/www.vfl-westercelle.de\/fb\/wp-json\/wp\/v2\/comments?post=1560"}],"version-history":[{"count":3,"href":"https:\/\/www.vfl-westercelle.de\/fb\/wp-json\/wp\/v2\/pages\/1560\/revisions"}],"predecessor-version":[{"id":26354,"href":"https:\/\/www.vfl-westercelle.de\/fb\/wp-json\/wp\/v2\/pages\/1560\/revisions\/26354"}],"wp:attachment":[{"href":"https:\/\/www.vfl-westercelle.de\/fb\/wp-json\/wp\/v2\/media?parent=1560"}],"curies":[{"name":"wp","href":"https:\/\/api.w.org\/{rel}","templated":true}]}}