{"id":27382,"date":"2025-06-18T20:30:48","date_gmt":"2025-06-18T18:30:48","guid":{"rendered":"https:\/\/www.vfl-westercelle.de\/fb\/?page_id=27382"},"modified":"2025-06-18T20:32:01","modified_gmt":"2025-06-18T18:32:01","slug":"neuer-brunnen-und-automatische-beregnung-burgstrasse-2","status":"publish","type":"page","link":"https:\/\/www.vfl-westercelle.de\/fb\/neuer-brunnen-und-automatische-beregnung-burgstrasse-2\/","title":{"rendered":"Neuer Brunnen und automatische Beregnung Burgstra\u00dfe"},"content":{"rendered":"<div  class='flex_column av-av_one_full-a2cef933b0a555f25d1e39b22a8e9dae av_one_full  avia-builder-el-0  avia-builder-el-no-sibling  first flex_column_div  '     ><p><section  class='av_textblock_section av-mc2afg9o-388466f4fdd7b7ac76487f610e924b56 '   itemscope=\"itemscope\" itemtype=\"https:\/\/schema.org\/CreativeWork\" ><div class='avia_textblock'  itemprop=\"text\" ><p>Vorbei sind die Zeiten, in denen man per Hand alle zwei Stunden die Rasensprenger umstellen musste.<\/p>\n<p>Am Sportplatz in der Burgstra\u00dfe wurde eine automatische Beregnung eingebaut. Dank der Steuerung per App kann das Wasser vom Sofa aus gestartet und gestoppt werden. Und dank des Regensensors wird nur dann gew\u00e4ssert, wenn es n\u00f6tig ist.<\/p>\n<p>Von dem bestens gepflegten Rasen profitieren nicht nur die Fu\u00dfballer, sondern der Sportplatz wird nat\u00fcrlich auch weiterhin von den Sch\u00fclerinnen und Sch\u00fclern des Gymnasium Ernestinum und von der IGS Celle genutzt.<\/p>\n<\/div><\/section><br \/>\n\n<style type=\"text\/css\" data-created_by=\"avia_inline_auto\" id=\"style-css-av-mc2ac2qj-c550d4a248d41b85e5df48891397a1bf\">\n#top .avia-gallery.av-mc2ac2qj-c550d4a248d41b85e5df48891397a1bf .avia-gallery-thumb a{\nwidth:14.2857%;\n}\n<\/style>\n<div  class='avia-gallery av-mc2ac2qj-c550d4a248d41b85e5df48891397a1bf avia_animate_when_visible  avia-builder-el-2  el_after_av_textblock  avia-builder-el-last  avia_lazyload avia-gallery-animate avia-gallery-1'  itemprop=\"image\" itemscope=\"itemscope\" itemtype=\"https:\/\/schema.org\/ImageObject\" ><meta itemprop=\"contentURL\" content=\"https:\/\/www.vfl-westercelle.de\/fb\/neuer-brunnen-und-automatische-beregnung-burgstrasse-2\/\"><div class='avia-gallery-thumb'><a href=\"https:\/\/www.vfl-westercelle.de\/fb\/wp-content\/uploads\/sites\/3\/2021\/08\/beregnung-burgstrasse-1-1030x773.jpg\" data-srcset=\"https:\/\/www.vfl-westercelle.de\/fb\/wp-content\/uploads\/sites\/3\/2021\/08\/beregnung-burgstrasse-1-1030x773.jpg 1030w, https:\/\/www.vfl-westercelle.de\/fb\/wp-content\/uploads\/sites\/3\/2021\/08\/beregnung-burgstrasse-1-300x225.jpg 300w, https:\/\/www.vfl-westercelle.de\/fb\/wp-content\/uploads\/sites\/3\/2021\/08\/beregnung-burgstrasse-1-768x576.jpg 768w, https:\/\/www.vfl-westercelle.de\/fb\/wp-content\/uploads\/sites\/3\/2021\/08\/beregnung-burgstrasse-1-1536x1152.jpg 1536w, https:\/\/www.vfl-westercelle.de\/fb\/wp-content\/uploads\/sites\/3\/2021\/08\/beregnung-burgstrasse-1-2048x1536.jpg 2048w, https:\/\/www.vfl-westercelle.de\/fb\/wp-content\/uploads\/sites\/3\/2021\/08\/beregnung-burgstrasse-1-1500x1125.jpg 1500w, https:\/\/www.vfl-westercelle.de\/fb\/wp-content\/uploads\/sites\/3\/2021\/08\/beregnung-burgstrasse-1-705x529.jpg 705w, https:\/\/www.vfl-westercelle.de\/fb\/wp-content\/uploads\/sites\/3\/2021\/08\/beregnung-burgstrasse-1-128x96.jpg 128w, https:\/\/www.vfl-westercelle.de\/fb\/wp-content\/uploads\/sites\/3\/2021\/08\/beregnung-burgstrasse-1-32x24.jpg 32w\" data-sizes=\"(max-width: 1030px) 100vw, 1030px\" data-rel='gallery-1' data-prev-img='https:\/\/www.vfl-westercelle.de\/fb\/wp-content\/uploads\/sites\/3\/2021\/08\/beregnung-burgstrasse-1-495x400.jpg' class='first_thumb lightbox ' data-onclick='1' title='Der Sportplatz Burgstra\u00dfe erh\u00e4lt eine automatische Beregnungsanlage.'  itemprop=\"thumbnailUrl\"  ><img decoding=\"async\" fetchpriority=\"high\" class=\"wp-image-15124 avia-img-lazy-loading-not-15124\"  data-avia-tooltip='Der Sportplatz Burgstra\u00dfe erh\u00e4lt eine automatische Beregnungsanlage.' src=\"https:\/\/www.vfl-westercelle.de\/fb\/wp-content\/uploads\/sites\/3\/2021\/08\/beregnung-burgstrasse-1-495x400.jpg\" width=\"495\" height=\"400\"  title='beregnung-burgstrasse (1)' alt='' srcset=\"https:\/\/www.vfl-westercelle.de\/fb\/wp-content\/uploads\/sites\/3\/2021\/08\/beregnung-burgstrasse-1-495x400.jpg 495w, https:\/\/www.vfl-westercelle.de\/fb\/wp-content\/uploads\/sites\/3\/2021\/08\/beregnung-burgstrasse-1-845x684.jpg 845w\" sizes=\"(max-width: 495px) 100vw, 495px\" \/><div class='big-prev-fake'><img decoding=\"async\" loading=\"lazy\" class=\"wp-image-15124 avia-img-lazy-loading-15124\"  width=\"495\" height=\"400\" src=\"https:\/\/www.vfl-westercelle.de\/fb\/wp-content\/uploads\/sites\/3\/2021\/08\/beregnung-burgstrasse-1-495x400.jpg\" title='beregnung-burgstrasse (1)' alt='' srcset=\"https:\/\/www.vfl-westercelle.de\/fb\/wp-content\/uploads\/sites\/3\/2021\/08\/beregnung-burgstrasse-1-495x400.jpg 495w, https:\/\/www.vfl-westercelle.de\/fb\/wp-content\/uploads\/sites\/3\/2021\/08\/beregnung-burgstrasse-1-845x684.jpg 845w\" sizes=\"auto, (max-width: 495px) 100vw, 495px\" \/><\/div><\/a><a href=\"https:\/\/www.vfl-westercelle.de\/fb\/wp-content\/uploads\/sites\/3\/2021\/08\/IMG_20210720_164412-773x1030.jpg\" data-srcset=\"https:\/\/www.vfl-westercelle.de\/fb\/wp-content\/uploads\/sites\/3\/2021\/08\/IMG_20210720_164412-773x1030.jpg 773w, https:\/\/www.vfl-westercelle.de\/fb\/wp-content\/uploads\/sites\/3\/2021\/08\/IMG_20210720_164412-225x300.jpg 225w, https:\/\/www.vfl-westercelle.de\/fb\/wp-content\/uploads\/sites\/3\/2021\/08\/IMG_20210720_164412-768x1024.jpg 768w, https:\/\/www.vfl-westercelle.de\/fb\/wp-content\/uploads\/sites\/3\/2021\/08\/IMG_20210720_164412-1152x1536.jpg 1152w, https:\/\/www.vfl-westercelle.de\/fb\/wp-content\/uploads\/sites\/3\/2021\/08\/IMG_20210720_164412-1536x2048.jpg 1536w, https:\/\/www.vfl-westercelle.de\/fb\/wp-content\/uploads\/sites\/3\/2021\/08\/IMG_20210720_164412-1125x1500.jpg 1125w, https:\/\/www.vfl-westercelle.de\/fb\/wp-content\/uploads\/sites\/3\/2021\/08\/IMG_20210720_164412-529x705.jpg 529w, https:\/\/www.vfl-westercelle.de\/fb\/wp-content\/uploads\/sites\/3\/2021\/08\/IMG_20210720_164412-96x128.jpg 96w, https:\/\/www.vfl-westercelle.de\/fb\/wp-content\/uploads\/sites\/3\/2021\/08\/IMG_20210720_164412-24x32.jpg 24w, https:\/\/www.vfl-westercelle.de\/fb\/wp-content\/uploads\/sites\/3\/2021\/08\/IMG_20210720_164412-scaled.jpg 1920w\" data-sizes=\"(max-width: 773px) 100vw, 773px\" data-rel='gallery-1' data-prev-img='https:\/\/www.vfl-westercelle.de\/fb\/wp-content\/uploads\/sites\/3\/2021\/08\/IMG_20210720_164412-495x400.jpg' class='lightbox ' data-onclick='2' title='Brunnen Burgstra\u00dfe (7)'  itemprop=\"thumbnailUrl\"  ><img decoding=\"async\" fetchpriority=\"high\" class=\"wp-image-15123 avia-img-lazy-loading-not-15123\"   src=\"https:\/\/www.vfl-westercelle.de\/fb\/wp-content\/uploads\/sites\/3\/2021\/08\/IMG_20210720_164412-495x400.jpg\" width=\"495\" height=\"400\"  title='Brunnen Burgstra\u00dfe (7)' alt='' srcset=\"https:\/\/www.vfl-westercelle.de\/fb\/wp-content\/uploads\/sites\/3\/2021\/08\/IMG_20210720_164412-495x400.jpg 495w, https:\/\/www.vfl-westercelle.de\/fb\/wp-content\/uploads\/sites\/3\/2021\/08\/IMG_20210720_164412-845x684.jpg 845w\" sizes=\"(max-width: 495px) 100vw, 495px\" \/><div class='big-prev-fake'><img decoding=\"async\" loading=\"lazy\" class=\"wp-image-15123 avia-img-lazy-loading-15123\"  width=\"495\" height=\"400\" src=\"https:\/\/www.vfl-westercelle.de\/fb\/wp-content\/uploads\/sites\/3\/2021\/08\/IMG_20210720_164412-495x400.jpg\" title='Brunnen Burgstra\u00dfe (7)' alt='' srcset=\"https:\/\/www.vfl-westercelle.de\/fb\/wp-content\/uploads\/sites\/3\/2021\/08\/IMG_20210720_164412-495x400.jpg 495w, https:\/\/www.vfl-westercelle.de\/fb\/wp-content\/uploads\/sites\/3\/2021\/08\/IMG_20210720_164412-845x684.jpg 845w\" sizes=\"auto, (max-width: 495px) 100vw, 495px\" \/><\/div><\/a><a href=\"https:\/\/www.vfl-westercelle.de\/fb\/wp-content\/uploads\/sites\/3\/2021\/08\/IMG_20210720_164011-773x1030.jpg\" data-srcset=\"https:\/\/www.vfl-westercelle.de\/fb\/wp-content\/uploads\/sites\/3\/2021\/08\/IMG_20210720_164011-773x1030.jpg 773w, https:\/\/www.vfl-westercelle.de\/fb\/wp-content\/uploads\/sites\/3\/2021\/08\/IMG_20210720_164011-225x300.jpg 225w, https:\/\/www.vfl-westercelle.de\/fb\/wp-content\/uploads\/sites\/3\/2021\/08\/IMG_20210720_164011-768x1024.jpg 768w, https:\/\/www.vfl-westercelle.de\/fb\/wp-content\/uploads\/sites\/3\/2021\/08\/IMG_20210720_164011-1152x1536.jpg 1152w, https:\/\/www.vfl-westercelle.de\/fb\/wp-content\/uploads\/sites\/3\/2021\/08\/IMG_20210720_164011-1536x2048.jpg 1536w, https:\/\/www.vfl-westercelle.de\/fb\/wp-content\/uploads\/sites\/3\/2021\/08\/IMG_20210720_164011-1125x1500.jpg 1125w, https:\/\/www.vfl-westercelle.de\/fb\/wp-content\/uploads\/sites\/3\/2021\/08\/IMG_20210720_164011-529x705.jpg 529w, https:\/\/www.vfl-westercelle.de\/fb\/wp-content\/uploads\/sites\/3\/2021\/08\/IMG_20210720_164011-96x128.jpg 96w, https:\/\/www.vfl-westercelle.de\/fb\/wp-content\/uploads\/sites\/3\/2021\/08\/IMG_20210720_164011-24x32.jpg 24w, https:\/\/www.vfl-westercelle.de\/fb\/wp-content\/uploads\/sites\/3\/2021\/08\/IMG_20210720_164011-scaled.jpg 1920w\" data-sizes=\"(max-width: 773px) 100vw, 773px\" data-rel='gallery-1' data-prev-img='https:\/\/www.vfl-westercelle.de\/fb\/wp-content\/uploads\/sites\/3\/2021\/08\/IMG_20210720_164011-495x400.jpg' class='lightbox ' data-onclick='3' title='Brunnen Burgstra\u00dfe (6)'  itemprop=\"thumbnailUrl\"  ><img decoding=\"async\" fetchpriority=\"high\" class=\"wp-image-15122 avia-img-lazy-loading-not-15122\"   src=\"https:\/\/www.vfl-westercelle.de\/fb\/wp-content\/uploads\/sites\/3\/2021\/08\/IMG_20210720_164011-495x400.jpg\" width=\"495\" height=\"400\"  title='Brunnen Burgstra\u00dfe (6)' alt='' srcset=\"https:\/\/www.vfl-westercelle.de\/fb\/wp-content\/uploads\/sites\/3\/2021\/08\/IMG_20210720_164011-495x400.jpg 495w, https:\/\/www.vfl-westercelle.de\/fb\/wp-content\/uploads\/sites\/3\/2021\/08\/IMG_20210720_164011-845x684.jpg 845w\" sizes=\"(max-width: 495px) 100vw, 495px\" \/><div class='big-prev-fake'><img decoding=\"async\" loading=\"lazy\" class=\"wp-image-15122 avia-img-lazy-loading-15122\"  width=\"495\" height=\"400\" src=\"https:\/\/www.vfl-westercelle.de\/fb\/wp-content\/uploads\/sites\/3\/2021\/08\/IMG_20210720_164011-495x400.jpg\" title='Brunnen Burgstra\u00dfe (6)' alt='' srcset=\"https:\/\/www.vfl-westercelle.de\/fb\/wp-content\/uploads\/sites\/3\/2021\/08\/IMG_20210720_164011-495x400.jpg 495w, https:\/\/www.vfl-westercelle.de\/fb\/wp-content\/uploads\/sites\/3\/2021\/08\/IMG_20210720_164011-845x684.jpg 845w\" sizes=\"auto, (max-width: 495px) 100vw, 495px\" \/><\/div><\/a><a href=\"https:\/\/www.vfl-westercelle.de\/fb\/wp-content\/uploads\/sites\/3\/2021\/08\/IMG_20210720_163921-773x1030.jpg\" data-srcset=\"https:\/\/www.vfl-westercelle.de\/fb\/wp-content\/uploads\/sites\/3\/2021\/08\/IMG_20210720_163921-773x1030.jpg 773w, https:\/\/www.vfl-westercelle.de\/fb\/wp-content\/uploads\/sites\/3\/2021\/08\/IMG_20210720_163921-225x300.jpg 225w, https:\/\/www.vfl-westercelle.de\/fb\/wp-content\/uploads\/sites\/3\/2021\/08\/IMG_20210720_163921-768x1024.jpg 768w, https:\/\/www.vfl-westercelle.de\/fb\/wp-content\/uploads\/sites\/3\/2021\/08\/IMG_20210720_163921-1152x1536.jpg 1152w, https:\/\/www.vfl-westercelle.de\/fb\/wp-content\/uploads\/sites\/3\/2021\/08\/IMG_20210720_163921-1536x2048.jpg 1536w, https:\/\/www.vfl-westercelle.de\/fb\/wp-content\/uploads\/sites\/3\/2021\/08\/IMG_20210720_163921-1125x1500.jpg 1125w, https:\/\/www.vfl-westercelle.de\/fb\/wp-content\/uploads\/sites\/3\/2021\/08\/IMG_20210720_163921-529x705.jpg 529w, https:\/\/www.vfl-westercelle.de\/fb\/wp-content\/uploads\/sites\/3\/2021\/08\/IMG_20210720_163921-96x128.jpg 96w, https:\/\/www.vfl-westercelle.de\/fb\/wp-content\/uploads\/sites\/3\/2021\/08\/IMG_20210720_163921-24x32.jpg 24w, https:\/\/www.vfl-westercelle.de\/fb\/wp-content\/uploads\/sites\/3\/2021\/08\/IMG_20210720_163921-scaled.jpg 1920w\" data-sizes=\"(max-width: 773px) 100vw, 773px\" data-rel='gallery-1' data-prev-img='https:\/\/www.vfl-westercelle.de\/fb\/wp-content\/uploads\/sites\/3\/2021\/08\/IMG_20210720_163921-495x400.jpg' class='lightbox ' data-onclick='4' title='Brunnen Burgstra\u00dfe (5)'  itemprop=\"thumbnailUrl\"  ><img decoding=\"async\" fetchpriority=\"high\" class=\"wp-image-15121 avia-img-lazy-loading-not-15121\"   src=\"https:\/\/www.vfl-westercelle.de\/fb\/wp-content\/uploads\/sites\/3\/2021\/08\/IMG_20210720_163921-495x400.jpg\" width=\"495\" height=\"400\"  title='Brunnen Burgstra\u00dfe (5)' alt='' srcset=\"https:\/\/www.vfl-westercelle.de\/fb\/wp-content\/uploads\/sites\/3\/2021\/08\/IMG_20210720_163921-495x400.jpg 495w, https:\/\/www.vfl-westercelle.de\/fb\/wp-content\/uploads\/sites\/3\/2021\/08\/IMG_20210720_163921-845x684.jpg 845w\" sizes=\"(max-width: 495px) 100vw, 495px\" \/><div class='big-prev-fake'><img decoding=\"async\" loading=\"lazy\" class=\"wp-image-15121 avia-img-lazy-loading-15121\"  width=\"495\" height=\"400\" src=\"https:\/\/www.vfl-westercelle.de\/fb\/wp-content\/uploads\/sites\/3\/2021\/08\/IMG_20210720_163921-495x400.jpg\" title='Brunnen Burgstra\u00dfe (5)' alt='' srcset=\"https:\/\/www.vfl-westercelle.de\/fb\/wp-content\/uploads\/sites\/3\/2021\/08\/IMG_20210720_163921-495x400.jpg 495w, https:\/\/www.vfl-westercelle.de\/fb\/wp-content\/uploads\/sites\/3\/2021\/08\/IMG_20210720_163921-845x684.jpg 845w\" sizes=\"auto, (max-width: 495px) 100vw, 495px\" \/><\/div><\/a><a href=\"https:\/\/www.vfl-westercelle.de\/fb\/wp-content\/uploads\/sites\/3\/2021\/08\/IMG_20210720_163911-1030x773.jpg\" data-srcset=\"https:\/\/www.vfl-westercelle.de\/fb\/wp-content\/uploads\/sites\/3\/2021\/08\/IMG_20210720_163911-1030x773.jpg 1030w, https:\/\/www.vfl-westercelle.de\/fb\/wp-content\/uploads\/sites\/3\/2021\/08\/IMG_20210720_163911-300x225.jpg 300w, https:\/\/www.vfl-westercelle.de\/fb\/wp-content\/uploads\/sites\/3\/2021\/08\/IMG_20210720_163911-768x576.jpg 768w, https:\/\/www.vfl-westercelle.de\/fb\/wp-content\/uploads\/sites\/3\/2021\/08\/IMG_20210720_163911-1536x1152.jpg 1536w, https:\/\/www.vfl-westercelle.de\/fb\/wp-content\/uploads\/sites\/3\/2021\/08\/IMG_20210720_163911-2048x1536.jpg 2048w, https:\/\/www.vfl-westercelle.de\/fb\/wp-content\/uploads\/sites\/3\/2021\/08\/IMG_20210720_163911-1500x1125.jpg 1500w, https:\/\/www.vfl-westercelle.de\/fb\/wp-content\/uploads\/sites\/3\/2021\/08\/IMG_20210720_163911-705x529.jpg 705w, https:\/\/www.vfl-westercelle.de\/fb\/wp-content\/uploads\/sites\/3\/2021\/08\/IMG_20210720_163911-128x96.jpg 128w, https:\/\/www.vfl-westercelle.de\/fb\/wp-content\/uploads\/sites\/3\/2021\/08\/IMG_20210720_163911-32x24.jpg 32w\" data-sizes=\"(max-width: 1030px) 100vw, 1030px\" data-rel='gallery-1' data-prev-img='https:\/\/www.vfl-westercelle.de\/fb\/wp-content\/uploads\/sites\/3\/2021\/08\/IMG_20210720_163911-495x400.jpg' class='lightbox ' data-onclick='5' title='Brunnen Burgstra\u00dfe (4)'  itemprop=\"thumbnailUrl\"  ><img decoding=\"async\" fetchpriority=\"high\" class=\"wp-image-15120 avia-img-lazy-loading-not-15120\"   src=\"https:\/\/www.vfl-westercelle.de\/fb\/wp-content\/uploads\/sites\/3\/2021\/08\/IMG_20210720_163911-495x400.jpg\" width=\"495\" height=\"400\"  title='Brunnen Burgstra\u00dfe (4)' alt='' srcset=\"https:\/\/www.vfl-westercelle.de\/fb\/wp-content\/uploads\/sites\/3\/2021\/08\/IMG_20210720_163911-495x400.jpg 495w, https:\/\/www.vfl-westercelle.de\/fb\/wp-content\/uploads\/sites\/3\/2021\/08\/IMG_20210720_163911-845x684.jpg 845w\" sizes=\"(max-width: 495px) 100vw, 495px\" \/><div class='big-prev-fake'><img decoding=\"async\" loading=\"lazy\" class=\"wp-image-15120 avia-img-lazy-loading-15120\"  width=\"495\" height=\"400\" src=\"https:\/\/www.vfl-westercelle.de\/fb\/wp-content\/uploads\/sites\/3\/2021\/08\/IMG_20210720_163911-495x400.jpg\" title='Brunnen Burgstra\u00dfe (4)' alt='' srcset=\"https:\/\/www.vfl-westercelle.de\/fb\/wp-content\/uploads\/sites\/3\/2021\/08\/IMG_20210720_163911-495x400.jpg 495w, https:\/\/www.vfl-westercelle.de\/fb\/wp-content\/uploads\/sites\/3\/2021\/08\/IMG_20210720_163911-845x684.jpg 845w\" sizes=\"auto, (max-width: 495px) 100vw, 495px\" \/><\/div><\/a><a href=\"https:\/\/www.vfl-westercelle.de\/fb\/wp-content\/uploads\/sites\/3\/2021\/08\/IMG_20210720_163850-773x1030.jpg\" data-srcset=\"https:\/\/www.vfl-westercelle.de\/fb\/wp-content\/uploads\/sites\/3\/2021\/08\/IMG_20210720_163850-773x1030.jpg 773w, https:\/\/www.vfl-westercelle.de\/fb\/wp-content\/uploads\/sites\/3\/2021\/08\/IMG_20210720_163850-225x300.jpg 225w, https:\/\/www.vfl-westercelle.de\/fb\/wp-content\/uploads\/sites\/3\/2021\/08\/IMG_20210720_163850-768x1024.jpg 768w, https:\/\/www.vfl-westercelle.de\/fb\/wp-content\/uploads\/sites\/3\/2021\/08\/IMG_20210720_163850-1152x1536.jpg 1152w, https:\/\/www.vfl-westercelle.de\/fb\/wp-content\/uploads\/sites\/3\/2021\/08\/IMG_20210720_163850-1536x2048.jpg 1536w, https:\/\/www.vfl-westercelle.de\/fb\/wp-content\/uploads\/sites\/3\/2021\/08\/IMG_20210720_163850-1125x1500.jpg 1125w, https:\/\/www.vfl-westercelle.de\/fb\/wp-content\/uploads\/sites\/3\/2021\/08\/IMG_20210720_163850-529x705.jpg 529w, https:\/\/www.vfl-westercelle.de\/fb\/wp-content\/uploads\/sites\/3\/2021\/08\/IMG_20210720_163850-96x128.jpg 96w, https:\/\/www.vfl-westercelle.de\/fb\/wp-content\/uploads\/sites\/3\/2021\/08\/IMG_20210720_163850-24x32.jpg 24w, https:\/\/www.vfl-westercelle.de\/fb\/wp-content\/uploads\/sites\/3\/2021\/08\/IMG_20210720_163850-scaled.jpg 1920w\" data-sizes=\"(max-width: 773px) 100vw, 773px\" data-rel='gallery-1' data-prev-img='https:\/\/www.vfl-westercelle.de\/fb\/wp-content\/uploads\/sites\/3\/2021\/08\/IMG_20210720_163850-495x400.jpg' class='lightbox ' data-onclick='6' title='Brunnen Burgstra\u00dfe (3)'  itemprop=\"thumbnailUrl\"  ><img decoding=\"async\" fetchpriority=\"high\" class=\"wp-image-15119 avia-img-lazy-loading-not-15119\"   src=\"https:\/\/www.vfl-westercelle.de\/fb\/wp-content\/uploads\/sites\/3\/2021\/08\/IMG_20210720_163850-495x400.jpg\" width=\"495\" height=\"400\"  title='Brunnen Burgstra\u00dfe (3)' alt='' srcset=\"https:\/\/www.vfl-westercelle.de\/fb\/wp-content\/uploads\/sites\/3\/2021\/08\/IMG_20210720_163850-495x400.jpg 495w, https:\/\/www.vfl-westercelle.de\/fb\/wp-content\/uploads\/sites\/3\/2021\/08\/IMG_20210720_163850-845x684.jpg 845w\" sizes=\"(max-width: 495px) 100vw, 495px\" \/><div class='big-prev-fake'><img decoding=\"async\" loading=\"lazy\" class=\"wp-image-15119 avia-img-lazy-loading-15119\"  width=\"495\" height=\"400\" src=\"https:\/\/www.vfl-westercelle.de\/fb\/wp-content\/uploads\/sites\/3\/2021\/08\/IMG_20210720_163850-495x400.jpg\" title='Brunnen Burgstra\u00dfe (3)' alt='' srcset=\"https:\/\/www.vfl-westercelle.de\/fb\/wp-content\/uploads\/sites\/3\/2021\/08\/IMG_20210720_163850-495x400.jpg 495w, https:\/\/www.vfl-westercelle.de\/fb\/wp-content\/uploads\/sites\/3\/2021\/08\/IMG_20210720_163850-845x684.jpg 845w\" sizes=\"auto, (max-width: 495px) 100vw, 495px\" \/><\/div><\/a><a href=\"https:\/\/www.vfl-westercelle.de\/fb\/wp-content\/uploads\/sites\/3\/2021\/08\/IMG_20210720_163809-1030x773.jpg\" data-srcset=\"https:\/\/www.vfl-westercelle.de\/fb\/wp-content\/uploads\/sites\/3\/2021\/08\/IMG_20210720_163809-1030x773.jpg 1030w, https:\/\/www.vfl-westercelle.de\/fb\/wp-content\/uploads\/sites\/3\/2021\/08\/IMG_20210720_163809-300x225.jpg 300w, https:\/\/www.vfl-westercelle.de\/fb\/wp-content\/uploads\/sites\/3\/2021\/08\/IMG_20210720_163809-768x576.jpg 768w, https:\/\/www.vfl-westercelle.de\/fb\/wp-content\/uploads\/sites\/3\/2021\/08\/IMG_20210720_163809-1536x1152.jpg 1536w, https:\/\/www.vfl-westercelle.de\/fb\/wp-content\/uploads\/sites\/3\/2021\/08\/IMG_20210720_163809-2048x1536.jpg 2048w, https:\/\/www.vfl-westercelle.de\/fb\/wp-content\/uploads\/sites\/3\/2021\/08\/IMG_20210720_163809-1500x1125.jpg 1500w, https:\/\/www.vfl-westercelle.de\/fb\/wp-content\/uploads\/sites\/3\/2021\/08\/IMG_20210720_163809-705x529.jpg 705w, https:\/\/www.vfl-westercelle.de\/fb\/wp-content\/uploads\/sites\/3\/2021\/08\/IMG_20210720_163809-128x96.jpg 128w, https:\/\/www.vfl-westercelle.de\/fb\/wp-content\/uploads\/sites\/3\/2021\/08\/IMG_20210720_163809-32x24.jpg 32w\" data-sizes=\"(max-width: 1030px) 100vw, 1030px\" data-rel='gallery-1' data-prev-img='https:\/\/www.vfl-westercelle.de\/fb\/wp-content\/uploads\/sites\/3\/2021\/08\/IMG_20210720_163809-495x400.jpg' class='lightbox ' data-onclick='7' title='Brunnen Burgstra\u00dfe (1)'  itemprop=\"thumbnailUrl\"  ><img decoding=\"async\" fetchpriority=\"high\" class=\"wp-image-15117 avia-img-lazy-loading-not-15117\"   src=\"https:\/\/www.vfl-westercelle.de\/fb\/wp-content\/uploads\/sites\/3\/2021\/08\/IMG_20210720_163809-495x400.jpg\" width=\"495\" height=\"400\"  title='Brunnen Burgstra\u00dfe (1)' alt='' srcset=\"https:\/\/www.vfl-westercelle.de\/fb\/wp-content\/uploads\/sites\/3\/2021\/08\/IMG_20210720_163809-495x400.jpg 495w, https:\/\/www.vfl-westercelle.de\/fb\/wp-content\/uploads\/sites\/3\/2021\/08\/IMG_20210720_163809-845x684.jpg 845w\" sizes=\"(max-width: 495px) 100vw, 495px\" \/><div class='big-prev-fake'><img decoding=\"async\" loading=\"lazy\" class=\"wp-image-15117 avia-img-lazy-loading-15117\"  width=\"495\" height=\"400\" src=\"https:\/\/www.vfl-westercelle.de\/fb\/wp-content\/uploads\/sites\/3\/2021\/08\/IMG_20210720_163809-495x400.jpg\" title='Brunnen Burgstra\u00dfe (1)' alt='' srcset=\"https:\/\/www.vfl-westercelle.de\/fb\/wp-content\/uploads\/sites\/3\/2021\/08\/IMG_20210720_163809-495x400.jpg 495w, https:\/\/www.vfl-westercelle.de\/fb\/wp-content\/uploads\/sites\/3\/2021\/08\/IMG_20210720_163809-845x684.jpg 845w\" sizes=\"auto, (max-width: 495px) 100vw, 495px\" \/><\/div><\/a><\/div><\/div><\/p><\/div>\n","protected":false},"excerpt":{"rendered":"","protected":false},"author":9,"featured_media":0,"parent":0,"menu_order":0,"comment_status":"closed","ping_status":"closed","template":"","meta":{"footnotes":""},"class_list":["post-27382","page","type-page","status-publish","hentry"],"_links":{"self":[{"href":"https:\/\/www.vfl-westercelle.de\/fb\/wp-json\/wp\/v2\/pages\/27382","targetHints":{"allow":["GET"]}}],"collection":[{"href":"https:\/\/www.vfl-westercelle.de\/fb\/wp-json\/wp\/v2\/pages"}],"about":[{"href":"https:\/\/www.vfl-westercelle.de\/fb\/wp-json\/wp\/v2\/types\/page"}],"author":[{"embeddable":true,"href":"https:\/\/www.vfl-westercelle.de\/fb\/wp-json\/wp\/v2\/users\/9"}],"replies":[{"embeddable":true,"href":"https:\/\/www.vfl-westercelle.de\/fb\/wp-json\/wp\/v2\/comments?post=27382"}],"version-history":[{"count":2,"href":"https:\/\/www.vfl-westercelle.de\/fb\/wp-json\/wp\/v2\/pages\/27382\/revisions"}],"predecessor-version":[{"id":27387,"href":"https:\/\/www.vfl-westercelle.de\/fb\/wp-json\/wp\/v2\/pages\/27382\/revisions\/27387"}],"wp:attachment":[{"href":"https:\/\/www.vfl-westercelle.de\/fb\/wp-json\/wp\/v2\/media?parent=27382"}],"curies":[{"name":"wp","href":"https:\/\/api.w.org\/{rel}","templated":true}]}}