{"id":4588,"date":"2018-06-02T18:27:33","date_gmt":"2018-06-02T16:27:33","guid":{"rendered":"http:\/\/www.vfl-westercelle.de\/fb\/?page_id=4588"},"modified":"2018-06-03T17:24:16","modified_gmt":"2018-06-03T15:24:16","slug":"kicken-gegen-rechts","status":"publish","type":"page","link":"https:\/\/www.vfl-westercelle.de\/fb\/kicken-gegen-rechts\/","title":{"rendered":"Kicken gegen Rechts"},"content":{"rendered":"\n<style type=\"text\/css\" data-created_by=\"avia_inline_auto\" id=\"style-css-av-2qqwd3-af4f5024e6e0f0611ddaf918bfc7a8b1\">\n.flex_column.av-2qqwd3-af4f5024e6e0f0611ddaf918bfc7a8b1{\nborder-radius:0px 0px 0px 0px;\npadding:0px 0px 0px 0px;\n}\n<\/style>\n<div  class='flex_column av-2qqwd3-af4f5024e6e0f0611ddaf918bfc7a8b1 av_one_full  avia-builder-el-0  el_before_av_one_full  avia-builder-el-first  first flex_column_div av-zero-column-padding  '     ><style type=\"text\/css\" data-created_by=\"avia_inline_auto\" id=\"style-css-av-2n0x27-3f80e171633ca95e6afdcbe8f1e38775\">\n.avia-image-container.av-2n0x27-3f80e171633ca95e6afdcbe8f1e38775 img.avia_image{\nbox-shadow:none;\n}\n.avia-image-container.av-2n0x27-3f80e171633ca95e6afdcbe8f1e38775 .av-image-caption-overlay-center{\ncolor:#ffffff;\n}\n<\/style>\n<div  class='avia-image-container av-2n0x27-3f80e171633ca95e6afdcbe8f1e38775 av-styling- avia-align-center  avia-builder-el-1  avia-builder-el-no-sibling '   itemprop=\"image\" itemscope=\"itemscope\" itemtype=\"https:\/\/schema.org\/ImageObject\" ><div class=\"avia-image-container-inner\"><div class=\"avia-image-overlay-wrap\"><img decoding=\"async\" fetchpriority=\"high\" class='wp-image-3358 avia-img-lazy-loading-not-3358 avia_image ' src=\"https:\/\/www.vfl-westercelle.de\/fb\/wp-content\/uploads\/sites\/3\/2018\/05\/DSC_0094-1500x1000.jpg\" alt='' title='DSC_0094'  height=\"1000\" width=\"1500\"  itemprop=\"thumbnailUrl\" srcset=\"https:\/\/www.vfl-westercelle.de\/fb\/wp-content\/uploads\/sites\/3\/2018\/05\/DSC_0094-1500x1000.jpg 1500w, https:\/\/www.vfl-westercelle.de\/fb\/wp-content\/uploads\/sites\/3\/2018\/05\/DSC_0094-300x200.jpg 300w, https:\/\/www.vfl-westercelle.de\/fb\/wp-content\/uploads\/sites\/3\/2018\/05\/DSC_0094-768x512.jpg 768w, https:\/\/www.vfl-westercelle.de\/fb\/wp-content\/uploads\/sites\/3\/2018\/05\/DSC_0094-1030x687.jpg 1030w, https:\/\/www.vfl-westercelle.de\/fb\/wp-content\/uploads\/sites\/3\/2018\/05\/DSC_0094-705x470.jpg 705w, https:\/\/www.vfl-westercelle.de\/fb\/wp-content\/uploads\/sites\/3\/2018\/05\/DSC_0094-450x300.jpg 450w, https:\/\/www.vfl-westercelle.de\/fb\/wp-content\/uploads\/sites\/3\/2018\/05\/DSC_0094-128x85.jpg 128w, https:\/\/www.vfl-westercelle.de\/fb\/wp-content\/uploads\/sites\/3\/2018\/05\/DSC_0094-32x21.jpg 32w\" sizes=\"(max-width: 1500px) 100vw, 1500px\" \/><\/div><\/div><\/div><\/div>\n\n<style type=\"text\/css\" data-created_by=\"avia_inline_auto\" id=\"style-css-av-2c8e6f-83ab18669539d014fb53da15910e4858\">\n.flex_column.av-2c8e6f-83ab18669539d014fb53da15910e4858{\nborder-radius:0px 0px 0px 0px;\npadding:0px 0px 0px 0px;\n}\n<\/style>\n<div  class='flex_column av-2c8e6f-83ab18669539d014fb53da15910e4858 av_one_full  avia-builder-el-2  el_after_av_one_full  el_before_av_one_full  first flex_column_div av-zero-column-padding  column-top-margin'     ><p>\n<style type=\"text\/css\" data-created_by=\"avia_inline_auto\" id=\"style-css-av-av_heading-68339647e616641bb02b3c87b9003fa1\">\n#top .av-special-heading.av-av_heading-68339647e616641bb02b3c87b9003fa1{\npadding-bottom:10px;\n}\nbody .av-special-heading.av-av_heading-68339647e616641bb02b3c87b9003fa1 .av-special-heading-tag .heading-char{\nfont-size:25px;\n}\n.av-special-heading.av-av_heading-68339647e616641bb02b3c87b9003fa1 .av-subheading{\nfont-size:15px;\n}\n<\/style>\n<div  class='av-special-heading av-av_heading-68339647e616641bb02b3c87b9003fa1 av-special-heading-h3  avia-builder-el-3  el_before_av_textblock  avia-builder-el-first '><h3 class='av-special-heading-tag '  itemprop=\"headline\"  >Allgemeine Informationen<\/h3><div class=\"special-heading-border\"><div class=\"special-heading-inner-border\"><\/div><\/div><\/div><br \/>\n<section  class='av_textblock_section av-1z8xh3-e36bc1aabedaf1af220dbec416958210 '   itemscope=\"itemscope\" itemtype=\"https:\/\/schema.org\/CreativeWork\" ><div class='avia_textblock'  itemprop=\"text\" ><p>Ein Zeichen gegen Rechtsextremismus haben die 50 Kinder gesetzt, die am 1. Mai den Soccer Cage auf dem Westerceller Sportplatz eingeweiht haben. \u00a0Bei zahlreichen Stationen konnten die jungen Kicker unter dem Motto \u201eKicken gegen Rechts\u201c ihr Geschick am Ball zeigen und die beim Fu\u00dfball verk\u00f6rperten Werte vermitteln.<\/p>\n<p>Neben dem Engagement einiger VfL-Jugendtrainer erm\u00f6glichten der F\u00f6rderverein Fu\u00dfball sowie zahlreiche Sponsoren wie die Sparkasse Celle die Durchf\u00fchrung des Aktionstages &#8211; und insbesondere die Anschaffung der Hauptattraktion. Auf dem B-Platz wurde ein Soccer-Cage eingeweiht, den die zahlreichen Teilnehmer in spannenden Duellen sofort ins Herz schlossen. Gef\u00f6rdert wurde das Projekt im Rahmen des Bundesprogramms \u201eDemokratie leben!\u201c au\u00dferdem vom Bundesministerium f\u00fcr Familie, Senioren, Frauen und Jugend.<\/p>\n<\/div><\/section><\/p><\/div>\n<style type=\"text\/css\" data-created_by=\"avia_inline_auto\" id=\"style-css-av-hn8c7-020c37143a18d47da2926bc28a8e912c\">\n.flex_column.av-hn8c7-020c37143a18d47da2926bc28a8e912c{\nborder-radius:0px 0px 0px 0px;\npadding:0px 0px 0px 0px;\n}\n<\/style>\n<div  class='flex_column av-hn8c7-020c37143a18d47da2926bc28a8e912c av_one_full  avia-builder-el-5  el_after_av_one_full  avia-builder-el-last  first flex_column_div av-zero-column-padding  column-top-margin'     ><p>\n<style type=\"text\/css\" data-created_by=\"avia_inline_auto\" id=\"style-css-av-2mpqgc-0ba5f2279da5c23f70592f1856ac2ae8\">\n#top .av-special-heading.av-2mpqgc-0ba5f2279da5c23f70592f1856ac2ae8{\npadding-bottom:10px;\n}\nbody .av-special-heading.av-2mpqgc-0ba5f2279da5c23f70592f1856ac2ae8 .av-special-heading-tag .heading-char{\nfont-size:25px;\n}\n.av-special-heading.av-2mpqgc-0ba5f2279da5c23f70592f1856ac2ae8 .av-subheading{\nfont-size:15px;\n}\n<\/style>\n<div  class='av-special-heading av-2mpqgc-0ba5f2279da5c23f70592f1856ac2ae8 av-special-heading-h3  avia-builder-el-6  el_before_av_blog  avia-builder-el-first '><h3 class='av-special-heading-tag '  itemprop=\"headline\"  >Chronik<\/h3><div class=\"special-heading-border\"><div class=\"special-heading-inner-border\"><\/div><\/div><\/div><br \/>\n<div  class='av-alb-blogposts template-blog  av-blog-meta-author-disabled av-blog-meta-comments-disabled '  itemscope=\"itemscope\" itemtype=\"https:\/\/schema.org\/Blog\" ><article class=\"post-entry post-entry-type-standard post-entry-11283 post-loop-1 post-parity-odd single-big with-slider post-11283 post type-post status-publish format-standard has-post-thumbnail hentry category-fussball tag-foerderverein tag-kicken-gegen-rechts tag-kunstrasen\"  itemscope=\"itemscope\" itemtype=\"https:\/\/schema.org\/BlogPosting\" ><div class=\"big-preview single-big\"  itemprop=\"image\" itemscope=\"itemscope\" itemtype=\"https:\/\/schema.org\/ImageObject\" ><a href=\"https:\/\/www.vfl-westercelle.de\/fb\/kunstrasenplatz-mit-kicken-gegen-rechts-eroeffnet\/\"  title=\"Er\u00f6ffnung Kunstrasen 2019 Kicken gegen Rechts\" ><img decoding=\"async\" loading=\"lazy\" width=\"845\" height=\"321\" src=\"https:\/\/www.vfl-westercelle.de\/fb\/wp-content\/uploads\/sites\/3\/2019\/12\/IMG-20191220-WA0008-1-e1577355284768-845x321.jpg\" class=\"wp-image-11290 avia-img-lazy-loading-11290 attachment-entry_with_sidebar size-entry_with_sidebar wp-post-image\" alt=\"\" srcset=\"https:\/\/www.vfl-westercelle.de\/fb\/wp-content\/uploads\/sites\/3\/2019\/12\/IMG-20191220-WA0008-1-e1577355284768-845x321.jpg 845w, https:\/\/www.vfl-westercelle.de\/fb\/wp-content\/uploads\/sites\/3\/2019\/12\/IMG-20191220-WA0008-1-e1577355284768-128x48.jpg 128w, https:\/\/www.vfl-westercelle.de\/fb\/wp-content\/uploads\/sites\/3\/2019\/12\/IMG-20191220-WA0008-1-e1577355284768-32x12.jpg 32w\" sizes=\"auto, (max-width: 845px) 100vw, 845px\" \/><small class='avia-copyright'>Christopher Menge<\/small><\/a><\/div><div class=\"blog-meta\"><\/div><div class='entry-content-wrapper clearfix standard-content'><header class=\"entry-content-header\" aria-label=\"Post: \u00dcber 80 Kinder setzen ein Zeichen gegen Rassismus\"><h2 class='post-title entry-title '  itemprop=\"headline\" ><a href=\"https:\/\/www.vfl-westercelle.de\/fb\/kunstrasenplatz-mit-kicken-gegen-rechts-eroeffnet\/\" rel=\"bookmark\" title=\"Permanenter Link zu: \u00dcber 80 Kinder setzen ein Zeichen gegen Rassismus\">\u00dcber 80 Kinder setzen ein Zeichen gegen Rassismus<span class=\"post-format-icon minor-meta\"><\/span><\/a><\/h2><span class=\"post-meta-infos\"><time class=\"date-container minor-meta updated\"  itemprop=\"datePublished\" datetime=\"2019-12-25T16:35:35+01:00\" >25. Dezember 2019<\/time><span class=\"text-sep\">\/<\/span><span class=\"blog-categories minor-meta\">in <a href=\"https:\/\/www.vfl-westercelle.de\/fb\/category\/fussball\/\" rel=\"tag\">Fu\u00dfball<\/a><\/span><\/span><\/header><div class=\"entry-content\"  itemprop=\"text\" ><p>Ball rollt erstmals auf neuem Kunstrasenplatz in Westercelle Es war ein besonderer Tag f\u00fcr die Stadt Celle: Erstmals rollte am Freitag, 20. Dezember, der Ball auf dem neuen Kunstrasenplatz in Westercellle. Und nicht nur das: Die Verantwortlichen des VfL Westercelle hatten sich f\u00fcr die inoffizielle Er\u00f6ffnung des ersten Fu\u00dfball-Kunstrasenplatzes im Landkreis Celle etwas Besonderes einfallen <a class=\"read-more-link\" href=\"https:\/\/www.vfl-westercelle.de\/fb\/kunstrasenplatz-mit-kicken-gegen-rechts-eroeffnet\/\">[&#8230; weiterlesen]<\/a><\/p>\n<\/div><footer class=\"entry-footer\"><\/footer><div class='post_delimiter'><\/div><\/div><div class=\"post_author_timeline\"><\/div><span class='hidden'>\n\t\t\t\t<span class='av-structured-data'  itemprop=\"image\" itemscope=\"itemscope\" itemtype=\"https:\/\/schema.org\/ImageObject\" >\n\t\t\t\t\t\t<span itemprop='url'>https:\/\/www.vfl-westercelle.de\/fb\/wp-content\/uploads\/sites\/3\/2019\/12\/IMG-20191220-WA0008-1-e1577355284768.jpg<\/span>\n\t\t\t\t\t\t<span itemprop='height'>486<\/span>\n\t\t\t\t\t\t<span itemprop='width'>1298<\/span>\n\t\t\t\t<\/span>\n\t\t\t\t<span class='av-structured-data'  itemprop=\"publisher\" itemtype=\"https:\/\/schema.org\/Organization\" itemscope=\"itemscope\" >\n\t\t\t\t\t\t<span itemprop='name'>Hans Weger<\/span>\n\t\t\t\t\t\t<span itemprop='logo' itemscope itemtype='https:\/\/schema.org\/ImageObject'>\n\t\t\t\t\t\t\t<span itemprop='url'>https:\/\/www.vfl-westercelle.de\/fb\/wp-content\/uploads\/sites\/3\/2018\/01\/fb.png<\/span>\n\t\t\t\t\t\t<\/span>\n\t\t\t\t<\/span><span class='av-structured-data'  itemprop=\"author\" itemscope=\"itemscope\" itemtype=\"https:\/\/schema.org\/Person\" ><span itemprop='name'>Hans Weger<\/span><\/span><span class='av-structured-data'  itemprop=\"datePublished\" datetime=\"2019-12-25T16:35:35+01:00\" >2019-12-25 16:35:35<\/span><span class='av-structured-data'  itemprop=\"dateModified\" itemtype=\"https:\/\/schema.org\/dateModified\" >2020-03-06 16:34:05<\/span><span class='av-structured-data'  itemprop=\"mainEntityOfPage\" itemtype=\"https:\/\/schema.org\/mainEntityOfPage\" ><span itemprop='name'>\u00dcber 80 Kinder setzen ein Zeichen gegen Rassismus<\/span><\/span><\/span><\/article><article class=\"post-entry post-entry-type-standard post-entry-11243 post-loop-2 post-parity-even single-big with-slider post-11243 post type-post status-publish format-standard has-post-thumbnail hentry category-fussball tag-foerderverein tag-kicken-gegen-rechts tag-kunstrasen\"  itemscope=\"itemscope\" itemtype=\"https:\/\/schema.org\/BlogPosting\" ><div class=\"big-preview single-big\"  itemprop=\"image\" itemscope=\"itemscope\" itemtype=\"https:\/\/schema.org\/ImageObject\" ><a href=\"https:\/\/www.vfl-westercelle.de\/fb\/ball-rollt-bei-kicken-gegen-rechts-erstmals-auf-neuem-kunstrasenplatz\/\"  title=\"IMG-20191205-WA0000\" ><img decoding=\"async\" loading=\"lazy\" width=\"845\" height=\"321\" src=\"https:\/\/www.vfl-westercelle.de\/fb\/wp-content\/uploads\/sites\/3\/2019\/12\/IMG-20191205-WA0000-e1575990732650-845x321.jpg\" class=\"wp-image-11246 avia-img-lazy-loading-11246 attachment-entry_with_sidebar size-entry_with_sidebar wp-post-image\" alt=\"\" srcset=\"https:\/\/www.vfl-westercelle.de\/fb\/wp-content\/uploads\/sites\/3\/2019\/12\/IMG-20191205-WA0000-e1575990732650-845x321.jpg 845w, https:\/\/www.vfl-westercelle.de\/fb\/wp-content\/uploads\/sites\/3\/2019\/12\/IMG-20191205-WA0000-e1575990732650-300x113.jpg 300w, https:\/\/www.vfl-westercelle.de\/fb\/wp-content\/uploads\/sites\/3\/2019\/12\/IMG-20191205-WA0000-e1575990732650-450x170.jpg 450w, https:\/\/www.vfl-westercelle.de\/fb\/wp-content\/uploads\/sites\/3\/2019\/12\/IMG-20191205-WA0000-e1575990732650-128x48.jpg 128w, https:\/\/www.vfl-westercelle.de\/fb\/wp-content\/uploads\/sites\/3\/2019\/12\/IMG-20191205-WA0000-e1575990732650-32x12.jpg 32w\" sizes=\"auto, (max-width: 845px) 100vw, 845px\" \/><small class='avia-copyright'>Harald Nowatschin<\/small><\/a><\/div><div class=\"blog-meta\"><\/div><div class='entry-content-wrapper clearfix standard-content'><header class=\"entry-content-header\" aria-label=\"Post: Ball rollt bei Kicken gegen Rechts erstmals auf neuem Kunstrasenplatz\"><h2 class='post-title entry-title '  itemprop=\"headline\" ><a href=\"https:\/\/www.vfl-westercelle.de\/fb\/ball-rollt-bei-kicken-gegen-rechts-erstmals-auf-neuem-kunstrasenplatz\/\" rel=\"bookmark\" title=\"Permanenter Link zu: Ball rollt bei Kicken gegen Rechts erstmals auf neuem Kunstrasenplatz\">Ball rollt bei Kicken gegen Rechts erstmals auf neuem Kunstrasenplatz<span class=\"post-format-icon minor-meta\"><\/span><\/a><\/h2><span class=\"post-meta-infos\"><time class=\"date-container minor-meta updated\"  itemprop=\"datePublished\" datetime=\"2019-12-10T16:12:58+01:00\" >10. Dezember 2019<\/time><span class=\"text-sep\">\/<\/span><span class=\"blog-categories minor-meta\">in <a href=\"https:\/\/www.vfl-westercelle.de\/fb\/category\/fussball\/\" rel=\"tag\">Fu\u00dfball<\/a><\/span><\/span><\/header><div class=\"entry-content\"  itemprop=\"text\" ><p>Sie sind die Ersten, die auf dem neuen Kunstrasenplatz in Westercelle kicken d\u00fcrfen \u2013 alle Kinder, die am 20.12 gemeinsam mit dem VfL Westercelle ein Zeichen gegen Rechtsextremismus setzen wollen. Im Rahmen des Projektes \u201eKicken gegen Rechts \u2013 ein Kunstrasenplatz f\u00fcr alle\u201c rollt auf der Sportanlage des VfL Westercelle an der Wilhelm-Hasselmann-Stra\u00dfe von 16 bis <a class=\"read-more-link\" href=\"https:\/\/www.vfl-westercelle.de\/fb\/ball-rollt-bei-kicken-gegen-rechts-erstmals-auf-neuem-kunstrasenplatz\/\">[&#8230; weiterlesen]<\/a><\/p>\n<\/div><footer class=\"entry-footer\"><\/footer><div class='post_delimiter'><\/div><\/div><div class=\"post_author_timeline\"><\/div><span class='hidden'>\n\t\t\t\t<span class='av-structured-data'  itemprop=\"image\" itemscope=\"itemscope\" itemtype=\"https:\/\/schema.org\/ImageObject\" >\n\t\t\t\t\t\t<span itemprop='url'>https:\/\/www.vfl-westercelle.de\/fb\/wp-content\/uploads\/sites\/3\/2019\/12\/IMG-20191205-WA0000-e1575990732650.jpg<\/span>\n\t\t\t\t\t\t<span itemprop='height'>452<\/span>\n\t\t\t\t\t\t<span itemprop='width'>1200<\/span>\n\t\t\t\t<\/span>\n\t\t\t\t<span class='av-structured-data'  itemprop=\"publisher\" itemtype=\"https:\/\/schema.org\/Organization\" itemscope=\"itemscope\" >\n\t\t\t\t\t\t<span itemprop='name'>Hans Weger<\/span>\n\t\t\t\t\t\t<span itemprop='logo' itemscope itemtype='https:\/\/schema.org\/ImageObject'>\n\t\t\t\t\t\t\t<span itemprop='url'>https:\/\/www.vfl-westercelle.de\/fb\/wp-content\/uploads\/sites\/3\/2018\/01\/fb.png<\/span>\n\t\t\t\t\t\t<\/span>\n\t\t\t\t<\/span><span class='av-structured-data'  itemprop=\"author\" itemscope=\"itemscope\" itemtype=\"https:\/\/schema.org\/Person\" ><span itemprop='name'>Hans Weger<\/span><\/span><span class='av-structured-data'  itemprop=\"datePublished\" datetime=\"2019-12-10T16:12:58+01:00\" >2019-12-10 16:12:58<\/span><span class='av-structured-data'  itemprop=\"dateModified\" itemtype=\"https:\/\/schema.org\/dateModified\" >2020-02-17 18:02:09<\/span><span class='av-structured-data'  itemprop=\"mainEntityOfPage\" itemtype=\"https:\/\/schema.org\/mainEntityOfPage\" ><span itemprop='name'>Ball rollt bei Kicken gegen Rechts erstmals auf neuem Kunstrasenplatz<\/span><\/span><\/span><\/article><article class=\"post-entry post-entry-type-standard post-entry-2961 post-loop-3 post-parity-odd single-big with-slider post-2961 post type-post status-publish format-standard has-post-thumbnail hentry category-fussball tag-foerderverein tag-kicken-gegen-rechts\"  itemscope=\"itemscope\" itemtype=\"https:\/\/schema.org\/BlogPosting\" ><div class=\"big-preview single-big\"  itemprop=\"image\" itemscope=\"itemscope\" itemtype=\"https:\/\/schema.org\/ImageObject\" ><a href=\"https:\/\/www.vfl-westercelle.de\/fb\/mit-dem-fussball-gegen-fremdenhass-kinder-vom-kicken-gegen-rechts-im-westerceller-soccer-cage-begeistert\/\"  title=\"DSC_0094\" ><img decoding=\"async\" fetchpriority=\"high\" width=\"845\" height=\"321\" src=\"https:\/\/www.vfl-westercelle.de\/fb\/wp-content\/uploads\/sites\/3\/2018\/05\/DSC_0094-845x321.jpg\" class=\"wp-image-3358 avia-img-lazy-loading-not-3358 attachment-entry_with_sidebar size-entry_with_sidebar wp-post-image\" alt=\"\" \/><\/a><\/div><div class=\"blog-meta\"><\/div><div class='entry-content-wrapper clearfix standard-content'><header class=\"entry-content-header\" aria-label=\"Post: Mit dem Fu\u00dfball gegen Fremdenhass \u2013 Kinder vom \u201eKicken gegen Rechts\u201c im Westerceller Soccer-Cage begeistert\"><h2 class='post-title entry-title '  itemprop=\"headline\" ><a href=\"https:\/\/www.vfl-westercelle.de\/fb\/mit-dem-fussball-gegen-fremdenhass-kinder-vom-kicken-gegen-rechts-im-westerceller-soccer-cage-begeistert\/\" rel=\"bookmark\" title=\"Permanenter Link zu: Mit dem Fu\u00dfball gegen Fremdenhass \u2013 Kinder vom \u201eKicken gegen Rechts\u201c im Westerceller Soccer-Cage begeistert\">Mit dem Fu\u00dfball gegen Fremdenhass \u2013 Kinder vom \u201eKicken gegen Rechts\u201c im Westerceller Soccer-Cage begeistert<span class=\"post-format-icon minor-meta\"><\/span><\/a><\/h2><span class=\"post-meta-infos\"><time class=\"date-container minor-meta updated\"  itemprop=\"datePublished\" datetime=\"2018-05-03T13:34:06+02:00\" >3. Mai 2018<\/time><span class=\"text-sep\">\/<\/span><span class=\"blog-categories minor-meta\">in <a href=\"https:\/\/www.vfl-westercelle.de\/fb\/category\/fussball\/\" rel=\"tag\">Fu\u00dfball<\/a><\/span><\/span><\/header><div class=\"entry-content\"  itemprop=\"text\" ><p>Alleine ist es schwierig, ein klares und weitreichendes Zeichen zu setzen. In Westercelle waren es am Maifeiertag daher rund f\u00fcnfzig Kinder, die sich mit ihrer Begeisterung f\u00fcr den Fu\u00dfball gegen Rechtsextremismus, Diskriminierung und Fremdenhass einsetzten. Die Fu\u00dfball-Sparte des VfL Westercelle machte dies im Rahmen des Aktionstages \u201eKicken gegen Rechts\u201c m\u00f6glich. Bei zahlreichen Stationen konnten die <a class=\"read-more-link\" href=\"https:\/\/www.vfl-westercelle.de\/fb\/mit-dem-fussball-gegen-fremdenhass-kinder-vom-kicken-gegen-rechts-im-westerceller-soccer-cage-begeistert\/\">[&#8230; weiterlesen]<\/a><\/p>\n<\/div><footer class=\"entry-footer\"><\/footer><div class='post_delimiter'><\/div><\/div><div class=\"post_author_timeline\"><\/div><span class='hidden'>\n\t\t\t\t<span class='av-structured-data'  itemprop=\"image\" itemscope=\"itemscope\" itemtype=\"https:\/\/schema.org\/ImageObject\" >\n\t\t\t\t\t\t<span itemprop='url'>https:\/\/www.vfl-westercelle.de\/fb\/wp-content\/uploads\/sites\/3\/2018\/05\/DSC_0094.jpg<\/span>\n\t\t\t\t\t\t<span itemprop='height'>4000<\/span>\n\t\t\t\t\t\t<span itemprop='width'>6000<\/span>\n\t\t\t\t<\/span>\n\t\t\t\t<span class='av-structured-data'  itemprop=\"publisher\" itemtype=\"https:\/\/schema.org\/Organization\" itemscope=\"itemscope\" >\n\t\t\t\t\t\t<span itemprop='name'>Hans Weger<\/span>\n\t\t\t\t\t\t<span itemprop='logo' itemscope itemtype='https:\/\/schema.org\/ImageObject'>\n\t\t\t\t\t\t\t<span itemprop='url'>https:\/\/www.vfl-westercelle.de\/fb\/wp-content\/uploads\/sites\/3\/2018\/01\/fb.png<\/span>\n\t\t\t\t\t\t<\/span>\n\t\t\t\t<\/span><span class='av-structured-data'  itemprop=\"author\" itemscope=\"itemscope\" itemtype=\"https:\/\/schema.org\/Person\" ><span itemprop='name'>Hans Weger<\/span><\/span><span class='av-structured-data'  itemprop=\"datePublished\" datetime=\"2018-05-03T13:34:06+02:00\" >2018-05-03 13:34:06<\/span><span class='av-structured-data'  itemprop=\"dateModified\" itemtype=\"https:\/\/schema.org\/dateModified\" >2020-02-17 18:02:11<\/span><span class='av-structured-data'  itemprop=\"mainEntityOfPage\" itemtype=\"https:\/\/schema.org\/mainEntityOfPage\" ><span itemprop='name'>Mit dem Fu\u00dfball gegen Fremdenhass \u2013 Kinder vom \u201eKicken gegen Rechts\u201c im Westerceller Soccer-Cage begeistert<\/span><\/span><\/span><\/article><article class=\"post-entry post-entry-type-standard post-entry-2216 post-loop-4 post-parity-even post-entry-last single-big with-slider post-2216 post type-post status-publish format-standard has-post-thumbnail hentry category-fussball tag-kicken-gegen-rechts\"  itemscope=\"itemscope\" itemtype=\"https:\/\/schema.org\/BlogPosting\" ><div class=\"big-preview single-big\"  itemprop=\"image\" itemscope=\"itemscope\" itemtype=\"https:\/\/schema.org\/ImageObject\" ><a href=\"https:\/\/www.vfl-westercelle.de\/fb\/aktionstag-fussball-gegen-rechtsextremismus-setzt-ein-zeichen\/\"  title=\"2018 Header - Kicken gegen Rechts\" ><img decoding=\"async\" loading=\"lazy\" width=\"845\" height=\"321\" src=\"https:\/\/www.vfl-westercelle.de\/fb\/wp-content\/uploads\/sites\/3\/2018\/04\/2018-Header-Kicken-gegen-Rechts-e1524471711500-845x321.png\" class=\"wp-image-2221 avia-img-lazy-loading-2221 attachment-entry_with_sidebar size-entry_with_sidebar wp-post-image\" alt=\"\" \/><\/a><\/div><div class=\"blog-meta\"><\/div><div class='entry-content-wrapper clearfix standard-content'><header class=\"entry-content-header\" aria-label=\"Post: Aktionstag &#8222;Fu\u00dfball gegen Rechtsextremismus&#8220; setzt ein Zeichen\"><h2 class='post-title entry-title '  itemprop=\"headline\" ><a href=\"https:\/\/www.vfl-westercelle.de\/fb\/aktionstag-fussball-gegen-rechtsextremismus-setzt-ein-zeichen\/\" rel=\"bookmark\" title=\"Permanenter Link zu: Aktionstag &#8222;Fu\u00dfball gegen Rechtsextremismus&#8220; setzt ein Zeichen\">Aktionstag &#8222;Fu\u00dfball gegen Rechtsextremismus&#8220; setzt ein Zeichen<span class=\"post-format-icon minor-meta\"><\/span><\/a><\/h2><span class=\"post-meta-infos\"><time class=\"date-container minor-meta updated\"  itemprop=\"datePublished\" datetime=\"2018-04-23T10:20:07+02:00\" >23. April 2018<\/time><span class=\"text-sep\">\/<\/span><span class=\"blog-categories minor-meta\">in <a href=\"https:\/\/www.vfl-westercelle.de\/fb\/category\/fussball\/\" rel=\"tag\">Fu\u00dfball<\/a><\/span><\/span><\/header><div class=\"entry-content\"  itemprop=\"text\" ><p>Am 1. Mai soll nicht nur der \u201eTag der Arbeit\u201c oder der Genuss des Fr\u00fchlingswetters im Vordergrund stehen \u2013 beim VfL Westercelle wird ein Zeichen gegen Rechtsextremismus gesetzt. Im Rahmen des Projektes \u201eKicken gegen Rechts \u2013 Sport verbindet\u201c werden auf der Sportanlage des VfL Westercelle an der Wilhelm-Hasselmann-Stra\u00dfe von 11 bis 14 Uhr zahlreiche Attraktionen <a class=\"read-more-link\" href=\"https:\/\/www.vfl-westercelle.de\/fb\/aktionstag-fussball-gegen-rechtsextremismus-setzt-ein-zeichen\/\">[&#8230; weiterlesen]<\/a><\/p>\n<\/div><footer class=\"entry-footer\"><\/footer><div class='post_delimiter'><\/div><\/div><div class=\"post_author_timeline\"><\/div><span class='hidden'>\n\t\t\t\t<span class='av-structured-data'  itemprop=\"image\" itemscope=\"itemscope\" itemtype=\"https:\/\/schema.org\/ImageObject\" >\n\t\t\t\t\t\t<span itemprop='url'>https:\/\/www.vfl-westercelle.de\/fb\/wp-content\/uploads\/sites\/3\/2018\/04\/2018-Header-Kicken-gegen-Rechts-e1524471711500.png<\/span>\n\t\t\t\t\t\t<span itemprop='height'>1113<\/span>\n\t\t\t\t\t\t<span itemprop='width'>3156<\/span>\n\t\t\t\t<\/span>\n\t\t\t\t<span class='av-structured-data'  itemprop=\"publisher\" itemtype=\"https:\/\/schema.org\/Organization\" itemscope=\"itemscope\" >\n\t\t\t\t\t\t<span itemprop='name'>Onlineredaktion<\/span>\n\t\t\t\t\t\t<span itemprop='logo' itemscope itemtype='https:\/\/schema.org\/ImageObject'>\n\t\t\t\t\t\t\t<span itemprop='url'>https:\/\/www.vfl-westercelle.de\/fb\/wp-content\/uploads\/sites\/3\/2018\/01\/fb.png<\/span>\n\t\t\t\t\t\t<\/span>\n\t\t\t\t<\/span><span class='av-structured-data'  itemprop=\"author\" itemscope=\"itemscope\" itemtype=\"https:\/\/schema.org\/Person\" ><span itemprop='name'>Onlineredaktion<\/span><\/span><span class='av-structured-data'  itemprop=\"datePublished\" datetime=\"2018-04-23T10:20:07+02:00\" >2018-04-23 10:20:07<\/span><span class='av-structured-data'  itemprop=\"dateModified\" itemtype=\"https:\/\/schema.org\/dateModified\" >2018-06-02 18:36:55<\/span><span class='av-structured-data'  itemprop=\"mainEntityOfPage\" itemtype=\"https:\/\/schema.org\/mainEntityOfPage\" ><span itemprop='name'>Aktionstag &#8222;Fu\u00dfball gegen Rechtsextremismus&#8220; setzt ein Zeichen<\/span><\/span><\/span><\/article><div class='single-big'><\/div><\/div><\/p><\/div><\/p>\n","protected":false},"excerpt":{"rendered":"","protected":false},"author":1,"featured_media":0,"parent":0,"menu_order":0,"comment_status":"closed","ping_status":"closed","template":"","meta":{"footnotes":""},"class_list":["post-4588","page","type-page","status-publish","hentry"],"_links":{"self":[{"href":"https:\/\/www.vfl-westercelle.de\/fb\/wp-json\/wp\/v2\/pages\/4588","targetHints":{"allow":["GET"]}}],"collection":[{"href":"https:\/\/www.vfl-westercelle.de\/fb\/wp-json\/wp\/v2\/pages"}],"about":[{"href":"https:\/\/www.vfl-westercelle.de\/fb\/wp-json\/wp\/v2\/types\/page"}],"author":[{"embeddable":true,"href":"https:\/\/www.vfl-westercelle.de\/fb\/wp-json\/wp\/v2\/users\/1"}],"replies":[{"embeddable":true,"href":"https:\/\/www.vfl-westercelle.de\/fb\/wp-json\/wp\/v2\/comments?post=4588"}],"version-history":[{"count":6,"href":"https:\/\/www.vfl-westercelle.de\/fb\/wp-json\/wp\/v2\/pages\/4588\/revisions"}],"predecessor-version":[{"id":4713,"href":"https:\/\/www.vfl-westercelle.de\/fb\/wp-json\/wp\/v2\/pages\/4588\/revisions\/4713"}],"wp:attachment":[{"href":"https:\/\/www.vfl-westercelle.de\/fb\/wp-json\/wp\/v2\/media?parent=4588"}],"curies":[{"name":"wp","href":"https:\/\/api.w.org\/{rel}","templated":true}]}}