{"id":192,"date":"2018-10-15T13:52:12","date_gmt":"2018-10-15T11:52:12","guid":{"rendered":"http:\/\/www.vfl-westercelle.de\/handb\/?page_id=192"},"modified":"2026-02-05T09:32:19","modified_gmt":"2026-02-05T08:32:19","slug":"foerderverein","status":"publish","type":"page","link":"https:\/\/www.vfl-westercelle.de\/handb\/foerderverein\/","title":{"rendered":"F\u00f6rderverein"},"content":{"rendered":"\n<style type=\"text\/css\" data-created_by=\"avia_inline_auto\" id=\"style-css-av-kl3iktha-eb175d07d1ba5069235251162d369b94\">\n.flex_column.av-kl3iktha-eb175d07d1ba5069235251162d369b94{\nborder-radius:0px 0px 0px 0px;\npadding:0px 0px 0px 0px;\n}\n<\/style>\n<div  class='flex_column av-kl3iktha-eb175d07d1ba5069235251162d369b94 av_three_fourth  avia-builder-el-0  el_before_av_one_fourth  avia-builder-el-first  first flex_column_div av-zero-column-padding  '     ><p>\n<style type=\"text\/css\" data-created_by=\"avia_inline_auto\" id=\"style-css-av-ddmvs-5d2ea77c097a51eeb98e5722dcd59092\">\n#top .av-special-heading.av-ddmvs-5d2ea77c097a51eeb98e5722dcd59092{\npadding-bottom:10px;\n}\nbody .av-special-heading.av-ddmvs-5d2ea77c097a51eeb98e5722dcd59092 .av-special-heading-tag .heading-char{\nfont-size:25px;\n}\n.av-special-heading.av-ddmvs-5d2ea77c097a51eeb98e5722dcd59092 .av-subheading{\nfont-size:15px;\n}\n<\/style>\n<div  class='av-special-heading av-ddmvs-5d2ea77c097a51eeb98e5722dcd59092 av-special-heading-h3  avia-builder-el-1  el_before_av_textblock  avia-builder-el-first '><h3 class='av-special-heading-tag '  itemprop=\"headline\"  >\u00dcber uns<\/h3><div class=\"special-heading-border\"><div class=\"special-heading-inner-border\"><\/div><\/div><\/div><br \/>\n<section  class='av_textblock_section av-kl3inc0y-2055e8d0077684e35d0a9177529f0961 '   itemscope=\"itemscope\" itemtype=\"https:\/\/schema.org\/CreativeWork\" ><div class='avia_textblock'  itemprop=\"text\" ><p>Der <em><strong>F\u00f6rderverein Handball VfL Westercelle<\/strong><\/em> unterst\u00fctzt seit vielen Jahren die Handballsparte im Sponsoringbereich. Durch die externe Unterst\u00fctzung unserer Mitglieder ist es uns m\u00f6glich, viele Aktivit\u00e4ten im Verein zu verwirklichen.<\/p>\n<p>Wir sind immer auf der Suche nach neuen Mitgliedern. Jeder kann dort einen gewissen Beitrag leisten, ob minimum 50,00 Euro j\u00e4hrlich oder einen eigenen selbst bestimmten Betrag. Jedes neue Mitglied ist uns herzlich Willkommen, denn so k\u00f6nnen wir vor allem unseren Jugendbereich unterst\u00fctzen.<\/p>\n<p>In den letzten Jahren wurden mehrere Trikots\u00e4tze, Trainingsmaterial, die Ausbildung von Trainern und Schiedsrichtern, sowie EDV f\u00fcr die Spieltechnik vom <em><strong>F\u00f6rderverein Handball VfL Westercelle<\/strong><\/em> finanziert.<\/p>\n<\/div><\/section><br \/>\n\n<style type=\"text\/css\" data-created_by=\"avia_inline_auto\" id=\"style-css-av-9r3t4-20098c7239ffb4ba2565e298cde7754c\">\n#top .av-special-heading.av-9r3t4-20098c7239ffb4ba2565e298cde7754c{\npadding-bottom:10px;\n}\nbody .av-special-heading.av-9r3t4-20098c7239ffb4ba2565e298cde7754c .av-special-heading-tag .heading-char{\nfont-size:25px;\n}\n.av-special-heading.av-9r3t4-20098c7239ffb4ba2565e298cde7754c .av-subheading{\nfont-size:15px;\n}\n<\/style>\n<div  class='av-special-heading av-9r3t4-20098c7239ffb4ba2565e298cde7754c av-special-heading-h3  avia-builder-el-3  el_after_av_textblock  el_before_av_textblock '><h3 class='av-special-heading-tag '  itemprop=\"headline\"  >Partner<\/h3><div class=\"special-heading-border\"><div class=\"special-heading-inner-border\"><\/div><\/div><\/div><br \/>\n<section  class='av_textblock_section av-kl3inc0y-3-8b8190a0bf296c7f7d72f3b204939dad '   itemscope=\"itemscope\" itemtype=\"https:\/\/schema.org\/CreativeWork\" ><div class='avia_textblock'  itemprop=\"text\" ><p>Wir bedanken uns bei unseren Partnern!<\/p>\n<\/div><\/section><br \/>\n<div id='av-masonry-1' class='av-masonry av-klkqtkc0-c1ef10608534cce27508585cad2e34d6 noHover av-flex-size av-1px-gap av-hover-overlay-active av-masonry-animation-active av-masonry-col-2 av-caption-always av-caption-style- av-masonry-gallery ' data-post_id=\"192\"><div class=\"av-masonry-container isotope av-js-disabled\"><div class='av-masonry-entry isotope-item av-masonry-item-no-image '><\/div><a href=\"https:\/\/fleischerei-zimmermann.de\/de\"  aria-label=\"Bild Zimmermann\"  id='av-masonry-1-item-432' data-av-masonry-item='432' class='av-masonry-entry isotope-item post-432 attachment type-attachment status-inherit hentry  av-masonry-item-with-image' title=\"Zimmermann\" alt=\"\"  data-av-masonry-custom-link=\"https:\/\/fleischerei-zimmermann.de\/de\"  itemprop=\"thumbnailUrl\" ><div class='av-inner-masonry-sizer'><\/div><figure class='av-inner-masonry main_color'><div class=\"av-masonry-outerimage-container\"><div class='av-masonry-image-container'  ><img decoding=\"async\" width=\"464\" height=\"150\" fetchpriority=\"high\" class=\"wp-image-432 avia-img-lazy-loading-not-432\"  src=\"https:\/\/www.vfl-westercelle.de\/handb\/wp-content\/uploads\/sites\/22\/2021\/02\/Zimmermann.jpg\" title=\"Zimmermann\" alt=\"\" srcset=\"https:\/\/www.vfl-westercelle.de\/handb\/wp-content\/uploads\/sites\/22\/2021\/02\/Zimmermann.jpg 464w, https:\/\/www.vfl-westercelle.de\/handb\/wp-content\/uploads\/sites\/22\/2021\/02\/Zimmermann-300x97.jpg 300w\" sizes=\"(max-width: 464px) 100vw, 464px\" \/><\/div><\/div><\/figure><\/a><!--end av-masonry entry--><a href=\"https:\/\/wpcelle.de\"  aria-label=\"Bild WP_Diamant\"  id='av-masonry-1-item-431' data-av-masonry-item='431' class='av-masonry-entry isotope-item post-431 attachment type-attachment status-inherit hentry  av-masonry-item-with-image' title=\"WP_Diamant\" alt=\"\"  data-av-masonry-custom-link=\"https:\/\/wpcelle.de\"  itemprop=\"thumbnailUrl\" ><div class='av-inner-masonry-sizer'><\/div><figure class='av-inner-masonry main_color'><div class=\"av-masonry-outerimage-container\"><div class='av-masonry-image-container'  ><img decoding=\"async\" width=\"654\" height=\"460\" fetchpriority=\"high\" class=\"wp-image-431 avia-img-lazy-loading-not-431\"  src=\"https:\/\/www.vfl-westercelle.de\/handb\/wp-content\/uploads\/sites\/22\/2021\/02\/WP_Diamant.jpg\" title=\"WP_Diamant\" alt=\"\" srcset=\"https:\/\/www.vfl-westercelle.de\/handb\/wp-content\/uploads\/sites\/22\/2021\/02\/WP_Diamant.jpg 654w, https:\/\/www.vfl-westercelle.de\/handb\/wp-content\/uploads\/sites\/22\/2021\/02\/WP_Diamant-300x211.jpg 300w\" sizes=\"(max-width: 654px) 100vw, 654px\" \/><\/div><\/div><\/figure><\/a><!--end av-masonry entry--><div id='av-masonry-1-item-428' data-av-masonry-item='428' class='av-masonry-entry isotope-item post-428 attachment type-attachment status-inherit hentry  av-masonry-item-with-image'    itemprop=\"thumbnailUrl\" ><div class='av-inner-masonry-sizer'><\/div><figure class='av-inner-masonry main_color'><div class=\"av-masonry-outerimage-container\"><div class='av-masonry-image-container'  ><img decoding=\"async\" width=\"442\" height=\"237\" fetchpriority=\"high\" class=\"wp-image-428 avia-img-lazy-loading-not-428\"  src=\"https:\/\/www.vfl-westercelle.de\/handb\/wp-content\/uploads\/sites\/22\/2021\/02\/Rehkopf.jpg\" title=\"Rehkopf\" alt=\"\" srcset=\"https:\/\/www.vfl-westercelle.de\/handb\/wp-content\/uploads\/sites\/22\/2021\/02\/Rehkopf.jpg 442w, https:\/\/www.vfl-westercelle.de\/handb\/wp-content\/uploads\/sites\/22\/2021\/02\/Rehkopf-300x161.jpg 300w\" sizes=\"(max-width: 442px) 100vw, 442px\" \/><\/div><\/div><\/figure><\/div><!--end av-masonry entry--><div id='av-masonry-1-item-427' data-av-masonry-item='427' class='av-masonry-entry isotope-item post-427 attachment type-attachment status-inherit hentry  av-masonry-item-with-image'    itemprop=\"thumbnailUrl\" ><div class='av-inner-masonry-sizer'><\/div><figure class='av-inner-masonry main_color'><div class=\"av-masonry-outerimage-container\"><div class='av-masonry-image-container'  ><img decoding=\"async\" width=\"491\" height=\"656\" fetchpriority=\"high\" class=\"wp-image-427 avia-img-lazy-loading-not-427\"  src=\"https:\/\/www.vfl-westercelle.de\/handb\/wp-content\/uploads\/sites\/22\/2021\/02\/Pirwitz.jpg\" title=\"Pirwitz\" alt=\"\" srcset=\"https:\/\/www.vfl-westercelle.de\/handb\/wp-content\/uploads\/sites\/22\/2021\/02\/Pirwitz.jpg 491w, https:\/\/www.vfl-westercelle.de\/handb\/wp-content\/uploads\/sites\/22\/2021\/02\/Pirwitz-225x300.jpg 225w\" sizes=\"(max-width: 491px) 100vw, 491px\" \/><\/div><\/div><\/figure><\/div><!--end av-masonry entry--><a href=\"https:\/\/www.intersport.de\/haendlersuche\/sportgeschaefte-niedersachsen\/29221-celle-intersport-lange\/\"  aria-label=\"Bild Intersport_lange\"  id='av-masonry-1-item-426' data-av-masonry-item='426' class='av-masonry-entry isotope-item post-426 attachment type-attachment status-inherit hentry  av-masonry-item-with-image' title=\"Intersport_lange\" alt=\"\"  data-av-masonry-custom-link=\"https:\/\/www.intersport.de\/haendlersuche\/sportgeschaefte-niedersachsen\/29221-celle-intersport-lange\/\"  itemprop=\"thumbnailUrl\" ><div class='av-inner-masonry-sizer'><\/div><figure class='av-inner-masonry main_color'><div class=\"av-masonry-outerimage-container\"><div class='av-masonry-image-container'  ><img decoding=\"async\" width=\"705\" height=\"384\" fetchpriority=\"high\" class=\"wp-image-426 avia-img-lazy-loading-not-426\"  src=\"https:\/\/www.vfl-westercelle.de\/handb\/wp-content\/uploads\/sites\/22\/2021\/02\/Intersport_lange-705x384.jpg\" title=\"Intersport_lange\" alt=\"\" srcset=\"https:\/\/www.vfl-westercelle.de\/handb\/wp-content\/uploads\/sites\/22\/2021\/02\/Intersport_lange-705x384.jpg 705w, https:\/\/www.vfl-westercelle.de\/handb\/wp-content\/uploads\/sites\/22\/2021\/02\/Intersport_lange-300x163.jpg 300w, https:\/\/www.vfl-westercelle.de\/handb\/wp-content\/uploads\/sites\/22\/2021\/02\/Intersport_lange-768x418.jpg 768w, https:\/\/www.vfl-westercelle.de\/handb\/wp-content\/uploads\/sites\/22\/2021\/02\/Intersport_lange.jpg 832w\" sizes=\"(max-width: 705px) 100vw, 705px\" \/><\/div><\/div><\/figure><\/a><!--end av-masonry entry--><div id='av-masonry-1-item-425' data-av-masonry-item='425' class='av-masonry-entry isotope-item post-425 attachment type-attachment status-inherit hentry  av-masonry-item-with-image'    itemprop=\"thumbnailUrl\" ><div class='av-inner-masonry-sizer'><\/div><figure class='av-inner-masonry main_color'><div class=\"av-masonry-outerimage-container\"><div class='av-masonry-image-container'  ><img decoding=\"async\" width=\"705\" height=\"338\" fetchpriority=\"high\" class=\"wp-image-425 avia-img-lazy-loading-not-425\"  src=\"https:\/\/www.vfl-westercelle.de\/handb\/wp-content\/uploads\/sites\/22\/2021\/02\/Haupt-705x338.jpg\" title=\"Haupt\" alt=\"\" srcset=\"https:\/\/www.vfl-westercelle.de\/handb\/wp-content\/uploads\/sites\/22\/2021\/02\/Haupt-705x338.jpg 705w, https:\/\/www.vfl-westercelle.de\/handb\/wp-content\/uploads\/sites\/22\/2021\/02\/Haupt-300x144.jpg 300w, https:\/\/www.vfl-westercelle.de\/handb\/wp-content\/uploads\/sites\/22\/2021\/02\/Haupt-768x368.jpg 768w, https:\/\/www.vfl-westercelle.de\/handb\/wp-content\/uploads\/sites\/22\/2021\/02\/Haupt.jpg 827w\" sizes=\"(max-width: 705px) 100vw, 705px\" \/><\/div><\/div><\/figure><\/div><!--end av-masonry entry--><div id='av-masonry-1-item-424' data-av-masonry-item='424' class='av-masonry-entry isotope-item post-424 attachment type-attachment status-inherit hentry  av-masonry-item-with-image'    itemprop=\"thumbnailUrl\" ><div class='av-inner-masonry-sizer'><\/div><figure class='av-inner-masonry main_color'><div class=\"av-masonry-outerimage-container\"><div class='av-masonry-image-container'  ><img decoding=\"async\" width=\"449\" height=\"230\" fetchpriority=\"high\" class=\"wp-image-424 avia-img-lazy-loading-not-424\"  src=\"https:\/\/www.vfl-westercelle.de\/handb\/wp-content\/uploads\/sites\/22\/2021\/02\/Druckerei_List.jpg\" title=\"Druckerei_List\" alt=\"\" srcset=\"https:\/\/www.vfl-westercelle.de\/handb\/wp-content\/uploads\/sites\/22\/2021\/02\/Druckerei_List.jpg 449w, https:\/\/www.vfl-westercelle.de\/handb\/wp-content\/uploads\/sites\/22\/2021\/02\/Druckerei_List-300x154.jpg 300w\" sizes=\"(max-width: 449px) 100vw, 449px\" \/><\/div><\/div><\/figure><\/div><!--end av-masonry entry--><a href=\"https:\/\/depner-werkzeuge.de\/\"  aria-label=\"Bild Deppner\"  id='av-masonry-1-item-423' data-av-masonry-item='423' class='av-masonry-entry isotope-item post-423 attachment type-attachment status-inherit hentry  av-masonry-item-with-image' title=\"Deppner\" alt=\"\"  data-av-masonry-custom-link=\"https:\/\/depner-werkzeuge.de\/\"  itemprop=\"thumbnailUrl\" ><div class='av-inner-masonry-sizer'><\/div><figure class='av-inner-masonry main_color'><div class=\"av-masonry-outerimage-container\"><div class='av-masonry-image-container'  ><img decoding=\"async\" width=\"351\" height=\"418\" fetchpriority=\"high\" class=\"wp-image-423 avia-img-lazy-loading-not-423\"  src=\"https:\/\/www.vfl-westercelle.de\/handb\/wp-content\/uploads\/sites\/22\/2021\/02\/Deppner.jpg\" title=\"Deppner\" alt=\"\" srcset=\"https:\/\/www.vfl-westercelle.de\/handb\/wp-content\/uploads\/sites\/22\/2021\/02\/Deppner.jpg 351w, https:\/\/www.vfl-westercelle.de\/handb\/wp-content\/uploads\/sites\/22\/2021\/02\/Deppner-252x300.jpg 252w\" sizes=\"(max-width: 351px) 100vw, 351px\" \/><\/div><\/div><\/figure><\/a><!--end av-masonry entry--><a href=\"https:\/\/www.sparkasse-cgw.de\/de\/home.html\"  aria-label=\"Bild Sparkasse\"  id='av-masonry-1-item-807' data-av-masonry-item='807' class='av-masonry-entry isotope-item post-807 attachment type-attachment status-inherit hentry  av-masonry-item-with-image' title=\"Sparkasse\" alt=\"\"  data-av-masonry-custom-link=\"https:\/\/www.sparkasse-cgw.de\/de\/home.html\"  itemprop=\"thumbnailUrl\" ><div class='av-inner-masonry-sizer'><\/div><figure class='av-inner-masonry main_color'><div class=\"av-masonry-outerimage-container\"><div class='av-masonry-image-container'  ><img decoding=\"async\" width=\"277\" height=\"96\" fetchpriority=\"high\" class=\"wp-image-807 avia-img-lazy-loading-not-807\"  src=\"https:\/\/www.vfl-westercelle.de\/handb\/wp-content\/uploads\/sites\/22\/2022\/11\/sparkasse.png\" title=\"Sparkasse\" alt=\"\" \/><\/div><\/div><\/figure><\/a><!--end av-masonry entry--><\/div><\/div><\/p><\/div>\n\n<style type=\"text\/css\" data-created_by=\"avia_inline_auto\" id=\"style-css-av-cvvzs-2234bdb9b61cc3a9fb1c4fac02ff424a\">\n.flex_column.av-cvvzs-2234bdb9b61cc3a9fb1c4fac02ff424a{\nborder-radius:0px 0px 0px 0px;\npadding:0px 0px 0px 0px;\n}\n<\/style>\n<div  class='flex_column av-cvvzs-2234bdb9b61cc3a9fb1c4fac02ff424a av_one_fourth  avia-builder-el-6  el_after_av_three_fourth  avia-builder-el-last  flex_column_div av-zero-column-padding  '     ><p>\n<style type=\"text\/css\" data-created_by=\"avia_inline_auto\" id=\"style-css-av-my7z4-f851f4bd5919d471b63cdcc1d9d510d9\">\n#top .av-special-heading.av-my7z4-f851f4bd5919d471b63cdcc1d9d510d9{\npadding-bottom:10px;\n}\nbody .av-special-heading.av-my7z4-f851f4bd5919d471b63cdcc1d9d510d9 .av-special-heading-tag .heading-char{\nfont-size:25px;\n}\n.av-special-heading.av-my7z4-f851f4bd5919d471b63cdcc1d9d510d9 .av-subheading{\nfont-size:15px;\n}\n<\/style>\n<div  class='av-special-heading av-my7z4-f851f4bd5919d471b63cdcc1d9d510d9 av-special-heading-h3  avia-builder-el-7  el_before_av_textblock  avia-builder-el-first '><h3 class='av-special-heading-tag '  itemprop=\"headline\"  >Formulare<\/h3><div class=\"special-heading-border\"><div class=\"special-heading-inner-border\"><\/div><\/div><\/div><br \/>\n<section  class='av_textblock_section av-klf1rqpv-a9f60721e2300a62890a10059040f631 '   itemscope=\"itemscope\" itemtype=\"https:\/\/schema.org\/CreativeWork\" ><div class='avia_textblock'  itemprop=\"text\" ><p>\n<style type=\"text\/css\" data-created_by=\"avia_inline_auto\" id=\"style-css-av-ah4jc-351b7b95496e8fdfdeee9d0321361868\">\n.av_font_icon.av-ah4jc-351b7b95496e8fdfdeee9d0321361868{\ncolor:#000000;\nborder-color:#000000;\n}\n.avia-svg-icon.av-ah4jc-351b7b95496e8fdfdeee9d0321361868 svg:first-child{\nstroke:#000000;\nfill:#000000;\n}\n.av_font_icon.av-ah4jc-351b7b95496e8fdfdeee9d0321361868 .av-icon-char{\nfont-size:20px;\nline-height:20px;\n}\n<\/style>\n<span  class='av_font_icon av-ah4jc-351b7b95496e8fdfdeee9d0321361868 avia_animate_when_visible av-icon-style- avia-icon-pos-left avia-iconfont avia-font-entypo-fontello avia-icon-animate'><a href='https:\/\/www.vfl-westercelle.de\/handb\/wp-content\/uploads\/sites\/22\/2026\/02\/VFL-Westercelle-Antrag-Foerderverein.pdf'   class='av-icon-char' data-av_icon='\ue82d' data-av_iconfont='entypo-fontello' aria-hidden=\"false\" data-avia-icon-tooltip=\"&lt;br \/&gt;\nAufnahmeantrag&lt;br \/&gt;\n\"><\/a><\/span> <a href=\"https:\/\/www.vfl-westercelle.de\/handb\/wp-content\/uploads\/sites\/22\/2026\/02\/VFL-Westercelle-Antrag-Foerderverein.pdf\" target=\"_blank\" rel=\"noopener\">Aufnahmeantrag Fo\u0308V Handball<\/a><\/p>\n<\/div><\/section><br \/>\n\n<style type=\"text\/css\" data-created_by=\"avia_inline_auto\" id=\"style-css-av-fnd0g-b02d5e4e391310a67360819fd97160e5\">\n#top .av-special-heading.av-fnd0g-b02d5e4e391310a67360819fd97160e5{\npadding-bottom:10px;\n}\nbody .av-special-heading.av-fnd0g-b02d5e4e391310a67360819fd97160e5 .av-special-heading-tag .heading-char{\nfont-size:25px;\n}\n.av-special-heading.av-fnd0g-b02d5e4e391310a67360819fd97160e5 .av-subheading{\nfont-size:15px;\n}\n<\/style>\n<div  class='av-special-heading av-fnd0g-b02d5e4e391310a67360819fd97160e5 av-special-heading-h3  avia-builder-el-10  el_after_av_textblock  el_before_av_textblock '><h3 class='av-special-heading-tag '  itemprop=\"headline\"  >Spendenkonto<\/h3><div class=\"special-heading-border\"><div class=\"special-heading-inner-border\"><\/div><\/div><\/div><br \/>\n<section  class='av_textblock_section av-klf1rqpv-2-7d140da13cb94aa844373ec4d978136e '   itemscope=\"itemscope\" itemtype=\"https:\/\/schema.org\/CreativeWork\" ><div class='avia_textblock'  itemprop=\"text\" ><p>Sparkasse Celle-Gifhorn-Wolfsburg<br \/>\nIBAN DE68 2695 1311 0011 1911 11<br \/>\nBIC NOLADE21GFW<\/p>\n<\/div><\/section><br \/>\n\n<style type=\"text\/css\" data-created_by=\"avia_inline_auto\" id=\"style-css-av-b0fr4-68f750584fa695333d8a2b50493a4fe0\">\n#top .av-special-heading.av-b0fr4-68f750584fa695333d8a2b50493a4fe0{\npadding-bottom:10px;\n}\nbody .av-special-heading.av-b0fr4-68f750584fa695333d8a2b50493a4fe0 .av-special-heading-tag .heading-char{\nfont-size:25px;\n}\n.av-special-heading.av-b0fr4-68f750584fa695333d8a2b50493a4fe0 .av-subheading{\nfont-size:15px;\n}\n<\/style>\n<div  class='av-special-heading av-b0fr4-68f750584fa695333d8a2b50493a4fe0 av-special-heading-h3  avia-builder-el-12  el_after_av_textblock  el_before_av_textblock '><h3 class='av-special-heading-tag '  itemprop=\"headline\"  >Kontakt<\/h3><div class=\"special-heading-border\"><div class=\"special-heading-inner-border\"><\/div><\/div><\/div><br \/>\n<section  class='av_textblock_section av-klf1rqpv-1-8dbe1b541f61849af9102076cb43eb40 '   itemscope=\"itemscope\" itemtype=\"https:\/\/schema.org\/CreativeWork\" ><div class='avia_textblock'  itemprop=\"text\" ><p>Dr. Karl-Peter Kr\u00fcger<br \/>\n<a href=\"&#x6d;&#97;&#105;l&#x74;&#x6f;&#58;k&#x61;&#x72;&#108;-&#x70;&#x65;&#116;e&#x72;&#x2d;&#107;r&#x75;&#x65;&#103;e&#x72;&#x40;&#116;&#45;o&#x6e;&#x6c;&#105;n&#x65;&#x2e;&#100;e\">&#x6b;&#x61;&#114;l&#x2d;&#x70;&#101;te&#x72;&#x2d;&#107;r&#x75;&#x65;&#103;&#101;r&#x40;&#x74;&#45;o&#x6e;&#x6c;&#105;&#110;e&#x2e;&#x64;&#101;<\/a><br \/>\n05141-9094151<\/p>\n<\/div><\/section><\/p><\/div>\n","protected":false},"excerpt":{"rendered":"","protected":false},"author":1,"featured_media":0,"parent":0,"menu_order":0,"comment_status":"closed","ping_status":"closed","template":"","meta":{"footnotes":""},"class_list":["post-192","page","type-page","status-publish","hentry"],"_links":{"self":[{"href":"https:\/\/www.vfl-westercelle.de\/handb\/wp-json\/wp\/v2\/pages\/192","targetHints":{"allow":["GET"]}}],"collection":[{"href":"https:\/\/www.vfl-westercelle.de\/handb\/wp-json\/wp\/v2\/pages"}],"about":[{"href":"https:\/\/www.vfl-westercelle.de\/handb\/wp-json\/wp\/v2\/types\/page"}],"author":[{"embeddable":true,"href":"https:\/\/www.vfl-westercelle.de\/handb\/wp-json\/wp\/v2\/users\/1"}],"replies":[{"embeddable":true,"href":"https:\/\/www.vfl-westercelle.de\/handb\/wp-json\/wp\/v2\/comments?post=192"}],"version-history":[{"count":3,"href":"https:\/\/www.vfl-westercelle.de\/handb\/wp-json\/wp\/v2\/pages\/192\/revisions"}],"predecessor-version":[{"id":1000,"href":"https:\/\/www.vfl-westercelle.de\/handb\/wp-json\/wp\/v2\/pages\/192\/revisions\/1000"}],"wp:attachment":[{"href":"https:\/\/www.vfl-westercelle.de\/handb\/wp-json\/wp\/v2\/media?parent=192"}],"curies":[{"name":"wp","href":"https:\/\/api.w.org\/{rel}","templated":true}]}}