{"id":63,"date":"2017-07-30T23:45:02","date_gmt":"2017-07-30T21:45:02","guid":{"rendered":"http:\/\/www.vfl-westercelle.de\/handb\/?page_id=63"},"modified":"2021-02-15T20:29:09","modified_gmt":"2021-02-15T19:29:09","slug":"leitbild","status":"publish","type":"page","link":"https:\/\/www.vfl-westercelle.de\/handb\/leitbild\/","title":{"rendered":"Leitbild &#038; Ziele"},"content":{"rendered":"\n<style type=\"text\/css\" data-created_by=\"avia_inline_auto\" id=\"style-css-av-ba71j-4f4ffda6986208434d0874adbe4ea499\">\n.flex_column.av-ba71j-4f4ffda6986208434d0874adbe4ea499{\nborder-radius:0px 0px 0px 0px;\npadding:0px 0px 0px 0px;\n}\n<\/style>\n<div  class='flex_column av-ba71j-4f4ffda6986208434d0874adbe4ea499 av_one_full  avia-builder-el-0  avia-builder-el-no-sibling  first flex_column_div av-zero-column-padding  '     ><p><section  class='av_textblock_section av-ao7ar-201f40f48dbbf6ce65b2165009ed735b '   itemscope=\"itemscope\" itemtype=\"https:\/\/schema.org\/CreativeWork\" ><div class='avia_textblock'  itemprop=\"text\" ><p>Oberstes Ziel der neuen Spartenleitung ist die Forcierung der Jugendarbeit. Zudem soll die Sparte wieder Handballer und Menschen zusammenf\u00fchren, die gerne im Kollektiv etwas erreichen m\u00f6chten. Der VfL als offenes Haus f\u00fcr alle interessierten Handballer und Personen, welche jederzeit willkommen sind, aktiv mitzumachen oder sich ehrenamtlich einzubringen.<\/p>\n<p>Das Handballspiel hat in den vergangen Jahren grundlegende \u00c4nderungen erfahren. Von den Spielern und Spielerinnen wird ein h\u00f6heres Tempo, mehr Flexibilit\u00e4t und ein variantenreicheres Abwehrverhalten gefordert. Das erlerrnen der Typischen ,,6:0- oder 5:1-Abwehr&#8220; reicht heute beiweitem nicht mehr aus. Um die geforderten Allrounder auszubilden, hat der DHB schon vor einigen Jahren ein Rahmenkonzept ausgearbeitet. Angelehnt an diesem Konzept m\u00f6chten wir so unsere Jugendlichen ausbilden, dass eine langfristige Bindung der Kinder und Jugendlichen an den Handballsport angestrebt wird. <\/p>\n<p>Wichtig dabei ist nur, dass die Grundtechniken wie Laufen, Prellen, Fangen und Passen in diesen Spielformen ge\u00fcbt und auch angewandt werden. Unser Ziel ist es durch die qualifizierte Ausbildung unserer Kinder und Jugendlichen, sie soweit zu fordern, dass wir sie auch danach bei uns im Seniorenbereich einsetzen k\u00f6nnen.<\/p>\n<\/div><\/section><br \/>\n<\/p><\/div>\n","protected":false},"excerpt":{"rendered":"","protected":false},"author":1,"featured_media":0,"parent":0,"menu_order":0,"comment_status":"closed","ping_status":"closed","template":"","meta":{"footnotes":""},"class_list":["post-63","page","type-page","status-publish","hentry"],"_links":{"self":[{"href":"https:\/\/www.vfl-westercelle.de\/handb\/wp-json\/wp\/v2\/pages\/63","targetHints":{"allow":["GET"]}}],"collection":[{"href":"https:\/\/www.vfl-westercelle.de\/handb\/wp-json\/wp\/v2\/pages"}],"about":[{"href":"https:\/\/www.vfl-westercelle.de\/handb\/wp-json\/wp\/v2\/types\/page"}],"author":[{"embeddable":true,"href":"https:\/\/www.vfl-westercelle.de\/handb\/wp-json\/wp\/v2\/users\/1"}],"replies":[{"embeddable":true,"href":"https:\/\/www.vfl-westercelle.de\/handb\/wp-json\/wp\/v2\/comments?post=63"}],"version-history":[{"count":11,"href":"https:\/\/www.vfl-westercelle.de\/handb\/wp-json\/wp\/v2\/pages\/63\/revisions"}],"predecessor-version":[{"id":978,"href":"https:\/\/www.vfl-westercelle.de\/handb\/wp-json\/wp\/v2\/pages\/63\/revisions\/978"}],"wp:attachment":[{"href":"https:\/\/www.vfl-westercelle.de\/handb\/wp-json\/wp\/v2\/media?parent=63"}],"curies":[{"name":"wp","href":"https:\/\/api.w.org\/{rel}","templated":true}]}}