{"id":21,"date":"2017-02-21T10:57:30","date_gmt":"2017-02-21T09:57:30","guid":{"rendered":"http:\/\/www.vfl-westercelle.de\/jd\/?page_id=21"},"modified":"2026-03-16T13:49:47","modified_gmt":"2026-03-16T12:49:47","slug":"kinder","status":"publish","type":"page","link":"https:\/\/www.vfl-westercelle.de\/jd\/kinder\/","title":{"rendered":"Kinder &#8211; Petit"},"content":{"rendered":"<div id='av_section_1'  class='avia-section av-aiso1-2e19b8effa297104768d80a16b0c62db main_color avia-section-default avia-no-shadow  avia-builder-el-0  el_before_av_two_third  avia-builder-el-first  avia-bg-style-scroll container_wrap fullsize'  ><div class='container av-section-cont-open' ><main  role=\"main\" itemprop=\"mainContentOfPage\"  class='template-page content  av-content-full alpha units'><div class='post-entry post-entry-type-page post-entry-21'><div class='entry-content-wrapper clearfix'>\n\n<style type=\"text\/css\" data-created_by=\"avia_inline_auto\" id=\"style-css-av-9tufx-eb9b2fe6d8090e98c6a33549fd263789\">\n.flex_column.av-9tufx-eb9b2fe6d8090e98c6a33549fd263789{\nborder-radius:0px 0px 0px 0px;\npadding:0px 0px 0px 0px;\n}\n<\/style>\n<div  class='flex_column av-9tufx-eb9b2fe6d8090e98c6a33549fd263789 av_one_full  avia-builder-el-1  avia-builder-el-no-sibling  first flex_column_div av-zero-column-padding  '     ><style type=\"text\/css\" data-created_by=\"avia_inline_auto\" id=\"style-css-av-lzfo9nww-132f950065c8f75aea131e71f0cc8855\">\n.avia-image-container.av-lzfo9nww-132f950065c8f75aea131e71f0cc8855 img.avia_image{\nbox-shadow:none;\n}\n.avia-image-container.av-lzfo9nww-132f950065c8f75aea131e71f0cc8855 .av-image-caption-overlay-center{\ncolor:#ffffff;\n}\n<\/style>\n<div  class='avia-image-container av-lzfo9nww-132f950065c8f75aea131e71f0cc8855 av-styling- avia-align-center  avia-builder-el-2  avia-builder-el-no-sibling '   itemprop=\"image\" itemscope=\"itemscope\" itemtype=\"https:\/\/schema.org\/ImageObject\" ><div class=\"avia-image-container-inner\"><div class=\"avia-image-overlay-wrap\"><img decoding=\"async\" fetchpriority=\"high\" class='wp-image-667 avia-img-lazy-loading-not-667 avia_image ' src=\"https:\/\/www.vfl-westercelle.de\/jd\/wp-content\/uploads\/sites\/10\/2024\/08\/410d0934-016f-4d67-b3e3-c9e177b34797-1030x579.jpg\" alt='' title='410d0934-016f-4d67-b3e3-c9e177b34797'  height=\"579\" width=\"1030\"  itemprop=\"thumbnailUrl\" srcset=\"https:\/\/www.vfl-westercelle.de\/jd\/wp-content\/uploads\/sites\/10\/2024\/08\/410d0934-016f-4d67-b3e3-c9e177b34797-1030x579.jpg 1030w, https:\/\/www.vfl-westercelle.de\/jd\/wp-content\/uploads\/sites\/10\/2024\/08\/410d0934-016f-4d67-b3e3-c9e177b34797-300x169.jpg 300w, https:\/\/www.vfl-westercelle.de\/jd\/wp-content\/uploads\/sites\/10\/2024\/08\/410d0934-016f-4d67-b3e3-c9e177b34797-768x432.jpg 768w, https:\/\/www.vfl-westercelle.de\/jd\/wp-content\/uploads\/sites\/10\/2024\/08\/410d0934-016f-4d67-b3e3-c9e177b34797-1536x864.jpg 1536w, https:\/\/www.vfl-westercelle.de\/jd\/wp-content\/uploads\/sites\/10\/2024\/08\/410d0934-016f-4d67-b3e3-c9e177b34797-1500x844.jpg 1500w, https:\/\/www.vfl-westercelle.de\/jd\/wp-content\/uploads\/sites\/10\/2024\/08\/410d0934-016f-4d67-b3e3-c9e177b34797-705x397.jpg 705w, https:\/\/www.vfl-westercelle.de\/jd\/wp-content\/uploads\/sites\/10\/2024\/08\/410d0934-016f-4d67-b3e3-c9e177b34797.jpg 2048w\" sizes=\"(max-width: 1030px) 100vw, 1030px\" \/><\/div><\/div><\/div><\/div>\n<\/div><\/div><\/main><!-- close content main element --><\/div><\/div><div id='after_section_1'  class='main_color av_default_container_wrap container_wrap fullsize'  ><div class='container av-section-cont-open' ><div class='template-page content  av-content-full alpha units'><div class='post-entry post-entry-type-page post-entry-21'><div class='entry-content-wrapper clearfix'>\n\n<style type=\"text\/css\" data-created_by=\"avia_inline_auto\" id=\"style-css-av-8oep5-f0ba249b85e62dacf6a65b13c15825a1\">\n.flex_column.av-8oep5-f0ba249b85e62dacf6a65b13c15825a1{\nborder-radius:0px 0px 0px 0px;\npadding:0px 0px 20px 0px;\n}\n<\/style>\n<div  class='flex_column av-8oep5-f0ba249b85e62dacf6a65b13c15825a1 av_two_third  avia-builder-el-3  el_after_av_section  el_before_av_one_third  avia-builder-el-first  first flex_column_div  '     ><p>\n<style type=\"text\/css\" data-created_by=\"avia_inline_auto\" id=\"style-css-av-7wyi5-a43a536a1f2c3c971852ab57a9c9792b\">\n#top .av-special-heading.av-7wyi5-a43a536a1f2c3c971852ab57a9c9792b{\npadding-bottom:10px;\n}\nbody .av-special-heading.av-7wyi5-a43a536a1f2c3c971852ab57a9c9792b .av-special-heading-tag .heading-char{\nfont-size:25px;\n}\n.av-special-heading.av-7wyi5-a43a536a1f2c3c971852ab57a9c9792b .av-subheading{\nfont-size:15px;\n}\n<\/style>\n<div  class='av-special-heading av-7wyi5-a43a536a1f2c3c971852ab57a9c9792b av-special-heading-h3  avia-builder-el-4  el_before_av_textblock  avia-builder-el-first '><h3 class='av-special-heading-tag '  itemprop=\"headline\"  >Petit<\/h3><div class=\"special-heading-border\"><div class=\"special-heading-inner-border\"><\/div><\/div><\/div><br \/>\n<section  class='av_textblock_section av-rfld-30fa599afd4f58faaa5765029c38d83f '   itemscope=\"itemscope\" itemtype=\"https:\/\/schema.org\/CreativeWork\" ><div class='avia_textblock'  itemprop=\"text\" ><p>Auch unsere J\u00fcngsten starteten erstmals 2024 in der Kinderverbandsliga Nord\/Ost JMC und \u00fcberzeugten sofort mit ihrem K\u00f6nnen! Wir freuen uns darauf noch viele weitere Turniere und Erfahrungen mit unseren Kindern zu sammeln und w\u00fcnschen auch f\u00fcr die kommenden Saisons viel Erfolg!<\/p>\n<\/div><\/section><\/p><\/div>\n\n<style type=\"text\/css\" data-created_by=\"avia_inline_auto\" id=\"style-css-av-6oo7p-985b85d499105727b3b3d431409dcdc9\">\n.flex_column.av-6oo7p-985b85d499105727b3b3d431409dcdc9{\nborder-radius:0px 0px 0px 0px;\npadding:0px 0px 0px 0px;\n}\n<\/style>\n<div  class='flex_column av-6oo7p-985b85d499105727b3b3d431409dcdc9 av_one_third  avia-builder-el-6  el_after_av_two_third  el_before_av_gallery  flex_column_div av-zero-column-padding  '     ><p>\n<style type=\"text\/css\" data-created_by=\"avia_inline_auto\" id=\"style-css-av-6eih1-9cf7774374ef8f0f1b8318f67a3d3fee\">\n#top .av-special-heading.av-6eih1-9cf7774374ef8f0f1b8318f67a3d3fee{\npadding-bottom:10px;\n}\nbody .av-special-heading.av-6eih1-9cf7774374ef8f0f1b8318f67a3d3fee .av-special-heading-tag .heading-char{\nfont-size:25px;\n}\n.av-special-heading.av-6eih1-9cf7774374ef8f0f1b8318f67a3d3fee .av-subheading{\nfont-size:15px;\n}\n<\/style>\n<div  class='av-special-heading av-6eih1-9cf7774374ef8f0f1b8318f67a3d3fee av-special-heading-h3  avia-builder-el-7  el_before_av_textblock  avia-builder-el-first '><h3 class='av-special-heading-tag '  itemprop=\"headline\"  >Turnierdaten 2026<\/h3><div class=\"special-heading-border\"><div class=\"special-heading-inner-border\"><\/div><\/div><\/div><br \/>\n<section  class='av_textblock_section av-5nf8p-782b2438128d72ac451c6c0f47909729 '   itemscope=\"itemscope\" itemtype=\"https:\/\/schema.org\/CreativeWork\" ><div class='avia_textblock'  itemprop=\"text\" ><p>Kinderverbandsliga Nord-Ost JMC<\/p>\n<p>01. M\u00e4rz 2026 Wolfenb\u00fcttel<\/p>\n<p>11. April 2026 Sch\u00f6ningen<\/p>\n<p>25. April 2026 Cottbus<\/p>\n<p>02. Mai 2026 Berlin<\/p>\n<\/div><\/section><br \/>\n<div  class='avia-icon-list-container av-5a9bl-3086c00b962dd15280341c0534a36e1a  avia-builder-el-9  el_after_av_textblock  avia-builder-el-last '><ul class='avia-icon-list avia_animate_when_almost_visible avia-icon-list-left av-iconlist-small av-5a9bl-3086c00b962dd15280341c0534a36e1a avia-iconlist-animate'><\/ul><\/div><\/p><\/div>\n<style type=\"text\/css\" data-created_by=\"avia_inline_auto\" id=\"style-css-av-1yxvh-8d084c1d1067feed8e5a3918bdf29cc2\">\n#top .avia-gallery.av-1yxvh-8d084c1d1067feed8e5a3918bdf29cc2 .avia-gallery-thumb a{\nwidth:20%;\n}\n<\/style>\n<div  class='avia-gallery av-1yxvh-8d084c1d1067feed8e5a3918bdf29cc2 avia_animate_when_visible  avia-builder-el-10  el_after_av_one_third  avia-builder-el-last  deactivate_avia_lazyload avia-gallery-animate avia-gallery-1'  itemprop=\"image\" itemscope=\"itemscope\" itemtype=\"https:\/\/schema.org\/ImageObject\" ><meta itemprop=\"contentURL\" content=\"https:\/\/www.vfl-westercelle.de\/jd\/kinder\/\"><div class='avia-gallery-thumb'><a href=\"https:\/\/www.vfl-westercelle.de\/jd\/wp-content\/uploads\/sites\/10\/2018\/03\/2016-1-03-014-1007x1030.jpg\" data-srcset=\"https:\/\/www.vfl-westercelle.de\/jd\/wp-content\/uploads\/sites\/10\/2018\/03\/2016-1-03-014-1007x1030.jpg 1007w, https:\/\/www.vfl-westercelle.de\/jd\/wp-content\/uploads\/sites\/10\/2018\/03\/2016-1-03-014-293x300.jpg 293w, https:\/\/www.vfl-westercelle.de\/jd\/wp-content\/uploads\/sites\/10\/2018\/03\/2016-1-03-014-768x786.jpg 768w, https:\/\/www.vfl-westercelle.de\/jd\/wp-content\/uploads\/sites\/10\/2018\/03\/2016-1-03-014-36x36.jpg 36w, https:\/\/www.vfl-westercelle.de\/jd\/wp-content\/uploads\/sites\/10\/2018\/03\/2016-1-03-014-1466x1500.jpg 1466w, https:\/\/www.vfl-westercelle.de\/jd\/wp-content\/uploads\/sites\/10\/2018\/03\/2016-1-03-014-689x705.jpg 689w, https:\/\/www.vfl-westercelle.de\/jd\/wp-content\/uploads\/sites\/10\/2018\/03\/2016-1-03-014-450x460.jpg 450w\" data-sizes=\"(max-width: 1007px) 100vw, 1007px\" data-rel='gallery-1' data-prev-img='https:\/\/www.vfl-westercelle.de\/jd\/wp-content\/uploads\/sites\/10\/2018\/03\/2016-1-03-014-495x400.jpg' class='first_thumb lightbox ' data-onclick='1' title='2016-1-03-014'  itemprop=\"thumbnailUrl\"  ><img decoding=\"async\" fetchpriority=\"high\" class=\"wp-image-308 avia-img-lazy-loading-not-308\"   src=\"https:\/\/www.vfl-westercelle.de\/jd\/wp-content\/uploads\/sites\/10\/2018\/03\/2016-1-03-014-495x400.jpg\" width=\"495\" height=\"400\"  title='2016-1-03-014' alt='' srcset=\"https:\/\/www.vfl-westercelle.de\/jd\/wp-content\/uploads\/sites\/10\/2018\/03\/2016-1-03-014-495x400.jpg 495w, https:\/\/www.vfl-westercelle.de\/jd\/wp-content\/uploads\/sites\/10\/2018\/03\/2016-1-03-014-845x684.jpg 845w\" sizes=\"(max-width: 495px) 100vw, 495px\" \/><div class='big-prev-fake'><img decoding=\"async\" loading=\"lazy\" class=\"wp-image-308 avia-img-lazy-loading-308\"  width=\"495\" height=\"400\" src=\"https:\/\/www.vfl-westercelle.de\/jd\/wp-content\/uploads\/sites\/10\/2018\/03\/2016-1-03-014-495x400.jpg\" title='2016-1-03-014' alt='' srcset=\"https:\/\/www.vfl-westercelle.de\/jd\/wp-content\/uploads\/sites\/10\/2018\/03\/2016-1-03-014-495x400.jpg 495w, https:\/\/www.vfl-westercelle.de\/jd\/wp-content\/uploads\/sites\/10\/2018\/03\/2016-1-03-014-845x684.jpg 845w\" sizes=\"auto, (max-width: 495px) 100vw, 495px\" \/><\/div><\/a><a href=\"https:\/\/www.vfl-westercelle.de\/jd\/wp-content\/uploads\/sites\/10\/2018\/03\/2016-2-13-007-1030x685.jpg\" data-srcset=\"https:\/\/www.vfl-westercelle.de\/jd\/wp-content\/uploads\/sites\/10\/2018\/03\/2016-2-13-007-1030x685.jpg 1030w, https:\/\/www.vfl-westercelle.de\/jd\/wp-content\/uploads\/sites\/10\/2018\/03\/2016-2-13-007-300x200.jpg 300w, https:\/\/www.vfl-westercelle.de\/jd\/wp-content\/uploads\/sites\/10\/2018\/03\/2016-2-13-007-768x511.jpg 768w, https:\/\/www.vfl-westercelle.de\/jd\/wp-content\/uploads\/sites\/10\/2018\/03\/2016-2-13-007-1500x998.jpg 1500w, https:\/\/www.vfl-westercelle.de\/jd\/wp-content\/uploads\/sites\/10\/2018\/03\/2016-2-13-007-705x469.jpg 705w, https:\/\/www.vfl-westercelle.de\/jd\/wp-content\/uploads\/sites\/10\/2018\/03\/2016-2-13-007-450x299.jpg 450w\" data-sizes=\"(max-width: 1030px) 100vw, 1030px\" data-rel='gallery-1' data-prev-img='https:\/\/www.vfl-westercelle.de\/jd\/wp-content\/uploads\/sites\/10\/2018\/03\/2016-2-13-007-495x400.jpg' class='lightbox ' data-onclick='2' title='2016-2-13-007'  itemprop=\"thumbnailUrl\"  ><img decoding=\"async\" fetchpriority=\"high\" class=\"wp-image-309 avia-img-lazy-loading-not-309\"   src=\"https:\/\/www.vfl-westercelle.de\/jd\/wp-content\/uploads\/sites\/10\/2018\/03\/2016-2-13-007-495x400.jpg\" width=\"495\" height=\"400\"  title='2016-2-13-007' alt='' srcset=\"https:\/\/www.vfl-westercelle.de\/jd\/wp-content\/uploads\/sites\/10\/2018\/03\/2016-2-13-007-495x400.jpg 495w, https:\/\/www.vfl-westercelle.de\/jd\/wp-content\/uploads\/sites\/10\/2018\/03\/2016-2-13-007-845x684.jpg 845w\" sizes=\"(max-width: 495px) 100vw, 495px\" \/><div class='big-prev-fake'><img decoding=\"async\" loading=\"lazy\" class=\"wp-image-309 avia-img-lazy-loading-309\"  width=\"495\" height=\"400\" src=\"https:\/\/www.vfl-westercelle.de\/jd\/wp-content\/uploads\/sites\/10\/2018\/03\/2016-2-13-007-495x400.jpg\" title='2016-2-13-007' alt='' srcset=\"https:\/\/www.vfl-westercelle.de\/jd\/wp-content\/uploads\/sites\/10\/2018\/03\/2016-2-13-007-495x400.jpg 495w, https:\/\/www.vfl-westercelle.de\/jd\/wp-content\/uploads\/sites\/10\/2018\/03\/2016-2-13-007-845x684.jpg 845w\" sizes=\"auto, (max-width: 495px) 100vw, 495px\" \/><\/div><\/a><a href=\"https:\/\/www.vfl-westercelle.de\/jd\/wp-content\/uploads\/sites\/10\/2018\/03\/Image-6.jpg\" data-srcset=\"https:\/\/www.vfl-westercelle.de\/jd\/wp-content\/uploads\/sites\/10\/2018\/03\/Image-6.jpg 960w, https:\/\/www.vfl-westercelle.de\/jd\/wp-content\/uploads\/sites\/10\/2018\/03\/Image-6-300x209.jpg 300w, https:\/\/www.vfl-westercelle.de\/jd\/wp-content\/uploads\/sites\/10\/2018\/03\/Image-6-768x536.jpg 768w, https:\/\/www.vfl-westercelle.de\/jd\/wp-content\/uploads\/sites\/10\/2018\/03\/Image-6-705x492.jpg 705w, https:\/\/www.vfl-westercelle.de\/jd\/wp-content\/uploads\/sites\/10\/2018\/03\/Image-6-450x314.jpg 450w\" data-sizes=\"(max-width: 960px) 100vw, 960px\" data-rel='gallery-1' data-prev-img='https:\/\/www.vfl-westercelle.de\/jd\/wp-content\/uploads\/sites\/10\/2018\/03\/Image-6-495x400.jpg' class='lightbox ' data-onclick='3' title='Image 6'  itemprop=\"thumbnailUrl\"  ><img decoding=\"async\" fetchpriority=\"high\" class=\"wp-image-310 avia-img-lazy-loading-not-310\"   src=\"https:\/\/www.vfl-westercelle.de\/jd\/wp-content\/uploads\/sites\/10\/2018\/03\/Image-6-495x400.jpg\" width=\"495\" height=\"400\"  title='Image 6' alt='' \/><div class='big-prev-fake'><img decoding=\"async\" loading=\"lazy\" class=\"wp-image-310 avia-img-lazy-loading-310\"  width=\"495\" height=\"400\" src=\"https:\/\/www.vfl-westercelle.de\/jd\/wp-content\/uploads\/sites\/10\/2018\/03\/Image-6-495x400.jpg\" title='Image 6' alt='' \/><\/div><\/a><a href=\"https:\/\/www.vfl-westercelle.de\/jd\/wp-content\/uploads\/sites\/10\/2018\/03\/jazzdance_vfl_westercelle_01-1030x685.jpg\" data-srcset=\"https:\/\/www.vfl-westercelle.de\/jd\/wp-content\/uploads\/sites\/10\/2018\/03\/jazzdance_vfl_westercelle_01-1030x685.jpg 1030w, https:\/\/www.vfl-westercelle.de\/jd\/wp-content\/uploads\/sites\/10\/2018\/03\/jazzdance_vfl_westercelle_01-300x199.jpg 300w, https:\/\/www.vfl-westercelle.de\/jd\/wp-content\/uploads\/sites\/10\/2018\/03\/jazzdance_vfl_westercelle_01-768x510.jpg 768w, https:\/\/www.vfl-westercelle.de\/jd\/wp-content\/uploads\/sites\/10\/2018\/03\/jazzdance_vfl_westercelle_01-1500x997.jpg 1500w, https:\/\/www.vfl-westercelle.de\/jd\/wp-content\/uploads\/sites\/10\/2018\/03\/jazzdance_vfl_westercelle_01-705x469.jpg 705w, https:\/\/www.vfl-westercelle.de\/jd\/wp-content\/uploads\/sites\/10\/2018\/03\/jazzdance_vfl_westercelle_01-450x299.jpg 450w\" data-sizes=\"(max-width: 1030px) 100vw, 1030px\" data-rel='gallery-1' data-prev-img='https:\/\/www.vfl-westercelle.de\/jd\/wp-content\/uploads\/sites\/10\/2018\/03\/jazzdance_vfl_westercelle_01-495x400.jpg' class='lightbox ' data-onclick='4' title='jazzdance_vfl_westercelle_01'  itemprop=\"thumbnailUrl\"  ><img decoding=\"async\" fetchpriority=\"high\" class=\"wp-image-311 avia-img-lazy-loading-not-311\"   src=\"https:\/\/www.vfl-westercelle.de\/jd\/wp-content\/uploads\/sites\/10\/2018\/03\/jazzdance_vfl_westercelle_01-495x400.jpg\" width=\"495\" height=\"400\"  title='jazzdance_vfl_westercelle_01' alt='' srcset=\"https:\/\/www.vfl-westercelle.de\/jd\/wp-content\/uploads\/sites\/10\/2018\/03\/jazzdance_vfl_westercelle_01-495x400.jpg 495w, https:\/\/www.vfl-westercelle.de\/jd\/wp-content\/uploads\/sites\/10\/2018\/03\/jazzdance_vfl_westercelle_01-845x684.jpg 845w\" sizes=\"(max-width: 495px) 100vw, 495px\" \/><div class='big-prev-fake'><img decoding=\"async\" loading=\"lazy\" class=\"wp-image-311 avia-img-lazy-loading-311\"  width=\"495\" height=\"400\" src=\"https:\/\/www.vfl-westercelle.de\/jd\/wp-content\/uploads\/sites\/10\/2018\/03\/jazzdance_vfl_westercelle_01-495x400.jpg\" title='jazzdance_vfl_westercelle_01' alt='' srcset=\"https:\/\/www.vfl-westercelle.de\/jd\/wp-content\/uploads\/sites\/10\/2018\/03\/jazzdance_vfl_westercelle_01-495x400.jpg 495w, https:\/\/www.vfl-westercelle.de\/jd\/wp-content\/uploads\/sites\/10\/2018\/03\/jazzdance_vfl_westercelle_01-845x684.jpg 845w\" sizes=\"auto, (max-width: 495px) 100vw, 495px\" \/><\/div><\/a><a href=\"https:\/\/www.vfl-westercelle.de\/jd\/wp-content\/uploads\/sites\/10\/2018\/03\/DSC_0432-1030x804.jpg\" data-srcset=\"https:\/\/www.vfl-westercelle.de\/jd\/wp-content\/uploads\/sites\/10\/2018\/03\/DSC_0432-1030x804.jpg 1030w, https:\/\/www.vfl-westercelle.de\/jd\/wp-content\/uploads\/sites\/10\/2018\/03\/DSC_0432-300x234.jpg 300w, https:\/\/www.vfl-westercelle.de\/jd\/wp-content\/uploads\/sites\/10\/2018\/03\/DSC_0432-768x600.jpg 768w, https:\/\/www.vfl-westercelle.de\/jd\/wp-content\/uploads\/sites\/10\/2018\/03\/DSC_0432-1500x1171.jpg 1500w, https:\/\/www.vfl-westercelle.de\/jd\/wp-content\/uploads\/sites\/10\/2018\/03\/DSC_0432-705x550.jpg 705w, https:\/\/www.vfl-westercelle.de\/jd\/wp-content\/uploads\/sites\/10\/2018\/03\/DSC_0432-450x351.jpg 450w\" data-sizes=\"(max-width: 1030px) 100vw, 1030px\" data-rel='gallery-1' data-prev-img='https:\/\/www.vfl-westercelle.de\/jd\/wp-content\/uploads\/sites\/10\/2018\/03\/DSC_0432-495x400.jpg' class='lightbox ' data-onclick='5' title='DSC_0432'  itemprop=\"thumbnailUrl\"  ><img decoding=\"async\" fetchpriority=\"high\" class=\"wp-image-312 avia-img-lazy-loading-not-312\"   src=\"https:\/\/www.vfl-westercelle.de\/jd\/wp-content\/uploads\/sites\/10\/2018\/03\/DSC_0432-495x400.jpg\" width=\"495\" height=\"400\"  title='DSC_0432' alt='' srcset=\"https:\/\/www.vfl-westercelle.de\/jd\/wp-content\/uploads\/sites\/10\/2018\/03\/DSC_0432-495x400.jpg 495w, https:\/\/www.vfl-westercelle.de\/jd\/wp-content\/uploads\/sites\/10\/2018\/03\/DSC_0432-845x684.jpg 845w\" sizes=\"(max-width: 495px) 100vw, 495px\" \/><div class='big-prev-fake'><img decoding=\"async\" loading=\"lazy\" class=\"wp-image-312 avia-img-lazy-loading-312\"  width=\"495\" height=\"400\" src=\"https:\/\/www.vfl-westercelle.de\/jd\/wp-content\/uploads\/sites\/10\/2018\/03\/DSC_0432-495x400.jpg\" title='DSC_0432' alt='' srcset=\"https:\/\/www.vfl-westercelle.de\/jd\/wp-content\/uploads\/sites\/10\/2018\/03\/DSC_0432-495x400.jpg 495w, https:\/\/www.vfl-westercelle.de\/jd\/wp-content\/uploads\/sites\/10\/2018\/03\/DSC_0432-845x684.jpg 845w\" sizes=\"auto, (max-width: 495px) 100vw, 495px\" \/><\/div><\/a><\/div><\/div><\/p>\n","protected":false},"excerpt":{"rendered":"","protected":false},"author":1,"featured_media":0,"parent":0,"menu_order":0,"comment_status":"closed","ping_status":"closed","template":"","meta":{"footnotes":""},"class_list":["post-21","page","type-page","status-publish","hentry"],"_links":{"self":[{"href":"https:\/\/www.vfl-westercelle.de\/jd\/wp-json\/wp\/v2\/pages\/21","targetHints":{"allow":["GET"]}}],"collection":[{"href":"https:\/\/www.vfl-westercelle.de\/jd\/wp-json\/wp\/v2\/pages"}],"about":[{"href":"https:\/\/www.vfl-westercelle.de\/jd\/wp-json\/wp\/v2\/types\/page"}],"author":[{"embeddable":true,"href":"https:\/\/www.vfl-westercelle.de\/jd\/wp-json\/wp\/v2\/users\/1"}],"replies":[{"embeddable":true,"href":"https:\/\/www.vfl-westercelle.de\/jd\/wp-json\/wp\/v2\/comments?post=21"}],"version-history":[{"count":3,"href":"https:\/\/www.vfl-westercelle.de\/jd\/wp-json\/wp\/v2\/pages\/21\/revisions"}],"predecessor-version":[{"id":892,"href":"https:\/\/www.vfl-westercelle.de\/jd\/wp-json\/wp\/v2\/pages\/21\/revisions\/892"}],"wp:attachment":[{"href":"https:\/\/www.vfl-westercelle.de\/jd\/wp-json\/wp\/v2\/media?parent=21"}],"curies":[{"name":"wp","href":"https:\/\/api.w.org\/{rel}","templated":true}]}}