{"id":287,"date":"2018-03-09T14:44:34","date_gmt":"2018-03-09T13:44:34","guid":{"rendered":"http:\/\/www.vfl-westercelle.de\/jd\/?page_id=287"},"modified":"2026-04-09T12:26:27","modified_gmt":"2026-04-09T10:26:27","slug":"minis","status":"publish","type":"page","link":"https:\/\/www.vfl-westercelle.de\/jd\/minis\/","title":{"rendered":"T\u00e4nzerische Fr\u00fcherziehung &#8211; Souris"},"content":{"rendered":"<div id='av_section_1'  class='avia-section av-zpucf-96d4dbedeb04b784c0868c1bf4d12ec9 main_color avia-section-default avia-no-shadow  avia-builder-el-0  avia-builder-el-no-sibling  avia-bg-style-scroll container_wrap fullsize'  ><div class='container av-section-cont-open' ><main  role=\"main\" itemprop=\"mainContentOfPage\"  class='template-page content  av-content-full alpha units'><div class='post-entry post-entry-type-page post-entry-287'><div class='entry-content-wrapper clearfix'>\n<div  class='flex_column av-k7zs7-9fc44281798129c6ab13acf47064ae7b av_one_half  avia-builder-el-1  el_before_av_one_half  avia-builder-el-first  first flex_column_div  '     ><style type=\"text\/css\" data-created_by=\"avia_inline_auto\" id=\"style-css-av-lp72de1b-9c0b203ca6eb59e4338e4531acf72986\">\n.avia-image-container.av-lp72de1b-9c0b203ca6eb59e4338e4531acf72986 img.avia_image{\nbox-shadow:none;\n}\n.avia-image-container.av-lp72de1b-9c0b203ca6eb59e4338e4531acf72986 .av-image-caption-overlay-center{\ncolor:#ffffff;\n}\n<\/style>\n<div  class='avia-image-container av-lp72de1b-9c0b203ca6eb59e4338e4531acf72986 av-styling- avia-align-center  avia-builder-el-2  avia-builder-el-no-sibling '   itemprop=\"image\" itemscope=\"itemscope\" itemtype=\"https:\/\/schema.org\/ImageObject\" ><div class=\"avia-image-container-inner\"><div class=\"avia-image-overlay-wrap\"><img decoding=\"async\" fetchpriority=\"high\" class='wp-image-537 avia-img-lazy-loading-not-537 avia_image ' src=\"https:\/\/www.vfl-westercelle.de\/jd\/wp-content\/uploads\/sites\/10\/2023\/11\/tempImage52zyLO-225x300.jpg\" alt='' title='tempImage52zyLO'  height=\"300\" width=\"225\"  itemprop=\"thumbnailUrl\" srcset=\"https:\/\/www.vfl-westercelle.de\/jd\/wp-content\/uploads\/sites\/10\/2023\/11\/tempImage52zyLO-225x300.jpg 225w, https:\/\/www.vfl-westercelle.de\/jd\/wp-content\/uploads\/sites\/10\/2023\/11\/tempImage52zyLO-773x1030.jpg 773w, https:\/\/www.vfl-westercelle.de\/jd\/wp-content\/uploads\/sites\/10\/2023\/11\/tempImage52zyLO-768x1024.jpg 768w, https:\/\/www.vfl-westercelle.de\/jd\/wp-content\/uploads\/sites\/10\/2023\/11\/tempImage52zyLO-1152x1536.jpg 1152w, https:\/\/www.vfl-westercelle.de\/jd\/wp-content\/uploads\/sites\/10\/2023\/11\/tempImage52zyLO-1536x2048.jpg 1536w, https:\/\/www.vfl-westercelle.de\/jd\/wp-content\/uploads\/sites\/10\/2023\/11\/tempImage52zyLO-1125x1500.jpg 1125w, https:\/\/www.vfl-westercelle.de\/jd\/wp-content\/uploads\/sites\/10\/2023\/11\/tempImage52zyLO-529x705.jpg 529w, https:\/\/www.vfl-westercelle.de\/jd\/wp-content\/uploads\/sites\/10\/2023\/11\/tempImage52zyLO-scaled.jpg 1920w\" sizes=\"(max-width: 225px) 100vw, 225px\" \/><\/div><\/div><\/div><\/div><div  class='flex_column av-cmfsf-ae90fbc7d43e8ba244cd2a4a4eb2b710 av_one_half  avia-builder-el-3  el_after_av_one_half  avia-builder-el-last  flex_column_div  '     ><style type=\"text\/css\" data-created_by=\"avia_inline_auto\" id=\"style-css-av-lp72dj2g-72731f3ae1670d9da7f8aa8941100f45\">\n#top .av_textblock_section.av-lp72dj2g-72731f3ae1670d9da7f8aa8941100f45 .avia_textblock{\nfont-size:17px;\ntext-align:center;\n}\n<\/style>\n<section  class='av_textblock_section av-lp72dj2g-72731f3ae1670d9da7f8aa8941100f45 '   itemscope=\"itemscope\" itemtype=\"https:\/\/schema.org\/CreativeWork\" ><div class='avia_textblock'  itemprop=\"text\" ><p style=\"text-align: center;\">Hallo, wir sind die Kinder der t\u00e4nzerischen Fr\u00fcherziehung und unser Trainerin ist Olivia Kr\u00fcger. Wir sind im Alter 4-7 Jahre und m\u00f6chten tanzen wie die Gro\u00dfen.<\/p>\n<\/div><\/section><\/div>\n","protected":false},"excerpt":{"rendered":"","protected":false},"author":1,"featured_media":0,"parent":0,"menu_order":0,"comment_status":"closed","ping_status":"closed","template":"","meta":{"footnotes":""},"class_list":["post-287","page","type-page","status-publish","hentry"],"_links":{"self":[{"href":"https:\/\/www.vfl-westercelle.de\/jd\/wp-json\/wp\/v2\/pages\/287","targetHints":{"allow":["GET"]}}],"collection":[{"href":"https:\/\/www.vfl-westercelle.de\/jd\/wp-json\/wp\/v2\/pages"}],"about":[{"href":"https:\/\/www.vfl-westercelle.de\/jd\/wp-json\/wp\/v2\/types\/page"}],"author":[{"embeddable":true,"href":"https:\/\/www.vfl-westercelle.de\/jd\/wp-json\/wp\/v2\/users\/1"}],"replies":[{"embeddable":true,"href":"https:\/\/www.vfl-westercelle.de\/jd\/wp-json\/wp\/v2\/comments?post=287"}],"version-history":[{"count":3,"href":"https:\/\/www.vfl-westercelle.de\/jd\/wp-json\/wp\/v2\/pages\/287\/revisions"}],"predecessor-version":[{"id":921,"href":"https:\/\/www.vfl-westercelle.de\/jd\/wp-json\/wp\/v2\/pages\/287\/revisions\/921"}],"wp:attachment":[{"href":"https:\/\/www.vfl-westercelle.de\/jd\/wp-json\/wp\/v2\/media?parent=287"}],"curies":[{"name":"wp","href":"https:\/\/api.w.org\/{rel}","templated":true}]}}