{"id":693,"date":"2024-09-22T18:33:17","date_gmt":"2024-09-22T16:33:17","guid":{"rendered":"https:\/\/www.vfl-westercelle.de\/jd\/?page_id=693"},"modified":"2025-07-29T21:43:37","modified_gmt":"2025-07-29T19:43:37","slug":"tickets","status":"publish","type":"page","link":"https:\/\/www.vfl-westercelle.de\/jd\/tickets\/","title":{"rendered":"Tickets DM 2024"},"content":{"rendered":"\n<style type=\"text\/css\" data-created_by=\"avia_inline_auto\" id=\"style-css-av-m1f8hhce-04539fbbaa8bf3c62a27f16f5ecd4858\">\n#top .av-special-heading.av-m1f8hhce-04539fbbaa8bf3c62a27f16f5ecd4858{\npadding-bottom:10px;\n}\nbody .av-special-heading.av-m1f8hhce-04539fbbaa8bf3c62a27f16f5ecd4858 .av-special-heading-tag .heading-char{\nfont-size:25px;\n}\n.av-special-heading.av-m1f8hhce-04539fbbaa8bf3c62a27f16f5ecd4858 .av-subheading{\nfont-size:15px;\n}\n<\/style>\n<div  class='av-special-heading av-m1f8hhce-04539fbbaa8bf3c62a27f16f5ecd4858 av-special-heading-h2 blockquote classic-quote classic-quote-left  avia-builder-el-0  el_before_av_font_icon  avia-builder-el-first '><h2 class='av-special-heading-tag '  itemprop=\"headline\"  >Der Kartenvorverkauf hat begonnen!<\/h2><div class=\"special-heading-border\"><div class=\"special-heading-inner-border\"><\/div><\/div><\/div>\n\n<style type=\"text\/css\" data-created_by=\"avia_inline_auto\" id=\"style-css-av-m1f8jqye-3b0d504678b2188967bb9f06aa24a87e\">\n.av_font_icon.av-m1f8jqye-3b0d504678b2188967bb9f06aa24a87e{\ncolor:#0a0a0a;\nborder-color:#0a0a0a;\n}\n.avia-svg-icon.av-m1f8jqye-3b0d504678b2188967bb9f06aa24a87e svg:first-child{\nstroke:#0a0a0a;\nfill:#0a0a0a;\n}\n.av_font_icon.av-m1f8jqye-3b0d504678b2188967bb9f06aa24a87e .av-icon-char{\nfont-size:40px;\nline-height:40px;\n}\n<\/style>\n<span  class='av_font_icon av-m1f8jqye-3b0d504678b2188967bb9f06aa24a87e avia_animate_when_visible av-icon-style- avia-icon-pos-right avia-iconfont avia-font-entypo-fontello avia-icon-animate'><span class='av-icon-char' data-av_icon='\ue849' data-av_iconfont='entypo-fontello' aria-hidden=\"true\" ><\/span><\/span>\n<section  class='av_textblock_section av-m1f8hxi9-64b5f79df1f2cdf769f10fd17ecb8576 '   itemscope=\"itemscope\" itemtype=\"https:\/\/schema.org\/CreativeWork\" ><div class='avia_textblock'  itemprop=\"text\" ><p><strong>Info: <\/strong>Als erm\u00e4\u00dfigt gelten Kinder bis 16 Jahre\/ Sch\u00fcler\/ Studenten<br \/>\nKinder bis 6 Jahre frei (ohne Sitzplatzanspruch)<\/p>\n<p><em><strong>Samstag, 09. November 2024 (Teil I): <\/strong><\/em><br \/>\n&#8211; Erwachsene: 13,50\u20ac<br \/>\n&#8211; Erm\u00e4\u00dfigt: 11,50\u20ac<\/p>\n<p><em><strong>Samstag, 09. November 2024 (Teil II):<\/strong><\/em><br \/>\n&#8211; Erwachsene: 13,50\u20ac<br \/>\n&#8211; Erm\u00e4\u00dfigt: 11,50\u20ac<\/p>\n<p><em><strong>Sonntag, 10. November 2024 (Teil III):<\/strong><\/em><br \/>\n&#8211; Erwachsene: 13,50\u20ac<br \/>\n&#8211; Erm\u00e4\u00dfigt: 11,50\u20ac<\/p>\n<p><strong><em>2-Tages-Ticket:<\/em> <\/strong><br \/>\n&#8211; Erwachsene: 32,50\u20ac<br \/>\n&#8211; Erm\u00e4\u00dfigt: 25,50\u20ac<\/p>\n<p>Verbindliche Kartenvorbestellung per E-Mail an: <strong>jmc-&#101;&#118;&#101;&#110;&#116;&#x73;&#x40;&#x76;&#x66;&#x6c;&#x2d;&#x77;este&#114;&#99;&#101;&#108;&#108;&#x65;&#x2e;&#x64;&#x65;<\/strong><br \/>\nunter Angabe Ihres Namens, der Anzahl der Tickets und des gew\u00fcnschten Veranstaltungsteils. Die Auflistung der jeweiligen Kategorien finden Sie im Zeitplan.<\/p>\n<p>Bitte achten Sie bei dem Verwendungszweck auf den Vermerk \u201eDM\u201c!<\/p>\n<p><strong>Hinweis:<\/strong> Die Karten werden unter Ihrem Namen an der Tageskasse hinterlegt und k\u00f6nnen dort am jeweiligen Veranstaltungstag abgeholt werden. Aus organisatorischen Gr\u00fcnden erfolgt kein Versand der Karten!<\/p>\n<p>In jedem Ticketpreis ist der vom Ausrichter abzuf\u00fchrende Sportf\u00f6rderbeitrag in H\u00f6he von 1,55\u20ac\/Ticket enthalten.<\/p>\n<\/div><\/section>\n","protected":false},"excerpt":{"rendered":"","protected":false},"author":35,"featured_media":0,"parent":0,"menu_order":0,"comment_status":"closed","ping_status":"closed","template":"","meta":{"footnotes":""},"class_list":["post-693","page","type-page","status-publish","hentry"],"_links":{"self":[{"href":"https:\/\/www.vfl-westercelle.de\/jd\/wp-json\/wp\/v2\/pages\/693","targetHints":{"allow":["GET"]}}],"collection":[{"href":"https:\/\/www.vfl-westercelle.de\/jd\/wp-json\/wp\/v2\/pages"}],"about":[{"href":"https:\/\/www.vfl-westercelle.de\/jd\/wp-json\/wp\/v2\/types\/page"}],"author":[{"embeddable":true,"href":"https:\/\/www.vfl-westercelle.de\/jd\/wp-json\/wp\/v2\/users\/35"}],"replies":[{"embeddable":true,"href":"https:\/\/www.vfl-westercelle.de\/jd\/wp-json\/wp\/v2\/comments?post=693"}],"version-history":[{"count":3,"href":"https:\/\/www.vfl-westercelle.de\/jd\/wp-json\/wp\/v2\/pages\/693\/revisions"}],"predecessor-version":[{"id":846,"href":"https:\/\/www.vfl-westercelle.de\/jd\/wp-json\/wp\/v2\/pages\/693\/revisions\/846"}],"wp:attachment":[{"href":"https:\/\/www.vfl-westercelle.de\/jd\/wp-json\/wp\/v2\/media?parent=693"}],"curies":[{"name":"wp","href":"https:\/\/api.w.org\/{rel}","templated":true}]}}