{"id":701,"date":"2024-09-22T20:02:34","date_gmt":"2024-09-22T18:02:34","guid":{"rendered":"https:\/\/www.vfl-westercelle.de\/jd\/?page_id=701"},"modified":"2024-10-18T11:24:07","modified_gmt":"2024-10-18T09:24:07","slug":"startgebuehren-und-betreuer","status":"publish","type":"page","link":"https:\/\/www.vfl-westercelle.de\/jd\/startgebuehren-und-betreuer\/","title":{"rendered":"Trainer und Betreuer"},"content":{"rendered":"\n<style type=\"text\/css\" data-created_by=\"avia_inline_auto\" id=\"style-css-av-m1f90ayt-b2ac1320119d16f5ba09ca070be32a23\">\n.av_font_icon.av-m1f90ayt-b2ac1320119d16f5ba09ca070be32a23{\ncolor:#000000;\nborder-color:#000000;\n}\n.avia-svg-icon.av-m1f90ayt-b2ac1320119d16f5ba09ca070be32a23 svg:first-child{\nstroke:#000000;\nfill:#000000;\n}\n.av_font_icon.av-m1f90ayt-b2ac1320119d16f5ba09ca070be32a23 .av-icon-char{\nfont-size:40px;\nline-height:40px;\n}\n<\/style>\n<span  class='av_font_icon av-m1f90ayt-b2ac1320119d16f5ba09ca070be32a23 avia_animate_when_visible av-icon-style- avia-icon-pos-right avia-iconfont avia-font-entypo-fontello avia-icon-animate'><span class='av-icon-char' data-av_icon='\ue80c' data-av_iconfont='entypo-fontello' aria-hidden=\"true\" ><\/span><\/span>\n<section  class='av_textblock_section av-m1f8zmid-a0239a706deae0636a1d35d22c8e2fdb '   itemscope=\"itemscope\" itemtype=\"https:\/\/schema.org\/CreativeWork\" ><div class='avia_textblock'  itemprop=\"text\" ><p>Small Group: 2 Betreuende haben freien Eintritt<br \/>\nFormation: 4 Betreuende haben freien Eintritt<\/p>\n<p>Solo\/Duo: Pro Verein hat 1 Trainer freien Eintritt und 1 Betreuer erm\u00e4\u00dfigten Eintritt f\u00fcr 6\u20ac.<\/p>\n<p><strong>Hinweis: Turnieranmeldungen f\u00fcr die HGR 2 erfolgen ausschlie\u00dflich \u00fcber das ESV-Portal!<\/strong><\/p>\n<\/div><\/section>\n","protected":false},"excerpt":{"rendered":"","protected":false},"author":35,"featured_media":0,"parent":0,"menu_order":0,"comment_status":"closed","ping_status":"closed","template":"","meta":{"footnotes":""},"class_list":["post-701","page","type-page","status-publish","hentry"],"_links":{"self":[{"href":"https:\/\/www.vfl-westercelle.de\/jd\/wp-json\/wp\/v2\/pages\/701","targetHints":{"allow":["GET"]}}],"collection":[{"href":"https:\/\/www.vfl-westercelle.de\/jd\/wp-json\/wp\/v2\/pages"}],"about":[{"href":"https:\/\/www.vfl-westercelle.de\/jd\/wp-json\/wp\/v2\/types\/page"}],"author":[{"embeddable":true,"href":"https:\/\/www.vfl-westercelle.de\/jd\/wp-json\/wp\/v2\/users\/35"}],"replies":[{"embeddable":true,"href":"https:\/\/www.vfl-westercelle.de\/jd\/wp-json\/wp\/v2\/comments?post=701"}],"version-history":[{"count":2,"href":"https:\/\/www.vfl-westercelle.de\/jd\/wp-json\/wp\/v2\/pages\/701\/revisions"}],"predecessor-version":[{"id":762,"href":"https:\/\/www.vfl-westercelle.de\/jd\/wp-json\/wp\/v2\/pages\/701\/revisions\/762"}],"wp:attachment":[{"href":"https:\/\/www.vfl-westercelle.de\/jd\/wp-json\/wp\/v2\/media?parent=701"}],"curies":[{"name":"wp","href":"https:\/\/api.w.org\/{rel}","templated":true}]}}