{"id":1630,"date":"2018-02-08T08:22:04","date_gmt":"2018-02-08T07:22:04","guid":{"rendered":"http:\/\/www.vfl-westercelle.de\/ju-ju\/?page_id=1630"},"modified":"2020-12-03T21:45:33","modified_gmt":"2020-12-03T20:45:33","slug":"werdegang-fighting-team","status":"publish","type":"page","link":"https:\/\/www.vfl-westercelle.de\/ju-ju\/wettkampf\/werdegang-fighting-team\/","title":{"rendered":"Werdegang Fighting-Team"},"content":{"rendered":"\n<style type=\"text\/css\" data-created_by=\"avia_inline_auto\" id=\"style-css-av-4edjvy-b02d76fab96c32d5cbcf27f2fa069390\">\n.flex_column.av-4edjvy-b02d76fab96c32d5cbcf27f2fa069390{\nborder-radius:0px 0px 0px 0px;\npadding:0px 0px 0px 0px;\n}\n<\/style>\n<div  class='flex_column av-4edjvy-b02d76fab96c32d5cbcf27f2fa069390 av_one_full  avia-builder-el-0  avia-builder-el-no-sibling  first flex_column_div av-zero-column-padding  '     ><section  class='av_textblock_section av-2v8t9q-8e20f53e071f5f811941bdeda4b1dd42 '   itemscope=\"itemscope\" itemtype=\"https:\/\/schema.org\/CreativeWork\" ><div class='avia_textblock'  itemprop=\"text\" ><p>Bericht\u00a0Celler Kurier vom 10.01.2018, Seite 3:<\/p>\n<h3>Ju-Jutsu-Wettkampfgruppe wird von Jahr zu Jahr erfolgreicher<\/h3>\n<p><a href=\"http:\/\/www.vfl-westercelle.de\/ju-ju\/wp-content\/uploads\/sites\/2\/2018\/02\/juju_bericht_kurier.png\"><img loading=\"lazy\" decoding=\"async\" class=\"size-medium wp-image-1631 alignleft\" src=\"http:\/\/www.vfl-westercelle.de\/ju-ju\/wp-content\/uploads\/sites\/2\/2018\/02\/juju_bericht_kurier-300x199.png\" alt=\"\" width=\"300\" height=\"199\" srcset=\"https:\/\/www.vfl-westercelle.de\/ju-ju\/wp-content\/uploads\/sites\/2\/2018\/02\/juju_bericht_kurier-300x199.png 300w, https:\/\/www.vfl-westercelle.de\/ju-ju\/wp-content\/uploads\/sites\/2\/2018\/02\/juju_bericht_kurier-450x298.png 450w, https:\/\/www.vfl-westercelle.de\/ju-ju\/wp-content\/uploads\/sites\/2\/2018\/02\/juju_bericht_kurier.png 536w\" sizes=\"auto, (max-width: 300px) 100vw, 300px\" \/><\/a>Seit 2010 gibt es bei der Ju-Jutsu-Sparte des VfL Westercelle eine Wettkampfgruppe. Die beiden Trainer Alexej Volf und Karsten Sell sprachen mit dem Celler Kurier \u00fcber die Entwicklung dieses Teams.<\/p>\n<p>\u201eWeil der Breitensport langweilig war, wollten wir mal etwas anderes ausprobieren\u201c, erl\u00e4utert Volf. \u201eSo kamen wir auf die Idee ein Wettkampfteam zu gr\u00fcnden.\u201c Unter anderem wurde der Leistungsst\u00fctzpunkt in Hannover besucht, um sich zu informieren. \u201eUnser erstes Turnier war dann 2010 das X-Mas Turnier in Oldenburg\u201c, erg\u00e4nzt Sell, der zusammen mit Volf daran teilnahm. Danach kamen dann weitere Sportler zu dieser Gruppe hinzu.<br \/>\nDie Erfahrungen aus den Turnieren h\u00e4tten gezeigt, dass mit normalem Training dem nicht beizukommen sei, erl\u00e4utert Sell. Er kennt es vom Karate, dass dort auch spezielle Gruppe aufgestellt wurden, die dann f\u00fcnf bis sechs Mal in der Woche trainieren. F\u00fcr einen Wettkampf brauche man spezielle Sachen und mehr als nur zwei Mal Training in der Woche, wie beim Breitensport. \u201eDas Grundlagentraining ist das A und O bei der Sache. Und\u00a0das musste man forcieren\u201c, erkl\u00e4rt er. Deshalb habe man sich bei den Wettk\u00e4mpfen, wie zum Beispiel dem X-Mas-Turnier, angeschaut, was die anderen so gemacht haben. \u201eWir waren absolut unerfahren, weil das eine neue Kampfsportart war\u201c, erz\u00e4hlt Volf. Da gibt es ganz andere Regeln, und die Techniken sind ein Mix aus Karate, Judo und Ju-Jutsu. Deshalb hat das ein paar Jahre gedauert.<\/p>\n<p>\u201eUnser erstes Ziel war es, \u00fcberhaupt eine Medaille beim X-Mas-Turnier zu gewinnen\u201c, erkl\u00e4rt er. \u201eDie erste gab es dann beim Regionalturnier im Jahr 2011\u201c, erg\u00e4nzt Sell. Dabei hat er den ersten Platz gemacht und Volf den zweiten Platz. Nach und nach hat sich die Wettkampfgruppe weitere Ziele gesetzt und auf diese hingearbeitet. So wurden bei den internationalen Turnieren, die in Deutschland stattfinden, bei der ersten Teilnahme Erfahrungen gesammelt, beim zweiten Mal wurde versucht eine Medaille zu erringen und beim dritten Mal einen ersten Platz zu erreichen. \u201eDas hat bisher immer gut funktioniert\u201c, freut sich Sell. Man brauchte also drei Jahre, um das jeweilige Ziel zu erreichen. Mittlerweile befinden sich zwei Deutsche Meister in den Reihen der Wettkampfgruppe der Ju-Jutsu-Sparte. \u201eUnser n\u00e4chstes Ziel sind die German Open\u201c, erkl\u00e4rt Volf. Das ist ein Weltranglistenturnier, das gleichzeitig als Vorbereitung f\u00fcr die Welt- und Europameisterschaften dient. Es ist zudem in Deutschland die Chance, eine Einladung f\u00fcr den Bundeskader zu bekommen. Bei den zweit\u00e4gigen German Open treten \u00fcber 1.000 Teilnehmer an. Wenn man da ab der Altersklasse U18 auf einem der drei ersten Pl\u00e4tze landet, dann ist das schon richtig gut, meint Sell.<\/p>\n<p>Im Landeskader ist zurzeit mit Simon Fukas ein Westerceller Sportler vertreten. In den Jahren davor waren es sogar vier Westerceller. Doch aus beruflichen Gr\u00fcnden hat sich diese Zahl reduziert. Aufgrund des notwendigen Zeitaufwandes f\u00fcr die Turniervorbereitungen konzentrieren sich Volf und Sell jetzt nur noch auf Trainerarbeit. Das letzte Mal haben die beiden 2012 gek\u00e4mpft. \u201eEs macht Spa\u00df mit den Kleinen zu arbeiten\u201c, betont Volf. Und Sell erg\u00e4nzt: \u201eIch bin aufgeregter als fr\u00fcher, als ich selber auf der Matte gestanden habe.\u201c Es ist ein sch\u00f6nes Gef\u00fchl den jungen Sportlern etwas beizubringen und vor allem zu sehen, wie das umgesetzt wird. Ab 2013 hatten sie damit begonnen die Jugend aufzubauen. Zu Beginn waren es zehn bis zw\u00f6lf K\u00e4mpfer &#8211; die h\u00f6chste Zahl war dann 20. Aktuell sind es 15 K\u00e4mpfer, unterteilt in A- und B-Kader. Die beiden Trainer freuen sich \u00fcber die Unterst\u00fctzung seitens des Vereins. \u201eWas der Verein machen kann, das macht er auch\u201c, so Volf. Die Unterst\u00fctzung reicht von Fahrzeugen, \u00fcber Matten bis hin zum Sponsoring. Und dass die Arbeit der beiden \u00f6ffentlich Anerkennung findet, sieht man unter anderem daran, dass im Laufe der vergangenen Jahre Volf und Sell bereits zwei Mal f\u00fcr die \u201eTrainer des Jahres\u201c-Wahl des Celler Kurier vorgeschlagen wurden. \u201eEin gro\u00dfes Ziel w\u00e4re es nochmal mit unseren Wettk\u00e4mpfern auf richtige internationale Turniere zu kommen\u201c, erkl\u00e4rt Sell. Wichtig ist, dass die Eltern mitziehen und daf\u00fcr sorgen, dass die Kinder regelm\u00e4\u00dfig zum Training gehen. \u201eWir machen deshalb auch mindestens zwei Mal im Jahr einen Elternabend\u201c, erkl\u00e4rt Volf.<\/p>\n<p>Ein Highlight in der Geschichte der Westerceller Ju-Jutsu-Sparte war anl\u00e4sslich ihres zehnj\u00e4hrigen Bestehens die Ausrichtung der Landesmeisterschaft am 22. M\u00e4rz 2014. \u201eWir haben uns nun f\u00fcr die Ausrichtung der Regionalmeisterschaft 2019 beworben\u201c, erkl\u00e4ren Sell und Volf abschlie\u00dfend.<\/p>\n<\/div><\/section><\/div>\n","protected":false},"excerpt":{"rendered":"","protected":false},"author":1,"featured_media":0,"parent":501,"menu_order":0,"comment_status":"closed","ping_status":"closed","template":"","meta":{"footnotes":""},"class_list":["post-1630","page","type-page","status-publish","hentry"],"_links":{"self":[{"href":"https:\/\/www.vfl-westercelle.de\/ju-ju\/wp-json\/wp\/v2\/pages\/1630","targetHints":{"allow":["GET"]}}],"collection":[{"href":"https:\/\/www.vfl-westercelle.de\/ju-ju\/wp-json\/wp\/v2\/pages"}],"about":[{"href":"https:\/\/www.vfl-westercelle.de\/ju-ju\/wp-json\/wp\/v2\/types\/page"}],"author":[{"embeddable":true,"href":"https:\/\/www.vfl-westercelle.de\/ju-ju\/wp-json\/wp\/v2\/users\/1"}],"replies":[{"embeddable":true,"href":"https:\/\/www.vfl-westercelle.de\/ju-ju\/wp-json\/wp\/v2\/comments?post=1630"}],"version-history":[{"count":3,"href":"https:\/\/www.vfl-westercelle.de\/ju-ju\/wp-json\/wp\/v2\/pages\/1630\/revisions"}],"predecessor-version":[{"id":2589,"href":"https:\/\/www.vfl-westercelle.de\/ju-ju\/wp-json\/wp\/v2\/pages\/1630\/revisions\/2589"}],"up":[{"embeddable":true,"href":"https:\/\/www.vfl-westercelle.de\/ju-ju\/wp-json\/wp\/v2\/pages\/501"}],"wp:attachment":[{"href":"https:\/\/www.vfl-westercelle.de\/ju-ju\/wp-json\/wp\/v2\/media?parent=1630"}],"curies":[{"name":"wp","href":"https:\/\/api.w.org\/{rel}","templated":true}]}}