{"id":1862,"date":"2018-04-08T21:59:39","date_gmt":"2018-04-08T19:59:39","guid":{"rendered":"http:\/\/www.vfl-westercelle.de\/ju-ju\/?page_id=1862"},"modified":"2023-02-26T12:00:42","modified_gmt":"2023-02-26T11:00:42","slug":"nicht-mit-mir-projekt","status":"publish","type":"page","link":"https:\/\/www.vfl-westercelle.de\/ju-ju\/nicht-mit-mir-projekt\/","title":{"rendered":"&#8222;Nicht mit mir&#8220;-Projekt"},"content":{"rendered":"\n<style type=\"text\/css\" data-created_by=\"avia_inline_auto\" id=\"style-css-av-ruyv46-5dc0ff61cb343cfdb613f4b7a3928de0\">\n.flex_column.av-ruyv46-5dc0ff61cb343cfdb613f4b7a3928de0{\nborder-radius:0px 0px 0px 0px;\npadding:0px 0px 0px 0px;\n}\n<\/style>\n<div  class='flex_column av-ruyv46-5dc0ff61cb343cfdb613f4b7a3928de0 av_one_third  avia-builder-el-0  el_before_av_one_third  avia-builder-el-first  first flex_column_div av-zero-column-padding  '     ><style type=\"text\/css\" data-created_by=\"avia_inline_auto\" id=\"style-css-av-pfui5y-8c786198016b77c8d0575d4305dca000\">\n.avia-image-container.av-pfui5y-8c786198016b77c8d0575d4305dca000 img.avia_image{\nbox-shadow:none;\n}\n.avia-image-container.av-pfui5y-8c786198016b77c8d0575d4305dca000 .av-image-caption-overlay-center{\ncolor:#ffffff;\n}\n<\/style>\n<div  class='avia-image-container av-pfui5y-8c786198016b77c8d0575d4305dca000 av-styling- avia-align-center  avia-builder-el-1  avia-builder-el-no-sibling '   itemprop=\"image\" itemscope=\"itemscope\" itemtype=\"https:\/\/schema.org\/ImageObject\" ><div class=\"avia-image-container-inner\"><div class=\"avia-image-overlay-wrap\"><img fetchpriority=\"high\" class='wp-image-562 avia-img-lazy-loading-not-562 avia_image ' src='https:\/\/www.vfl-westercelle.de\/ju-ju\/wp-content\/uploads\/sites\/2\/2016\/07\/nicht-mit-mir-300x300.jpg' alt='' title='nicht-mit-mir'  height=\"300\" width=\"300\"  itemprop=\"thumbnailUrl\"  \/><\/div><\/div><\/div><\/div>\n\n<style type=\"text\/css\" data-created_by=\"avia_inline_auto\" id=\"style-css-av-obue12-73354b3fd14d15990ac490edbc311b45\">\n.flex_column.av-obue12-73354b3fd14d15990ac490edbc311b45{\nborder-radius:0px 0px 0px 0px;\npadding:0px 0px 0px 0px;\n}\n<\/style>\n<div  class='flex_column av-obue12-73354b3fd14d15990ac490edbc311b45 av_one_third  avia-builder-el-2  el_after_av_one_third  el_before_av_one_third  flex_column_div av-zero-column-padding  '     ><p>\n<style type=\"text\/css\" data-created_by=\"avia_inline_auto\" id=\"style-css-av-mxc6s6-fee592a2a9cb46bc6029b874e0d1a020\">\n#top .hr.hr-invisible.av-mxc6s6-fee592a2a9cb46bc6029b874e0d1a020{\nheight:75px;\n}\n<\/style>\n<div  class='hr av-mxc6s6-fee592a2a9cb46bc6029b874e0d1a020 hr-invisible  avia-builder-el-3  el_before_av_textblock  avia-builder-el-first '><span class='hr-inner '><span class=\"hr-inner-style\"><\/span><\/span><\/div><br \/>\n<section  class='av_textblock_section av-ktbrza-5e3b4127920ee8b517302626d92ecc45 '   itemscope=\"itemscope\" itemtype=\"https:\/\/schema.org\/CreativeWork\" ><div class='avia_textblock'  itemprop=\"text\" ><div style=\"text-align: center\">Wir geben Kurse im Rahmen des\u00a0Gewaltpr\u00e4ventionsprojekts<\/div>\n<div style=\"text-align: center\">des Deutschen Ju-Jutsu-Verbandes<\/div>\n<p style=\"text-align: center\"><strong>&#8222;Nicht mit mir!&#8220;<\/strong><\/p>\n<\/div><\/section><\/p><\/div>\n\n<style type=\"text\/css\" data-created_by=\"avia_inline_auto\" id=\"style-css-av-j3vucm-6abcc4ff4fe3a07e73a7510675f9375a\">\n.flex_column.av-j3vucm-6abcc4ff4fe3a07e73a7510675f9375a{\nborder-radius:0px 0px 0px 0px;\npadding:0px 0px 0px 0px;\n}\n<\/style>\n<div  class='flex_column av-j3vucm-6abcc4ff4fe3a07e73a7510675f9375a av_one_third  avia-builder-el-5  el_after_av_one_third  el_before_av_one_full  flex_column_div av-zero-column-padding  '     ><style type=\"text\/css\" data-created_by=\"avia_inline_auto\" id=\"style-css-av-i2abhy-ab4cc33ac53e02e16d134b89b7884270\">\n.avia-image-container.av-i2abhy-ab4cc33ac53e02e16d134b89b7884270 img.avia_image{\nbox-shadow:none;\n}\n.avia-image-container.av-i2abhy-ab4cc33ac53e02e16d134b89b7884270 .av-image-caption-overlay-center{\ncolor:#ffffff;\n}\n<\/style>\n<div  class='avia-image-container av-i2abhy-ab4cc33ac53e02e16d134b89b7884270 av-styling- av-img-linked avia-align-center  avia-builder-el-6  avia-builder-el-no-sibling '   itemprop=\"image\" itemscope=\"itemscope\" itemtype=\"https:\/\/schema.org\/ImageObject\" ><div class=\"avia-image-container-inner\"><div class=\"avia-image-overlay-wrap\"><a href=\"http:\/\/www.nicht-mit-mir.org\/\" class='avia_image '  aria-label='logo-djjv-10.4x'><img fetchpriority=\"high\" class='wp-image-563 avia-img-lazy-loading-not-563 avia_image ' src='https:\/\/www.vfl-westercelle.de\/ju-ju\/wp-content\/uploads\/sites\/2\/2016\/07\/logo-djjv-10.4x-281x300.jpg' alt='' title='logo-djjv-10.4x'  height=\"300\" width=\"281\"  itemprop=\"thumbnailUrl\"  \/><\/a><\/div><\/div><\/div><\/div>\n\n<style type=\"text\/css\" data-created_by=\"avia_inline_auto\" id=\"style-css-av-g99s8m-8bb177b4514d4dbc10bfa18d9ad293b9\">\n.flex_column.av-g99s8m-8bb177b4514d4dbc10bfa18d9ad293b9{\nborder-radius:0px 0px 0px 0px;\npadding:0px 0px 0px 0px;\n}\n<\/style>\n<div  class='flex_column av-g99s8m-8bb177b4514d4dbc10bfa18d9ad293b9 av_one_full  avia-builder-el-7  el_after_av_one_third  el_before_av_one_half  first flex_column_div av-zero-column-padding  column-top-margin'     ><section  class='av_textblock_section av-ebdx92-3ba219af1d11c10730ee26346ab34a99 '   itemscope=\"itemscope\" itemtype=\"https:\/\/schema.org\/CreativeWork\" ><div class='avia_textblock'  itemprop=\"text\" ><p>Einer unserer Trainer ist aktiver Vollzugsbeamter der Polizei. Durch seinen Beruf verf\u00fcgt er \u00fcber besondere Kenntnisse in der Gewaltpr\u00e4vention und gibt dieses Wissen aktiv an die Sportler*innen weiter.<\/p>\n<div  class='avia-button-wrap av-cucmom-93ff3cfcd583baa19562bb2be22ed1eb-wrap avia-button-left  avia-builder-el-9  el_before_av_button  avia-builder-el-first '><a href='http:\/\/www.vfl-westercelle.de\/ju-ju\/informationen\/das-team\/'  class='avia-button av-cucmom-93ff3cfcd583baa19562bb2be22ed1eb av-link-btn avia-icon_select-no avia-size-small avia-position-left avia-color-theme-color'   aria-label=\"Das Team\"><span class='avia_iconbox_title' >Das Team<\/span><\/a><\/div>\n<p>Wir bieten spezielle Kurse f\u00fcr Kinder\/Jugendliche und Frauen in den Bereichen Selbstbehauptung und Selbstverteidigung an.\u00a0Diese Kurse werden im Trainingsbetrieb integriert oder auf Wunsch auch f\u00fcr Gruppen (z.B. Schulklassen) au\u00dferhalb des Trainingsbetriebs organisiert .<\/p>\n<div  class='avia-button-wrap av-13wiee-28962752e6ca3a6d831ace5eba261289-wrap avia-button-left  avia-builder-el-10  el_after_av_button  avia-builder-el-last '><a href='http:\/\/www.vfl-westercelle.de\/ju-ju\/2015\/06\/19\/schnupperkurs-fuer-selbstverteidigung-am-hbg\/'  class='avia-button av-13wiee-28962752e6ca3a6d831ace5eba261289 av-link-btn avia-icon_select-no avia-size-small avia-position-left avia-color-theme-color'   aria-label=\"Ablauf eines Kurses\"><span class='avia_iconbox_title' >Ablauf eines Kurses<\/span><\/a><\/div>\n<div><\/div>\n<div>Sprechen Sie uns an, wenn Sie f\u00fcr Ihre Schule oder Ihren Freundeskreis ein individuelles Angebot w\u00fcnschen.<\/div>\n<\/div><\/section><\/div>\n<style type=\"text\/css\" data-created_by=\"avia_inline_auto\" id=\"style-css-av-8krv6u-b0a82b3d2ba88282edb3b19945fb372e\">\n.flex_column.av-8krv6u-b0a82b3d2ba88282edb3b19945fb372e{\nborder-radius:0px 0px 0px 0px;\npadding:0px 0px 0px 0px;\n}\n<\/style>\n<div  class='flex_column av-8krv6u-b0a82b3d2ba88282edb3b19945fb372e av_one_half  avia-builder-el-11  el_after_av_one_full  avia-builder-el-last  first flex_column_div av-zero-column-padding  column-top-margin'     ><p>\n<style type=\"text\/css\" data-created_by=\"avia_inline_auto\" id=\"style-css-av-76uvty-0779d32f9b0be7262db8a061d0d2abf0\">\n#top .av-special-heading.av-76uvty-0779d32f9b0be7262db8a061d0d2abf0{\npadding-bottom:10px;\n}\nbody .av-special-heading.av-76uvty-0779d32f9b0be7262db8a061d0d2abf0 .av-special-heading-tag .heading-char{\nfont-size:25px;\n}\n.av-special-heading.av-76uvty-0779d32f9b0be7262db8a061d0d2abf0 .av-subheading{\nfont-size:15px;\n}\n<\/style>\n<div  class='av-special-heading av-76uvty-0779d32f9b0be7262db8a061d0d2abf0 av-special-heading-h3  avia-builder-el-12  el_before_av_team_member  avia-builder-el-first '><h3 class='av-special-heading-tag '  itemprop=\"headline\"  >Ansprechpartner<\/h3><div class=\"special-heading-border\"><div class=\"special-heading-inner-border\"><\/div><\/div><\/div><br \/>\n<section  class='avia-team-member av-mmq52-435256522b004478bd57e5b831e9eb11  avia-builder-el-13  el_after_av_heading  avia-builder-el-last '  itemscope=\"itemscope\" itemtype=\"https:\/\/schema.org\/Person\" ><div class=\"team-img-container\"><img fetchpriority=\"high\" class='wp-image-1504 avia-img-lazy-loading-not-1504 avia_image avia_image_team' src='https:\/\/www.vfl-westercelle.de\/ju-ju\/wp-content\/uploads\/sites\/2\/2016\/07\/Knoll_Joachim.jpg' alt='Joachim Knoll'  itemprop=\"image\"   height=\"500\" width=\"500\" \/><div class=\"team-social\"><div class=\"team-social-inner\"><a class='avia-team-icon av-hkjhy-f1c0a9b37853d961e32c75944cfceeef avia-iconfont avia-font-entypo-fontello' data-avia-tooltip=\"0157\/71746956\" data-av_icon='\ue854' data-av_iconfont='entypo-fontello' ><\/a><a class='avia-team-icon av-26vz3a-62c944eaacced6e8fceea4da5802b0c5 avia-iconfont avia-font-entypo-fontello' data-avia-tooltip=\"&#x6a;&#x75;&#106;&#117;t&#x73;&#x75;&#x40;&#118;&#102;l&#x2d;&#x77;&#x65;&#115;&#116;e&#x72;&#x63;&#x65;&#108;&#108;e&#x2e;&#x64;&#x65;\" data-av_icon='\ue805' data-av_iconfont='entypo-fontello' ><\/a><\/div><\/div><\/div><h3 class='team-member-name '  itemprop=\"name\" >Joachim Knoll<\/h3><div class='team-member-description '  itemprop=\"description\" ><p>Mobil: 0157\/71746956<br \/>\nE-Mail: &#x6a;&#117;j&#x75;&#116;s&#x75;&#64;v&#x66;&#108;-&#x77;&#101;s&#x74;&#101;r&#x63;&#101;l&#x6c;&#101;&#46;&#x64;&#101;<\/p>\n<\/div><span class='hidden team-member-affiliation'  itemprop=\"affiliation\" >VfL Westercelle - Ju Jutsu<\/span><\/section><\/p><\/div><\/p>\n","protected":false},"excerpt":{"rendered":"","protected":false},"author":8,"featured_media":0,"parent":0,"menu_order":0,"comment_status":"closed","ping_status":"closed","template":"","meta":{"footnotes":""},"class_list":["post-1862","page","type-page","status-publish","hentry"],"_links":{"self":[{"href":"https:\/\/www.vfl-westercelle.de\/ju-ju\/wp-json\/wp\/v2\/pages\/1862","targetHints":{"allow":["GET"]}}],"collection":[{"href":"https:\/\/www.vfl-westercelle.de\/ju-ju\/wp-json\/wp\/v2\/pages"}],"about":[{"href":"https:\/\/www.vfl-westercelle.de\/ju-ju\/wp-json\/wp\/v2\/types\/page"}],"author":[{"embeddable":true,"href":"https:\/\/www.vfl-westercelle.de\/ju-ju\/wp-json\/wp\/v2\/users\/8"}],"replies":[{"embeddable":true,"href":"https:\/\/www.vfl-westercelle.de\/ju-ju\/wp-json\/wp\/v2\/comments?post=1862"}],"version-history":[{"count":2,"href":"https:\/\/www.vfl-westercelle.de\/ju-ju\/wp-json\/wp\/v2\/pages\/1862\/revisions"}],"predecessor-version":[{"id":3007,"href":"https:\/\/www.vfl-westercelle.de\/ju-ju\/wp-json\/wp\/v2\/pages\/1862\/revisions\/3007"}],"wp:attachment":[{"href":"https:\/\/www.vfl-westercelle.de\/ju-ju\/wp-json\/wp\/v2\/media?parent=1862"}],"curies":[{"name":"wp","href":"https:\/\/api.w.org\/{rel}","templated":true}]}}