{"id":1889,"date":"2018-04-08T22:27:19","date_gmt":"2018-04-08T20:27:19","guid":{"rendered":"http:\/\/www.vfl-westercelle.de\/ju-ju\/?page_id=1889"},"modified":"2023-02-26T12:05:33","modified_gmt":"2023-02-26T11:05:33","slug":"ju-jutsu-einstieg-fuer-erwachsene","status":"publish","type":"page","link":"https:\/\/www.vfl-westercelle.de\/ju-ju\/ju-jutsu-einstieg-fuer-erwachsene\/","title":{"rendered":"Ju-Jutsu Einstieg f\u00fcr Erwachsene"},"content":{"rendered":"\n<style type=\"text\/css\" data-created_by=\"avia_inline_auto\" id=\"style-css-av-938ioh-67fb76f62ddead1693d59e8beb29b182\">\n.flex_column.av-938ioh-67fb76f62ddead1693d59e8beb29b182{\nborder-radius:0px 0px 0px 0px;\npadding:0px 0px 0px 0px;\n}\n<\/style>\n<div  class='flex_column av-938ioh-67fb76f62ddead1693d59e8beb29b182 av_one_full  avia-builder-el-0  el_before_av_one_full  avia-builder-el-first  first flex_column_div av-zero-column-padding  '     ><div  class='av_promobox av-7vdxz5-d32cbf97a8061d0530eab6a68a532c85 avia-button-no  avia-builder-el-1  avia-builder-el-no-sibling '><div class='avia-promocontent'><p>\n&#8222;Koordination, Fitness und Selbstverteidigung &#8211; alles keine Frage des Alters!&#8220;<\/p>\n<\/div><\/div><\/div>\n\n<style type=\"text\/css\" data-created_by=\"avia_inline_auto\" id=\"style-css-av-66rdg1-840221ca9b8a0459823617ad1856dcc6\">\n.flex_column.av-66rdg1-840221ca9b8a0459823617ad1856dcc6{\nborder-radius:0px 0px 0px 0px;\npadding:0px 0px 0px 0px;\n}\n<\/style>\n<div  class='flex_column av-66rdg1-840221ca9b8a0459823617ad1856dcc6 av_one_full  avia-builder-el-2  el_after_av_one_full  avia-builder-el-last  first flex_column_div av-zero-column-padding  column-top-margin'     ><section  class='av_textblock_section av-3mdji9-99698b536b39a3bd61de97a3259ee51f '   itemscope=\"itemscope\" itemtype=\"https:\/\/schema.org\/CreativeWork\" ><div class='avia_textblock'  itemprop=\"text\" ><p>Interessierte ab 16 Jahre k\u00f6nnen bei der Ju-Jutsu Sparte des Vfl Westercelle im Gymnastikraum der Nadelberghalle unser Sportangebot ausprobieren:<\/p>\n<p>90 Minuten moderate Bewegung, die den Start oder auch einen Wiedereinstieg in die sportliche Aktivit\u00e4t leicht machen und einen ersten Einblick in eine vielseitige Kampfsportart geben.<\/p>\n<p>Judo, Karate, Aikido, Boxen &#8211; Ju-Jutsu setzt um, was funktioniert und ist damit ein absolut alltagstaugliches Selbstverteidigungssystem. Alter, Geschlecht und k\u00f6rperliche Einschr\u00e4nkungen spielen bei dieser Sportart eine untergeordnete Rolle, da sich jeder die passenden Techniken f\u00fcr seine pers\u00f6nlichen Anspr\u00fcche selbst zusammenstellen kann. Damit richtet sich dieses Angebot gerade auch an Sportlerinnen und Sportler, die etwas Neues ausprobieren m\u00f6chten oder nach l\u00e4ngerer Zeit alleine oder zusammen mit Freunden wieder Sport machen wollen.<\/p>\n<p>Ju-Jutsu f\u00f6rdert k\u00f6rperliche Fitness und fordert geistige Flexibilit\u00e4t. Beim VfL Westercelle trainieren Ju-Jutsuka vom 6. bis \u00fcber das 60. Lebensjahr \u2013 und alle haben Spa\u00df an ihrem Sport!<\/p>\n<p><strong>Trainingszeiten f\u00fcr Erwachsene<br \/>\n<\/strong>Dienstag\/Mittwoch (20.00 Uhr), Freitag (20.30 Uhr)<\/p>\n<div  class='avia-button-wrap av-2jz2zl-28efbf1f1be04f7e90c602ca61c4c119-wrap avia-button-left  avia-builder-el-4  el_before_av_button  avia-builder-el-first '><a href='http:\/\/www.vfl-westercelle.de\/ju-ju\/informationen\/trainingszeiten\/'  class='avia-button av-2jz2zl-28efbf1f1be04f7e90c602ca61c4c119 av-link-btn avia-icon_select-no avia-size-small avia-position-left avia-color-theme-color'   aria-label=\"Trainingszeiten\"><span class='avia_iconbox_title' >Trainingszeiten<\/span><\/a><\/div>\n<p><strong>Trainingsort<\/strong><br \/>\nGymnastikraum der Nadelberghalle<\/p>\n<p>F\u00fcr ein kostenfreies Probetraining\u00a0wird lediglich normale Sportkleidung ben\u00f6tigt!<\/p>\n<div  class='avia-button-wrap av-2jz2zl-1-bcff74f798c633f1da5777b7cf3fbb7c-wrap avia-button-left  avia-builder-el-5  el_after_av_button  avia-builder-el-last '><a href='http:\/\/www.vfl-westercelle.de\/ju-ju\/informationen\/probetraining\/'  class='avia-button av-2jz2zl-1-bcff74f798c633f1da5777b7cf3fbb7c av-link-btn avia-icon_select-no avia-size-small avia-position-left avia-color-theme-color'   aria-label=\"Probetraining\"><span class='avia_iconbox_title' >Probetraining<\/span><\/a><\/div>\n<\/div><\/section><\/div>\n","protected":false},"excerpt":{"rendered":"","protected":false},"author":8,"featured_media":0,"parent":0,"menu_order":0,"comment_status":"closed","ping_status":"closed","template":"","meta":{"footnotes":""},"class_list":["post-1889","page","type-page","status-publish","hentry"],"_links":{"self":[{"href":"https:\/\/www.vfl-westercelle.de\/ju-ju\/wp-json\/wp\/v2\/pages\/1889","targetHints":{"allow":["GET"]}}],"collection":[{"href":"https:\/\/www.vfl-westercelle.de\/ju-ju\/wp-json\/wp\/v2\/pages"}],"about":[{"href":"https:\/\/www.vfl-westercelle.de\/ju-ju\/wp-json\/wp\/v2\/types\/page"}],"author":[{"embeddable":true,"href":"https:\/\/www.vfl-westercelle.de\/ju-ju\/wp-json\/wp\/v2\/users\/8"}],"replies":[{"embeddable":true,"href":"https:\/\/www.vfl-westercelle.de\/ju-ju\/wp-json\/wp\/v2\/comments?post=1889"}],"version-history":[{"count":3,"href":"https:\/\/www.vfl-westercelle.de\/ju-ju\/wp-json\/wp\/v2\/pages\/1889\/revisions"}],"predecessor-version":[{"id":3010,"href":"https:\/\/www.vfl-westercelle.de\/ju-ju\/wp-json\/wp\/v2\/pages\/1889\/revisions\/3010"}],"wp:attachment":[{"href":"https:\/\/www.vfl-westercelle.de\/ju-ju\/wp-json\/wp\/v2\/media?parent=1889"}],"curies":[{"name":"wp","href":"https:\/\/api.w.org\/{rel}","templated":true}]}}