{"id":483,"date":"2016-07-15T19:00:04","date_gmt":"2016-07-15T17:00:04","guid":{"rendered":"http:\/\/www.vfl-westercelle.de\/ju-jutsu\/?page_id=483"},"modified":"2019-10-28T11:46:07","modified_gmt":"2019-10-28T10:46:07","slug":"was-ist-ju-jutsu","status":"publish","type":"page","link":"https:\/\/www.vfl-westercelle.de\/ju-ju\/was-ist-ju-jutsu\/","title":{"rendered":"Was ist Ju-Jutsu?"},"content":{"rendered":"\n<p><\/p>\n\n\n<section  class='av_textblock_section av-16wrhf-c3368d93792805c6af7172eec4335841 '   itemscope=\"itemscope\" itemtype=\"https:\/\/schema.org\/CreativeWork\" ><div class='avia_textblock'  itemprop=\"text\" ><p>Ju-Jutsu ist ein 1969 in Deutschland entwickeltes effektives Selbstverteidigungssystem und moderner Kampfsport. Seine Grundlagen entstammen den japanischen Kampfk\u00fcnsten Judo und Aikido (Fall-, Wurf-, Hebel- und Bodentechniken) sowie dem Karate (Schlag- und Tritttechniken). Ju-Jutsu setzt in der Selbstverteidigung um, was im Alltag auch tats\u00e4chlich funktioniert. Daher vermittelt Ju-Jutsu auch Elemente aus Boxen, Wing Tsun (Kung Fu), Kickboxen und Eskrima (philippinischer Stock- und Messerkampf). Alter, Geschlecht und k\u00f6rperliche Einschr\u00e4nkungen spielen bei dieser Sportart eine untergeordnete Rolle, da jeder Ju-Jutsuka zusammen mit seinem Trainer individuelle Techniken f\u00fcr seine pers\u00f6nlichen Anspr\u00fcche entwickeln kann.<\/p>\n<p>Ju-Jutsu ist Bestandteil der Ausbildung bei den Polizeien des Bundes und der L\u00e4nder.<\/p>\n<\/div><\/section>\n\n\n<style type=\"text\/css\" data-created_by=\"avia_inline_auto\" id=\"style-css-av-vpllf-d2ef35d8c51d58fb7796d8d6927b8f6b\">\n#top .hr.hr-invisible.av-vpllf-d2ef35d8c51d58fb7796d8d6927b8f6b{\nheight:25px;\n}\n<\/style>\n<div  class='hr av-vpllf-d2ef35d8c51d58fb7796d8d6927b8f6b hr-invisible  avia-builder-el-2  el_after_av_codeblock  el_before_av_heading '><span class='hr-inner '><span class=\"hr-inner-style\"><\/span><\/span><\/div>\n\n<style type=\"text\/css\" data-created_by=\"avia_inline_auto\" id=\"style-css-av-rt0mz-86142a75650a6bbf3970253fe5319769\">\n#top .av-special-heading.av-rt0mz-86142a75650a6bbf3970253fe5319769{\npadding-bottom:10px;\n}\nbody .av-special-heading.av-rt0mz-86142a75650a6bbf3970253fe5319769 .av-special-heading-tag .heading-char{\nfont-size:25px;\n}\n.av-special-heading.av-rt0mz-86142a75650a6bbf3970253fe5319769 .av-subheading{\nfont-size:15px;\n}\n<\/style>\n<div  class='av-special-heading av-rt0mz-86142a75650a6bbf3970253fe5319769 av-special-heading-h3  avia-builder-el-3  el_after_av_hr  el_before_av_textblock '><h3 class='av-special-heading-tag '  itemprop=\"headline\"  >Weitere Informationen<\/h3><div class=\"special-heading-border\"><div class=\"special-heading-inner-border\"><\/div><\/div><\/div>\n<section  class='av_textblock_section av-k1xkj-9e31f5f5d5201d2eb398cff27c61ef24 '   itemscope=\"itemscope\" itemtype=\"https:\/\/schema.org\/CreativeWork\" ><div class='avia_textblock'  itemprop=\"text\" ><p>auf der Seite unseres Landesverbandes,\u00a0dem Nieders\u00e4chsischen Ju-Jutsu Verband e.V. <div  class='avia-button-wrap av-1jbvv-84300436c5cb8bbb6e891f976969058c-wrap avia-button-left  avia-builder-el-5  el_before_av_button  avia-builder-el-first '><a href='http:\/\/njjv.de'  class='avia-button av-1jbvv-84300436c5cb8bbb6e891f976969058c av-link-btn avia-icon_select-no avia-size-small avia-position-left avia-color-theme-color'  target=\"_blank\"  rel=\"noopener noreferrer\"  aria-label=\"NJJV - www.njjv.de\"><span class='avia_iconbox_title' >NJJV - www.njjv.de<\/span><\/a><\/div><\/p>\n<p>Unser Bundesverband ist der Deutsche Ju-Jutsu-Verband e.V.<strong>\u00a0<\/strong><\/p>\n<div  class='avia-button-wrap av-9a78j-020edd5d33063c881653dd716460b556-wrap avia-button-left  avia-builder-el-6  el_after_av_button  avia-builder-el-last '><a href='http:\/\/ju-jutsu.de'  class='avia-button av-9a78j-020edd5d33063c881653dd716460b556 av-link-btn avia-icon_select-no avia-size-small avia-position-left avia-color-theme-color'  target=\"_blank\"  rel=\"noopener noreferrer\"  aria-label=\"DJJV - www.ju-jutsu.de\"><span class='avia_iconbox_title' >DJJV - www.ju-jutsu.de<\/span><\/a><\/div>\n<\/div><\/section>\n","protected":false},"excerpt":{"rendered":"","protected":false},"author":8,"featured_media":0,"parent":0,"menu_order":0,"comment_status":"closed","ping_status":"closed","template":"","meta":{"footnotes":""},"class_list":["post-483","page","type-page","status-publish","hentry"],"_links":{"self":[{"href":"https:\/\/www.vfl-westercelle.de\/ju-ju\/wp-json\/wp\/v2\/pages\/483","targetHints":{"allow":["GET"]}}],"collection":[{"href":"https:\/\/www.vfl-westercelle.de\/ju-ju\/wp-json\/wp\/v2\/pages"}],"about":[{"href":"https:\/\/www.vfl-westercelle.de\/ju-ju\/wp-json\/wp\/v2\/types\/page"}],"author":[{"embeddable":true,"href":"https:\/\/www.vfl-westercelle.de\/ju-ju\/wp-json\/wp\/v2\/users\/8"}],"replies":[{"embeddable":true,"href":"https:\/\/www.vfl-westercelle.de\/ju-ju\/wp-json\/wp\/v2\/comments?post=483"}],"version-history":[{"count":10,"href":"https:\/\/www.vfl-westercelle.de\/ju-ju\/wp-json\/wp\/v2\/pages\/483\/revisions"}],"predecessor-version":[{"id":2592,"href":"https:\/\/www.vfl-westercelle.de\/ju-ju\/wp-json\/wp\/v2\/pages\/483\/revisions\/2592"}],"wp:attachment":[{"href":"https:\/\/www.vfl-westercelle.de\/ju-ju\/wp-json\/wp\/v2\/media?parent=483"}],"curies":[{"name":"wp","href":"https:\/\/api.w.org\/{rel}","templated":true}]}}