{"id":495,"date":"2016-07-15T16:43:43","date_gmt":"2016-07-15T14:43:43","guid":{"rendered":"http:\/\/www.vfl-westercelle.de\/ju-jutsu\/?page_id=495"},"modified":"2018-04-11T19:26:07","modified_gmt":"2018-04-11T17:26:07","slug":"linksdownloads","status":"publish","type":"page","link":"https:\/\/www.vfl-westercelle.de\/ju-ju\/linksdownloads\/","title":{"rendered":"Links\/Downloads"},"content":{"rendered":"\n<style type=\"text\/css\" data-created_by=\"avia_inline_auto\" id=\"style-css-av-av_heading-2f6d4a163d32ec05245ad94fb823d957\">\n#top .av-special-heading.av-av_heading-2f6d4a163d32ec05245ad94fb823d957{\npadding-bottom:10px;\n}\nbody .av-special-heading.av-av_heading-2f6d4a163d32ec05245ad94fb823d957 .av-special-heading-tag .heading-char{\nfont-size:25px;\n}\n.av-special-heading.av-av_heading-2f6d4a163d32ec05245ad94fb823d957 .av-subheading{\nfont-size:15px;\n}\n<\/style>\n<div  class='av-special-heading av-av_heading-2f6d4a163d32ec05245ad94fb823d957 av-special-heading-h3  avia-builder-el-0  el_before_av_iconlist  avia-builder-el-first '><h3 class='av-special-heading-tag '  itemprop=\"headline\"  >Downloads<\/h3><div class=\"special-heading-border\"><div class=\"special-heading-inner-border\"><\/div><\/div><\/div>\n\n<style type=\"text\/css\" data-created_by=\"avia_inline_auto\" id=\"style-css-av-av_iconlist-64fe173f84d0b89f48450459192d0192\">\n#top .avia-icon-list-container.av-av_iconlist-64fe173f84d0b89f48450459192d0192 .iconlist_icon{\ncolor:#1d1d1d;\n}\n#top .avia-icon-list-container.av-av_iconlist-64fe173f84d0b89f48450459192d0192 .iconlist_icon svg:first-child{\nstroke:#1d1d1d;\nfill:#1d1d1d;\n}\n<\/style>\n<div  class='avia-icon-list-container av-av_iconlist-64fe173f84d0b89f48450459192d0192  avia-builder-el-1  el_after_av_heading  el_before_av_heading '><ul class='avia-icon-list avia_animate_when_almost_visible avia-icon-list-left av-iconlist-small av-av_iconlist-64fe173f84d0b89f48450459192d0192 avia-iconlist-animate'>\n<li><a href='http:\/\/www.vfl-westercelle.de\/ju-jutsu\/wp-content\/uploads\/sites\/2\/2016\/07\/flyer.pdf' title='Spartenflyer'  target=\"_blank\"  rel=\"noopener noreferrer\" class='iconlist_icon av-av_iconlist_item-983cde108ea9063e841f85229ac93a84 avia-font-entypo-fontello avia-iconfont avia-font-entypo-fontello'><span class='av-icon-char' data-av_icon='\ue82d' data-av_iconfont='entypo-fontello' aria-hidden=\"true\"><\/span><\/a><article class=\"article-icon-entry \"  itemscope=\"itemscope\" itemtype=\"https:\/\/schema.org\/CreativeWork\" ><div class=\"iconlist_content_wrap\"><header class=\"entry-content-header\" aria-label=\"Icon: &lt;a href=&#039;http:\/\/www.vfl-westercelle.de\/ju-jutsu\/wp-content\/uploads\/sites\/2\/2016\/07\/flyer.pdf&#039; title=&#039;Spartenflyer&#039; target=&quot;_blank&quot;  rel=&quot;noopener noreferrer&quot;&gt;Spartenflyer&lt;\/a&gt;\"><div class='av_iconlist_title iconlist_title_small  '  itemprop=\"headline\" ><a href='http:\/\/www.vfl-westercelle.de\/ju-jutsu\/wp-content\/uploads\/sites\/2\/2016\/07\/flyer.pdf' title='Spartenflyer' target=\"_blank\"  rel=\"noopener noreferrer\">Spartenflyer<\/a><\/div><\/header><div class='iconlist_content '  itemprop=\"text\" ><p>Alle Trainings- und Kontaktinfos zum Download.<\/p>\n<\/div><\/div><footer class=\"entry-footer\"><\/footer><\/article><div class=\"iconlist-timeline\"><\/div><\/li>\n<li><a href='http:\/\/www.vfl-westercelle.de\/ju-jutsu\/wp-content\/uploads\/sites\/2\/2016\/07\/12-goldene-regeln.jpg' title='12 Regeln'  target=\"_blank\"  rel=\"noopener noreferrer\" class='iconlist_icon av-av_iconlist_item-502d70a004bd1a9ecf3ed2e785ddd2ae avia-font-entypo-fontello avia-iconfont avia-font-entypo-fontello'><span class='av-icon-char' data-av_icon='\ue82d' data-av_iconfont='entypo-fontello' aria-hidden=\"true\"><\/span><\/a><article class=\"article-icon-entry \"  itemscope=\"itemscope\" itemtype=\"https:\/\/schema.org\/CreativeWork\" ><div class=\"iconlist_content_wrap\"><header class=\"entry-content-header\" aria-label=\"Icon: &lt;a href=&#039;http:\/\/www.vfl-westercelle.de\/ju-jutsu\/wp-content\/uploads\/sites\/2\/2016\/07\/12-goldene-regeln.jpg&#039; title=&#039;12 Regeln&#039; target=&quot;_blank&quot;  rel=&quot;noopener noreferrer&quot;&gt;12 Regeln&lt;\/a&gt;\"><div class='av_iconlist_title iconlist_title_small  '  itemprop=\"headline\" ><a href='http:\/\/www.vfl-westercelle.de\/ju-jutsu\/wp-content\/uploads\/sites\/2\/2016\/07\/12-goldene-regeln.jpg' title='12 Regeln' target=\"_blank\"  rel=\"noopener noreferrer\">12 Regeln<\/a><\/div><\/header><div class='iconlist_content '  itemprop=\"text\" ><p>Etikette f\u00fcr junge Ju-Jutsukas.<\/p>\n<\/div><\/div><footer class=\"entry-footer\"><\/footer><\/article><div class=\"iconlist-timeline\"><\/div><\/li>\n<li><a href='http:\/\/www.vfl-westercelle.de\/ju-jutsu\/wp-content\/uploads\/sites\/2\/2016\/07\/5.Kyu-Arbeitsblatt.pdf' title='Arbeitsblatt 5.Kyu'  target=\"_blank\"  rel=\"noopener noreferrer\" class='iconlist_icon av-av_iconlist_item-45647d47b99ac14d01383369505b965b avia-font-entypo-fontello avia-iconfont avia-font-entypo-fontello'><span class='av-icon-char' data-av_icon='\ue82d' data-av_iconfont='entypo-fontello' aria-hidden=\"true\"><\/span><\/a><article class=\"article-icon-entry \"  itemscope=\"itemscope\" itemtype=\"https:\/\/schema.org\/CreativeWork\" ><div class=\"iconlist_content_wrap\"><header class=\"entry-content-header\" aria-label=\"Icon: &lt;a href=&#039;http:\/\/www.vfl-westercelle.de\/ju-jutsu\/wp-content\/uploads\/sites\/2\/2016\/07\/5.Kyu-Arbeitsblatt.pdf&#039; title=&#039;Arbeitsblatt 5.Kyu&#039; target=&quot;_blank&quot;  rel=&quot;noopener noreferrer&quot;&gt;Arbeitsblatt 5.Kyu&lt;\/a&gt;\"><div class='av_iconlist_title iconlist_title_small  '  itemprop=\"headline\" ><a href='http:\/\/www.vfl-westercelle.de\/ju-jutsu\/wp-content\/uploads\/sites\/2\/2016\/07\/5.Kyu-Arbeitsblatt.pdf' title='Arbeitsblatt 5.Kyu' target=\"_blank\"  rel=\"noopener noreferrer\">Arbeitsblatt 5.Kyu<\/a><\/div><\/header><div class='iconlist_content '  itemprop=\"text\" ><p>Das Arbeitsblatt zur Pr\u00fcfung f\u00fcr die Kinderpr\u00fcfung Gelber Drache bis Gelb.<\/p>\n<\/div><\/div><footer class=\"entry-footer\"><\/footer><\/article><div class=\"iconlist-timeline\"><\/div><\/li>\n<\/ul><\/div>\n\n<style type=\"text\/css\" data-created_by=\"avia_inline_auto\" id=\"style-css-av-av_heading-998e6783c1429b463d3fde1fabb0e93c\">\n#top .av-special-heading.av-av_heading-998e6783c1429b463d3fde1fabb0e93c{\npadding-bottom:10px;\n}\nbody .av-special-heading.av-av_heading-998e6783c1429b463d3fde1fabb0e93c .av-special-heading-tag .heading-char{\nfont-size:25px;\n}\n.av-special-heading.av-av_heading-998e6783c1429b463d3fde1fabb0e93c .av-subheading{\nfont-size:15px;\n}\n<\/style>\n<div  class='av-special-heading av-av_heading-998e6783c1429b463d3fde1fabb0e93c av-special-heading-h3  avia-builder-el-2  el_after_av_iconlist  el_before_av_iconlist '><h3 class='av-special-heading-tag '  itemprop=\"headline\"  >Links<\/h3><div class=\"special-heading-border\"><div class=\"special-heading-inner-border\"><\/div><\/div><\/div>\n\n<style type=\"text\/css\" data-created_by=\"avia_inline_auto\" id=\"style-css-av-av_iconlist-82ebc7fc5bb0c00d1156bfe5932f0daf\">\n#top .avia-icon-list-container.av-av_iconlist-82ebc7fc5bb0c00d1156bfe5932f0daf .iconlist_icon{\ncolor:#1d1d1d;\n}\n#top .avia-icon-list-container.av-av_iconlist-82ebc7fc5bb0c00d1156bfe5932f0daf .iconlist_icon svg:first-child{\nstroke:#1d1d1d;\nfill:#1d1d1d;\n}\n<\/style>\n<div  class='avia-icon-list-container av-av_iconlist-82ebc7fc5bb0c00d1156bfe5932f0daf  avia-builder-el-3  el_after_av_heading  avia-builder-el-last '><ul class='avia-icon-list avia_animate_when_almost_visible avia-icon-list-left av-iconlist-small av-av_iconlist-82ebc7fc5bb0c00d1156bfe5932f0daf avia-iconlist-animate'>\n<li><a href='http:\/\/www.njjv.de' title='NJJV'  target=\"_blank\"  rel=\"noopener noreferrer\" class='iconlist_icon av-av_iconlist_item-1062e1b0ace01c1c6b6a0a8c7b8fd7f7 avia-font-entypo-fontello avia-iconfont avia-font-entypo-fontello'><span class='av-icon-char' data-av_icon='\ue822' data-av_iconfont='entypo-fontello' aria-hidden=\"true\"><\/span><\/a><article class=\"article-icon-entry \"  itemscope=\"itemscope\" itemtype=\"https:\/\/schema.org\/CreativeWork\" ><div class=\"iconlist_content_wrap\"><header class=\"entry-content-header\" aria-label=\"Icon: &lt;a href=&#039;http:\/\/www.njjv.de&#039; title=&#039;NJJV&#039; target=&quot;_blank&quot;  rel=&quot;noopener noreferrer&quot;&gt;NJJV&lt;\/a&gt;\"><div class='av_iconlist_title iconlist_title_small  '  itemprop=\"headline\" ><a href='http:\/\/www.njjv.de' title='NJJV' target=\"_blank\"  rel=\"noopener noreferrer\">NJJV<\/a><\/div><\/header><div class='iconlist_content '  itemprop=\"text\" ><p>Nieders\u00e4chsischer Ju-Jutsu-Verband viele Infos, aktueller Terminplan und Pr\u00fcfungsprogramme.<\/p>\n<\/div><\/div><footer class=\"entry-footer\"><\/footer><\/article><div class=\"iconlist-timeline\"><\/div><\/li>\n<li><a href='https:\/\/www.njjv.de\/kontakt\/21-vorstand-bezirk-lueneburg.html' title='Bezirk L\u00fcneburg'  target=\"_blank\"  rel=\"noopener noreferrer\" class='iconlist_icon av-av_iconlist_item-5d73958f8b099e6a5d4ee386abca57c8 avia-font-entypo-fontello avia-iconfont avia-font-entypo-fontello'><span class='av-icon-char' data-av_icon='\ue822' data-av_iconfont='entypo-fontello' aria-hidden=\"true\"><\/span><\/a><article class=\"article-icon-entry \"  itemscope=\"itemscope\" itemtype=\"https:\/\/schema.org\/CreativeWork\" ><div class=\"iconlist_content_wrap\"><header class=\"entry-content-header\" aria-label=\"Icon: &lt;a href=&#039;https:\/\/www.njjv.de\/kontakt\/21-vorstand-bezirk-lueneburg.html&#039; title=&#039;Bezirk L\u00fcneburg&#039; target=&quot;_blank&quot;  rel=&quot;noopener noreferrer&quot;&gt;Bezirk L\u00fcneburg&lt;\/a&gt;\"><div class='av_iconlist_title iconlist_title_small  '  itemprop=\"headline\" ><a href='https:\/\/www.njjv.de\/kontakt\/21-vorstand-bezirk-lueneburg.html' title='Bezirk L\u00fcneburg' target=\"_blank\"  rel=\"noopener noreferrer\">Bezirk L\u00fcneburg<\/a><\/div><\/header><div class='iconlist_content '  itemprop=\"text\" ><p>Seite unseres Ju-Jutsu-Bezirks- L\u00fcneburg\u00a0mit allen Ansprechpartnern, Terminen und Berichten.<\/p>\n<\/div><\/div><footer class=\"entry-footer\"><\/footer><\/article><div class=\"iconlist-timeline\"><\/div><\/li>\n<li><a href='http:\/\/www.njjv-leistungssport.de\/' title='NJJV-Leistungssport'  target=\"_blank\"  rel=\"noopener noreferrer\" class='iconlist_icon av-av_iconlist_item-ad7525f6345ea5f01399eddf40f3e136 avia-font-entypo-fontello avia-iconfont avia-font-entypo-fontello'><span class='av-icon-char' data-av_icon='\ue822' data-av_iconfont='entypo-fontello' aria-hidden=\"true\"><\/span><\/a><article class=\"article-icon-entry \"  itemscope=\"itemscope\" itemtype=\"https:\/\/schema.org\/CreativeWork\" ><div class=\"iconlist_content_wrap\"><header class=\"entry-content-header\" aria-label=\"Icon: &lt;a href=&#039;http:\/\/www.njjv-leistungssport.de\/&#039; title=&#039;NJJV-Leistungssport&#039; target=&quot;_blank&quot;  rel=&quot;noopener noreferrer&quot;&gt;NJJV-Leistungssport&lt;\/a&gt;\"><div class='av_iconlist_title iconlist_title_small  '  itemprop=\"headline\" ><a href='http:\/\/www.njjv-leistungssport.de\/' title='NJJV-Leistungssport' target=\"_blank\"  rel=\"noopener noreferrer\">NJJV-Leistungssport<\/a><\/div><\/header><div class='iconlist_content '  itemprop=\"text\" ><p>NJJV-Leistungssport\/ Wettkampf\/ Fighting &#8211; Berichte, Termine, Ergebnislisten.<\/p>\n<\/div><\/div><footer class=\"entry-footer\"><\/footer><\/article><div class=\"iconlist-timeline\"><\/div><\/li>\n<li><a href='http:\/\/www.ju-jutsu-jugend.de\/' title='Ju-Jutsu-Jugend'  target=\"_blank\"  rel=\"noopener noreferrer\" class='iconlist_icon av-av_iconlist_item-0df93c7c90408cee4258e6fbd4d704e0 avia-font-entypo-fontello avia-iconfont avia-font-entypo-fontello'><span class='av-icon-char' data-av_icon='\ue822' data-av_iconfont='entypo-fontello' aria-hidden=\"true\"><\/span><\/a><article class=\"article-icon-entry \"  itemscope=\"itemscope\" itemtype=\"https:\/\/schema.org\/CreativeWork\" ><div class=\"iconlist_content_wrap\"><header class=\"entry-content-header\" aria-label=\"Icon: &lt;a href=&#039;http:\/\/www.ju-jutsu-jugend.de\/&#039; title=&#039;Ju-Jutsu-Jugend&#039; target=&quot;_blank&quot;  rel=&quot;noopener noreferrer&quot;&gt;Ju-Jutsu-Jugend&lt;\/a&gt;\"><div class='av_iconlist_title iconlist_title_small  '  itemprop=\"headline\" ><a href='http:\/\/www.ju-jutsu-jugend.de\/' title='Ju-Jutsu-Jugend' target=\"_blank\"  rel=\"noopener noreferrer\">Ju-Jutsu-Jugend<\/a><\/div><\/header><div class='iconlist_content '  itemprop=\"text\" ><p>Infoseite rund um die Deutsche Ju-Jutsu-Jugend.<\/p>\n<\/div><\/div><footer class=\"entry-footer\"><\/footer><\/article><div class=\"iconlist-timeline\"><\/div><\/li>\n<li><a href='http:\/\/www.ju-jutsu.de\/' title=' DJJV'  target=\"_blank\"  rel=\"noopener noreferrer\" class='iconlist_icon av-av_iconlist_item-57942199961379cb4e81cb54afd80441 avia-font-entypo-fontello avia-iconfont avia-font-entypo-fontello'><span class='av-icon-char' data-av_icon='\ue822' data-av_iconfont='entypo-fontello' aria-hidden=\"true\"><\/span><\/a><article class=\"article-icon-entry \"  itemscope=\"itemscope\" itemtype=\"https:\/\/schema.org\/CreativeWork\" ><div class=\"iconlist_content_wrap\"><header class=\"entry-content-header\" aria-label=\"Icon: &lt;a href=&#039;http:\/\/www.ju-jutsu.de\/&#039; title=&#039; DJJV&#039; target=&quot;_blank&quot;  rel=&quot;noopener noreferrer&quot;&gt; DJJV&lt;\/a&gt;\"><div class='av_iconlist_title iconlist_title_small  '  itemprop=\"headline\" ><a href='http:\/\/www.ju-jutsu.de\/' title=' DJJV' target=\"_blank\"  rel=\"noopener noreferrer\"> DJJV<\/a><\/div><\/header><div class='iconlist_content '  itemprop=\"text\" ><p>Deutscher Ju-Jutsu-Verband.<\/p>\n<\/div><\/div><footer class=\"entry-footer\"><\/footer><\/article><div class=\"iconlist-timeline\"><\/div><\/li>\n<li><a href='http:\/\/www.jjif.info\/' title='JJIF'  target=\"_blank\"  rel=\"noopener noreferrer\" class='iconlist_icon av-av_iconlist_item-83c0392346c13c4e937dcf34b1fcb606 avia-font-entypo-fontello avia-iconfont avia-font-entypo-fontello'><span class='av-icon-char' data-av_icon='\ue822' data-av_iconfont='entypo-fontello' aria-hidden=\"true\"><\/span><\/a><article class=\"article-icon-entry \"  itemscope=\"itemscope\" itemtype=\"https:\/\/schema.org\/CreativeWork\" ><div class=\"iconlist_content_wrap\"><header class=\"entry-content-header\" aria-label=\"Icon: &lt;a href=&#039;http:\/\/www.jjif.info\/&#039; title=&#039;JJIF&#039; target=&quot;_blank&quot;  rel=&quot;noopener noreferrer&quot;&gt;JJIF&lt;\/a&gt;\"><div class='av_iconlist_title iconlist_title_small  '  itemprop=\"headline\" ><a href='http:\/\/www.jjif.info\/' title='JJIF' target=\"_blank\"  rel=\"noopener noreferrer\">JJIF<\/a><\/div><\/header><div class='iconlist_content '  itemprop=\"text\" ><p>Ju-Jitsu International Federation- unser Internationaler Dachverband.<\/p>\n<\/div><\/div><footer class=\"entry-footer\"><\/footer><\/article><div class=\"iconlist-timeline\"><\/div><\/li>\n<li><a href='http:\/\/www.nicht-mit-mir.org\/' title='Nicht-mit-mir.org'  target=\"_blank\"  rel=\"noopener noreferrer\" class='iconlist_icon av-av_iconlist_item-4f6d3a71e75d47df3a0bb6c48127df09 avia-font-entypo-fontello avia-iconfont avia-font-entypo-fontello'><span class='av-icon-char' data-av_icon='\ue822' data-av_iconfont='entypo-fontello' aria-hidden=\"true\"><\/span><\/a><article class=\"article-icon-entry \"  itemscope=\"itemscope\" itemtype=\"https:\/\/schema.org\/CreativeWork\" ><div class=\"iconlist_content_wrap\"><header class=\"entry-content-header\" aria-label=\"Icon: &lt;a href=&#039;http:\/\/www.nicht-mit-mir.org\/&#039; title=&#039;Nicht-mit-mir.org&#039; target=&quot;_blank&quot;  rel=&quot;noopener noreferrer&quot;&gt;Nicht-mit-mir.org&lt;\/a&gt;\"><div class='av_iconlist_title iconlist_title_small  '  itemprop=\"headline\" ><a href='http:\/\/www.nicht-mit-mir.org\/' title='Nicht-mit-mir.org' target=\"_blank\"  rel=\"noopener noreferrer\">Nicht-mit-mir.org<\/a><\/div><\/header><div class='iconlist_content '  itemprop=\"text\" ><p>Infos zum Gewaltpr\u00e4ventionsprojekt des Deutschen Ju-Jutsu-Verbandes.<\/p>\n<\/div><\/div><footer class=\"entry-footer\"><\/footer><\/article><div class=\"iconlist-timeline\"><\/div><\/li>\n<li><a href='http:\/\/www.polizei-beratung.de\/medienangebot.html' title='Polizei-Beratung.de'  target=\"_blank\"  rel=\"noopener noreferrer\" class='iconlist_icon av-av_iconlist_item-5c89d1b542f84d38fada52731a9c4a59 avia-font-entypo-fontello avia-iconfont avia-font-entypo-fontello'><span class='av-icon-char' data-av_icon='\ue822' data-av_iconfont='entypo-fontello' aria-hidden=\"true\"><\/span><\/a><article class=\"article-icon-entry \"  itemscope=\"itemscope\" itemtype=\"https:\/\/schema.org\/CreativeWork\" ><div class=\"iconlist_content_wrap\"><header class=\"entry-content-header\" aria-label=\"Icon: &lt;a href=&#039;http:\/\/www.polizei-beratung.de\/medienangebot.html&#039; title=&#039;Polizei-Beratung.de&#039; target=&quot;_blank&quot;  rel=&quot;noopener noreferrer&quot;&gt;Polizei-Beratung.de&lt;\/a&gt;\"><div class='av_iconlist_title iconlist_title_small  '  itemprop=\"headline\" ><a href='http:\/\/www.polizei-beratung.de\/medienangebot.html' title='Polizei-Beratung.de' target=\"_blank\"  rel=\"noopener noreferrer\">Polizei-Beratung.de<\/a><\/div><\/header><div class='iconlist_content '  itemprop=\"text\" ><p>N\u00fctzliche Infos und Material zum Thema Gewalt und Medienkompetenz.<\/p>\n<\/div><\/div><footer class=\"entry-footer\"><\/footer><\/article><div class=\"iconlist-timeline\"><\/div><\/li>\n<\/ul><\/div>\n","protected":false},"excerpt":{"rendered":"","protected":false},"author":8,"featured_media":0,"parent":0,"menu_order":0,"comment_status":"closed","ping_status":"closed","template":"","meta":{"footnotes":""},"class_list":["post-495","page","type-page","status-publish","hentry"],"_links":{"self":[{"href":"https:\/\/www.vfl-westercelle.de\/ju-ju\/wp-json\/wp\/v2\/pages\/495","targetHints":{"allow":["GET"]}}],"collection":[{"href":"https:\/\/www.vfl-westercelle.de\/ju-ju\/wp-json\/wp\/v2\/pages"}],"about":[{"href":"https:\/\/www.vfl-westercelle.de\/ju-ju\/wp-json\/wp\/v2\/types\/page"}],"author":[{"embeddable":true,"href":"https:\/\/www.vfl-westercelle.de\/ju-ju\/wp-json\/wp\/v2\/users\/8"}],"replies":[{"embeddable":true,"href":"https:\/\/www.vfl-westercelle.de\/ju-ju\/wp-json\/wp\/v2\/comments?post=495"}],"version-history":[{"count":10,"href":"https:\/\/www.vfl-westercelle.de\/ju-ju\/wp-json\/wp\/v2\/pages\/495\/revisions"}],"predecessor-version":[{"id":2401,"href":"https:\/\/www.vfl-westercelle.de\/ju-ju\/wp-json\/wp\/v2\/pages\/495\/revisions\/2401"}],"wp:attachment":[{"href":"https:\/\/www.vfl-westercelle.de\/ju-ju\/wp-json\/wp\/v2\/media?parent=495"}],"curies":[{"name":"wp","href":"https:\/\/api.w.org\/{rel}","templated":true}]}}