{"id":499,"date":"2016-07-15T16:44:08","date_gmt":"2016-07-15T14:44:08","guid":{"rendered":"http:\/\/www.vfl-westercelle.de\/ju-jutsu\/?page_id=499"},"modified":"2018-04-11T19:26:08","modified_gmt":"2018-04-11T17:26:08","slug":"berichte","status":"publish","type":"page","link":"https:\/\/www.vfl-westercelle.de\/ju-ju\/presse\/berichte\/","title":{"rendered":"Berichte"},"content":{"rendered":"<div  class='av-alb-blogposts template-blog  av-blog-meta-author-disabled av-blog-meta-comments-disabled '  itemscope=\"itemscope\" itemtype=\"https:\/\/schema.org\/Blog\" ><article class=\"post-entry post-entry-type-standard post-entry-3508 post-loop-1 post-parity-odd single-big with-slider post-3508 post type-post status-publish format-standard has-post-thumbnail hentry category-allgemein category-ju-jutsu-news tag-pressebericht tag-selbstverteidigung tag-wettkampfbericht\"  itemscope=\"itemscope\" itemtype=\"https:\/\/schema.org\/BlogPosting\" ><div class=\"big-preview single-big\"  itemprop=\"image\" itemscope=\"itemscope\" itemtype=\"https:\/\/schema.org\/ImageObject\" ><a href=\"https:\/\/www.vfl-westercelle.de\/ju-ju\/theodor-godawa-erkaempft-sich-platz-9-bei-der-ju-jutsu-jugend-europameisterschaft\/\"  title=\"19-03-2026_EM_U16_Theodor_Godawa\" ><img decoding=\"async\" loading=\"lazy\" width=\"845\" height=\"321\" src=\"https:\/\/www.vfl-westercelle.de\/ju-ju\/wp-content\/uploads\/sites\/2\/2026\/03\/19-03-2026_EM_U16_Theodor_Godawa-845x321.jpg\" class=\"wp-image-3509 avia-img-lazy-loading-3509 attachment-entry_with_sidebar size-entry_with_sidebar wp-post-image\" alt=\"\" \/><\/a><\/div><div class=\"blog-meta\"><\/div><div class='entry-content-wrapper clearfix standard-content'><header class=\"entry-content-header\" aria-label=\"Post: Theodor Godawa erk\u00e4mpft sich Platz 9 bei der Ju-Jutsu Jugend-Europameisterschaft\"><h2 class='post-title entry-title '  itemprop=\"headline\" ><a href=\"https:\/\/www.vfl-westercelle.de\/ju-ju\/theodor-godawa-erkaempft-sich-platz-9-bei-der-ju-jutsu-jugend-europameisterschaft\/\" rel=\"bookmark\" title=\"Permanenter Link zu: Theodor Godawa erk\u00e4mpft sich Platz 9 bei der Ju-Jutsu Jugend-Europameisterschaft\">Theodor Godawa erk\u00e4mpft sich Platz 9 bei der Ju-Jutsu Jugend-Europameisterschaft<span class=\"post-format-icon minor-meta\"><\/span><\/a><\/h2><span class=\"post-meta-infos\"><time class=\"date-container minor-meta updated\"  itemprop=\"datePublished\" datetime=\"2026-03-23T19:15:23+01:00\" >23. M\u00e4rz 2026<\/time><span class=\"text-sep\">\/<\/span><span class=\"blog-categories minor-meta\">in <a href=\"https:\/\/www.vfl-westercelle.de\/ju-ju\/category\/allgemein\/\" rel=\"tag\">Allgemein<\/a>, <a href=\"https:\/\/www.vfl-westercelle.de\/ju-ju\/category\/ju-jutsu-news\/\" rel=\"tag\">Ju-Jutsu<\/a><\/span><\/span><\/header><div class=\"entry-content\"  itemprop=\"text\" ><p>Vom 19.-20.03.2026 fand in Heraklion auf Kreta die Jugend-Europameisterschaft im Ju-Jutsu statt. 791 Athletinnen und Athleten aus 31 L\u00e4ndern gingen auf Medaillenjagd. Vom VfL Westercelle war Theodor Godawa im Aufgebot des deutschen Bundeskaders dabei. In der Klasse U16 bis 48 kg startete Theo zuerst gegen einen Ju-Jutsuka aus Bosnien-Herzegowina. Theo begann den Kampf zwar sehr <a class=\"read-more-link\" href=\"https:\/\/www.vfl-westercelle.de\/ju-ju\/theodor-godawa-erkaempft-sich-platz-9-bei-der-ju-jutsu-jugend-europameisterschaft\/\">[ &#8230; weiter]<\/a><\/p>\n<\/div><footer class=\"entry-footer\"><\/footer><div class='post_delimiter'><\/div><\/div><div class=\"post_author_timeline\"><\/div><span class='hidden'>\n\t\t\t\t<span class='av-structured-data'  itemprop=\"image\" itemscope=\"itemscope\" itemtype=\"https:\/\/schema.org\/ImageObject\" >\n\t\t\t\t\t\t<span itemprop='url'>https:\/\/www.vfl-westercelle.de\/ju-ju\/wp-content\/uploads\/sites\/2\/2026\/03\/19-03-2026_EM_U16_Theodor_Godawa-scaled.jpg<\/span>\n\t\t\t\t\t\t<span itemprop='height'>1709<\/span>\n\t\t\t\t\t\t<span itemprop='width'>2560<\/span>\n\t\t\t\t<\/span>\n\t\t\t\t<span class='av-structured-data'  itemprop=\"publisher\" itemtype=\"https:\/\/schema.org\/Organization\" itemscope=\"itemscope\" >\n\t\t\t\t\t\t<span itemprop='name'>K. Sell<\/span>\n\t\t\t\t\t\t<span itemprop='logo' itemscope itemtype='https:\/\/schema.org\/ImageObject'>\n\t\t\t\t\t\t\t<span itemprop='url'>http:\/\/www.vfl-westercelle.de\/ju-jutsu\/wp-content\/uploads\/sites\/2\/2016\/07\/vfljujutsulogo.png<\/span>\n\t\t\t\t\t\t<\/span>\n\t\t\t\t<\/span><span class='av-structured-data'  itemprop=\"author\" itemscope=\"itemscope\" itemtype=\"https:\/\/schema.org\/Person\" ><span itemprop='name'>K. Sell<\/span><\/span><span class='av-structured-data'  itemprop=\"datePublished\" datetime=\"2026-03-23T19:15:23+01:00\" >2026-03-23 19:15:23<\/span><span class='av-structured-data'  itemprop=\"dateModified\" itemtype=\"https:\/\/schema.org\/dateModified\" >2026-03-23 19:15:24<\/span><span class='av-structured-data'  itemprop=\"mainEntityOfPage\" itemtype=\"https:\/\/schema.org\/mainEntityOfPage\" ><span itemprop='name'>Theodor Godawa erk\u00e4mpft sich Platz 9 bei der Ju-Jutsu Jugend-Europameisterschaft<\/span><\/span><\/span><\/article><article class=\"post-entry post-entry-type-standard post-entry-3505 post-loop-2 post-parity-even single-big with-slider post-3505 post type-post status-publish format-standard has-post-thumbnail hentry category-allgemein category-ju-jutsu-news tag-pressebericht tag-wettkampfbericht\"  itemscope=\"itemscope\" itemtype=\"https:\/\/schema.org\/BlogPosting\" ><div class=\"big-preview single-big\"  itemprop=\"image\" itemscope=\"itemscope\" itemtype=\"https:\/\/schema.org\/ImageObject\" ><a href=\"https:\/\/www.vfl-westercelle.de\/ju-ju\/18-titel-bei-der-ju-jutsu-landesmeisterschaft-fuer-den-vfl-westercelle\/\"  title=\"Gruppenbild_Fighting-BJJ_LEM_2026\" ><img decoding=\"async\" loading=\"lazy\" width=\"845\" height=\"321\" src=\"https:\/\/www.vfl-westercelle.de\/ju-ju\/wp-content\/uploads\/sites\/2\/2026\/03\/Gruppenbild_Fighting-BJJ_LEM_2026-845x321.png\" class=\"wp-image-3504 avia-img-lazy-loading-3504 attachment-entry_with_sidebar size-entry_with_sidebar wp-post-image\" alt=\"\" \/><\/a><\/div><div class=\"blog-meta\"><\/div><div class='entry-content-wrapper clearfix standard-content'><header class=\"entry-content-header\" aria-label=\"Post: 18 Titel bei der Ju-Jutsu Landesmeisterschaft f\u00fcr den VfL Westercelle\"><h2 class='post-title entry-title '  itemprop=\"headline\" ><a href=\"https:\/\/www.vfl-westercelle.de\/ju-ju\/18-titel-bei-der-ju-jutsu-landesmeisterschaft-fuer-den-vfl-westercelle\/\" rel=\"bookmark\" title=\"Permanenter Link zu: 18 Titel bei der Ju-Jutsu Landesmeisterschaft f\u00fcr den VfL Westercelle\">18 Titel bei der Ju-Jutsu Landesmeisterschaft f\u00fcr den VfL Westercelle<span class=\"post-format-icon minor-meta\"><\/span><\/a><\/h2><span class=\"post-meta-infos\"><time class=\"date-container minor-meta updated\"  itemprop=\"datePublished\" datetime=\"2026-03-09T20:52:48+01:00\" >9. M\u00e4rz 2026<\/time><span class=\"text-sep\">\/<\/span><span class=\"blog-categories minor-meta\">in <a href=\"https:\/\/www.vfl-westercelle.de\/ju-ju\/category\/allgemein\/\" rel=\"tag\">Allgemein<\/a>, <a href=\"https:\/\/www.vfl-westercelle.de\/ju-ju\/category\/ju-jutsu-news\/\" rel=\"tag\">Ju-Jutsu<\/a><\/span><\/span><\/header><div class=\"entry-content\"  itemprop=\"text\" ><p>Vom 07.-08.03.2026 nahmen 325 Ju-Jutsuka aus 31 Vereinen an der Ju-Jutsu Landeseinzelmeisterschaft in Einbeck teil. F\u00fcr den VfL Westercelle gingen 34 K\u00e4mpferinnen und K\u00e4mpfer in den Kategorien Fighting und BJJ\/Newaza auf Medaillenjagd. Der erste Tag stand ganz im Zeichen der Kategorie Fighting. Aus Mangel an Gegnern, konnten nicht alle K\u00e4mpferinnen und K\u00e4mpfer des VfL in <a class=\"read-more-link\" href=\"https:\/\/www.vfl-westercelle.de\/ju-ju\/18-titel-bei-der-ju-jutsu-landesmeisterschaft-fuer-den-vfl-westercelle\/\">[ &#8230; weiter]<\/a><\/p>\n<\/div><footer class=\"entry-footer\"><\/footer><div class='post_delimiter'><\/div><\/div><div class=\"post_author_timeline\"><\/div><span class='hidden'>\n\t\t\t\t<span class='av-structured-data'  itemprop=\"image\" itemscope=\"itemscope\" itemtype=\"https:\/\/schema.org\/ImageObject\" >\n\t\t\t\t\t\t<span itemprop='url'>https:\/\/www.vfl-westercelle.de\/ju-ju\/wp-content\/uploads\/sites\/2\/2026\/03\/Gruppenbild_Fighting-BJJ_LEM_2026.png<\/span>\n\t\t\t\t\t\t<span itemprop='height'>794<\/span>\n\t\t\t\t\t\t<span itemprop='width'>1700<\/span>\n\t\t\t\t<\/span>\n\t\t\t\t<span class='av-structured-data'  itemprop=\"publisher\" itemtype=\"https:\/\/schema.org\/Organization\" itemscope=\"itemscope\" >\n\t\t\t\t\t\t<span itemprop='name'>K. Sell<\/span>\n\t\t\t\t\t\t<span itemprop='logo' itemscope itemtype='https:\/\/schema.org\/ImageObject'>\n\t\t\t\t\t\t\t<span itemprop='url'>http:\/\/www.vfl-westercelle.de\/ju-jutsu\/wp-content\/uploads\/sites\/2\/2016\/07\/vfljujutsulogo.png<\/span>\n\t\t\t\t\t\t<\/span>\n\t\t\t\t<\/span><span class='av-structured-data'  itemprop=\"author\" itemscope=\"itemscope\" itemtype=\"https:\/\/schema.org\/Person\" ><span itemprop='name'>K. Sell<\/span><\/span><span class='av-structured-data'  itemprop=\"datePublished\" datetime=\"2026-03-09T20:52:48+01:00\" >2026-03-09 20:52:48<\/span><span class='av-structured-data'  itemprop=\"dateModified\" itemtype=\"https:\/\/schema.org\/dateModified\" >2026-03-09 20:52:51<\/span><span class='av-structured-data'  itemprop=\"mainEntityOfPage\" itemtype=\"https:\/\/schema.org\/mainEntityOfPage\" ><span itemprop='name'>18 Titel bei der Ju-Jutsu Landesmeisterschaft f\u00fcr den VfL Westercelle<\/span><\/span><\/span><\/article><article class=\"post-entry post-entry-type-standard post-entry-3490 post-loop-3 post-parity-odd single-big with-slider post-3490 post type-post status-publish format-standard has-post-thumbnail hentry category-allgemein category-ju-jutsu-news tag-pressebericht tag-top tag-wettkampfbericht\"  itemscope=\"itemscope\" itemtype=\"https:\/\/schema.org\/BlogPosting\" ><div class=\"big-preview single-big\"  itemprop=\"image\" itemscope=\"itemscope\" itemtype=\"https:\/\/schema.org\/ImageObject\" ><a href=\"https:\/\/www.vfl-westercelle.de\/ju-ju\/bjj-team-gewinnt-teamwertung-in-berlin\/\"  title=\"Gruppenbild_BJJ_Berlin_2026\" ><img decoding=\"async\" loading=\"lazy\" width=\"845\" height=\"321\" src=\"https:\/\/www.vfl-westercelle.de\/ju-ju\/wp-content\/uploads\/sites\/2\/2026\/02\/Gruppenbild_BJJ_Berlin_2026-845x321.jpg\" class=\"wp-image-3489 avia-img-lazy-loading-3489 attachment-entry_with_sidebar size-entry_with_sidebar wp-post-image\" alt=\"\" \/><\/a><\/div><div class=\"blog-meta\"><\/div><div class='entry-content-wrapper clearfix standard-content'><header class=\"entry-content-header\" aria-label=\"Post: BJJ-Team gewinnt Teamwertung in Berlin\"><h2 class='post-title entry-title '  itemprop=\"headline\" ><a href=\"https:\/\/www.vfl-westercelle.de\/ju-ju\/bjj-team-gewinnt-teamwertung-in-berlin\/\" rel=\"bookmark\" title=\"Permanenter Link zu: BJJ-Team gewinnt Teamwertung in Berlin\">BJJ-Team gewinnt Teamwertung in Berlin<span class=\"post-format-icon minor-meta\"><\/span><\/a><\/h2><span class=\"post-meta-infos\"><time class=\"date-container minor-meta updated\"  itemprop=\"datePublished\" datetime=\"2026-02-04T17:44:35+01:00\" >4. Februar 2026<\/time><span class=\"text-sep\">\/<\/span><span class=\"blog-categories minor-meta\">in <a href=\"https:\/\/www.vfl-westercelle.de\/ju-ju\/category\/allgemein\/\" rel=\"tag\">Allgemein<\/a>, <a href=\"https:\/\/www.vfl-westercelle.de\/ju-ju\/category\/ju-jutsu-news\/\" rel=\"tag\">Ju-Jutsu<\/a><\/span><\/span><\/header><div class=\"entry-content\"  itemprop=\"text\" ><p>430 Teilnehmer*innen aus 10 Bundesl\u00e4ndern und \u00d6sterreich nahmen am 31.01.2026 bei der 5. Ausgabe der &#8222;The Combatch Games&#8220; in Berlin teil. Das BJJ-Team der Ju-Jutsu-Sparte des VfL Westercelle war mit 28 Athlet*innen in den Kategorien Gi und No-Gi am Start. Insgesamt konnten 26 Goldmedaillen, 15 Mal Silber und 5 Bronzemedaillen erk\u00e4mpft werden. Die Trainer Kostiantyn <a class=\"read-more-link\" href=\"https:\/\/www.vfl-westercelle.de\/ju-ju\/bjj-team-gewinnt-teamwertung-in-berlin\/\">[ &#8230; weiter]<\/a><\/p>\n<\/div><footer class=\"entry-footer\"><\/footer><div class='post_delimiter'><\/div><\/div><div class=\"post_author_timeline\"><\/div><span class='hidden'>\n\t\t\t\t<span class='av-structured-data'  itemprop=\"image\" itemscope=\"itemscope\" itemtype=\"https:\/\/schema.org\/ImageObject\" >\n\t\t\t\t\t\t<span itemprop='url'>https:\/\/www.vfl-westercelle.de\/ju-ju\/wp-content\/uploads\/sites\/2\/2026\/02\/Gruppenbild_BJJ_Berlin_2026.jpg<\/span>\n\t\t\t\t\t\t<span itemprop='height'>1200<\/span>\n\t\t\t\t\t\t<span itemprop='width'>1600<\/span>\n\t\t\t\t<\/span>\n\t\t\t\t<span class='av-structured-data'  itemprop=\"publisher\" itemtype=\"https:\/\/schema.org\/Organization\" itemscope=\"itemscope\" >\n\t\t\t\t\t\t<span itemprop='name'>K. Sell<\/span>\n\t\t\t\t\t\t<span itemprop='logo' itemscope itemtype='https:\/\/schema.org\/ImageObject'>\n\t\t\t\t\t\t\t<span itemprop='url'>http:\/\/www.vfl-westercelle.de\/ju-jutsu\/wp-content\/uploads\/sites\/2\/2016\/07\/vfljujutsulogo.png<\/span>\n\t\t\t\t\t\t<\/span>\n\t\t\t\t<\/span><span class='av-structured-data'  itemprop=\"author\" itemscope=\"itemscope\" itemtype=\"https:\/\/schema.org\/Person\" ><span itemprop='name'>K. Sell<\/span><\/span><span class='av-structured-data'  itemprop=\"datePublished\" datetime=\"2026-02-04T17:44:35+01:00\" >2026-02-04 17:44:35<\/span><span class='av-structured-data'  itemprop=\"dateModified\" itemtype=\"https:\/\/schema.org\/dateModified\" >2026-02-04 17:44:38<\/span><span class='av-structured-data'  itemprop=\"mainEntityOfPage\" itemtype=\"https:\/\/schema.org\/mainEntityOfPage\" ><span itemprop='name'>BJJ-Team gewinnt Teamwertung in Berlin<\/span><\/span><\/span><\/article><article class=\"post-entry post-entry-type-standard post-entry-3479 post-loop-4 post-parity-even post-entry-last single-big with-slider post-3479 post type-post status-publish format-standard has-post-thumbnail hentry category-allgemein category-ju-jutsu-news tag-pressebericht tag-wettkampfbericht\"  itemscope=\"itemscope\" itemtype=\"https:\/\/schema.org\/BlogPosting\" ><div class=\"big-preview single-big\"  itemprop=\"image\" itemscope=\"itemscope\" itemtype=\"https:\/\/schema.org\/ImageObject\" ><a href=\"https:\/\/www.vfl-westercelle.de\/ju-ju\/3-wm-titel-fuer-kristin-raddatz-theodor-godawa-ist-vizeweltmeister\/\"  title=\"2025_WM_Gruppenbild\" ><img decoding=\"async\" loading=\"lazy\" width=\"845\" height=\"321\" src=\"https:\/\/www.vfl-westercelle.de\/ju-ju\/wp-content\/uploads\/sites\/2\/2025\/11\/2025_WM_Gruppenbild-e1763494079404-845x321.jpeg\" class=\"wp-image-3464 avia-img-lazy-loading-3464 attachment-entry_with_sidebar size-entry_with_sidebar wp-post-image\" alt=\"\" \/><\/a><\/div><div class=\"blog-meta\"><\/div><div class='entry-content-wrapper clearfix standard-content'><header class=\"entry-content-header\" aria-label=\"Post: 3. WM-Titel f\u00fcr Kristin Raddatz \u2013 Theodor Godawa ist Vizeweltmeister\"><h2 class='post-title entry-title '  itemprop=\"headline\" ><a href=\"https:\/\/www.vfl-westercelle.de\/ju-ju\/3-wm-titel-fuer-kristin-raddatz-theodor-godawa-ist-vizeweltmeister\/\" rel=\"bookmark\" title=\"Permanenter Link zu: 3. WM-Titel f\u00fcr Kristin Raddatz \u2013 Theodor Godawa ist Vizeweltmeister\">3. WM-Titel f\u00fcr Kristin Raddatz \u2013 Theodor Godawa ist Vizeweltmeister<span class=\"post-format-icon minor-meta\"><\/span><\/a><\/h2><span class=\"post-meta-infos\"><time class=\"date-container minor-meta updated\"  itemprop=\"datePublished\" datetime=\"2025-11-18T18:33:21+01:00\" >18. November 2025<\/time><span class=\"text-sep\">\/<\/span><span class=\"blog-categories minor-meta\">in <a href=\"https:\/\/www.vfl-westercelle.de\/ju-ju\/category\/allgemein\/\" rel=\"tag\">Allgemein<\/a>, <a href=\"https:\/\/www.vfl-westercelle.de\/ju-ju\/category\/ju-jutsu-news\/\" rel=\"tag\">Ju-Jutsu<\/a><\/span><\/span><\/header><div class=\"entry-content\"  itemprop=\"text\" ><p>\u00dcber 1400 Athletinnen und Athleten aus 54 Nationen nahmen am 08.11. \u2013 14.11.2025 an der Ju-Jutsu Weltmeisterschaft der U16-U21 in Bangkok teil. Vom VfL Westercelle waren Theodor Godawa und Kristin Raddatz f\u00fcr Deutschland dabei. Theodor startete am zweiten Tag in der Klasse U16 bis 44 kg. Der erste Kampf des amtierende Europameisters war eine Neuauflage <a class=\"read-more-link\" href=\"https:\/\/www.vfl-westercelle.de\/ju-ju\/3-wm-titel-fuer-kristin-raddatz-theodor-godawa-ist-vizeweltmeister\/\">[ &#8230; weiter]<\/a><\/p>\n<\/div><footer class=\"entry-footer\"><\/footer><div class='post_delimiter'><\/div><\/div><div class=\"post_author_timeline\"><\/div><span class='hidden'>\n\t\t\t\t<span class='av-structured-data'  itemprop=\"image\" itemscope=\"itemscope\" itemtype=\"https:\/\/schema.org\/ImageObject\" >\n\t\t\t\t\t\t<span itemprop='url'>https:\/\/www.vfl-westercelle.de\/ju-ju\/wp-content\/uploads\/sites\/2\/2025\/11\/2025_WM_Gruppenbild-e1763494079404.jpeg<\/span>\n\t\t\t\t\t\t<span itemprop='height'>1153<\/span>\n\t\t\t\t\t\t<span itemprop='width'>1535<\/span>\n\t\t\t\t<\/span>\n\t\t\t\t<span class='av-structured-data'  itemprop=\"publisher\" itemtype=\"https:\/\/schema.org\/Organization\" itemscope=\"itemscope\" >\n\t\t\t\t\t\t<span itemprop='name'>K. Sell<\/span>\n\t\t\t\t\t\t<span itemprop='logo' itemscope itemtype='https:\/\/schema.org\/ImageObject'>\n\t\t\t\t\t\t\t<span itemprop='url'>http:\/\/www.vfl-westercelle.de\/ju-jutsu\/wp-content\/uploads\/sites\/2\/2016\/07\/vfljujutsulogo.png<\/span>\n\t\t\t\t\t\t<\/span>\n\t\t\t\t<\/span><span class='av-structured-data'  itemprop=\"author\" itemscope=\"itemscope\" itemtype=\"https:\/\/schema.org\/Person\" ><span itemprop='name'>K. Sell<\/span><\/span><span class='av-structured-data'  itemprop=\"datePublished\" datetime=\"2025-11-18T18:33:21+01:00\" >2025-11-18 18:33:21<\/span><span class='av-structured-data'  itemprop=\"dateModified\" itemtype=\"https:\/\/schema.org\/dateModified\" >2025-11-18 20:28:14<\/span><span class='av-structured-data'  itemprop=\"mainEntityOfPage\" itemtype=\"https:\/\/schema.org\/mainEntityOfPage\" ><span itemprop='name'>3. WM-Titel f\u00fcr Kristin Raddatz \u2013 Theodor Godawa ist Vizeweltmeister<\/span><\/span><\/span><\/article><div class='single-big'><nav class='pagination'><span class='pagination-meta'>Seite 1 von 23<\/span><span class='current'>1<\/span><a href='https:\/\/www.vfl-westercelle.de\/ju-ju\/wp-json\/wp\/v2\/pages\/499\/page\/2\/' class='inactive next_page' >2<\/a><a href='https:\/\/www.vfl-westercelle.de\/ju-ju\/wp-json\/wp\/v2\/pages\/499\/page\/3\/' class='inactive' >3<\/a><a href='https:\/\/www.vfl-westercelle.de\/ju-ju\/wp-json\/wp\/v2\/pages\/499\/page\/2\/'>&rsaquo;<\/a><a href='https:\/\/www.vfl-westercelle.de\/ju-ju\/wp-json\/wp\/v2\/pages\/499\/page\/23\/'>&raquo;<\/a><\/nav>\n<\/div><\/div>\n","protected":false},"excerpt":{"rendered":"","protected":false},"author":8,"featured_media":0,"parent":497,"menu_order":0,"comment_status":"closed","ping_status":"closed","template":"","meta":{"footnotes":""},"class_list":["post-499","page","type-page","status-publish","hentry"],"_links":{"self":[{"href":"https:\/\/www.vfl-westercelle.de\/ju-ju\/wp-json\/wp\/v2\/pages\/499","targetHints":{"allow":["GET"]}}],"collection":[{"href":"https:\/\/www.vfl-westercelle.de\/ju-ju\/wp-json\/wp\/v2\/pages"}],"about":[{"href":"https:\/\/www.vfl-westercelle.de\/ju-ju\/wp-json\/wp\/v2\/types\/page"}],"author":[{"embeddable":true,"href":"https:\/\/www.vfl-westercelle.de\/ju-ju\/wp-json\/wp\/v2\/users\/8"}],"replies":[{"embeddable":true,"href":"https:\/\/www.vfl-westercelle.de\/ju-ju\/wp-json\/wp\/v2\/comments?post=499"}],"version-history":[{"count":6,"href":"https:\/\/www.vfl-westercelle.de\/ju-ju\/wp-json\/wp\/v2\/pages\/499\/revisions"}],"predecessor-version":[{"id":1471,"href":"https:\/\/www.vfl-westercelle.de\/ju-ju\/wp-json\/wp\/v2\/pages\/499\/revisions\/1471"}],"up":[{"embeddable":true,"href":"https:\/\/www.vfl-westercelle.de\/ju-ju\/wp-json\/wp\/v2\/pages\/497"}],"wp:attachment":[{"href":"https:\/\/www.vfl-westercelle.de\/ju-ju\/wp-json\/wp\/v2\/media?parent=499"}],"curies":[{"name":"wp","href":"https:\/\/api.w.org\/{rel}","templated":true}]}}