{"id":813,"date":"2017-11-24T11:47:56","date_gmt":"2017-11-24T10:47:56","guid":{"rendered":"http:\/\/www.vfl-westercelle.de\/kt\/?page_id=813"},"modified":"2025-12-11T17:04:17","modified_gmt":"2025-12-11T16:04:17","slug":"ueber-uns","status":"publish","type":"page","link":"https:\/\/www.vfl-westercelle.de\/kt\/","title":{"rendered":"Kinderturnen beim VfL Westercelle"},"content":{"rendered":"\n<style type=\"text\/css\" data-created_by=\"avia_inline_auto\" id=\"style-css-av-286z6l-0266382996d746986d4e91a9650e2a83\">\n.flex_column.av-286z6l-0266382996d746986d4e91a9650e2a83{\nborder-radius:0px 0px 0px 0px;\npadding:0px 0px 0px 0px;\n}\n<\/style>\n<div  class='flex_column av-286z6l-0266382996d746986d4e91a9650e2a83 av_one_full  avia-builder-el-0  el_before_av_one_half  avia-builder-el-first  first flex_column_div av-zero-column-padding  '     ><p><section  class='av_textblock_section av-24e8cd-c64a32312a7b4a52ecd2296c2e2e350b '   itemscope=\"itemscope\" itemtype=\"https:\/\/schema.org\/CreativeWork\" ><div class='avia_textblock'  itemprop=\"text\" ><p>Wir bieten f\u00fcr Kinder verschiedener Altersklassen diverse Kurse an.\u00a0Im Vordergrund stehen die Bewegung und der Spa\u00df beim gemeinsamen Turnen.\u00a0Zur Verf\u00fcgung stehen uns in den drei Hallen alle Gro\u00df- und Kleinger\u00e4te, die das Kinderherz begehrt. So ist dem Bewegungsdrang Ihres Kindes keine Grenze gesetzt.<\/p>\n<\/div><\/section><br \/>\n\n<style type=\"text\/css\" data-created_by=\"avia_inline_auto\" id=\"style-css-av-b7mpx-47a9c76c1f50582c33638b147370aeec\">\n#top .av-special-heading.av-b7mpx-47a9c76c1f50582c33638b147370aeec{\npadding-bottom:10px;\n}\nbody .av-special-heading.av-b7mpx-47a9c76c1f50582c33638b147370aeec .av-special-heading-tag .heading-char{\nfont-size:25px;\n}\n.av-special-heading.av-b7mpx-47a9c76c1f50582c33638b147370aeec .av-subheading{\nfont-size:15px;\n}\n<\/style>\n<div  class='av-special-heading av-b7mpx-47a9c76c1f50582c33638b147370aeec av-special-heading-h3  avia-builder-el-2  el_after_av_textblock  avia-builder-el-last '><h3 class='av-special-heading-tag '  itemprop=\"headline\"  >Kurs\u00fcbersicht<\/h3><div class=\"special-heading-border\"><div class=\"special-heading-inner-border\"><\/div><\/div><\/div><\/p><\/div>\n\n<style type=\"text\/css\" data-created_by=\"avia_inline_auto\" id=\"style-css-av-1owym5-aca6ca696e214580dd43ff62111261eb\">\n.flex_column.av-1owym5-aca6ca696e214580dd43ff62111261eb{\nborder-radius:0px 0px 0px 0px;\npadding:0px 0px 0px 0px;\n}\n<\/style>\n<div  class='flex_column av-1owym5-aca6ca696e214580dd43ff62111261eb av_one_half  avia-builder-el-3  el_after_av_one_full  el_before_av_one_half  first flex_column_div av-zero-column-padding  column-top-margin'     ><section  class='av_textblock_section av-1emnlh-6bf0b6094c924acfd70b4edc94803811 '   itemscope=\"itemscope\" itemtype=\"https:\/\/schema.org\/CreativeWork\" ><div class='avia_textblock'  itemprop=\"text\" ><h3>Kinderturnen mit Begleitung f\u00fcr 1-3 Jahre<\/h3>\n<p>Gemeinsam mit Mama oder Papa oder einer anderen Begleitperson turnen, singen, spielen, h\u00fcpfen, schwingen, balancieren und klettern. Der erste Schritt ist die Gew\u00f6hnung an die gro\u00dfe Halle, die neuen Menschen und Ger\u00e4usche. In entspannter und ungezwungener Atmosph\u00e4re ist die Verlockung der vielen Abenteuer so gro\u00df, dass auch die Kleinsten bald selbst das Territorium erkunden.<s> <\/s>Eine tolle Zeit!<\/p>\n<p>An Gro\u00df \u2013 und Kleinger\u00e4ten zeigen sie ihre motorischen F\u00e4higkeiten und bauen diese spielerisch aus. Die Kinder lernen in der Turnstunde au\u00dferdem sich \u00fcberwinden, wenn sie beispielweise die Schlucht \u00fcberqueren oder \u00fcber die Wackelbank balancieren. Eine Herausforderung bedeutet sich anzustellen und zu warten bis ich an der Reihe bin. Der soziale Kontakt und der Umgang mit anderen Kindern wird gepflegt. Hier d\u00fcrfen die Kinder sich ausprobieren und viel Spa\u00df am Turnen haben. Die Eltern d\u00fcrfen ihre eigene Kindheitserinnerung an den Schulsport bei Seite legen und sich freuen, Dinge gemeinsam mit ihrem Kind neu zu entdecken.<\/p>\n<p>Man kann f\u00f6rmlich sp\u00fcren und ist live dabei, wie die Kleinen sich jede Woche mehr zutrauen. Sie beobachten und lernen von einander in einer Gruppe, die eine angenehme Gr\u00f6\u00dfe hat. Sie verbessern durch die spielerische Bewegungsf\u00f6rderung ihre motorischen F\u00e4higkeiten, erfahren Spa\u00df an der Bewegung und legen dadurch die Grundlagen f\u00fcr sp\u00e4tere sportliche Aktivit\u00e4ten. Es wird die gesamte Motorik gef\u00f6rdert, der Gleichgewichtssinn trainiert und nat\u00fcrlich Energie abgelassen.<\/p>\n<p>Die Turnstunde beginnt immer mit dem gleichen Begr\u00fc\u00dfungs- bzw. Aufw\u00e4rmlied zu dem die Kleinen h\u00fcpfen, klatschen und stampfen. In den Gesichtern kann man bereits sehen, dass sie voller Ungeduld auf dieses eine Lied warten;\u2026 und wehe, es muss mal ausfallen \u2026 sind es doch die immer gleichen und wiederkehrenden Rituale, die den Kindern Sicherheit und Selbstvertrauen geben.<\/p>\n<\/div><\/section><\/div>\n<style type=\"text\/css\" data-created_by=\"avia_inline_auto\" id=\"style-css-av-4bhul-d1f971d8efab9853d23e41408221fa82\">\n.flex_column.av-4bhul-d1f971d8efab9853d23e41408221fa82{\nborder-radius:0px 0px 0px 0px;\npadding:0px 0px 0px 0px;\n}\n<\/style>\n<div  class='flex_column av-4bhul-d1f971d8efab9853d23e41408221fa82 av_one_half  avia-builder-el-5  el_after_av_one_half  avia-builder-el-last  flex_column_div av-zero-column-padding  column-top-margin'     ><section  class='av_textblock_section av-3e259-217b2233d60568d24e35581cee1656c0 '   itemscope=\"itemscope\" itemtype=\"https:\/\/schema.org\/CreativeWork\" ><div class='avia_textblock'  itemprop=\"text\" ><h3>Kinderturnen ohne Begleitung f\u00fcr 4-6 Jahre<\/h3>\n<p>Ab ungef\u00e4hr 4 Jahren finden die Gruppen ohne Begleitung statt. Dann betreuen wir die Kinder mit zwei Trainern und bauen Spiele und Partner\u00fcbungen in die Stunden ein. Die Kinder entscheiden \u00fcber ihr individuelles Lerntempo beim Hangeln, Schwingen, Balancieren, Springen usw. bei Bedarf mit Unterst\u00fctzung des Trainers. Eine Herausforderung bedeutet hier sich anzustellen und zu warten bis ich an der Reihe bin. Der soziale Kontakt und das gemeinschaftliche Erleben wird gepflegt. Hier d\u00fcrfen die Kinder sich ausprobieren und viel Spa\u00df am Turnen haben. Kleine Gymnastikger\u00e4te (B\u00e4lle, Reifen, Seile) kommen zum Einsatz und die Ger\u00e4teaufbauten werden ein wenig h\u00f6her und anspruchsvoller.<\/p>\n<p>Mutig k\u00f6nnen die Kinder ihre Selbst\u00e4ndigkeit erleben und die Eltern k\u00f6nnen sie mutig in die Selbstst\u00e4ndigkeit gehen lassen.<\/p>\n<\/div><\/section><br \/>\n<section  class='av_textblock_section av-ly2r9-b2fbe76fad9ba7a4fb20b95129e93e7b '   itemscope=\"itemscope\" itemtype=\"https:\/\/schema.org\/CreativeWork\" ><div class='avia_textblock'  itemprop=\"text\" ><h3><\/h3>\n<h3>Rolle, Rad, Handstand und Co. f\u00fcr 6 -12 Jahre<\/h3>\n<h3><span style=\"color: #ff0000;\"><strong>ACHTUNG!<\/strong><\/span><\/h3>\n<p><span style=\"color: #ff0000;\">Ab Sommer 2026 wird das Angebot &#8222;Handstand, Rolle &amp; co&#8220; \u00a0in der bisherigen Form nicht mehr stattfinden, da unsere \u00dcbungsleiter aufh\u00f6ren. Sobald wir Neues planen, erfahrt ihr es nat\u00fcrlich umgehend hier! <\/span><\/p>\n<\/div><\/section><br \/>\n<section  class='av_textblock_section av-ljbxhq2j-385e6c7dbd61297666ac3523d91d275d '   itemscope=\"itemscope\" itemtype=\"https:\/\/schema.org\/CreativeWork\" ><div class='avia_textblock'  itemprop=\"text\" ><p>Viele Kinder m\u00f6chten turnerische Elemente, wie Rolle vorw\u00e4rts und r\u00fcckw\u00e4rts, Rad, Radwende, Handstand und viele andere Fertigkeiten an Turnger\u00e4ten erlernen. Wir bieten den Kindern, die das m\u00f6chten, die M\u00f6glichkeit dazu bei &#8222;Rolle, Rad, Handstand und Co&#8220;. M\u00e4dchen und Jungen sind herzlich willkommen. Wichtig zu wissen: wir trainieren zum Spa\u00df und nicht f\u00fcr Wettk\u00e4mpfe. Vorkenntnisse sind nicht erforderlich.<\/p>\n<\/div><\/section><\/p><\/div><\/p>\n","protected":false},"excerpt":{"rendered":"","protected":false},"author":1,"featured_media":0,"parent":0,"menu_order":0,"comment_status":"closed","ping_status":"closed","template":"","meta":{"footnotes":""},"class_list":["post-813","page","type-page","status-publish","hentry"],"_links":{"self":[{"href":"https:\/\/www.vfl-westercelle.de\/kt\/wp-json\/wp\/v2\/pages\/813","targetHints":{"allow":["GET"]}}],"collection":[{"href":"https:\/\/www.vfl-westercelle.de\/kt\/wp-json\/wp\/v2\/pages"}],"about":[{"href":"https:\/\/www.vfl-westercelle.de\/kt\/wp-json\/wp\/v2\/types\/page"}],"author":[{"embeddable":true,"href":"https:\/\/www.vfl-westercelle.de\/kt\/wp-json\/wp\/v2\/users\/1"}],"replies":[{"embeddable":true,"href":"https:\/\/www.vfl-westercelle.de\/kt\/wp-json\/wp\/v2\/comments?post=813"}],"version-history":[{"count":2,"href":"https:\/\/www.vfl-westercelle.de\/kt\/wp-json\/wp\/v2\/pages\/813\/revisions"}],"predecessor-version":[{"id":965,"href":"https:\/\/www.vfl-westercelle.de\/kt\/wp-json\/wp\/v2\/pages\/813\/revisions\/965"}],"wp:attachment":[{"href":"https:\/\/www.vfl-westercelle.de\/kt\/wp-json\/wp\/v2\/media?parent=813"}],"curies":[{"name":"wp","href":"https:\/\/api.w.org\/{rel}","templated":true}]}}