{"id":26,"date":"2016-12-14T12:03:26","date_gmt":"2016-12-14T11:03:26","guid":{"rendered":"http:\/\/www.vfl-westercelle.de\/lath\/?page_id=26"},"modified":"2022-06-14T09:39:16","modified_gmt":"2022-06-14T07:39:16","slug":"sportabzeichen","status":"publish","type":"page","link":"https:\/\/www.vfl-westercelle.de\/lath\/sportabzeichen\/","title":{"rendered":"Sportabzeichen"},"content":{"rendered":"\n<style type=\"text\/css\" data-created_by=\"avia_inline_auto\" id=\"style-css-av-2m9rq-98faf729d9308d0624ff2e4bbd634277\">\n.flex_column.av-2m9rq-98faf729d9308d0624ff2e4bbd634277{\nborder-radius:0px 0px 0px 0px;\npadding:0px 0px 0px 0px;\n}\n<\/style>\n<div  class='flex_column av-2m9rq-98faf729d9308d0624ff2e4bbd634277 av_one_full  avia-builder-el-0  avia-builder-el-no-sibling  first flex_column_div av-zero-column-padding  '     ><section  class='av_textblock_section av-1k3xe-2c5caa8a721f2837f5945a4c7cbcc819 '   itemscope=\"itemscope\" itemtype=\"https:\/\/schema.org\/CreativeWork\" ><div class='avia_textblock'  itemprop=\"text\" ><p>Um das deutsche Sportabzeichen zu erlangen, gilt es in den vier Gruppen, Ausdauer, Kraft, Schnelligkeit und Koordination 1-3 Punkte zu erreichen. Diese Punkte summieren sich zu den Abzeichen Bronze, Silber oder Gold. Das Schwimmen muss nicht jedes Jahr absolviert werden.<\/p>\n<p>Die Disziplinen zu trainieren und die Wertung abnehmen zu d\u00fcrfen bedarf es einer Abnahmeberechtigung. Pr\u00fcfer haben eine Lizenz mit Pr\u00fcfernummer. Diese Berechtigung muss regelm\u00e4\u00dfig geschult werden, dazu gehen die Pr\u00fcfer zu Weiterbildungskursen.<\/p>\n<p>Weitere Informationen und die Betreuung und Beratung hinsichtlich der Absolvierung des Deutschen Sportabzeichens (DSA) erfolgt durch den <strong>KSB<\/strong> <strong>Celle <\/strong>( <strong><a href=\"https:\/\/www.ksb-celle.de\/sportentwicklung\/sportabzeichen\/\">Sportabzeichen (ksb-celle.de)<\/a><\/strong> ):<\/p>\n<p><strong>J\u00fcrgen Matschiowalli<\/strong>.<\/p>\n<ul>\n<li>Pr\u00fcfbedingungen &#8211; Erwachsene und Jugend<\/li>\n<li>Ausstellen der Urkunde<\/li>\n<li>Erfassung durch das Naumann-Programm<\/li>\n<\/ul>\n<p>Zu erreichen:<\/p>\n<p><strong>Donnerstags von 16:00 bis 19:00 Uhr\u00a0<\/strong><\/p>\n<p>in der Gesch\u00e4ftsstelle des KSB Celle (Vorwerker Platz 16, 29229 Celle \/ Zufahrt \u00fcber Mummenhofstr.)<\/p>\n<p><strong>Tel.: 05141 &#8211; 48 38 11<\/strong><\/p>\n<p><strong>E-Mail: <a href=\"m&#97;&#105;&#x6c;&#x74;&#x6f;:&#115;&#112;&#x6f;&#x72;&#x74;ab&#122;&#x65;&#x69;&#x63;he&#110;&#64;&#x6b;&#x73;&#x62;-&#99;&#101;&#x6c;&#x6c;&#x65;&#46;&#100;&#101;\">&#x73;&#112;&#x6f;&#x72;&#116;&#x61;&#x62;&#122;&#x65;&#x69;&#99;&#x68;&#x65;n&#x40;&#x6b;s&#x62;&#45;c&#x65;&#108;l&#x65;&#46;d&#x65;<\/a><\/strong><\/p>\n<\/div><\/section><\/div>\n","protected":false},"excerpt":{"rendered":"","protected":false},"author":1,"featured_media":0,"parent":0,"menu_order":0,"comment_status":"closed","ping_status":"closed","template":"","meta":{"footnotes":""},"class_list":["post-26","page","type-page","status-publish","hentry"],"_links":{"self":[{"href":"https:\/\/www.vfl-westercelle.de\/lath\/wp-json\/wp\/v2\/pages\/26","targetHints":{"allow":["GET"]}}],"collection":[{"href":"https:\/\/www.vfl-westercelle.de\/lath\/wp-json\/wp\/v2\/pages"}],"about":[{"href":"https:\/\/www.vfl-westercelle.de\/lath\/wp-json\/wp\/v2\/types\/page"}],"author":[{"embeddable":true,"href":"https:\/\/www.vfl-westercelle.de\/lath\/wp-json\/wp\/v2\/users\/1"}],"replies":[{"embeddable":true,"href":"https:\/\/www.vfl-westercelle.de\/lath\/wp-json\/wp\/v2\/comments?post=26"}],"version-history":[{"count":9,"href":"https:\/\/www.vfl-westercelle.de\/lath\/wp-json\/wp\/v2\/pages\/26\/revisions"}],"predecessor-version":[{"id":180,"href":"https:\/\/www.vfl-westercelle.de\/lath\/wp-json\/wp\/v2\/pages\/26\/revisions\/180"}],"wp:attachment":[{"href":"https:\/\/www.vfl-westercelle.de\/lath\/wp-json\/wp\/v2\/media?parent=26"}],"curies":[{"name":"wp","href":"https:\/\/api.w.org\/{rel}","templated":true}]}}