{"id":800,"date":"2017-10-20T09:28:04","date_gmt":"2017-10-20T07:28:04","guid":{"rendered":"http:\/\/www.vfl-westercelle.de\/sen\/?page_id=800"},"modified":"2024-01-10T19:16:36","modified_gmt":"2024-01-10T18:16:36","slug":"wassergymnastik","status":"publish","type":"page","link":"https:\/\/www.vfl-westercelle.de\/sen\/wassergymnastik\/","title":{"rendered":"Wassergymnastik"},"content":{"rendered":"\n<style type=\"text\/css\" data-created_by=\"avia_inline_auto\" id=\"style-css-av-10q8xc-68bfb3a840131b4dd8ca95d5185327d7\">\n.flex_column.av-10q8xc-68bfb3a840131b4dd8ca95d5185327d7{\nborder-radius:0px 0px 0px 0px;\npadding:0px 0px 0px 0px;\n}\n<\/style>\n<div  class='flex_column av-10q8xc-68bfb3a840131b4dd8ca95d5185327d7 av_one_full  avia-builder-el-0  avia-builder-el-no-sibling  first flex_column_div av-zero-column-padding  '     ><style type=\"text\/css\" data-created_by=\"avia_inline_auto\" id=\"style-css-av-33ja0-c8067139c0180215fcf821279a195127\">\n#top .avia-icon-list-container.av-33ja0-c8067139c0180215fcf821279a195127 .iconlist_icon{\ncolor:#ffec00;\nbackground-color:#1f1f1f;\n}\n#top .avia-icon-list-container.av-33ja0-c8067139c0180215fcf821279a195127 .iconlist_icon svg:first-child{\nstroke:#ffec00;\nfill:#ffec00;\n}\n<\/style>\n<div  class='avia-icon-list-container av-33ja0-c8067139c0180215fcf821279a195127  avia-builder-el-1  avia-builder-el-no-sibling '><ul class='avia-icon-list avia_animate_when_almost_visible avia-icon-list-left av-iconlist-big av-33ja0-c8067139c0180215fcf821279a195127 avia-iconlist-animate'>\n<li><div class='iconlist_icon av-peflk-a9a10aefd213f914a555247a70c94978 avia-font-entypo-fontello avia-iconfont avia-font-entypo-fontello'><span class='av-icon-char' data-av_icon='\ue81f' data-av_iconfont='entypo-fontello' aria-hidden=\"true\"><\/span><\/div><article class=\"article-icon-entry \"  itemscope=\"itemscope\" itemtype=\"https:\/\/schema.org\/CreativeWork\" ><div class=\"iconlist_content_wrap\"><header class=\"entry-content-header\" aria-label=\"Icon: \u00dcber den Kurs\"><h4 class='av_iconlist_title iconlist_title  '  itemprop=\"headline\" >\u00dcber den Kurs<\/h4><\/header><div class='iconlist_content '  itemprop=\"text\" ><p>Im Celler Badeland bewegt Andrea Libich die Teilnehmer im ca. 1,20m tiefen, warmen Wasser. Die Kraft- und Koordinations\u00fcbungen schonen die Gelenke, Sehnen und R\u00fccken und kr\u00e4ftigen das Herz-Kreislaufsystem.<\/p>\n<\/div><\/div><footer class=\"entry-footer\"><\/footer><\/article><div class=\"iconlist-timeline\"><\/div><\/li>\n<li><div class='iconlist_icon av-1xjpc-c10a8b45f3fd59f0f7b871571d28e089 avia-font-entypo-fontello avia-iconfont avia-font-entypo-fontello'><span class='av-icon-char' data-av_icon='\ue862' data-av_iconfont='entypo-fontello' aria-hidden=\"true\"><\/span><\/div><article class=\"article-icon-entry \"  itemscope=\"itemscope\" itemtype=\"https:\/\/schema.org\/CreativeWork\" ><div class=\"iconlist_content_wrap\"><header class=\"entry-content-header\" aria-label=\"Icon: Trainingszeiten\"><h4 class='av_iconlist_title iconlist_title  '  itemprop=\"headline\" >Trainingszeiten<\/h4><\/header><div class='iconlist_content '  itemprop=\"text\" ><p>Mittwochs: 18:50 &#8211; 19:50 Uhr<\/p>\n<\/div><\/div><footer class=\"entry-footer\"><\/footer><\/article><div class=\"iconlist-timeline\"><\/div><\/li>\n<li><div class='iconlist_icon av-f2qfc-ef9200d921c78ac9dbc4ebccd7be81de avia-font-entypo-fontello avia-iconfont avia-font-entypo-fontello'><span class='av-icon-char' data-av_icon='\ue821' data-av_iconfont='entypo-fontello' aria-hidden=\"true\"><\/span><\/div><article class=\"article-icon-entry \"  itemscope=\"itemscope\" itemtype=\"https:\/\/schema.org\/CreativeWork\" ><div class=\"iconlist_content_wrap\"><header class=\"entry-content-header\" aria-label=\"Icon: Trainingsort\"><h4 class='av_iconlist_title iconlist_title  '  itemprop=\"headline\" >Trainingsort<\/h4><\/header><div class='iconlist_content '  itemprop=\"text\" ><p>Celler Badeland (77er Stra\u00dfe, 29221 Celle)<\/p>\n<\/div><\/div><footer class=\"entry-footer\"><\/footer><\/article><div class=\"iconlist-timeline\"><\/div><\/li>\n<li><div class='iconlist_icon av-9fjm0-4c15f5d77569c3d8806db21685f26a1e avia-font-entypo-fontello avia-iconfont avia-font-entypo-fontello'><span class='av-icon-char' data-av_icon='\ue80a' data-av_iconfont='entypo-fontello' aria-hidden=\"true\"><\/span><\/div><article class=\"article-icon-entry \"  itemscope=\"itemscope\" itemtype=\"https:\/\/schema.org\/CreativeWork\" ><div class=\"iconlist_content_wrap\"><header class=\"entry-content-header\" aria-label=\"Icon: \u00dcbungsleiterin\"><h4 class='av_iconlist_title iconlist_title  '  itemprop=\"headline\" >\u00dcbungsleiterin<\/h4><\/header><div class='iconlist_content '  itemprop=\"text\" ><p>Andrea Libich<\/p>\n<\/div><\/div><footer class=\"entry-footer\"><\/footer><\/article><div class=\"iconlist-timeline\"><\/div><\/li>\n<li><div class='iconlist_icon av-lr83m2u6-defc624f40e495cb3115b14170ba478f avia-font-entypo-fontello avia-iconfont avia-font-entypo-fontello'><span class='av-icon-char' data-av_icon='\ue854' data-av_iconfont='entypo-fontello' aria-hidden=\"true\"><\/span><\/div><article class=\"article-icon-entry \"  itemscope=\"itemscope\" itemtype=\"https:\/\/schema.org\/CreativeWork\" ><div class=\"iconlist_content_wrap\"><header class=\"entry-content-header\" aria-label=\"Icon: Kontakt\"><h4 class='av_iconlist_title iconlist_title  '  itemprop=\"headline\" >Kontakt<\/h4><\/header><div class='iconlist_content '  itemprop=\"text\" ><p>Bei Interesse kontaktieren Sie bitte die Gesch\u00e4ftsstelle. <a href=\"https:\/\/www.vfl-westercelle.de\/kontakt\/\">Hier kommen Sie zu den Kontaktdaten und den \u00d6ffnungszeiten.<\/a><\/p>\n<\/div><\/div><footer class=\"entry-footer\"><\/footer><\/article><div class=\"iconlist-timeline\"><\/div><\/li>\n<\/ul><\/div><\/div>\n","protected":false},"excerpt":{"rendered":"","protected":false},"author":1,"featured_media":0,"parent":0,"menu_order":0,"comment_status":"closed","ping_status":"closed","template":"","meta":{"footnotes":""},"class_list":["post-800","page","type-page","status-publish","hentry"],"_links":{"self":[{"href":"https:\/\/www.vfl-westercelle.de\/sen\/wp-json\/wp\/v2\/pages\/800","targetHints":{"allow":["GET"]}}],"collection":[{"href":"https:\/\/www.vfl-westercelle.de\/sen\/wp-json\/wp\/v2\/pages"}],"about":[{"href":"https:\/\/www.vfl-westercelle.de\/sen\/wp-json\/wp\/v2\/types\/page"}],"author":[{"embeddable":true,"href":"https:\/\/www.vfl-westercelle.de\/sen\/wp-json\/wp\/v2\/users\/1"}],"replies":[{"embeddable":true,"href":"https:\/\/www.vfl-westercelle.de\/sen\/wp-json\/wp\/v2\/comments?post=800"}],"version-history":[{"count":3,"href":"https:\/\/www.vfl-westercelle.de\/sen\/wp-json\/wp\/v2\/pages\/800\/revisions"}],"predecessor-version":[{"id":1251,"href":"https:\/\/www.vfl-westercelle.de\/sen\/wp-json\/wp\/v2\/pages\/800\/revisions\/1251"}],"wp:attachment":[{"href":"https:\/\/www.vfl-westercelle.de\/sen\/wp-json\/wp\/v2\/media?parent=800"}],"curies":[{"name":"wp","href":"https:\/\/api.w.org\/{rel}","templated":true}]}}