{"id":826,"date":"2017-10-20T09:37:03","date_gmt":"2017-10-20T07:37:03","guid":{"rendered":"http:\/\/www.vfl-westercelle.de\/sen\/?page_id=826"},"modified":"2026-01-01T21:12:07","modified_gmt":"2026-01-01T20:12:07","slug":"senioren-beim-vfl","status":"publish","type":"page","link":"https:\/\/www.vfl-westercelle.de\/sen\/","title":{"rendered":"\u00dcber uns"},"content":{"rendered":"\n<style type=\"text\/css\" data-created_by=\"avia_inline_auto\" id=\"style-css-av-pq9jm-fbb536ebda61d0a3f449ec255ca2f312\">\n.flex_column.av-pq9jm-fbb536ebda61d0a3f449ec255ca2f312{\nborder-radius:0px 0px 0px 0px;\npadding:0px 0px 0px 0px;\n}\n<\/style>\n<div  class='flex_column av-pq9jm-fbb536ebda61d0a3f449ec255ca2f312 av_one_full  avia-builder-el-0  el_before_av_one_full  avia-builder-el-first  first flex_column_div av-zero-column-padding  '     ><style type=\"text\/css\" data-created_by=\"avia_inline_auto\" id=\"style-css-av-jt70q-18d14ce01b7dace20e053aa1e093b190\">\n#top .av-special-heading.av-jt70q-18d14ce01b7dace20e053aa1e093b190{\npadding-bottom:10px;\n}\nbody .av-special-heading.av-jt70q-18d14ce01b7dace20e053aa1e093b190 .av-special-heading-tag .heading-char{\nfont-size:25px;\n}\n.av-special-heading.av-jt70q-18d14ce01b7dace20e053aa1e093b190 .av-subheading{\nfont-size:15px;\n}\n<\/style>\n<div  class='av-special-heading av-jt70q-18d14ce01b7dace20e053aa1e093b190 av-special-heading-h3  avia-builder-el-1  avia-builder-el-no-sibling '><h3 class='av-special-heading-tag '  itemprop=\"headline\"  >Unsere Kurse<\/h3><div class=\"special-heading-border\"><div class=\"special-heading-inner-border\"><\/div><\/div><\/div><\/div>\n\n<style type=\"text\/css\" data-created_by=\"avia_inline_auto\" id=\"style-css-av-1k7vfm-c50c81e1061e37063e22cb5a780fba99\">\n.flex_column.av-1k7vfm-c50c81e1061e37063e22cb5a780fba99{\nborder-radius:0px 0px 0px 0px;\npadding:0px 0px 0px 0px;\n}\n<\/style>\n<div  class='flex_column av-1k7vfm-c50c81e1061e37063e22cb5a780fba99 av_one_full  avia-builder-el-2  el_after_av_one_full  el_before_av_one_full  first flex_column_div av-zero-column-padding  column-top-margin'     ><section  class='av_textblock_section av-17ndb6-a4265fdc8c5f399bd59779695cedfb37 '   itemscope=\"itemscope\" itemtype=\"https:\/\/schema.org\/CreativeWork\" ><div class='avia_textblock'  itemprop=\"text\" ><p class=\"paragraph_style_8\">Unser Angebot an Kursen richtet sich grunds\u00e4tzlich an alle Senioren. Sie finden auf diesen Seiten eine \u00dcbersicht der angebotenen Kurse sowie alle wichtigen Kursdaten. Frei nach dem Motto &#8222;Das Leben im Alter fit und bewusst genie\u00dfen&#8220; laden wir Sie herzlich dazu ein, unsere Angebote mit Freude und in netter Gesellschaft zu genie\u00dfen und somit Ihren Alltag zu bereichern.<\/p>\n<p>Bei weiterf\u00fchrenden Fragen stehe ich Ihnen gerne via E-Mail an <a href=\"&#x6d;&#x61;&#105;&#108;&#116;o&#x3a;&#x73;&#x65;&#110;&#105;or&#x65;&#x6e;&#x40;&#118;&#102;l&#x2d;&#x77;&#x65;&#115;&#116;&#101;r&#x63;&#x65;&#x6c;&#108;&#101;&#46;d&#x65;\">s&#101;&#110;&#x69;&#x6f;re&#110;&#64;&#x76;&#x66;l-&#119;&#101;&#x73;&#x74;er&#99;&#x65;&#x6c;&#x6c;e&#46;&#100;&#x65;<\/a> zur Verf\u00fcgung!<\/p>\n<p class=\"paragraph_style_8\">\n<\/div><\/section><\/div>\n<style type=\"text\/css\" data-created_by=\"avia_inline_auto\" id=\"style-css-av-g7mo2-ca31fd88556f9913278616228e93fd34\">\n.flex_column.av-g7mo2-ca31fd88556f9913278616228e93fd34{\nborder-radius:0px 0px 0px 0px;\npadding:0px 0px 0px 0px;\n}\n<\/style>\n<div  class='flex_column av-g7mo2-ca31fd88556f9913278616228e93fd34 av_one_full  avia-builder-el-4  el_after_av_one_full  el_before_av_four_fifth  first flex_column_div av-zero-column-padding  column-top-margin'     ><\/div><\/p>\n\n<style type=\"text\/css\" data-created_by=\"avia_inline_auto\" id=\"style-css-av-w00uy-fbd198dbb0288f6cd0c4961521a5e59b\">\n.flex_column.av-w00uy-fbd198dbb0288f6cd0c4961521a5e59b{\nborder-radius:0px 0px 0px 0px;\npadding:0px 0px 0px 0px;\n}\n<\/style>\n<div  class='flex_column av-w00uy-fbd198dbb0288f6cd0c4961521a5e59b av_four_fifth  avia-builder-el-6  el_after_av_one_full  el_before_av_one_full  first flex_column_div av-zero-column-padding  column-top-margin'     ><section  class='av_textblock_section av-qnza2-53037ebbc5c852fa61ed7402ae0bf97f '   itemscope=\"itemscope\" itemtype=\"https:\/\/schema.org\/CreativeWork\" ><div class='avia_textblock'  itemprop=\"text\" ><\/div><\/section><\/div>\n\n<style type=\"text\/css\" data-created_by=\"avia_inline_auto\" id=\"style-css-av-1wv16-888cae9ac4374a6c3789ab63a9a5ec1a\">\n.flex_column.av-1wv16-888cae9ac4374a6c3789ab63a9a5ec1a{\nborder-radius:0px 0px 0px 0px;\npadding:0px 0px 0px 0px;\n}\n<\/style>\n<div  class='flex_column av-1wv16-888cae9ac4374a6c3789ab63a9a5ec1a av_one_full  avia-builder-el-8  el_after_av_four_fifth  avia-builder-el-last  first flex_column_div av-zero-column-padding  '     ><p>\n<style type=\"text\/css\" data-created_by=\"avia_inline_auto\" id=\"style-css-av-6u9lu-2792c84807749bdb87fae105d0993a71\">\n#top .av-special-heading.av-6u9lu-2792c84807749bdb87fae105d0993a71{\npadding-bottom:10px;\n}\nbody .av-special-heading.av-6u9lu-2792c84807749bdb87fae105d0993a71 .av-special-heading-tag .heading-char{\nfont-size:25px;\n}\n.av-special-heading.av-6u9lu-2792c84807749bdb87fae105d0993a71 .av-subheading{\nfont-size:15px;\n}\n<\/style>\n<div  class='av-special-heading av-6u9lu-2792c84807749bdb87fae105d0993a71 av-special-heading-h3  avia-builder-el-9  el_before_av_blog  avia-builder-el-first '><h3 class='av-special-heading-tag '  itemprop=\"headline\"  >Neuigkeiten<\/h3><div class=\"special-heading-border\"><div class=\"special-heading-inner-border\"><\/div><\/div><\/div><br \/>\n<div  class='av-alb-blogposts template-blog  av-blog-meta-author-disabled av-blog-meta-comments-disabled '  itemscope=\"itemscope\" itemtype=\"https:\/\/schema.org\/Blog\" ><article class=\"post-entry post-entry-type-standard post-entry-1254 post-loop-1 post-parity-odd single-big with-slider post-1254 post type-post status-publish format-standard has-post-thumbnail hentry category-allgemein category-senioren tag-top\"  itemscope=\"itemscope\" itemtype=\"https:\/\/schema.org\/BlogPosting\" ><div class=\"big-preview single-big\"  itemprop=\"image\" itemscope=\"itemscope\" itemtype=\"https:\/\/schema.org\/ImageObject\" ><a href=\"https:\/\/www.vfl-westercelle.de\/sen\/mit-der-rikscha-durch-westercelle\/\"  title=\"IMG_6124 (002)\" ><img decoding=\"async\" loading=\"lazy\" width=\"845\" height=\"321\" src=\"https:\/\/www.vfl-westercelle.de\/sen\/wp-content\/uploads\/sites\/4\/2024\/09\/IMG_6124-002-scaled-e1726731641218-845x321.jpg\" class=\"wp-image-1256 avia-img-lazy-loading-1256 attachment-entry_with_sidebar size-entry_with_sidebar wp-post-image\" alt=\"\" srcset=\"https:\/\/www.vfl-westercelle.de\/sen\/wp-content\/uploads\/sites\/4\/2024\/09\/IMG_6124-002-scaled-e1726731641218-845x321.jpg 845w, https:\/\/www.vfl-westercelle.de\/sen\/wp-content\/uploads\/sites\/4\/2024\/09\/IMG_6124-002-scaled-e1726731641218-300x113.jpg 300w\" sizes=\"auto, (max-width: 845px) 100vw, 845px\" \/><\/a><\/div><div class=\"blog-meta\"><\/div><div class='entry-content-wrapper clearfix standard-content'><header class=\"entry-content-header\" aria-label=\"Post: Mit der Rikscha durch Westercelle!\"><h2 class='post-title entry-title '  itemprop=\"headline\" ><a href=\"https:\/\/www.vfl-westercelle.de\/sen\/mit-der-rikscha-durch-westercelle\/\" rel=\"bookmark\" title=\"Permanenter Link zu: Mit der Rikscha durch Westercelle!\">Mit der Rikscha durch Westercelle!<span class=\"post-format-icon minor-meta\"><\/span><\/a><\/h2><span class=\"post-meta-infos\"><time class=\"date-container minor-meta updated\"  itemprop=\"datePublished\" datetime=\"2024-09-19T09:42:06+02:00\" >19. September 2024<\/time><span class=\"text-sep\">\/<\/span><span class=\"blog-categories minor-meta\">in <a href=\"https:\/\/www.vfl-westercelle.de\/sen\/category\/allgemein\/\" rel=\"tag\">Allgemein<\/a>, <a href=\"https:\/\/www.vfl-westercelle.de\/sen\/category\/senioren\/\" rel=\"tag\">Senioren<\/a><\/span><\/span><\/header><div class=\"entry-content\"  itemprop=\"text\" ><div class=\"read-more-link\"><a href=\"https:\/\/www.vfl-westercelle.de\/sen\/mit-der-rikscha-durch-westercelle\/\" class=\"more-link\">Weiterlesen<span class='more-link-arrow avia-svg-icon avia-font-svg_entypo-fontello' data-av_svg_icon='right-open-big' data-av_iconset='svg_entypo-fontello'><svg version=\"1.1\" xmlns=\"http:\/\/www.w3.org\/2000\/svg\" width=\"15\" height=\"32\" viewBox=\"0 0 15 32\" preserveAspectRatio=\"xMidYMid meet\" role=\"graphics-symbol\" aria-hidden=\"true\">\n<path d=\"M0.416 27.84l11.456-11.84-11.456-11.904q-0.832-0.832 0-1.536 0.832-0.832 1.536 0l12.544 12.608q0.768 0.832 0 1.6l-12.544 12.608q-0.704 0.832-1.536 0-0.832-0.704 0-1.536z\"><\/path>\n<\/svg><\/span><\/a><\/div>\n<\/div><footer class=\"entry-footer\"><\/footer><div class='post_delimiter'><\/div><\/div><div class=\"post_author_timeline\"><\/div><span class='hidden'>\n\t\t\t\t<span class='av-structured-data'  itemprop=\"image\" itemscope=\"itemscope\" itemtype=\"https:\/\/schema.org\/ImageObject\" >\n\t\t\t\t\t\t<span itemprop='url'>https:\/\/www.vfl-westercelle.de\/sen\/wp-content\/uploads\/sites\/4\/2024\/09\/IMG_6124-002-scaled-e1726731641218.jpg<\/span>\n\t\t\t\t\t\t<span itemprop='height'>960<\/span>\n\t\t\t\t\t\t<span itemprop='width'>2560<\/span>\n\t\t\t\t<\/span>\n\t\t\t\t<span class='av-structured-data'  itemprop=\"publisher\" itemtype=\"https:\/\/schema.org\/Organization\" itemscope=\"itemscope\" >\n\t\t\t\t\t\t<span itemprop='name'>Dahms<\/span>\n\t\t\t\t\t\t<span itemprop='logo' itemscope itemtype='https:\/\/schema.org\/ImageObject'>\n\t\t\t\t\t\t\t<span itemprop='url'>http:\/\/www.vfl-westercelle.de\/wp-content\/uploads\/2016\/07\/vflwestercelle-172x300.png<\/span>\n\t\t\t\t\t\t<\/span>\n\t\t\t\t<\/span><span class='av-structured-data'  itemprop=\"author\" itemscope=\"itemscope\" itemtype=\"https:\/\/schema.org\/Person\" ><span itemprop='name'>Dahms<\/span><\/span><span class='av-structured-data'  itemprop=\"datePublished\" datetime=\"2024-09-19T09:42:06+02:00\" >2024-09-19 09:42:06<\/span><span class='av-structured-data'  itemprop=\"dateModified\" itemtype=\"https:\/\/schema.org\/dateModified\" >2024-10-29 08:22:27<\/span><span class='av-structured-data'  itemprop=\"mainEntityOfPage\" itemtype=\"https:\/\/schema.org\/mainEntityOfPage\" ><span itemprop='name'>Mit der Rikscha durch Westercelle!<\/span><\/span><\/span><\/article><article class=\"post-entry post-entry-type-standard post-entry-1237 post-loop-2 post-parity-even single-big with-slider post-1237 post type-post status-publish format-standard has-post-thumbnail hentry category-senioren\"  itemscope=\"itemscope\" itemtype=\"https:\/\/schema.org\/BlogPosting\" ><div class=\"big-preview single-big\"  itemprop=\"image\" itemscope=\"itemscope\" itemtype=\"https:\/\/schema.org\/ImageObject\" ><a href=\"https:\/\/www.vfl-westercelle.de\/sen\/shantychor-singt-zu-ehren-der-vfl-geburtstagskinder\/\"  title=\"Shantychor singt zu Ehren der VfL 2023 05\" ><img decoding=\"async\" loading=\"lazy\" width=\"800\" height=\"321\" src=\"https:\/\/www.vfl-westercelle.de\/sen\/wp-content\/uploads\/sites\/4\/2023\/02\/Shantychor-singt-zu-Ehren-der-VfL-2023-05-800x321.webp\" class=\"wp-image-1242 avia-img-lazy-loading-1242 attachment-entry_with_sidebar size-entry_with_sidebar wp-post-image\" alt=\"Shantychor singt zu Ehren der VfL 2023\" \/><\/a><\/div><div class=\"blog-meta\"><\/div><div class='entry-content-wrapper clearfix standard-content'><header class=\"entry-content-header\" aria-label=\"Post: Shantychor singt zu Ehren der VfL \u2013 Geburtstags\u201ckinder\u201c\"><h2 class='post-title entry-title '  itemprop=\"headline\" ><a href=\"https:\/\/www.vfl-westercelle.de\/sen\/shantychor-singt-zu-ehren-der-vfl-geburtstagskinder\/\" rel=\"bookmark\" title=\"Permanenter Link zu: Shantychor singt zu Ehren der VfL \u2013 Geburtstags\u201ckinder\u201c\">Shantychor singt zu Ehren der VfL \u2013 Geburtstags\u201ckinder\u201c<span class=\"post-format-icon minor-meta\"><\/span><\/a><\/h2><span class=\"post-meta-infos\"><time class=\"date-container minor-meta updated\"  itemprop=\"datePublished\" datetime=\"2023-02-17T08:57:16+01:00\" >17. Februar 2023<\/time><span class=\"text-sep\">\/<\/span><span class=\"blog-categories minor-meta\">in <a href=\"https:\/\/www.vfl-westercelle.de\/sen\/category\/senioren\/\" rel=\"tag\">Senioren<\/a><\/span><\/span><\/header><div class=\"entry-content\"  itemprop=\"text\" ><p>Sie trauten ihren Augen nicht, als die eingeladenen Jubilare des VfL Westercelle das Sportheim zum Kaffeetrinken betraten. Die halbe Gastst\u00e4tte war bereits von den Blauhemden des Shantychores besetzt. Bei der Begr\u00fc\u00dfung kl\u00e4rte die Seniorenbeauftragte des VfL, Inge Dahms, dann auf: Heute w\u00fcrde der Shantychor Celle ein kleines \u00dcberraschungskonzert zu Ehren der \u00e4lteren Geburtstagskinder geben. Der <a class=\"read-more-link\" href=\"https:\/\/www.vfl-westercelle.de\/sen\/shantychor-singt-zu-ehren-der-vfl-geburtstagskinder\/\">[&#8230; mehr]<\/a><\/p>\n<\/div><footer class=\"entry-footer\"><\/footer><div class='post_delimiter'><\/div><\/div><div class=\"post_author_timeline\"><\/div><span class='hidden'>\n\t\t\t\t<span class='av-structured-data'  itemprop=\"image\" itemscope=\"itemscope\" itemtype=\"https:\/\/schema.org\/ImageObject\" >\n\t\t\t\t\t\t<span itemprop='url'>https:\/\/www.vfl-westercelle.de\/sen\/wp-content\/uploads\/sites\/4\/2023\/02\/Shantychor-singt-zu-Ehren-der-VfL-2023-05.webp<\/span>\n\t\t\t\t\t\t<span itemprop='height'>529<\/span>\n\t\t\t\t\t\t<span itemprop='width'>800<\/span>\n\t\t\t\t<\/span>\n\t\t\t\t<span class='av-structured-data'  itemprop=\"publisher\" itemtype=\"https:\/\/schema.org\/Organization\" itemscope=\"itemscope\" >\n\t\t\t\t\t\t<span itemprop='name'>Onlineredaktion<\/span>\n\t\t\t\t\t\t<span itemprop='logo' itemscope itemtype='https:\/\/schema.org\/ImageObject'>\n\t\t\t\t\t\t\t<span itemprop='url'>http:\/\/www.vfl-westercelle.de\/wp-content\/uploads\/2016\/07\/vflwestercelle-172x300.png<\/span>\n\t\t\t\t\t\t<\/span>\n\t\t\t\t<\/span><span class='av-structured-data'  itemprop=\"author\" itemscope=\"itemscope\" itemtype=\"https:\/\/schema.org\/Person\" ><span itemprop='name'>Onlineredaktion<\/span><\/span><span class='av-structured-data'  itemprop=\"datePublished\" datetime=\"2023-02-17T08:57:16+01:00\" >2023-02-17 08:57:16<\/span><span class='av-structured-data'  itemprop=\"dateModified\" itemtype=\"https:\/\/schema.org\/dateModified\" >2023-03-12 13:06:43<\/span><span class='av-structured-data'  itemprop=\"mainEntityOfPage\" itemtype=\"https:\/\/schema.org\/mainEntityOfPage\" ><span itemprop='name'>Shantychor singt zu Ehren der VfL \u2013 Geburtstags\u201ckinder\u201c<\/span><\/span><\/span><\/article><article class=\"post-entry post-entry-type-standard post-entry-1217 post-loop-3 post-parity-odd post-entry-last single-big with-slider post-1217 post type-post status-publish format-standard has-post-thumbnail hentry category-senioren\"  itemscope=\"itemscope\" itemtype=\"https:\/\/schema.org\/BlogPosting\" ><div class=\"big-preview single-big\"  itemprop=\"image\" itemscope=\"itemscope\" itemtype=\"https:\/\/schema.org\/ImageObject\" ><a href=\"https:\/\/www.vfl-westercelle.de\/sen\/hockergymnastik-2\/\"  title=\"20221108_092126\" ><img decoding=\"async\" loading=\"lazy\" width=\"845\" height=\"321\" src=\"https:\/\/www.vfl-westercelle.de\/sen\/wp-content\/uploads\/sites\/4\/2022\/11\/20221108_092126-scaled-e1669973532935-845x321.jpg\" class=\"wp-image-1220 avia-img-lazy-loading-1220 attachment-entry_with_sidebar size-entry_with_sidebar wp-post-image\" alt=\"\" srcset=\"https:\/\/www.vfl-westercelle.de\/sen\/wp-content\/uploads\/sites\/4\/2022\/11\/20221108_092126-scaled-e1669973532935-845x321.jpg 845w, https:\/\/www.vfl-westercelle.de\/sen\/wp-content\/uploads\/sites\/4\/2022\/11\/20221108_092126-scaled-e1669973532935-300x113.jpg 300w\" sizes=\"auto, (max-width: 845px) 100vw, 845px\" \/><\/a><\/div><div class=\"blog-meta\"><\/div><div class='entry-content-wrapper clearfix standard-content'><header class=\"entry-content-header\" aria-label=\"Post: Hockergymnastik\"><h2 class='post-title entry-title '  itemprop=\"headline\" ><a href=\"https:\/\/www.vfl-westercelle.de\/sen\/hockergymnastik-2\/\" rel=\"bookmark\" title=\"Permanenter Link zu: Hockergymnastik\">Hockergymnastik<span class=\"post-format-icon minor-meta\"><\/span><\/a><\/h2><span class=\"post-meta-infos\"><time class=\"date-container minor-meta updated\"  itemprop=\"datePublished\" datetime=\"2022-12-02T10:35:00+01:00\" >2. Dezember 2022<\/time><span class=\"text-sep\">\/<\/span><span class=\"blog-categories minor-meta\">in <a href=\"https:\/\/www.vfl-westercelle.de\/sen\/category\/senioren\/\" rel=\"tag\">Senioren<\/a><\/span><\/span><\/header><div class=\"entry-content\"  itemprop=\"text\" ><p>Nach dem gro\u00dfen Lockdown, im Juni 2021 hatte der VfL Westercelle e.V. die M\u00f6glichkeit, eine finanzielle Unterst\u00fctzung des Landessportbundes f\u00fcr ein neues Kursangebot zu bekommen. Da bereits mehrfach der Wunsch an uns herangetragen wurde, ein weiteres Angebot f\u00fcr \u00c4ltere anzubieten, die nicht mehr so gelenkig sind, um auf der Matte \u00dcbungen zu machen, konnten wir <a class=\"read-more-link\" href=\"https:\/\/www.vfl-westercelle.de\/sen\/hockergymnastik-2\/\">[&#8230; mehr]<\/a><\/p>\n<\/div><footer class=\"entry-footer\"><\/footer><div class='post_delimiter'><\/div><\/div><div class=\"post_author_timeline\"><\/div><span class='hidden'>\n\t\t\t\t<span class='av-structured-data'  itemprop=\"image\" itemscope=\"itemscope\" itemtype=\"https:\/\/schema.org\/ImageObject\" >\n\t\t\t\t\t\t<span itemprop='url'>https:\/\/www.vfl-westercelle.de\/sen\/wp-content\/uploads\/sites\/4\/2022\/11\/20221108_092126-scaled-e1669973532935.jpg<\/span>\n\t\t\t\t\t\t<span itemprop='height'>960<\/span>\n\t\t\t\t\t\t<span itemprop='width'>2560<\/span>\n\t\t\t\t<\/span>\n\t\t\t\t<span class='av-structured-data'  itemprop=\"publisher\" itemtype=\"https:\/\/schema.org\/Organization\" itemscope=\"itemscope\" >\n\t\t\t\t\t\t<span itemprop='name'>Dahms<\/span>\n\t\t\t\t\t\t<span itemprop='logo' itemscope itemtype='https:\/\/schema.org\/ImageObject'>\n\t\t\t\t\t\t\t<span itemprop='url'>http:\/\/www.vfl-westercelle.de\/wp-content\/uploads\/2016\/07\/vflwestercelle-172x300.png<\/span>\n\t\t\t\t\t\t<\/span>\n\t\t\t\t<\/span><span class='av-structured-data'  itemprop=\"author\" itemscope=\"itemscope\" itemtype=\"https:\/\/schema.org\/Person\" ><span itemprop='name'>Dahms<\/span><\/span><span class='av-structured-data'  itemprop=\"datePublished\" datetime=\"2022-12-02T10:35:00+01:00\" >2022-12-02 10:35:00<\/span><span class='av-structured-data'  itemprop=\"dateModified\" itemtype=\"https:\/\/schema.org\/dateModified\" >2022-12-02 10:39:09<\/span><span class='av-structured-data'  itemprop=\"mainEntityOfPage\" itemtype=\"https:\/\/schema.org\/mainEntityOfPage\" ><span itemprop='name'>Hockergymnastik<\/span><\/span><\/span><\/article><div class='single-big'><nav class='pagination'><span class='pagination-meta'>Seite 1 von 8<\/span><span class='current'>1<\/span><a href='https:\/\/www.vfl-westercelle.de\/sen\/wp-json\/wp\/v2\/pages\/826\/page\/2\/' class='inactive next_page' >2<\/a><a href='https:\/\/www.vfl-westercelle.de\/sen\/wp-json\/wp\/v2\/pages\/826\/page\/3\/' class='inactive' >3<\/a><a href='https:\/\/www.vfl-westercelle.de\/sen\/wp-json\/wp\/v2\/pages\/826\/page\/2\/'>&rsaquo;<\/a><a href='https:\/\/www.vfl-westercelle.de\/sen\/wp-json\/wp\/v2\/pages\/826\/page\/8\/'>&raquo;<\/a><\/nav>\n<\/div><\/div><\/p><\/div>\n","protected":false},"excerpt":{"rendered":"","protected":false},"author":1,"featured_media":0,"parent":0,"menu_order":0,"comment_status":"closed","ping_status":"closed","template":"","meta":{"footnotes":""},"class_list":["post-826","page","type-page","status-publish","hentry"],"_links":{"self":[{"href":"https:\/\/www.vfl-westercelle.de\/sen\/wp-json\/wp\/v2\/pages\/826","targetHints":{"allow":["GET"]}}],"collection":[{"href":"https:\/\/www.vfl-westercelle.de\/sen\/wp-json\/wp\/v2\/pages"}],"about":[{"href":"https:\/\/www.vfl-westercelle.de\/sen\/wp-json\/wp\/v2\/types\/page"}],"author":[{"embeddable":true,"href":"https:\/\/www.vfl-westercelle.de\/sen\/wp-json\/wp\/v2\/users\/1"}],"replies":[{"embeddable":true,"href":"https:\/\/www.vfl-westercelle.de\/sen\/wp-json\/wp\/v2\/comments?post=826"}],"version-history":[{"count":3,"href":"https:\/\/www.vfl-westercelle.de\/sen\/wp-json\/wp\/v2\/pages\/826\/revisions"}],"predecessor-version":[{"id":1281,"href":"https:\/\/www.vfl-westercelle.de\/sen\/wp-json\/wp\/v2\/pages\/826\/revisions\/1281"}],"wp:attachment":[{"href":"https:\/\/www.vfl-westercelle.de\/sen\/wp-json\/wp\/v2\/media?parent=826"}],"curies":[{"name":"wp","href":"https:\/\/api.w.org\/{rel}","templated":true}]}}