{"id":168,"date":"2020-12-06T21:17:15","date_gmt":"2020-12-06T20:17:15","guid":{"rendered":"http:\/\/www.vfl-westercelle.de\/t-g\/?page_id=168"},"modified":"2024-05-07T12:25:57","modified_gmt":"2024-05-07T10:25:57","slug":"pilates","status":"publish","type":"page","link":"https:\/\/www.vfl-westercelle.de\/t-g\/pilates\/","title":{"rendered":"Pilates"},"content":{"rendered":"<div  class='flex_column av-ngftk-893c6fce8bef5465905b092ccae9f1a5 av_one_full  avia-builder-el-0  el_before_av_one_full  avia-builder-el-first  first flex_column_div  '     ><section  class='av_textblock_section av-kz5chnff-bd14d00dbc3661d80757c4aab54ead09 '   itemscope=\"itemscope\" itemtype=\"https:\/\/schema.org\/CreativeWork\" ><div class='avia_textblock'  itemprop=\"text\" ><div class=\"yvtt0yo mgz-element mgz-element-row full_width_row\">\n<div class=\"mgz-element-inner yvtt0yo-s\">\n<div class=\"inner-content mgz-container\">\n<div class=\"tr8y7vx mgz-element mgz-element-column mgz-col-md-6\">\n<div class=\"mgz-element-inner tr8y7vx-s\">\n<div class=\"ko64vn3 mgz-element mgz-child mgz-element-text\">\n<div class=\"mgz-element-inner ko64vn3-s\">\n<p>PILATES ist eine sanfte, aber wirkungsvolle Trainingsmethode f\u00fcr alle diejenigen, die Ihre Beweglichkeit, K\u00f6rperhaltung sowie Ihre innere Haltung verbessern wollen. Hierbei werden K\u00f6rper und Geist durch die gezielte Aktivierung der einzelnen Muskeln oder Muskelpartien entspannt oder gedehnt. Dabei gilt besonderes Augenmerk der K\u00f6rpermitte &#8211; Aktivierung des Kraftzentrums (Powerhouse) &#8211; durch Training der Tiefenmuskulatur im Becken und in der Taille, sowie Koordinierung der Atmung in die Bewegungen. Dies f\u00fchrt zu einer verbesserten Beweglichkeit von Becken und Schultern und somit einer verbesserten Haltung des ganzen K\u00f6rpers. Pilates bringt Muskeln und Gelenke wieder in Schwung, ohne sie zu belasten.<\/p>\n<\/div>\n<\/div>\n<\/div>\n<\/div>\n<\/div>\n<\/div>\n<\/div>\n<div class=\"qws528l mgz-element mgz-element-row full_width_row\">\n<div class=\"mgz-element-inner qws528l-s\">\n<div class=\"inner-content mgz-container\">\n<div class=\"s4ekd5l mgz-element mgz-element-column mgz-col-md-6\">\n<div class=\"mgz-element-inner s4ekd5l-s\">\n<div class=\"n4dpmbd mgz-element mgz-child mgz-element-text\">\n<div class=\"mgz-element-inner n4dpmbd-s\"><\/div>\n<\/div>\n<\/div>\n<\/div>\n<\/div>\n<\/div>\n<\/div>\n<\/div><\/section><\/div>\n\n<style type=\"text\/css\" data-created_by=\"avia_inline_auto\" id=\"style-css-av-tdj48-c43e047a674127c4d907537b66115199\">\n.flex_column.av-tdj48-c43e047a674127c4d907537b66115199{\nborder-radius:0px 0px 0px 0px;\npadding:0px 0px 0px 0px;\n}\n<\/style>\n<div  class='flex_column av-tdj48-c43e047a674127c4d907537b66115199 av_one_full  avia-builder-el-2  el_after_av_one_full  el_before_av_hr  first flex_column_div av-zero-column-padding  column-top-margin'     ><style type=\"text\/css\" data-created_by=\"avia_inline_auto\" id=\"style-css-av-kz5dxtxv-06c392846cbc71c448e328b551505fce\">\n#top .avia-icon-list-container.av-kz5dxtxv-06c392846cbc71c448e328b551505fce .iconlist_icon{\ncolor:#eeee22;\nbackground-color:#000000;\n}\n#top .avia-icon-list-container.av-kz5dxtxv-06c392846cbc71c448e328b551505fce .iconlist_icon svg:first-child{\nstroke:#eeee22;\nfill:#eeee22;\n}\n<\/style>\n<div  class='avia-icon-list-container av-kz5dxtxv-06c392846cbc71c448e328b551505fce  avia-builder-el-3  avia-builder-el-no-sibling '><ul class='avia-icon-list avia_animate_when_almost_visible avia-icon-list-left av-iconlist-big av-kz5dxtxv-06c392846cbc71c448e328b551505fce avia-iconlist-animate'>\n<li><div class='iconlist_icon av-l8jwwqqj-ca4b24c443ea11d79a2c687b23043582 avia-font-entypo-fontello avia-iconfont avia-font-entypo-fontello'><span class='av-icon-char' data-av_icon='\ue862' data-av_iconfont='entypo-fontello' aria-hidden=\"true\"><\/span><\/div><article class=\"article-icon-entry \"  itemscope=\"itemscope\" itemtype=\"https:\/\/schema.org\/CreativeWork\" ><div class=\"iconlist_content_wrap\"><header class=\"entry-content-header\" aria-label=\"Icon: Termin\"><h4 class='av_iconlist_title iconlist_title  '  itemprop=\"headline\" >Termin<\/h4><\/header><div class='iconlist_content '  itemprop=\"text\" ><p>Mittwochs 17.45 &#8211; 19.00 Uhr<\/p>\n<\/div><\/div><footer class=\"entry-footer\"><\/footer><\/article><div class=\"iconlist-timeline\"><\/div><\/li>\n<li><div class='iconlist_icon av-ks3gg-ab765bd93d563aa163c1f7882eb54523 avia-font-entypo-fontello avia-iconfont avia-font-entypo-fontello'><span class='av-icon-char' data-av_icon='\ue841' data-av_iconfont='entypo-fontello' aria-hidden=\"true\"><\/span><\/div><article class=\"article-icon-entry \"  itemscope=\"itemscope\" itemtype=\"https:\/\/schema.org\/CreativeWork\" ><div class=\"iconlist_content_wrap\"><header class=\"entry-content-header\" aria-label=\"Icon: Ort\"><h4 class='av_iconlist_title iconlist_title  '  itemprop=\"headline\" >Ort<\/h4><\/header><div class='iconlist_content '  itemprop=\"text\" ><p>Gymnastikraum der Nadelberghalle<\/p>\n<p>Grundschule Nadelberg<br \/>\nSchulstra\u00dfe 6<br \/>\n29227 Celle<\/p>\n<\/div><\/div><footer class=\"entry-footer\"><\/footer><\/article><div class=\"iconlist-timeline\"><\/div><\/li>\n<li><div class='iconlist_icon av-fipk0-3fbe259ac34a1fd8f0767726b4eea487 avia-font-entypo-fontello avia-iconfont avia-font-entypo-fontello'><span class='av-icon-char' data-av_icon='\ue81e' data-av_iconfont='entypo-fontello' aria-hidden=\"true\"><\/span><\/div><article class=\"article-icon-entry \"  itemscope=\"itemscope\" itemtype=\"https:\/\/schema.org\/CreativeWork\" ><div class=\"iconlist_content_wrap\"><header class=\"entry-content-header\" aria-label=\"Icon: Bitte mitbringen\"><h4 class='av_iconlist_title iconlist_title  '  itemprop=\"headline\" >Bitte mitbringen<\/h4><\/header><div class='iconlist_content '  itemprop=\"text\" ><p>Isomatte, Handtuch und\/oder kleines Kissen<\/p>\n<\/div><\/div><footer class=\"entry-footer\"><\/footer><\/article><div class=\"iconlist-timeline\"><\/div><\/li>\n<li><div class='iconlist_icon av-azau8-c1e9f9d2d4f3806066cb9d975bfab574 avia-font-entypo-fontello avia-iconfont avia-font-entypo-fontello'><span class='av-icon-char' data-av_icon='\ue80a' data-av_iconfont='entypo-fontello' aria-hidden=\"true\"><\/span><\/div><article class=\"article-icon-entry \"  itemscope=\"itemscope\" itemtype=\"https:\/\/schema.org\/CreativeWork\" ><div class=\"iconlist_content_wrap\"><header class=\"entry-content-header\" aria-label=\"Icon: Kursleitung\"><h4 class='av_iconlist_title iconlist_title  '  itemprop=\"headline\" >Kursleitung<\/h4><\/header><div class='iconlist_content '  itemprop=\"text\" ><p>Christa Sch\u00fctze (DTB-Kursleiterin Pilates)<\/p>\n<\/div><\/div><footer class=\"entry-footer\"><\/footer><\/article><div class=\"iconlist-timeline\"><\/div><\/li>\n<li><div class='iconlist_icon av-kz5dze3p-21b99352828488459ab0ce38b8ce297b avia-font-entypo-fontello avia-iconfont avia-font-entypo-fontello'><span class='av-icon-char' data-av_icon='\ue812' data-av_iconfont='entypo-fontello' aria-hidden=\"true\"><\/span><\/div><article class=\"article-icon-entry \"  itemscope=\"itemscope\" itemtype=\"https:\/\/schema.org\/CreativeWork\" ><div class=\"iconlist_content_wrap\"><header class=\"entry-content-header\" aria-label=\"Icon: Anmeldung\"><h4 class='av_iconlist_title iconlist_title  '  itemprop=\"headline\" >Anmeldung<\/h4><\/header><div class='iconlist_content '  itemprop=\"text\" ><p>bitte \u00fcber die VfL-Gesch\u00e4ftsstelle unter\u00a0<strong>Tel. 0 51 41- 88 77 75 <\/strong>oder <a href=\"&#x6d;&#x61;&#x69;&#x6c;&#x74;&#111;&#58;&#107;&#117;rse&#x40;&#x76;&#x66;&#x6c;&#x2d;&#x77;&#101;&#115;&#116;erc&#x65;&#x6c;&#x6c;&#x65;&#x2e;&#x64;&#101;\"><strong>k&#117;&#x72;&#x73;e&#64;&#118;&#x66;&#x6c;-&#119;&#x65;&#x73;t&#101;&#114;&#x63;&#x65;l&#108;&#x65;&#x2e;d&#101;<\/strong><\/a><\/p>\n<p><strong>Achtung!\u00a0 \u00a0 \u00a0Da die maximale Teilnehmendenzahl erreicht ist, k\u00f6nnen derzeit keine weiteren Teilnehmer aufgenommen werden.<\/strong><\/p>\n<\/div><\/div><footer class=\"entry-footer\"><\/footer><\/article><div class=\"iconlist-timeline\"><\/div><\/li>\n<\/ul><\/div><\/div><div  class='hr av-hje2g-eb805ab9013810e0aa2d2ba0f7e641a9 hr-default  avia-builder-el-4  el_after_av_one_full  avia-builder-el-last '><span class='hr-inner '><span class=\"hr-inner-style\"><\/span><\/span><\/div><\/p>\n","protected":false},"excerpt":{"rendered":"","protected":false},"author":29,"featured_media":0,"parent":0,"menu_order":0,"comment_status":"closed","ping_status":"closed","template":"","meta":{"footnotes":""},"class_list":["post-168","page","type-page","status-publish","hentry"],"_links":{"self":[{"href":"https:\/\/www.vfl-westercelle.de\/t-g\/wp-json\/wp\/v2\/pages\/168","targetHints":{"allow":["GET"]}}],"collection":[{"href":"https:\/\/www.vfl-westercelle.de\/t-g\/wp-json\/wp\/v2\/pages"}],"about":[{"href":"https:\/\/www.vfl-westercelle.de\/t-g\/wp-json\/wp\/v2\/types\/page"}],"author":[{"embeddable":true,"href":"https:\/\/www.vfl-westercelle.de\/t-g\/wp-json\/wp\/v2\/users\/29"}],"replies":[{"embeddable":true,"href":"https:\/\/www.vfl-westercelle.de\/t-g\/wp-json\/wp\/v2\/comments?post=168"}],"version-history":[{"count":3,"href":"https:\/\/www.vfl-westercelle.de\/t-g\/wp-json\/wp\/v2\/pages\/168\/revisions"}],"predecessor-version":[{"id":600,"href":"https:\/\/www.vfl-westercelle.de\/t-g\/wp-json\/wp\/v2\/pages\/168\/revisions\/600"}],"wp:attachment":[{"href":"https:\/\/www.vfl-westercelle.de\/t-g\/wp-json\/wp\/v2\/media?parent=168"}],"curies":[{"name":"wp","href":"https:\/\/api.w.org\/{rel}","templated":true}]}}