{"id":79,"date":"2020-10-25T16:54:31","date_gmt":"2020-10-25T15:54:31","guid":{"rendered":"http:\/\/www.vfl-westercelle.de\/t-g\/?page_id=79"},"modified":"2021-01-16T16:27:03","modified_gmt":"2021-01-16T15:27:03","slug":"ueber-uns","status":"publish","type":"page","link":"https:\/\/www.vfl-westercelle.de\/t-g\/ueber-uns\/","title":{"rendered":"\u00dcber uns"},"content":{"rendered":"\n<style type=\"text\/css\" data-created_by=\"avia_inline_auto\" id=\"style-css-av-nplz-e1e28b66fe8c444010b5f186265b0a1f\">\n.flex_column.av-nplz-e1e28b66fe8c444010b5f186265b0a1f{\nborder-radius:0px 0px 0px 0px;\npadding:0px 0px 0px 0px;\n}\n<\/style>\n<div  class='flex_column av-nplz-e1e28b66fe8c444010b5f186265b0a1f av_one_full  avia-builder-el-0  avia-builder-el-no-sibling  first flex_column_div av-zero-column-padding  '     ><section  class='av_textblock_section av-kgpame54-94f5936b68da9a59f84fb5fdfc501215 '   itemscope=\"itemscope\" itemtype=\"https:\/\/schema.org\/CreativeWork\" ><div class='avia_textblock'  itemprop=\"text\" ><p>Die Sparte hat \u00dcbungsleiter\/-innen \u2013 \u00fcberwiegend Sportlehrer, \u00dcbungsleiter mit C-Lizenz, \u00dcbungsleiter mit Lizenz f\u00fcr \u201ePr\u00e4vention und Rehabilitation\u201c, Pilates Kursleiter\/-innen und Yoga-Kursleiter\/-innen. Die \u00dcbungsleiter-Ausbildung und die Vermittlung von gesundheitsf\u00f6rdernden Inhalten in den Gruppen stehen beim VfL Westercelle im Fokus.<\/p>\n<p>Der VfL Westercelle ist mit dem \u201ePluspunkt Gesundheit\u201c ausgezeichnet.<\/p>\n<p>Turnen &amp; Gymnastik ist ein Schwerpunkt im Sportangebot des VfL Westercelle: H\u00e4tten Sie gedacht, dass <a href=\"https:\/\/www.vfl-westercelle.de\/kt\/\">Kinderturnen<\/a>, <a href=\"https:\/\/www.vfl-westercelle.de\/t-g\/pilates\/\">Pilates<\/a>, <a href=\"https:\/\/www.vfl-westercelle.de\/t-g\/step-aerobic\/\">Step-Aerobic<\/a>, <a href=\"https:\/\/www.vfl-westercelle.de\/yog\/\">Yoga<\/a>, Wirbels\u00e4ulengymnastik, Osteoporose-Pr\u00e4vention, <a href=\"https:\/\/www.vfl-westercelle.de\/t-g\/body-workout\/\">Body-Workout<\/a>,\u00a0 Gymnastik f\u00fcr M\u00e4nner und Frauen, Fitnessplus, Rehasport bei Arthrose und Gelenkersatz, <a href=\"https:\/\/www.vfl-westercelle.de\/walk\/\">Walken<\/a>, Kraft- und Fitnesstraining \u2013 und, und, und \u2026\u2026 alle zu dieser Sparte dazugeh\u00f6ren?<\/p>\n<\/div><\/section><\/div>\n","protected":false},"excerpt":{"rendered":"","protected":false},"author":29,"featured_media":0,"parent":0,"menu_order":0,"comment_status":"closed","ping_status":"closed","template":"","meta":{"footnotes":""},"class_list":["post-79","page","type-page","status-publish","hentry"],"_links":{"self":[{"href":"https:\/\/www.vfl-westercelle.de\/t-g\/wp-json\/wp\/v2\/pages\/79","targetHints":{"allow":["GET"]}}],"collection":[{"href":"https:\/\/www.vfl-westercelle.de\/t-g\/wp-json\/wp\/v2\/pages"}],"about":[{"href":"https:\/\/www.vfl-westercelle.de\/t-g\/wp-json\/wp\/v2\/types\/page"}],"author":[{"embeddable":true,"href":"https:\/\/www.vfl-westercelle.de\/t-g\/wp-json\/wp\/v2\/users\/29"}],"replies":[{"embeddable":true,"href":"https:\/\/www.vfl-westercelle.de\/t-g\/wp-json\/wp\/v2\/comments?post=79"}],"version-history":[{"count":10,"href":"https:\/\/www.vfl-westercelle.de\/t-g\/wp-json\/wp\/v2\/pages\/79\/revisions"}],"predecessor-version":[{"id":243,"href":"https:\/\/www.vfl-westercelle.de\/t-g\/wp-json\/wp\/v2\/pages\/79\/revisions\/243"}],"wp:attachment":[{"href":"https:\/\/www.vfl-westercelle.de\/t-g\/wp-json\/wp\/v2\/media?parent=79"}],"curies":[{"name":"wp","href":"https:\/\/api.w.org\/{rel}","templated":true}]}}