{"id":32,"date":"2016-11-16T10:56:54","date_gmt":"2016-11-16T09:56:54","guid":{"rendered":"http:\/\/www.vfl-westercelle.de\/tanz\/?page_id=32"},"modified":"2026-02-11T19:32:19","modified_gmt":"2026-02-11T18:32:19","slug":"die-tanzsparte","status":"publish","type":"page","link":"https:\/\/www.vfl-westercelle.de\/tanz\/","title":{"rendered":"Die Tanzsparte"},"content":{"rendered":"<div id='full_slider_1'  class='avia-fullwidth-slider main_color avia-shadow   avia-builder-el-0  el_before_av_section  avia-builder-el-first   container_wrap sidebar_right'  ><div  class='avia-slideshow av-gfxfs-90daffebe08bb4acb69764828937fa84 avia-slideshow-featured av_slideshow_full avia-fade-slider av-slideshow-ui av-control-hidden av-no-slider-navigation av-hide-nav-arrows av-slideshow-autoplay av-loop-endless av-loop-manual-endless av-default-height-applied   avia-slideshow-1' data-slideshow-options=\"{&quot;animation&quot;:&quot;fade&quot;,&quot;autoplay&quot;:true,&quot;loop_autoplay&quot;:&quot;endless&quot;,&quot;interval&quot;:20,&quot;loop_manual&quot;:&quot;manual-endless&quot;,&quot;autoplay_stopper&quot;:false,&quot;noNavigation&quot;:true,&quot;bg_slider&quot;:false,&quot;keep_padding&quot;:false,&quot;hoverpause&quot;:false,&quot;show_slide_delay&quot;:0}\"  itemprop=\"image\" itemscope=\"itemscope\" itemtype=\"https:\/\/schema.org\/ImageObject\" ><ul class='avia-slideshow-inner ' style='padding-bottom: 28.666666666667%;'><li  class='avia-slideshow-slide av-gfxfs-90daffebe08bb4acb69764828937fa84__0  slide-1 slide-odd'><div data-rel='slideshow-1' class='avia-slide-wrap '   ><img decoding=\"async\" fetchpriority=\"high\" class=\"wp-image-60 avia-img-lazy-loading-not-60\"  src=\"https:\/\/www.vfl-westercelle.de\/tanz\/wp-content\/uploads\/sites\/8\/2016\/11\/american_line_dance_vfl_westercelle.jpg\" width=\"1500\" height=\"430\" title='american_line_dance_vfl_westercelle' alt=''  itemprop=\"thumbnailUrl\" srcset=\"https:\/\/www.vfl-westercelle.de\/tanz\/wp-content\/uploads\/sites\/8\/2016\/11\/american_line_dance_vfl_westercelle.jpg 1500w, https:\/\/www.vfl-westercelle.de\/tanz\/wp-content\/uploads\/sites\/8\/2016\/11\/american_line_dance_vfl_westercelle-300x86.jpg 300w, https:\/\/www.vfl-westercelle.de\/tanz\/wp-content\/uploads\/sites\/8\/2016\/11\/american_line_dance_vfl_westercelle-768x220.jpg 768w, https:\/\/www.vfl-westercelle.de\/tanz\/wp-content\/uploads\/sites\/8\/2016\/11\/american_line_dance_vfl_westercelle-1030x295.jpg 1030w, https:\/\/www.vfl-westercelle.de\/tanz\/wp-content\/uploads\/sites\/8\/2016\/11\/american_line_dance_vfl_westercelle-705x202.jpg 705w, https:\/\/www.vfl-westercelle.de\/tanz\/wp-content\/uploads\/sites\/8\/2016\/11\/american_line_dance_vfl_westercelle-450x129.jpg 450w\" sizes=\"(max-width: 1500px) 100vw, 1500px\" \/><\/div><\/li><li  class='avia-slideshow-slide av-gfxfs-90daffebe08bb4acb69764828937fa84__1  slide-2 slide-even'><div data-rel='slideshow-1' class='avia-slide-wrap '   ><img decoding=\"async\" fetchpriority=\"high\" class=\"wp-image-46 avia-img-lazy-loading-not-46\"  src=\"https:\/\/www.vfl-westercelle.de\/tanz\/wp-content\/uploads\/sites\/8\/2016\/11\/erlebnistanz_vfl_westercelle.jpg\" width=\"1500\" height=\"430\" title='erlebnistanz_vfl_westercelle' alt=''  itemprop=\"thumbnailUrl\" srcset=\"https:\/\/www.vfl-westercelle.de\/tanz\/wp-content\/uploads\/sites\/8\/2016\/11\/erlebnistanz_vfl_westercelle.jpg 1500w, https:\/\/www.vfl-westercelle.de\/tanz\/wp-content\/uploads\/sites\/8\/2016\/11\/erlebnistanz_vfl_westercelle-300x86.jpg 300w, https:\/\/www.vfl-westercelle.de\/tanz\/wp-content\/uploads\/sites\/8\/2016\/11\/erlebnistanz_vfl_westercelle-768x220.jpg 768w, https:\/\/www.vfl-westercelle.de\/tanz\/wp-content\/uploads\/sites\/8\/2016\/11\/erlebnistanz_vfl_westercelle-1030x295.jpg 1030w, https:\/\/www.vfl-westercelle.de\/tanz\/wp-content\/uploads\/sites\/8\/2016\/11\/erlebnistanz_vfl_westercelle-705x202.jpg 705w, https:\/\/www.vfl-westercelle.de\/tanz\/wp-content\/uploads\/sites\/8\/2016\/11\/erlebnistanz_vfl_westercelle-450x129.jpg 450w\" sizes=\"(max-width: 1500px) 100vw, 1500px\" \/><\/div><\/li><li  class='avia-slideshow-slide av-gfxfs-90daffebe08bb4acb69764828937fa84__2  slide-3 slide-odd'><div data-rel='slideshow-1' class='avia-slide-wrap '   ><img decoding=\"async\" fetchpriority=\"high\" class=\"wp-image-58 avia-img-lazy-loading-not-58\"  src=\"https:\/\/www.vfl-westercelle.de\/tanz\/wp-content\/uploads\/sites\/8\/2016\/11\/standart_latein_vfl_westercelle.jpg\" width=\"1500\" height=\"430\" title='standart_latein_vfl_westercelle' alt=''  itemprop=\"thumbnailUrl\" srcset=\"https:\/\/www.vfl-westercelle.de\/tanz\/wp-content\/uploads\/sites\/8\/2016\/11\/standart_latein_vfl_westercelle.jpg 1500w, https:\/\/www.vfl-westercelle.de\/tanz\/wp-content\/uploads\/sites\/8\/2016\/11\/standart_latein_vfl_westercelle-300x86.jpg 300w, https:\/\/www.vfl-westercelle.de\/tanz\/wp-content\/uploads\/sites\/8\/2016\/11\/standart_latein_vfl_westercelle-768x220.jpg 768w, https:\/\/www.vfl-westercelle.de\/tanz\/wp-content\/uploads\/sites\/8\/2016\/11\/standart_latein_vfl_westercelle-1030x295.jpg 1030w, https:\/\/www.vfl-westercelle.de\/tanz\/wp-content\/uploads\/sites\/8\/2016\/11\/standart_latein_vfl_westercelle-705x202.jpg 705w, https:\/\/www.vfl-westercelle.de\/tanz\/wp-content\/uploads\/sites\/8\/2016\/11\/standart_latein_vfl_westercelle-450x129.jpg 450w\" sizes=\"(max-width: 1500px) 100vw, 1500px\" \/><\/div><\/li><\/ul><div class='avia-slideshow-arrows avia-slideshow-controls' ><a href='#prev' class='prev-slide  avia-svg-icon avia-font-svg_entypo-fontello' data-av_svg_icon='left-open-big' data-av_iconset='svg_entypo-fontello' tabindex='-1' title=\"Zur\u00fcck\"><svg version=\"1.1\" xmlns=\"http:\/\/www.w3.org\/2000\/svg\" width=\"15\" height=\"32\" viewBox=\"0 0 15 32\" preserveAspectRatio=\"xMidYMid meet\" aria-labelledby='av-svg-title-1' aria-describedby='av-svg-desc-1' role=\"graphics-symbol\" aria-hidden=\"true\">\n<title id='av-svg-title-1'>Zur\u00fcck<\/title>\n<desc id='av-svg-desc-1'>Zur\u00fcck<\/desc>\n<path d=\"M14.464 27.84q0.832 0.832 0 1.536-0.832 0.832-1.536 0l-12.544-12.608q-0.768-0.768 0-1.6l12.544-12.608q0.704-0.832 1.536 0 0.832 0.704 0 1.536l-11.456 11.904z\"><\/path>\n<\/svg><span class='avia_hidden_link_text'>Zur\u00fcck<\/span><\/a><a href='#next' class='next-slide  avia-svg-icon avia-font-svg_entypo-fontello' data-av_svg_icon='right-open-big' data-av_iconset='svg_entypo-fontello' tabindex='-1' title=\"Weiter\"><svg version=\"1.1\" xmlns=\"http:\/\/www.w3.org\/2000\/svg\" width=\"15\" height=\"32\" viewBox=\"0 0 15 32\" preserveAspectRatio=\"xMidYMid meet\" aria-labelledby='av-svg-title-2' aria-describedby='av-svg-desc-2' role=\"graphics-symbol\" aria-hidden=\"true\">\n<title id='av-svg-title-2'>Weiter<\/title>\n<desc id='av-svg-desc-2'>Weiter<\/desc>\n<path d=\"M0.416 27.84l11.456-11.84-11.456-11.904q-0.832-0.832 0-1.536 0.832-0.832 1.536 0l12.544 12.608q0.768 0.832 0 1.6l-12.544 12.608q-0.704 0.832-1.536 0-0.832-0.704 0-1.536z\"><\/path>\n<\/svg><span class='avia_hidden_link_text'>Weiter<\/span><\/a><\/div><\/div><\/div>\n<div id='av_section_1'  class='avia-section av-zrws-bffc7d2758eb2f6727ec654548dd6b10 main_color avia-section-default avia-no-border-styling  avia-builder-el-1  el_after_av_slideshow_full  el_before_av_section  avia-bg-style-scroll container_wrap sidebar_right'  ><div class='container av-section-cont-open' ><div class='template-page content  av-content-small alpha units'><div class='post-entry post-entry-type-page post-entry-32'><div class='entry-content-wrapper clearfix'>\n\n<style type=\"text\/css\" data-created_by=\"avia_inline_auto\" id=\"style-css-av-5388s-7b7524c1e1a2724e0851a453d7d45f24\">\n#top .av-special-heading.av-5388s-7b7524c1e1a2724e0851a453d7d45f24{\npadding-bottom:10px;\n}\nbody .av-special-heading.av-5388s-7b7524c1e1a2724e0851a453d7d45f24 .av-special-heading-tag .heading-char{\nfont-size:25px;\n}\n.av-special-heading.av-5388s-7b7524c1e1a2724e0851a453d7d45f24 .av-subheading{\nfont-size:15px;\n}\n<\/style>\n<div  class='av-special-heading av-5388s-7b7524c1e1a2724e0851a453d7d45f24 av-special-heading-h3  avia-builder-el-2  el_before_av_two_fifth  avia-builder-el-first '><h3 class='av-special-heading-tag '  itemprop=\"headline\"  >Faszination Tanzen<\/h3><div class=\"special-heading-border\"><div class=\"special-heading-inner-border\"><\/div><\/div><\/div>\n\n<style type=\"text\/css\" data-created_by=\"avia_inline_auto\" id=\"style-css-av-4p9p4-9a44b7a8dc13eb0def544c498a3fd9da\">\n.flex_column.av-4p9p4-9a44b7a8dc13eb0def544c498a3fd9da{\nborder-radius:0px 0px 0px 0px;\npadding:0px 0px 0px 0px;\n}\n<\/style>\n<div  class='flex_column av-4p9p4-9a44b7a8dc13eb0def544c498a3fd9da av_two_fifth  avia-builder-el-3  el_after_av_heading  el_before_av_three_fifth  first flex_column_div av-zero-column-padding  '     ><p>\n<style type=\"text\/css\" data-created_by=\"avia_inline_auto\" id=\"style-css-av-3u5y0-0839629a1923362b72930773109a2847\">\n#top .hr.hr-invisible.av-3u5y0-0839629a1923362b72930773109a2847{\nheight:15px;\n}\n<\/style>\n<div  class='hr av-3u5y0-0839629a1923362b72930773109a2847 hr-invisible  avia-builder-el-4  el_before_av_image  avia-builder-el-first '><span class='hr-inner '><span class=\"hr-inner-style\"><\/span><\/span><\/div><br \/>\n\n<style type=\"text\/css\" data-created_by=\"avia_inline_auto\" id=\"style-css-av-38hjk-05dad5cc97ddf9aa6a98fc7bf786fff6\">\n.avia-image-container.av-38hjk-05dad5cc97ddf9aa6a98fc7bf786fff6 img.avia_image{\nbox-shadow:none;\n}\n.avia-image-container.av-38hjk-05dad5cc97ddf9aa6a98fc7bf786fff6 .av-image-caption-overlay-center{\ncolor:#ffffff;\n}\n<\/style>\n<div  class='avia-image-container av-38hjk-05dad5cc97ddf9aa6a98fc7bf786fff6 av-styling- av-hover-grow avia-align-left  avia-builder-el-5  el_after_av_hr  avia-builder-el-last '   itemprop=\"image\" itemscope=\"itemscope\" itemtype=\"https:\/\/schema.org\/ImageObject\" ><div class=\"avia-image-container-inner\"><div class=\"avia-image-overlay-wrap\"><img decoding=\"async\" fetchpriority=\"high\" class='wp-image-105 avia-img-lazy-loading-not-105 avia_image ' src=\"https:\/\/www.vfl-westercelle.de\/tanz\/wp-content\/uploads\/sites\/8\/2016\/11\/line_dance_gruppe_vfl_westercelle.jpg\" alt='' title='line_dance_gruppe_vfl_westercelle'  height=\"667\" width=\"1000\"  itemprop=\"thumbnailUrl\" srcset=\"https:\/\/www.vfl-westercelle.de\/tanz\/wp-content\/uploads\/sites\/8\/2016\/11\/line_dance_gruppe_vfl_westercelle.jpg 1000w, https:\/\/www.vfl-westercelle.de\/tanz\/wp-content\/uploads\/sites\/8\/2016\/11\/line_dance_gruppe_vfl_westercelle-300x200.jpg 300w, https:\/\/www.vfl-westercelle.de\/tanz\/wp-content\/uploads\/sites\/8\/2016\/11\/line_dance_gruppe_vfl_westercelle-768x512.jpg 768w, https:\/\/www.vfl-westercelle.de\/tanz\/wp-content\/uploads\/sites\/8\/2016\/11\/line_dance_gruppe_vfl_westercelle-705x470.jpg 705w, https:\/\/www.vfl-westercelle.de\/tanz\/wp-content\/uploads\/sites\/8\/2016\/11\/line_dance_gruppe_vfl_westercelle-450x300.jpg 450w\" sizes=\"(max-width: 1000px) 100vw, 1000px\" \/><\/div><\/div><\/div><\/p><\/div>\n<style type=\"text\/css\" data-created_by=\"avia_inline_auto\" id=\"style-css-av-2qt1o-0a5a786760f53642a2e344a466517266\">\n.flex_column.av-2qt1o-0a5a786760f53642a2e344a466517266{\nborder-radius:0px 0px 0px 0px;\npadding:0px 0px 0px 0px;\n}\n<\/style>\n<div  class='flex_column av-2qt1o-0a5a786760f53642a2e344a466517266 av_three_fifth  avia-builder-el-6  el_after_av_two_fifth  avia-builder-el-last  flex_column_div av-zero-column-padding  '     ><p>\n<style type=\"text\/css\" data-created_by=\"avia_inline_auto\" id=\"style-css-av-7lek-9e8e91a76e80de0ea20d688ae820e928\">\n#top .hr.hr-invisible.av-7lek-9e8e91a76e80de0ea20d688ae820e928{\nheight:10px;\n}\n<\/style>\n<div  class='hr av-7lek-9e8e91a76e80de0ea20d688ae820e928 hr-invisible  avia-builder-el-7  el_before_av_textblock  avia-builder-el-first '><span class='hr-inner '><span class=\"hr-inner-style\"><\/span><\/span><\/div><br \/>\n<section  class='av_textblock_section av-1l7d0-cd36d9d8fb831f0cb0631e45eae1dda6 '   itemscope=\"itemscope\" itemtype=\"https:\/\/schema.org\/CreativeWork\" ><div class='avia_textblock'  itemprop=\"text\" ><p style=\"text-align: justify;\">Warum \u00fcbt Tanzen eine solche Faszination aus? Daf\u00fcr gibt es viele Gr\u00fcnde. Man trifft sich mit Gleichgesinnten, bewegt sich zu Musik und trainiert so K\u00f6rper und Geist. Beim Tanzen werden sehr viele Muskelgruppen angesprochen, man erh\u00f6ht seine Kondition und K\u00f6rperbeherrschung und trainiert sein Rhythmusgef\u00fchl. Das Erlernen der einzelnen Schritte und Schrittfolgen fordert und f\u00f6rdert das Ged\u00e4chtnis und wenn man einen neuen Tanz erlernt hat, kommt ein gewisser Stolz auf die erbrachte Leistung dazu. Kurz gesagt: Tanzen macht einfach Spa\u00df und man tut etwas f\u00fcr seine Gesundheit! Es ist z.B. erwiesen, dass Tanzen Demenz vorbeugt.<\/p>\n<p style=\"text-align: justify;\">Wenn Sie Interesse haben, mit uns zu tanzen melden Sie sich gern bei unserem Spartenleiter Bernd Puka\u00df (Tel: 05141\/2990960) oder kommen Sie zu unseren \u00dcbungseinheiten. Wir freuen uns auf neue T\u00e4nzer!<\/p>\n<div  class='avia-button-wrap av-16hf8-3fb8ef41620fc28a7ee73c4987bc1163-wrap avia-button-left  avia-builder-el-9  avia-builder-el-no-sibling '><a href='https:\/\/www.vfl-westercelle.de\/tanz\/uebungszeiten\/'  class='avia-button av-16hf8-3fb8ef41620fc28a7ee73c4987bc1163 av-link-btn avia-icon_select-yes-left-icon avia-size-medium avia-position-left avia-color-theme-color'   aria-label=\"\u00dcbungszeiten\"><span class='avia_button_icon avia_button_icon_left avia-iconfont avia-font-entypo-fontello' data-av_icon='\ue862' data-av_iconfont='entypo-fontello' ><\/span><span class='avia_iconbox_title' >\u00dcbungszeiten<\/span><\/a><\/div>\n<\/div><\/section><\/p><\/div>\n\n<\/div><\/div><\/div><!-- close content main div --><\/div><\/div>\n<style type=\"text\/css\" data-created_by=\"avia_inline_auto\" id=\"style-css-av-1enhc-a7cbb15bb0c2bc0f7d446133d691d52b\">\n.avia-section.av-1enhc-a7cbb15bb0c2bc0f7d446133d691d52b{\nbackground-color:#f9f9f9;\nbackground-image:unset;\n}\n<\/style>\n<div id='av_section_2'  class='avia-section av-1enhc-a7cbb15bb0c2bc0f7d446133d691d52b main_color avia-section-default avia-no-shadow  avia-builder-el-10  el_after_av_section  avia-builder-el-last  avia-bg-style-scroll container_wrap sidebar_right'  ><div class='container av-section-cont-open' ><div class='template-page content  av-content-small alpha units'><div class='post-entry post-entry-type-page post-entry-32'><div class='entry-content-wrapper clearfix'>\n\n<style type=\"text\/css\" data-created_by=\"avia_inline_auto\" id=\"style-css-av-dm3p4-29d9ae71ae96e17c85ec52da53546de8\">\n#top .av-special-heading.av-dm3p4-29d9ae71ae96e17c85ec52da53546de8{\npadding-bottom:20px;\n}\nbody .av-special-heading.av-dm3p4-29d9ae71ae96e17c85ec52da53546de8 .av-special-heading-tag .heading-char{\nfont-size:25px;\n}\n.av-special-heading.av-dm3p4-29d9ae71ae96e17c85ec52da53546de8 .av-subheading{\nfont-size:15px;\n}\n<\/style>\n<div  class='av-special-heading av-dm3p4-29d9ae71ae96e17c85ec52da53546de8 av-special-heading-h3  avia-builder-el-11  el_before_av_one_fourth  avia-builder-el-first '><h3 class='av-special-heading-tag '  itemprop=\"headline\"  >Ansprechpartner<\/h3><div class=\"special-heading-border\"><div class=\"special-heading-inner-border\"><\/div><\/div><\/div>\n\n<style type=\"text\/css\" data-created_by=\"avia_inline_auto\" id=\"style-css-av-ckk5k-0260c59010f4059afee6ee1fb8864ce2\">\n.flex_column.av-ckk5k-0260c59010f4059afee6ee1fb8864ce2{\nborder-radius:0px 0px 0px 0px;\npadding:0px 0px 0px 0px;\n}\n<\/style>\n<div  class='flex_column av-ckk5k-0260c59010f4059afee6ee1fb8864ce2 av_one_fourth  avia-builder-el-12  el_after_av_heading  el_before_av_one_fourth  first flex_column_div av-zero-column-padding  '     ><style type=\"text\/css\" data-created_by=\"avia_inline_auto\" id=\"style-css-av-c4n5s-4a25d0b3a59969664d3c29f7971b5bc2\">\n#top #wrap_all .avia-team-member.av-c4n5s-4a25d0b3a59969664d3c29f7971b5bc2 .team-member-name{\ncolor:#1f1f1f;\n}\n.avia-team-member.av-c4n5s-4a25d0b3a59969664d3c29f7971b5bc2 .team-member-job-title{\ncolor:#1f1f1f;\n}\n<\/style>\n<section  class='avia-team-member av-c4n5s-4a25d0b3a59969664d3c29f7971b5bc2  avia-builder-el-13  avia-builder-el-no-sibling '  itemscope=\"itemscope\" itemtype=\"https:\/\/schema.org\/Person\" ><div class=\"team-img-container\"><img decoding=\"async\" fetchpriority=\"high\" class='wp-image-228 avia-img-lazy-loading-not-228 avia_image avia_image_team' src=\"https:\/\/www.vfl-westercelle.de\/tanz\/wp-content\/uploads\/sites\/8\/2016\/11\/Puka\u00df_Bernd.jpg\" alt='Bernd Puka\u00df'  itemprop=\"image\"   height=\"500\" width=\"500\" srcset=\"https:\/\/www.vfl-westercelle.de\/tanz\/wp-content\/uploads\/sites\/8\/2016\/11\/Puka\u00df_Bernd.jpg 500w, https:\/\/www.vfl-westercelle.de\/tanz\/wp-content\/uploads\/sites\/8\/2016\/11\/Puka\u00df_Bernd-80x80.jpg 80w, https:\/\/www.vfl-westercelle.de\/tanz\/wp-content\/uploads\/sites\/8\/2016\/11\/Puka\u00df_Bernd-300x300.jpg 300w, https:\/\/www.vfl-westercelle.de\/tanz\/wp-content\/uploads\/sites\/8\/2016\/11\/Puka\u00df_Bernd-36x36.jpg 36w, https:\/\/www.vfl-westercelle.de\/tanz\/wp-content\/uploads\/sites\/8\/2016\/11\/Puka\u00df_Bernd-180x180.jpg 180w, https:\/\/www.vfl-westercelle.de\/tanz\/wp-content\/uploads\/sites\/8\/2016\/11\/Puka\u00df_Bernd-120x120.jpg 120w, https:\/\/www.vfl-westercelle.de\/tanz\/wp-content\/uploads\/sites\/8\/2016\/11\/Puka\u00df_Bernd-450x450.jpg 450w\" sizes=\"(max-width: 500px) 100vw, 500px\" \/><div class=\"team-social\"><div class=\"team-social-inner\"><a class='avia-team-icon av-bml5s-4f6b7c9dfe8b185ab4967f75ea630c0e avia-iconfont avia-font-entypo-fontello' data-avia-tooltip=\"05141\/2990960\" data-av_icon='\ue854' data-av_iconfont='entypo-fontello' ><\/a><span class='hidden av_member_url_markup '  itemprop=\"email\" >&#x6d;&#97;i&#x6c;&#116;o&#x3a;&#x74;&#97;&#x6e;&#x7a;&#101;n&#x40;&#118;f&#x6c;&#x2d;&#119;&#x65;&#x73;&#116;e&#x72;&#99;e&#x6c;&#x6c;&#101;&#x2e;&#x64;&#101;<\/span><a href='m&#97;&#x69;&#x6c;t&#111;&#x3a;&#x74;a&#110;&#122;&#x65;&#x6e;&#64;&#118;&#x66;&#x6c;-&#119;&#x65;&#x73;t&#101;&#114;&#x63;&#x65;l&#108;&#x65;&#x2e;d&#101;' class='avia-team-icon av-asd9w-7df047881e05679969bcda53574dbf64 avia-iconfont avia-font-entypo-fontello' rel='v:url' data-avia-tooltip=\"t&#97;&#110;&#x7a;&#x65;&#x6e;&#64;&#118;&#102;&#x6c;&#x2d;&#x77;es&#116;&#x65;&#x72;&#x63;el&#108;&#101;&#x2e;&#x64;&#x65;\"  data-av_icon='\ue805' data-av_iconfont='entypo-fontello' ><\/a><\/div><\/div><\/div><h3 class='team-member-name '  itemprop=\"name\" >Bernd Puka\u00df<\/h3><div class='team-member-job-title av_opacity_variation'  itemprop=\"jobTitle\" >Spartenleiter<\/div><span class='hidden team-member-affiliation'  itemprop=\"affiliation\" >VfL Westercelle - Tanzen<\/span><\/section><\/div>\n<style type=\"text\/css\" data-created_by=\"avia_inline_auto\" id=\"style-css-av-agbms-1ddde241646d59de6838fb3d1da4f4e3\">\n.flex_column.av-agbms-1ddde241646d59de6838fb3d1da4f4e3{\nborder-radius:0px 0px 0px 0px;\npadding:0px 0px 0px 0px;\n}\n<\/style>\n<div  class='flex_column av-agbms-1ddde241646d59de6838fb3d1da4f4e3 av_one_fourth  avia-builder-el-14  el_after_av_one_fourth  avia-builder-el-last  flex_column_div av-zero-column-padding  '     ><style type=\"text\/css\" data-created_by=\"avia_inline_auto\" id=\"style-css-av-yt9k-0ab38bbafe05f357ac4ecafd2a5955f4\">\n#top #wrap_all .avia-team-member.av-yt9k-0ab38bbafe05f357ac4ecafd2a5955f4 .team-member-name{\ncolor:#1f1f1f;\n}\n.avia-team-member.av-yt9k-0ab38bbafe05f357ac4ecafd2a5955f4 .team-member-job-title{\ncolor:#1f1f1f;\n}\n<\/style>\n<section  class='avia-team-member av-yt9k-0ab38bbafe05f357ac4ecafd2a5955f4  avia-builder-el-15  avia-builder-el-no-sibling '  itemscope=\"itemscope\" itemtype=\"https:\/\/schema.org\/Person\" ><div class=\"team-img-container\"><img decoding=\"async\" fetchpriority=\"high\" class='wp-image-233 avia-img-lazy-loading-not-233 avia_image avia_image_team' src=\"https:\/\/www.vfl-westercelle.de\/tanz\/wp-content\/uploads\/sites\/8\/2016\/11\/platzhalter_mann_quadrat.jpg\" alt='Annegret Michallek'  itemprop=\"image\"   height=\"500\" width=\"500\" srcset=\"https:\/\/www.vfl-westercelle.de\/tanz\/wp-content\/uploads\/sites\/8\/2016\/11\/platzhalter_mann_quadrat.jpg 500w, https:\/\/www.vfl-westercelle.de\/tanz\/wp-content\/uploads\/sites\/8\/2016\/11\/platzhalter_mann_quadrat-80x80.jpg 80w, https:\/\/www.vfl-westercelle.de\/tanz\/wp-content\/uploads\/sites\/8\/2016\/11\/platzhalter_mann_quadrat-300x300.jpg 300w, https:\/\/www.vfl-westercelle.de\/tanz\/wp-content\/uploads\/sites\/8\/2016\/11\/platzhalter_mann_quadrat-36x36.jpg 36w, https:\/\/www.vfl-westercelle.de\/tanz\/wp-content\/uploads\/sites\/8\/2016\/11\/platzhalter_mann_quadrat-180x180.jpg 180w, https:\/\/www.vfl-westercelle.de\/tanz\/wp-content\/uploads\/sites\/8\/2016\/11\/platzhalter_mann_quadrat-120x120.jpg 120w, https:\/\/www.vfl-westercelle.de\/tanz\/wp-content\/uploads\/sites\/8\/2016\/11\/platzhalter_mann_quadrat-450x450.jpg 450w\" sizes=\"(max-width: 500px) 100vw, 500px\" \/><\/div><h3 class='team-member-name '  itemprop=\"name\" >Annegret Michallek<\/h3><div class='team-member-job-title av_opacity_variation'  itemprop=\"jobTitle\" >stellv. Spartenleiterin<\/div><span class='hidden team-member-affiliation'  itemprop=\"affiliation\" >VfL Westercelle - Tanzen<\/span><\/section><\/div><\/div><\/div><\/div><!-- close content main div --><\/div><\/div><div id='after_section_2'  class='main_color av_default_container_wrap container_wrap sidebar_right'  ><div class='container av-section-cont-open' ><div class='template-page content  av-content-small alpha units'><div class='post-entry post-entry-type-page post-entry-32'><div class='entry-content-wrapper clearfix'>\n","protected":false},"excerpt":{"rendered":"","protected":false},"author":1,"featured_media":286,"parent":0,"menu_order":0,"comment_status":"closed","ping_status":"closed","template":"","meta":{"footnotes":""},"class_list":["post-32","page","type-page","status-publish","has-post-thumbnail","hentry"],"_links":{"self":[{"href":"https:\/\/www.vfl-westercelle.de\/tanz\/wp-json\/wp\/v2\/pages\/32","targetHints":{"allow":["GET"]}}],"collection":[{"href":"https:\/\/www.vfl-westercelle.de\/tanz\/wp-json\/wp\/v2\/pages"}],"about":[{"href":"https:\/\/www.vfl-westercelle.de\/tanz\/wp-json\/wp\/v2\/types\/page"}],"author":[{"embeddable":true,"href":"https:\/\/www.vfl-westercelle.de\/tanz\/wp-json\/wp\/v2\/users\/1"}],"replies":[{"embeddable":true,"href":"https:\/\/www.vfl-westercelle.de\/tanz\/wp-json\/wp\/v2\/comments?post=32"}],"version-history":[{"count":2,"href":"https:\/\/www.vfl-westercelle.de\/tanz\/wp-json\/wp\/v2\/pages\/32\/revisions"}],"predecessor-version":[{"id":311,"href":"https:\/\/www.vfl-westercelle.de\/tanz\/wp-json\/wp\/v2\/pages\/32\/revisions\/311"}],"wp:featuredmedia":[{"embeddable":true,"href":"https:\/\/www.vfl-westercelle.de\/tanz\/wp-json\/wp\/v2\/media\/286"}],"wp:attachment":[{"href":"https:\/\/www.vfl-westercelle.de\/tanz\/wp-json\/wp\/v2\/media?parent=32"}],"curies":[{"name":"wp","href":"https:\/\/api.w.org\/{rel}","templated":true}]}}