{"id":226,"date":"2018-08-26T16:19:12","date_gmt":"2018-08-26T14:19:12","guid":{"rendered":"http:\/\/www.vfl-westercelle.de\/tenn\/?page_id=226"},"modified":"2024-03-15T17:57:07","modified_gmt":"2024-03-15T16:57:07","slug":"erwachsene","status":"publish","type":"page","link":"https:\/\/www.vfl-westercelle.de\/tenn\/erwachsene\/","title":{"rendered":"Unsere Philosophie"},"content":{"rendered":"\n<style type=\"text\/css\" data-created_by=\"avia_inline_auto\" id=\"style-css-av-8r4b0-24e4b932a64c6c23f4f3ea477e312ab0\">\n.flex_column.av-8r4b0-24e4b932a64c6c23f4f3ea477e312ab0{\nborder-radius:0px 0px 0px 0px;\npadding:0px 0px 0px 0px;\n}\n<\/style>\n<div  class='flex_column av-8r4b0-24e4b932a64c6c23f4f3ea477e312ab0 av_one_full  avia-builder-el-0  avia-builder-el-no-sibling  first flex_column_div av-zero-column-padding  '     ><section  class='av_textblock_section av-jlaxm2ex-23749b1e96b0176b02ebfa5c69cec0d1 '   itemscope=\"itemscope\" itemtype=\"https:\/\/schema.org\/CreativeWork\" ><div class='avia_textblock'  itemprop=\"text\" ><h3 style=\"text-align: center\"><img loading=\"lazy\" decoding=\"async\" class=\"alignnone wp-image-1391 size-full\" src=\"https:\/\/www.vfl-westercelle.de\/tenn\/wp-content\/uploads\/sites\/18\/2024\/03\/arbeitsdienst.webp\" alt=\"\" width=\"1080\" height=\"600\" srcset=\"https:\/\/www.vfl-westercelle.de\/tenn\/wp-content\/uploads\/sites\/18\/2024\/03\/arbeitsdienst.webp 1080w, https:\/\/www.vfl-westercelle.de\/tenn\/wp-content\/uploads\/sites\/18\/2024\/03\/arbeitsdienst-300x167.webp 300w, https:\/\/www.vfl-westercelle.de\/tenn\/wp-content\/uploads\/sites\/18\/2024\/03\/arbeitsdienst-1030x572.webp 1030w, https:\/\/www.vfl-westercelle.de\/tenn\/wp-content\/uploads\/sites\/18\/2024\/03\/arbeitsdienst-768x427.webp 768w, https:\/\/www.vfl-westercelle.de\/tenn\/wp-content\/uploads\/sites\/18\/2024\/03\/arbeitsdienst-705x392.webp 705w\" sizes=\"auto, (max-width: 1080px) 100vw, 1080px\" \/><\/h3>\n<h3 style=\"text-align: center\">Freizeittennis<\/h3>\n<p style=\"text-align: center\"><strong>Die Mitgliedschaft in der Tennissparte beinhaltet das kostenfreie Spielen auf den Pl\u00e4tzen unserer Au\u00dfenanlage. Tag f\u00fcr Tag verabreden sich Mitglieder jeden Alters um miteinander\u00a0tennis zu spielen. Auch <a href=\"https:\/\/www.vfl-westercelle.de\/tenn\/trainerteam\/\">unsere Trainer<\/a> sind t\u00e4glich auf der Anlage und stehen auch f\u00fcr Erwachsene Hobbyspieler oder Familientraining zur Verf\u00fcgung. Die Terminkoordination erfolgt \u00fcber die\u00a0Jugend- und J\u00fcngstenwartinnen oder Cheftrainer Steve Williams.<\/strong><\/p>\n<h3 style=\"text-align: center\"><strong> Wettkampftennis<\/strong><\/h3>\n<p style=\"text-align: center\"><strong>Die Tennissparte bietet jedem Vereinsmitglied die M\u00f6glichkeit, im Rahmen einer Punktspielmannschaft Wettk\u00e4mpfe f\u00fcr den VfL Westercelle zu bestreiten. Jede Mannschaft wird durch \u00dcbernahme anfallender Kosten in Form von Meldegeb\u00fchren, Punktspielb\u00e4llen und Hallenmiete durch den Verein unterst\u00fctzt.<\/strong><br \/>\n<strong> Unter diesen Voraussetzungen ist im Bereich der Damen und Herren ein Mannschaftssystem mit Teams sowohl in hohen als auch in niedrigen Spielklassen m\u00f6glich. Von Oberliga bis Regionsklasse kann deshalb jeder Spieler, in einer seiner Spielst\u00e4rke angemessenen Spielklasse Wettk\u00e4mpfe bestreiten.<\/strong><br \/>\n<strong> Zus\u00e4tzlich erm\u00f6glichen die Mannschaften der unteren Klassen Spielern des eigenen Jugendbereiches den Einstieg in das Erwachsenentennis. Bei entsprechend guten Leistungen hat jeder Spieler dabei die Chance, sich f\u00fcr Aufgaben in der n\u00e4chsth\u00f6heren Mannschaft zu empfehlen.<\/strong><br \/>\n<strong> Ein solch breit gef\u00e4chertes Mannschaftssystem sowohl in der Sommer- <\/strong><strong>als auch in der Wintersaison findet sich in Niedersachsen kein zweites Mal.<\/strong><\/p>\n<p><img loading=\"lazy\" decoding=\"async\" class=\"alignnone wp-image-1388 size-full\" src=\"https:\/\/www.vfl-westercelle.de\/tenn\/wp-content\/uploads\/sites\/18\/2024\/03\/Fundamente.png\" alt=\"\" width=\"4962\" height=\"7016\" srcset=\"https:\/\/www.vfl-westercelle.de\/tenn\/wp-content\/uploads\/sites\/18\/2024\/03\/Fundamente.png 4962w, https:\/\/www.vfl-westercelle.de\/tenn\/wp-content\/uploads\/sites\/18\/2024\/03\/Fundamente-212x300.png 212w, https:\/\/www.vfl-westercelle.de\/tenn\/wp-content\/uploads\/sites\/18\/2024\/03\/Fundamente-728x1030.png 728w, https:\/\/www.vfl-westercelle.de\/tenn\/wp-content\/uploads\/sites\/18\/2024\/03\/Fundamente-768x1086.png 768w, https:\/\/www.vfl-westercelle.de\/tenn\/wp-content\/uploads\/sites\/18\/2024\/03\/Fundamente-1086x1536.png 1086w, https:\/\/www.vfl-westercelle.de\/tenn\/wp-content\/uploads\/sites\/18\/2024\/03\/Fundamente-1448x2048.png 1448w, https:\/\/www.vfl-westercelle.de\/tenn\/wp-content\/uploads\/sites\/18\/2024\/03\/Fundamente-1061x1500.png 1061w, https:\/\/www.vfl-westercelle.de\/tenn\/wp-content\/uploads\/sites\/18\/2024\/03\/Fundamente-499x705.png 499w\" sizes=\"auto, (max-width: 4962px) 100vw, 4962px\" \/><\/p>\n<p><strong><img loading=\"lazy\" decoding=\"async\" class=\"alignnone wp-image-1389 size-full\" src=\"https:\/\/www.vfl-westercelle.de\/tenn\/wp-content\/uploads\/sites\/18\/2024\/03\/Leitbild.png\" alt=\"\" width=\"4962\" height=\"7016\" srcset=\"https:\/\/www.vfl-westercelle.de\/tenn\/wp-content\/uploads\/sites\/18\/2024\/03\/Leitbild.png 4962w, https:\/\/www.vfl-westercelle.de\/tenn\/wp-content\/uploads\/sites\/18\/2024\/03\/Leitbild-212x300.png 212w, https:\/\/www.vfl-westercelle.de\/tenn\/wp-content\/uploads\/sites\/18\/2024\/03\/Leitbild-728x1030.png 728w, https:\/\/www.vfl-westercelle.de\/tenn\/wp-content\/uploads\/sites\/18\/2024\/03\/Leitbild-768x1086.png 768w, https:\/\/www.vfl-westercelle.de\/tenn\/wp-content\/uploads\/sites\/18\/2024\/03\/Leitbild-1086x1536.png 1086w, https:\/\/www.vfl-westercelle.de\/tenn\/wp-content\/uploads\/sites\/18\/2024\/03\/Leitbild-1448x2048.png 1448w, https:\/\/www.vfl-westercelle.de\/tenn\/wp-content\/uploads\/sites\/18\/2024\/03\/Leitbild-1061x1500.png 1061w, https:\/\/www.vfl-westercelle.de\/tenn\/wp-content\/uploads\/sites\/18\/2024\/03\/Leitbild-499x705.png 499w\" sizes=\"auto, (max-width: 4962px) 100vw, 4962px\" \/><\/strong><\/p>\n<p><img loading=\"lazy\" decoding=\"async\" class=\"alignnone wp-image-1390 size-full\" src=\"https:\/\/www.vfl-westercelle.de\/tenn\/wp-content\/uploads\/sites\/18\/2024\/03\/leitbil-prep.png\" alt=\"\" width=\"4962\" height=\"7016\" srcset=\"https:\/\/www.vfl-westercelle.de\/tenn\/wp-content\/uploads\/sites\/18\/2024\/03\/leitbil-prep.png 4962w, https:\/\/www.vfl-westercelle.de\/tenn\/wp-content\/uploads\/sites\/18\/2024\/03\/leitbil-prep-212x300.png 212w, https:\/\/www.vfl-westercelle.de\/tenn\/wp-content\/uploads\/sites\/18\/2024\/03\/leitbil-prep-728x1030.png 728w, https:\/\/www.vfl-westercelle.de\/tenn\/wp-content\/uploads\/sites\/18\/2024\/03\/leitbil-prep-768x1086.png 768w, https:\/\/www.vfl-westercelle.de\/tenn\/wp-content\/uploads\/sites\/18\/2024\/03\/leitbil-prep-1086x1536.png 1086w, https:\/\/www.vfl-westercelle.de\/tenn\/wp-content\/uploads\/sites\/18\/2024\/03\/leitbil-prep-1448x2048.png 1448w, https:\/\/www.vfl-westercelle.de\/tenn\/wp-content\/uploads\/sites\/18\/2024\/03\/leitbil-prep-1061x1500.png 1061w, https:\/\/www.vfl-westercelle.de\/tenn\/wp-content\/uploads\/sites\/18\/2024\/03\/leitbil-prep-499x705.png 499w\" sizes=\"auto, (max-width: 4962px) 100vw, 4962px\" \/><\/p>\n<\/div><\/section><\/div>\n","protected":false},"excerpt":{"rendered":"","protected":false},"author":1,"featured_media":0,"parent":0,"menu_order":0,"comment_status":"closed","ping_status":"closed","template":"","meta":{"footnotes":""},"class_list":["post-226","page","type-page","status-publish","hentry"],"_links":{"self":[{"href":"https:\/\/www.vfl-westercelle.de\/tenn\/wp-json\/wp\/v2\/pages\/226","targetHints":{"allow":["GET"]}}],"collection":[{"href":"https:\/\/www.vfl-westercelle.de\/tenn\/wp-json\/wp\/v2\/pages"}],"about":[{"href":"https:\/\/www.vfl-westercelle.de\/tenn\/wp-json\/wp\/v2\/types\/page"}],"author":[{"embeddable":true,"href":"https:\/\/www.vfl-westercelle.de\/tenn\/wp-json\/wp\/v2\/users\/1"}],"replies":[{"embeddable":true,"href":"https:\/\/www.vfl-westercelle.de\/tenn\/wp-json\/wp\/v2\/comments?post=226"}],"version-history":[{"count":3,"href":"https:\/\/www.vfl-westercelle.de\/tenn\/wp-json\/wp\/v2\/pages\/226\/revisions"}],"predecessor-version":[{"id":1416,"href":"https:\/\/www.vfl-westercelle.de\/tenn\/wp-json\/wp\/v2\/pages\/226\/revisions\/1416"}],"wp:attachment":[{"href":"https:\/\/www.vfl-westercelle.de\/tenn\/wp-json\/wp\/v2\/media?parent=226"}],"curies":[{"name":"wp","href":"https:\/\/api.w.org\/{rel}","templated":true}]}}