{"id":251,"date":"2018-08-26T17:20:39","date_gmt":"2018-08-26T15:20:39","guid":{"rendered":"http:\/\/www.vfl-westercelle.de\/tenn\/?page_id=251"},"modified":"2024-03-20T10:47:44","modified_gmt":"2024-03-20T09:47:44","slug":"supersenioren","status":"publish","type":"page","link":"https:\/\/www.vfl-westercelle.de\/tenn\/supersenioren\/","title":{"rendered":"Supersenioren"},"content":{"rendered":"\n<style type=\"text\/css\" data-created_by=\"avia_inline_auto\" id=\"style-css-av-ltzme3gk-c667cdbb03cf800c45ec030781efe8cf\">\n.avia-image-container.av-ltzme3gk-c667cdbb03cf800c45ec030781efe8cf img.avia_image{\nbox-shadow:none;\n}\n.avia-image-container.av-ltzme3gk-c667cdbb03cf800c45ec030781efe8cf .av-image-caption-overlay-center{\ncolor:#ffffff;\n}\n<\/style>\n<div  class='avia-image-container av-ltzme3gk-c667cdbb03cf800c45ec030781efe8cf av-styling- avia-align-center  avia-builder-el-0  el_before_av_one_full  avia-builder-el-first '   itemprop=\"image\" itemscope=\"itemscope\" itemtype=\"https:\/\/schema.org\/ImageObject\" ><div class=\"avia-image-container-inner\"><div class=\"avia-image-overlay-wrap\"><img decoding=\"async\" fetchpriority=\"high\" class='wp-image-1483 avia-img-lazy-loading-not-1483 avia_image ' src=\"https:\/\/www.vfl-westercelle.de\/tenn\/wp-content\/uploads\/sites\/18\/2024\/03\/7153B019-38D4-4480-8F13-0A3A5D456B78-1030x773.jpeg\" alt='' title='7153B019-38D4-4480-8F13-0A3A5D456B78'  height=\"773\" width=\"1030\"  itemprop=\"thumbnailUrl\" srcset=\"https:\/\/www.vfl-westercelle.de\/tenn\/wp-content\/uploads\/sites\/18\/2024\/03\/7153B019-38D4-4480-8F13-0A3A5D456B78-1030x773.jpeg 1030w, https:\/\/www.vfl-westercelle.de\/tenn\/wp-content\/uploads\/sites\/18\/2024\/03\/7153B019-38D4-4480-8F13-0A3A5D456B78-300x225.jpeg 300w, https:\/\/www.vfl-westercelle.de\/tenn\/wp-content\/uploads\/sites\/18\/2024\/03\/7153B019-38D4-4480-8F13-0A3A5D456B78-768x576.jpeg 768w, https:\/\/www.vfl-westercelle.de\/tenn\/wp-content\/uploads\/sites\/18\/2024\/03\/7153B019-38D4-4480-8F13-0A3A5D456B78-1536x1152.jpeg 1536w, https:\/\/www.vfl-westercelle.de\/tenn\/wp-content\/uploads\/sites\/18\/2024\/03\/7153B019-38D4-4480-8F13-0A3A5D456B78-1500x1125.jpeg 1500w, https:\/\/www.vfl-westercelle.de\/tenn\/wp-content\/uploads\/sites\/18\/2024\/03\/7153B019-38D4-4480-8F13-0A3A5D456B78-705x529.jpeg 705w, https:\/\/www.vfl-westercelle.de\/tenn\/wp-content\/uploads\/sites\/18\/2024\/03\/7153B019-38D4-4480-8F13-0A3A5D456B78.jpeg 1600w\" sizes=\"(max-width: 1030px) 100vw, 1030px\" \/><\/div><\/div><\/div>\n\n<style type=\"text\/css\" data-created_by=\"avia_inline_auto\" id=\"style-css-av-2qcbf-2fd0aeab89d47aa7f22d204468723c2b\">\n.flex_column.av-2qcbf-2fd0aeab89d47aa7f22d204468723c2b{\nborder-radius:0px 0px 0px 0px;\npadding:0px 0px 0px 0px;\n}\n<\/style>\n<div  class='flex_column av-2qcbf-2fd0aeab89d47aa7f22d204468723c2b av_one_full  avia-builder-el-1  el_after_av_image  avia-builder-el-last  first flex_column_div av-zero-column-padding  '     ><div  class='tabcontainer av-ilcn7-8fe5ad6f5de0277ee0917c52a14a8b13 top_tab  avia-builder-el-2  avia-builder-el-no-sibling '>\n<section class='av_tab_section av_tab_section av-jdu3v-7167ece1e92547104a5f07fa512e6957'  itemscope=\"itemscope\" itemtype=\"https:\/\/schema.org\/CreativeWork\" ><div id='tab-id-1-tab' class='tab active_tab' role='tab' aria-selected=\"true\" tabindex=\"0\" data-fake-id='#tab-id-1' aria-controls='tab-id-1-content'  itemprop=\"headline\" >Einleitung<\/div><div id='tab-id-1-content' class='tab_content active_tab_content' role='tabpanel' aria-labelledby='tab-id-1-tab' aria-hidden=\"false\"><div class='tab_inner_content invers-color'  itemprop=\"text\" ><p>Nachfolgend berichten wir im Rahmen unserer Homepage \u00fcber die Ziele und Aktivit\u00e4ten der Gemischten Tennissenioren-Runde Celle von 1988 &#8211; in einem volkst\u00fcmlichen Sinn heute vielfach auch mit ihren urspr\u00fcnglichen Bezeichnungen Tennis-Supersenioren Celle, Supersenioren-Runde oder einfach Supersenioren genannt. Diese Sommerspielrunde wird nicht vom Nieders\u00e4chsischen Tennisverband e.V. (NTV) und seinen Regionsverb\u00e4nden organisiert. Sie wird aber von diesen Gremien ausdr\u00fccklich ideell unterst\u00fctzt. Sie organisiert sich daher selbst\u00e4ndig. So besteht z.B. auch keine Berichtspflicht gegen\u00fcber dem NTV und seinen Gliederungen.<\/p>\n<p>Die Supersenioren sind fester mannschaftlicher Bestandteil des jeweiligen Tennisvereins in Celle und Umgebung. Es besteht f\u00fcr sie eine pers\u00f6nliche Mitgliedspflicht im betreffenden Tennisverein, dessen Anlagen sie selbstverst\u00e4ndlich f\u00fcr ihre Spiele und Trainingsaktivit\u00e4ten nutzen. Die Supersenioren haben vor allem auf den offiziellen NTV-Spielbetrieb und auch auf den restlichen Spielbetrieb auf den Anlagen R\u00fccksicht zu nehmen<\/p>\n<\/div><\/div><\/section>\n<section class='av_tab_section av_tab_section av-f78t7-7d5d97effb5bf946d15e9ebf71679c6e'  itemscope=\"itemscope\" itemtype=\"https:\/\/schema.org\/CreativeWork\" ><div id='tab-id-2-tab' class='tab' role='tab' aria-selected=\"false\" tabindex=\"0\" data-fake-id='#tab-id-2' aria-controls='tab-id-2-content'  itemprop=\"headline\" >Historie<\/div><div id='tab-id-2-content' class='tab_content' role='tabpanel' aria-labelledby='tab-id-2-tab' aria-hidden=\"true\"><div class='tab_inner_content invers-color'  itemprop=\"text\" ><p>Wie der Name aussagt, wurde die Gemischte Tennissenioren-Runde Celle von 1988 vor mehr als 20 Jahren gegr\u00fcndet. Der Gedanke zur Gr\u00fcndung entstand vornehmlich im Tennisverein Westercelle und fand sogleich breite Anerkennung und Unterst\u00fctzung bei den anderen Celler Tennisclubs, die \u00fcberwiegend heute noch der Supersenioren-Runde angeh\u00f6ren.<\/p>\n<p>Pioniere bei der Gr\u00fcndung waren vornehmlich die Herren Hans Berger, Karl-Friedrich Jung und Herbert Niehus (Westercelle), Karl-Heinz Schr\u00f6der (Vorwerk), Gerhard Heine (Celler TV), Gerhard Misselhorn (Rot-Wei\u00df Celle), Elgar Drewsen (Lachendorf) u.v.A.m..<\/p>\n<p>Als Gr\u00fcndungsvereine firmierten seinerzeit der Celler TV, \u00a0TC Gr\u00fcn-Wei\u00df Bergen, TC Rot-Wei\u00df Celle, TV Lachendorf, TA Vorwerk und VfL Westercelle. Bis auf TC Gr\u00fcn-Wei\u00df Bergen und TA Vorwerk sind alle \u00fcbrigen Gr\u00fcndungsmitglieder heute noch dabei. Die SG Lachendorf-Hohne und TSV Burgdorf kamen sp\u00e4ter hinzu.<\/p>\n<p>Es d\u00fcrfen Spielgemeinschaften (SG) gebildet werden.<\/p>\n<p>Diese neue Sommer-Spielrunde sollte Damen ab 55 und Herren ab 60 Jahren, die nicht an den Mannschaftsmeisterschaften des NTV teilnehmen, sich aber dennoch in einer altersgem\u00e4\u00df lockeren wettkampfm\u00e4\u00dfigen und mannschaftlichen Manier miteinander messen wollten, den passenden Rahmen bieten. Ein besonderer Rang wird neben der sportlichen Seite der betont freundschaftlichen und geselligen Atmosph\u00e4re<br \/>\nbei den Begegnungen dieser Altersgruppe einger\u00e4umt. Die Wettspiele enden in aller Regel mit einem vom Gastgeber gern angebotenen Mittagessen und einem sch\u00f6nen, harmonischen Miteinander.<\/p>\n<p>Kennzeichnend f\u00fcr die Celler Supersenioren und die Umsicht ihrer Gr\u00fcndungsv\u00e4ter ist, dass sie von Anfang an \u00fcber tragf\u00e4hige Wettkampfregeln und Statuten verf\u00fcgten. Nennenswerte Anpassungen und Erg\u00e4nzungen dieses Regelwerks waren nur selten und dann nur in sehr geringem Umfang notwendig. So konnten sie sich nicht zuletzt deshalb beharrlich und krisenfest, und \u00fcber lange erfolgreiche Jahre hinweg \u201eder sportlichen und freundschaftlich-geselligen Begegnung\u00a0 \u00e4lterer Tennisspielerinnen und &#8211; spieler in Celle und Umgebung\u201c widmen, wie es in den Statuten hei\u00dft.<\/p>\n<p>Neben den genannten Altersvoraussetzungen ist eine weitere wichtige Bedingung f\u00fcr die Teilnahme, dass niemand f\u00fcr eine der anderen offiziellen Wettkampf-Mannschaften des NTV gemeldet sein darf. Bei den Wettspielen werden in einer einfachen Runde w\u00e4hrend der Sommermonate (Mai bis August) drei Mixed und je ein Damen-\u00a0 und ein Herren-Doppel ausgetragen.<\/p>\n<p>Im R\u00fcckblick l\u00e4sst sich sagen, dass die Wettspiel-Runde der Celler Supersenioren l\u00e4ngst einen festen Platz in der Celler Tennislandschaft gefunden hat und wie das allj\u00e4hrliche traditionelle \u201eTurnier der 100-J\u00e4hrigen\u201c der TA Vorwerk in einzigartiger Weise zus\u00e4tzliche attraktive Spiel- und Begegnungsm\u00f6glichkeiten f\u00fcr \u00e4ltere Tennissportler er\u00f6ffnet.<\/p>\n<\/div><\/div><\/section>\n<section class='av_tab_section av_tab_section av-100hn-20fb3c64c62240085c2589828fd95970'  itemscope=\"itemscope\" itemtype=\"https:\/\/schema.org\/CreativeWork\" ><div id='tab-id-3-tab' class='tab' role='tab' aria-selected=\"false\" tabindex=\"0\" data-fake-id='#tab-id-3' aria-controls='tab-id-3-content'  itemprop=\"headline\" >Statuten<\/div><div id='tab-id-3-content' class='tab_content' role='tabpanel' aria-labelledby='tab-id-3-tab' aria-hidden=\"true\"><div class='tab_inner_content invers-color'  itemprop=\"text\" ><p>Celle, 10. Oktober 2011<\/p>\n<p><strong>Wettkampfregeln f\u00fcr die &#8222;Gemischte Tennissenioren-Runde Celle von 1988&#8220; GTR<br \/>\n(fr\u00fcher auch &gt;Supersenioren&lt;-Runde genannt)<\/strong><\/p>\n<p>Pr\u00e4ambel: Die Wettspiele werden in den Sommermonaten durchgef\u00fchrt und dienen der sportlichen und freundschaftlich-geselligen Begegnung \u00e4lterer Tennisspielerinnen und -spieler in Celle und Umgebung<\/p>\n<p><strong>1)<\/strong> Spielberechtigt sind Damen, die das 55. und Herren, die das 60.Lebensjahr vollendet haben.- Die Teilnehmer d\u00fcrfen nicht gleichzeitig f\u00fcr Mannschaften anderer Spielrunden des TK Celle bzw. des NTV gemeldet sein.<br \/>\nAusnahme: Die Spieler und Spielerinnen, die an der Doppelrunde Herren und Damen (Hobby-Runde) des TK Celle teilnehmen.<\/p>\n<p><strong>2)<\/strong> Die Anzahl der teilnehmenden Mannschaften soll bei sechs liegen. \u00dcber die Neuaufnahme von Mannschaften entscheidet der Gruppensprecher gemeinsam mit den Mannschaftssprechern (GTR-Gruppenrat).<\/p>\n<p><strong>3)<\/strong> Die Mannschaften bestehen aus mindestens je f\u00fcnf Damen und f\u00fcnf Herren.- Bei unzureichender Spielerinnen-\/Spieler-Zahl kann eine Mannschaft in freier Verabredung eine Spielgemeinschaft mit einem anderen Verein bilden. Die Bildung einer neuen SG ist dem Gruppenleiter bis sp\u00e4testens zwei Monate vor der Mannschaftsmeldung mitzuteilen. Die Entscheidung \u00fcber die Zulassung liegt beim Gruppenrat.,- Die Mannschaftsmeldung f\u00fcr die Saison mu\u00df bis zum 1.5. j. J. beim Gruppensprecher erfolgt sein. Nachmeldungen f\u00fcr einzelne Teilnehmer beim Gruppensprecher sind jederzeit m\u00f6glich.<\/p>\n<p><strong>4)<\/strong> Je Wettspiel werden drei gemischte Doppel sowie anschlie\u00dfend ein Damen- und ein Herren- Doppel ausgetragen. Die beiden Mannschaftsaufstellungen liegen bei Beginn des Wettspiels fest. Die Damen- und Herren-Doppel k\u00f6nnen unmittelbar nach beendeten Mixed-Spielen begonnen werden.<\/p>\n<p><strong>5)<\/strong> Mehrfache Eins\u00e4tze pro Wettspiel sollen vermieden werden und sind im Ausnahmefall nur dann zul\u00e4ssig, wenn gute Gr\u00fcnde f\u00fcr Spielerausf\u00e4lle glaubhaft gemacht werden k\u00f6nnen. Jeder Spieler darf in einer Saison nur einmal doppelt eingesetzt werden. Jedes gemeldete Mannschaftmitglied hat das Recht, mindestens einmal pro Saison eingesetzt zu werden.<\/p>\n<p><strong>6)<\/strong> Jedes gewonnene Match wird f\u00fcr das Tagesergebnis mit 1 Punkt gewertet.- Ein f\u00fcr die Entscheidung eines Matches erforderlicher dritter Satz umfasst nur vier Spiele. Steht das Spiel auch danach noch unentschieden, wird als f\u00fcnftes Spiel ein Tie-Break ausgetragen. Das Ergebnis dieses Kurzsatzes lautet dann 3:2.<\/p>\n<p><strong>7)<\/strong> Die gastgebenden Mannschaften sind gehalten, f\u00fcr jedes einzelne Match mindestens drei neue Exemplare eines g\u00e4ngigen, hochwertigen Wettkampfballes zur Verf\u00fcgung zu stellen.<\/p>\n<p><strong>8)<\/strong> Tritt eine Mannschaft unentschuldigt nicht zu einem Wettspiel an, wird Letzteres mit 0:2 in den S\u00e4tzen und 0:6, 0:6 bei den Spielen gewertet.<\/p>\n<p><strong>9)<\/strong> F\u00fcr den Tabellenstand werden f\u00fcr ein gewonnenes Wettspiel 2 Punkte gewertet. Haben in einer Gruppe zwei oder mehrere Mannschaften das gleiche Punktverh\u00e4ltnis, so entscheidet zun\u00e4chst die Matchdifferenz, danach dieDifferenz der S\u00e4tze und zuletzt die der Spiele.- Die Wettspielergebnisse sind dem Gruppensprecher vom Gastgeber kurzfristig per Kopiegabe des Einheitsmeldebogens des GTK Celle mitzuteilen. Der Gruppensprecher erstellt auch die Abschlusstabelle.<\/p>\n<p><strong>10)<\/strong> Es obliegt den Mannschaftssprechern, rechtzeitig die Spieltermine, auch bei Neuansetzungen,abzusprechen. Die Gastgeberrolle bei den einzelnen Wettspielen wechselt von Jahr zu Jahr.- Der bevorzugte Spieltag soll der Dienstag sein, damit sich die Teilnehmer gut auf die denkbaren Spieltermine einstellen k\u00f6nnen.- Spielbeginn um 09:00 Uhr.- Bei schlechtem Wetter kann in beiderseitigem Einvernehmen in eine Tennishalle ausgewichen werden.<\/p>\n<p><strong>11)<\/strong> In offenen\/strittigen Fragen des Spielbetriebs entscheidet der Gruppensprecher. Hierzu kann er den Gruppenrat einberufen\/konsultieren. Bei Abstimmungen gilt die einfache Mehrheit.<\/p>\n<\/div><\/div><\/section>\n<\/div><\/div>\n","protected":false},"excerpt":{"rendered":"","protected":false},"author":1,"featured_media":0,"parent":0,"menu_order":0,"comment_status":"closed","ping_status":"closed","template":"","meta":{"footnotes":""},"class_list":["post-251","page","type-page","status-publish","hentry"],"_links":{"self":[{"href":"https:\/\/www.vfl-westercelle.de\/tenn\/wp-json\/wp\/v2\/pages\/251","targetHints":{"allow":["GET"]}}],"collection":[{"href":"https:\/\/www.vfl-westercelle.de\/tenn\/wp-json\/wp\/v2\/pages"}],"about":[{"href":"https:\/\/www.vfl-westercelle.de\/tenn\/wp-json\/wp\/v2\/types\/page"}],"author":[{"embeddable":true,"href":"https:\/\/www.vfl-westercelle.de\/tenn\/wp-json\/wp\/v2\/users\/1"}],"replies":[{"embeddable":true,"href":"https:\/\/www.vfl-westercelle.de\/tenn\/wp-json\/wp\/v2\/comments?post=251"}],"version-history":[{"count":3,"href":"https:\/\/www.vfl-westercelle.de\/tenn\/wp-json\/wp\/v2\/pages\/251\/revisions"}],"predecessor-version":[{"id":1484,"href":"https:\/\/www.vfl-westercelle.de\/tenn\/wp-json\/wp\/v2\/pages\/251\/revisions\/1484"}],"wp:attachment":[{"href":"https:\/\/www.vfl-westercelle.de\/tenn\/wp-json\/wp\/v2\/media?parent=251"}],"curies":[{"name":"wp","href":"https:\/\/api.w.org\/{rel}","templated":true}]}}