{"id":608,"date":"2023-12-04T17:42:16","date_gmt":"2023-12-04T16:42:16","guid":{"rendered":"http:\/\/www.vfl-westercelle.de\/tenn\/?page_id=608"},"modified":"2024-03-20T11:10:42","modified_gmt":"2024-03-20T10:10:42","slug":"tennissparte","status":"publish","type":"page","link":"https:\/\/www.vfl-westercelle.de\/tenn\/tennissparte\/","title":{"rendered":"Sportkonzept"},"content":{"rendered":"\n<style type=\"text\/css\" data-created_by=\"avia_inline_auto\" id=\"style-css-av-8c3pk-e919d1321be41a9dd58f5a5dae8ba8ce\">\n.flex_column.av-8c3pk-e919d1321be41a9dd58f5a5dae8ba8ce{\nborder-radius:0px 0px 0px 0px;\npadding:0px 0px 0px 0px;\n}\n<\/style>\n<div  class='flex_column av-8c3pk-e919d1321be41a9dd58f5a5dae8ba8ce av_one_full  avia-builder-el-0  el_before_av_codeblock  avia-builder-el-first  first flex_column_div av-zero-column-padding  '     ><section  class='av_textblock_section av-kk1jx3xy-e5a685ffa25dc4cce7e6a0967c3f47f7 '   itemscope=\"itemscope\" itemtype=\"https:\/\/schema.org\/CreativeWork\" ><div class='avia_textblock'  itemprop=\"text\" ><div class=\"page-header\">\n<h3><img loading=\"lazy\" decoding=\"async\" class=\"alignnone wp-image-583 size-large\" src=\"https:\/\/www.vfl-westercelle.de\/tenn\/wp-content\/uploads\/sites\/18\/2021\/01\/0003-1030x491.jpg\" alt=\"\" width=\"1030\" height=\"491\" srcset=\"https:\/\/www.vfl-westercelle.de\/tenn\/wp-content\/uploads\/sites\/18\/2021\/01\/0003-1030x491.jpg 1030w, https:\/\/www.vfl-westercelle.de\/tenn\/wp-content\/uploads\/sites\/18\/2021\/01\/0003-300x143.jpg 300w, https:\/\/www.vfl-westercelle.de\/tenn\/wp-content\/uploads\/sites\/18\/2021\/01\/0003-768x366.jpg 768w, https:\/\/www.vfl-westercelle.de\/tenn\/wp-content\/uploads\/sites\/18\/2021\/01\/0003-1536x732.jpg 1536w, https:\/\/www.vfl-westercelle.de\/tenn\/wp-content\/uploads\/sites\/18\/2021\/01\/0003-2048x976.jpg 2048w, https:\/\/www.vfl-westercelle.de\/tenn\/wp-content\/uploads\/sites\/18\/2021\/01\/0003-1500x715.jpg 1500w, https:\/\/www.vfl-westercelle.de\/tenn\/wp-content\/uploads\/sites\/18\/2021\/01\/0003-705x336.jpg 705w\" sizes=\"auto, (max-width: 1030px) 100vw, 1030px\" \/><\/h3>\n<h3 style=\"text-align: center\">Herzlich Willkommen in der Tennissparte vom VFL Westercelle!<\/h3>\n<\/div>\n<div>\n<div class=\"item-page\">\n<p style=\"text-align: center\"><strong>Wir sind ein traditionsreicher Tennisverein, der im Jahr 1968 gegr\u00fcndet wurde und aktuell ca. 350 Mitglieder hat. \u00a0Dank der hervorragenden Jugendarbeit sind wir weit \u00fcber die Grenzen der Residenzstadt Celle bekannt. Wir bieten aber auch Anf\u00e4ngern und Freizeitsportlern ausreichend Gelegenheit das Tennisspielen zu erlernen, zu trainieren oder einfach mit anderen Mitgliedern Matches zu spielen.<\/strong><\/p>\n<p style=\"text-align: center\"><strong>Die weitl\u00e4ufige Tennisanlage (Wilhelm-Hasselmann-Stra\u00dfe 52, 29227 Celle) umfasst 8 Au\u00dfenpl\u00e4tze und 2 Hallenpl\u00e4tze und liegt in einer ruhigen und gr\u00fcnen Umgebung. Das zentral auf der Anlage gelegenem Vereinsheim bietet Platz f\u00fcr Zusammenk\u00fcnfte und den Austausch unserer Vereinsmitglieder. Dar\u00fcber hinaus werden regelm\u00e4\u00dfig verschiedene Vereinsaktivit\u00e4ten geboten, bei denen die Vereinsmitglieder sich untereinander messen k\u00f6nnen und eine gesellige Zeit miteinander verbringen k\u00f6nnen. Beispiel hierf\u00fcr sind:<\/strong><\/p>\n<p style=\"text-align: center\"><strong>*<\/strong><\/p>\n<p style=\"text-align: center\"><strong>Eltern-Kind Turniere<\/strong><\/p>\n<p style=\"text-align: center\"><strong>*<\/strong><\/p>\n<p style=\"text-align: center\"><strong>\u201eJeder \u2013 Kann \u2013 Mitmachen Events\u201c<\/strong><\/p>\n<p style=\"text-align: center\"><strong>*<\/strong><\/p>\n<p style=\"text-align: center\"><strong>Spezielle Saisonevents<\/strong><\/p>\n<p style=\"text-align: center\"><strong>*<\/strong><\/p>\n<p style=\"text-align: center\"><strong>Spieltage unserer Punktspielmannschaften<\/strong><\/p>\n<p style=\"text-align: center\"><strong>*<\/strong><\/p>\n<p style=\"text-align: center\"><strong>Individuelle Turnierevents<\/strong><\/p>\n<p style=\"text-align: center\"><strong>Mit unserem kompetenten und erfahrenen <a href=\"https:\/\/www.vfl-westercelle.de\/tenn\/trainerteam\/\">Trainerteam<\/a> k\u00f6nnen wir ein umfangreiches Kinder-, Jugend- und Erwachsenentraining auf hohem Niveau anbieten. Insbesondere die Kinder- und Jugendarbeit liegt uns hierbei besonders am Herzen. Unser Ziel ist es, m\u00f6glichst vielen Kindern und Jugendlichen den Spa\u00df am Tennis zu vermitteln und die pers\u00f6nlichen St\u00e4rken und Schw\u00e4chen individuell zu f\u00f6rdern.<\/strong><\/p>\n<p style=\"text-align: center\"><strong>Zahlreiche Mannschaften im Jugend- und Erwachsenenbereich nehmen am Punktspielbetrieb teil. Dar\u00fcber hinaus veranstalten wir vereinsinterne und auch offene Turniere f\u00fcr Anf\u00e4nger, Breitensportler und leistungsorientiertere Tennisspieler.<\/strong><\/p>\n<p style=\"text-align: center\"><strong>M\u00f6chten Sie unseren Tennisverein gerne n\u00e4her kennen lernen oder haben Sie Fragen? Dann kommen Sie gerne an einem der Termin vorbei und machen Sie sich einen pers\u00f6nlichen Eindruck oder nehmen Sie <a href=\"https:\/\/www.vfl-westercelle.de\/tenn\/kontakt\/\">Kontakt zur sportlichen Leitung<\/a> auf.<\/strong><\/p>\n<\/div>\n<\/div>\n<\/div><\/section><\/div>\n\n","protected":false},"excerpt":{"rendered":"","protected":false},"author":34,"featured_media":0,"parent":0,"menu_order":0,"comment_status":"closed","ping_status":"closed","template":"","meta":{"footnotes":""},"class_list":["post-608","page","type-page","status-publish","hentry"],"_links":{"self":[{"href":"https:\/\/www.vfl-westercelle.de\/tenn\/wp-json\/wp\/v2\/pages\/608","targetHints":{"allow":["GET"]}}],"collection":[{"href":"https:\/\/www.vfl-westercelle.de\/tenn\/wp-json\/wp\/v2\/pages"}],"about":[{"href":"https:\/\/www.vfl-westercelle.de\/tenn\/wp-json\/wp\/v2\/types\/page"}],"author":[{"embeddable":true,"href":"https:\/\/www.vfl-westercelle.de\/tenn\/wp-json\/wp\/v2\/users\/34"}],"replies":[{"embeddable":true,"href":"https:\/\/www.vfl-westercelle.de\/tenn\/wp-json\/wp\/v2\/comments?post=608"}],"version-history":[{"count":2,"href":"https:\/\/www.vfl-westercelle.de\/tenn\/wp-json\/wp\/v2\/pages\/608\/revisions"}],"predecessor-version":[{"id":1493,"href":"https:\/\/www.vfl-westercelle.de\/tenn\/wp-json\/wp\/v2\/pages\/608\/revisions\/1493"}],"wp:attachment":[{"href":"https:\/\/www.vfl-westercelle.de\/tenn\/wp-json\/wp\/v2\/media?parent=608"}],"curies":[{"name":"wp","href":"https:\/\/api.w.org\/{rel}","templated":true}]}}