{"id":93,"date":"2018-04-29T18:33:27","date_gmt":"2018-04-29T16:33:27","guid":{"rendered":"http:\/\/www.vfl-westercelle.de\/tenn\/?page_id=93"},"modified":"2023-12-04T21:38:36","modified_gmt":"2023-12-04T20:38:36","slug":"einleitung","status":"publish","type":"page","link":"https:\/\/www.vfl-westercelle.de\/tenn\/einleitung\/","title":{"rendered":"Startseite"},"content":{"rendered":"\n<style type=\"text\/css\" data-created_by=\"avia_inline_auto\" id=\"style-css-av-23sb9-8424b7e80f2c799a652db3b237a15093\">\n.flex_column.av-23sb9-8424b7e80f2c799a652db3b237a15093{\nborder-radius:0px 0px 0px 0px;\npadding:0px 0px 0px 0px;\n}\n<\/style>\n<div  class='flex_column av-23sb9-8424b7e80f2c799a652db3b237a15093 av_one_full  avia-builder-el-0  avia-builder-el-no-sibling  first flex_column_div av-zero-column-padding  '     ><p>\n<style type=\"text\/css\" data-created_by=\"avia_inline_auto\" id=\"style-css-av-1rpfp-7d6c1452b8b3e303bfad73af654e2528\">\n#top .av-special-heading.av-1rpfp-7d6c1452b8b3e303bfad73af654e2528{\npadding-bottom:10px;\n}\nbody .av-special-heading.av-1rpfp-7d6c1452b8b3e303bfad73af654e2528 .av-special-heading-tag .heading-char{\nfont-size:25px;\n}\n.av-special-heading.av-1rpfp-7d6c1452b8b3e303bfad73af654e2528 .av-subheading{\nfont-size:15px;\n}\n<\/style>\n<div  class='av-special-heading av-1rpfp-7d6c1452b8b3e303bfad73af654e2528 av-special-heading-h3  avia-builder-el-1  el_before_av_textblock  avia-builder-el-first '><h3 class='av-special-heading-tag '  itemprop=\"headline\"  >Herzlich Willkommen in der Tennisparte des VfL Westercelle<\/h3><div class=\"special-heading-border\"><div class=\"special-heading-inner-border\"><\/div><\/div><\/div><br \/>\n<section  class='av_textblock_section av-ro4x-fd0aac172a281f9aefa98a3f02215002 '   itemscope=\"itemscope\" itemtype=\"https:\/\/schema.org\/CreativeWork\" ><div class='avia_textblock'  itemprop=\"text\" ><p>Unser Verein, gelegen mitten im Gr\u00fcnen, bietet f\u00fcr alle Altersgruppen und jede Spielst\u00e4rke das perfekte Umfeld. Derzeit hat der Verein etwa\u00a0320 Mitglieder, davon bestehen immerhin 16 gemeldete Mannschaften die erfolgreich am Punktspielbetrieb teilnehmen.\u00a0Dank der hervorragenden Jugendarbeit sind wir weit \u00fcber die Grenzen der Residenzstadt bekannt. Wir bieten aber auch Anf\u00e4ngern und Freizeitsportlern ausreichend Gelegenheit das Tennisspielen zu erlernen, zu trainieren oder einfach mit anderen Mitgliedern Matches zu spielen.<\/p>\n<p>Wir laden Sie herzlich ein. Die Tennisanlage befindet sich in der Wilhelm Hasselmann Stra\u00dfe 52 in 29227 Celle und ist telefonisch unter: 05141- 83774 erreichbar.<\/p>\n<p>F\u00fcr die Mitglieder stehen in der Sommersaison von Mai bis September 8 Sandpl\u00e4tze zur Verf\u00fcgung. Im Winter ist das Tennisspielen auf 2 vereinseigenen Hallenpl\u00e4tze m\u00f6glich. Nat\u00fcrlich k\u00f6nnen die Hallenpl\u00e4tze auch im Sommer gebucht werden. Ein Kunstrasenplatz inkl. einer Ballwand steht ganzj\u00e4hrig zur Verf\u00fcgung. Dieser wird neben der Sommersaison insbesondere in den \u00dcbergangszeiten bei sch\u00f6nem Wetter gerne genutzt. Der Kunstrasenplatz ist auch als Mehrzweckplatz (f\u00fcr Basketball, Volleyball, etc.) ausgestattet.<\/p>\n<\/div><\/section><\/p><\/div>\n","protected":false},"excerpt":{"rendered":"","protected":false},"author":1,"featured_media":0,"parent":0,"menu_order":0,"comment_status":"closed","ping_status":"closed","template":"","meta":{"footnotes":""},"class_list":["post-93","page","type-page","status-publish","hentry"],"_links":{"self":[{"href":"https:\/\/www.vfl-westercelle.de\/tenn\/wp-json\/wp\/v2\/pages\/93","targetHints":{"allow":["GET"]}}],"collection":[{"href":"https:\/\/www.vfl-westercelle.de\/tenn\/wp-json\/wp\/v2\/pages"}],"about":[{"href":"https:\/\/www.vfl-westercelle.de\/tenn\/wp-json\/wp\/v2\/types\/page"}],"author":[{"embeddable":true,"href":"https:\/\/www.vfl-westercelle.de\/tenn\/wp-json\/wp\/v2\/users\/1"}],"replies":[{"embeddable":true,"href":"https:\/\/www.vfl-westercelle.de\/tenn\/wp-json\/wp\/v2\/comments?post=93"}],"version-history":[{"count":1,"href":"https:\/\/www.vfl-westercelle.de\/tenn\/wp-json\/wp\/v2\/pages\/93\/revisions"}],"predecessor-version":[{"id":1296,"href":"https:\/\/www.vfl-westercelle.de\/tenn\/wp-json\/wp\/v2\/pages\/93\/revisions\/1296"}],"wp:attachment":[{"href":"https:\/\/www.vfl-westercelle.de\/tenn\/wp-json\/wp\/v2\/media?parent=93"}],"curies":[{"name":"wp","href":"https:\/\/api.w.org\/{rel}","templated":true}]}}