{"id":209,"date":"2019-03-27T22:31:39","date_gmt":"2019-03-27T21:31:39","guid":{"rendered":"http:\/\/www.vfl-westercelle.de\/t-t\/?page_id=209"},"modified":"2019-03-28T18:02:26","modified_gmt":"2019-03-28T17:02:26","slug":"ueber-uns","status":"publish","type":"page","link":"https:\/\/www.vfl-westercelle.de\/tt\/ueber-uns\/","title":{"rendered":"\u00dcber uns"},"content":{"rendered":"\n<style type=\"text\/css\" data-created_by=\"avia_inline_auto\" id=\"style-css-av-8swc9-f827ad221f6bef9b6d4ea441478c7e1e\">\n.flex_column.av-8swc9-f827ad221f6bef9b6d4ea441478c7e1e{\nborder-radius:0px 0px 0px 0px;\npadding:0px 0px 0px 0px;\n}\n<\/style>\n<div  class='flex_column av-8swc9-f827ad221f6bef9b6d4ea441478c7e1e av_one_full  avia-builder-el-0  avia-builder-el-no-sibling  first flex_column_div av-zero-column-padding  '     ><section  class='av_textblock_section av-jtrq4pgs-092a361ee37e836ab03bc092ea458db7 '   itemscope=\"itemscope\" itemtype=\"https:\/\/schema.org\/CreativeWork\" ><div class='avia_textblock'  itemprop=\"text\" ><p>Tischtennis, das hat doch jeder schonmal gespielt, ob damals auf dem Spielplatz oder im Urlaub am Pool. H\u00f6rt man den Ball klicken, kribbelt es in den Fingern und man wird an den Tisch gezogen. Kreative Schl\u00e4ge, gef\u00e4hrliche \u201eSchnibbelb\u00e4lle\u201c oder kompromissloser Angriff machen den Sport aus. Kombiniert mit dem richtigen Feingef\u00fchl, der passenden Taktik oder auch dem passenden Gl\u00fccksball im richtigen Moment ist jeder Gegner zu bezwingen. Tischtennis ist aber auch ein Sport der Generationen verbindet. Ob Senior mit langj\u00e4hriger Routine oder als wilder Youngster, das alles geht an einem Tisch.<\/p>\n<p>F\u00fcr unsere J\u00fcngsten bieten wir hochwertiges Training mit bis zu f\u00fcnf Trainern an. Es wird spielerisch an der Technik gefeilt und an der Koordination gearbeitet, um f\u00fcr den Einstieg in diesen schnellen Sport alles an der Hand zu haben.<\/p>\n<p>Aber auch f\u00fcr unsere \u00c4lteren haben wir eine Menge zu bieten. F\u00fcr unsere Leistungsorientierten bieten wir Training unter Anleitung eines erfahrenen B-Lizenz Trainers. Genauso\u00a0steht Techniktraining f\u00fcr unsere Hobbyspieler\u00a0 auf dem Programm, dass sich in das Training, in dem sonst der Spa\u00df im Vordergrund steht, einbettet.<\/p>\n<p>Ist das Training absolviert geht es nat\u00fcrlich in den Wettkampf. Ob Einzel, Doppel, Mannschaft oder manchmal sogar Rundlauf \u2013 ob\u00a0Kreisklasse oder Verbandsliga \u2013 ob\u00a0Sch\u00fclerin oder Senior.<br \/>\nTischtennis beim VfL Westercelle macht einen riesen Spa\u00df! Also schaut doch einmal vorbei.<\/p>\n<\/div><\/section><\/div>\n","protected":false},"excerpt":{"rendered":"","protected":false},"author":1,"featured_media":0,"parent":0,"menu_order":0,"comment_status":"closed","ping_status":"closed","template":"","meta":{"footnotes":""},"class_list":["post-209","page","type-page","status-publish","hentry"],"_links":{"self":[{"href":"https:\/\/www.vfl-westercelle.de\/tt\/wp-json\/wp\/v2\/pages\/209","targetHints":{"allow":["GET"]}}],"collection":[{"href":"https:\/\/www.vfl-westercelle.de\/tt\/wp-json\/wp\/v2\/pages"}],"about":[{"href":"https:\/\/www.vfl-westercelle.de\/tt\/wp-json\/wp\/v2\/types\/page"}],"author":[{"embeddable":true,"href":"https:\/\/www.vfl-westercelle.de\/tt\/wp-json\/wp\/v2\/users\/1"}],"replies":[{"embeddable":true,"href":"https:\/\/www.vfl-westercelle.de\/tt\/wp-json\/wp\/v2\/comments?post=209"}],"version-history":[{"count":6,"href":"https:\/\/www.vfl-westercelle.de\/tt\/wp-json\/wp\/v2\/pages\/209\/revisions"}],"predecessor-version":[{"id":310,"href":"https:\/\/www.vfl-westercelle.de\/tt\/wp-json\/wp\/v2\/pages\/209\/revisions\/310"}],"wp:attachment":[{"href":"https:\/\/www.vfl-westercelle.de\/tt\/wp-json\/wp\/v2\/media?parent=209"}],"curies":[{"name":"wp","href":"https:\/\/api.w.org\/{rel}","templated":true}]}}