{"id":15,"date":"2017-07-15T22:11:00","date_gmt":"2017-07-15T20:11:00","guid":{"rendered":"http:\/\/www.vfl-westercelle.de\/walk\/?page_id=15"},"modified":"2026-03-03T11:07:42","modified_gmt":"2026-03-03T10:07:42","slug":"nordic-walking-beim-vfl","status":"publish","type":"page","link":"https:\/\/www.vfl-westercelle.de\/walk\/","title":{"rendered":"Nordic Walking beim VfL"},"content":{"rendered":"\n<style type=\"text\/css\" data-created_by=\"avia_inline_auto\" id=\"style-css-av-a8237-eeae155f8bd5265be34b96a8a0a264cc\">\n.flex_column.av-a8237-eeae155f8bd5265be34b96a8a0a264cc{\nborder-radius:0px 0px 0px 0px;\npadding:0px 0px 0px 0px;\n}\n<\/style>\n<div  class='flex_column av-a8237-eeae155f8bd5265be34b96a8a0a264cc av_one_full  avia-builder-el-0  el_before_av_one_full  avia-builder-el-first  first flex_column_div av-zero-column-padding  '     ><p>\n<style type=\"text\/css\" data-created_by=\"avia_inline_auto\" id=\"style-css-av-1jr9j-245673328515c05c0df464e875e9ab12\">\n#top .av-special-heading.av-1jr9j-245673328515c05c0df464e875e9ab12{\npadding-bottom:10px;\n}\nbody .av-special-heading.av-1jr9j-245673328515c05c0df464e875e9ab12 .av-special-heading-tag .heading-char{\nfont-size:25px;\n}\n.av-special-heading.av-1jr9j-245673328515c05c0df464e875e9ab12 .av-subheading{\nfont-size:15px;\n}\n<\/style>\n<div  class='av-special-heading av-1jr9j-245673328515c05c0df464e875e9ab12 av-special-heading-h3  avia-builder-el-1  el_before_av_tab_container  avia-builder-el-first '><h3 class='av-special-heading-tag '  itemprop=\"headline\"  >\u00dcbungszeiten<\/h3><div class=\"special-heading-border\"><div class=\"special-heading-inner-border\"><\/div><\/div><\/div><br \/>\n<div  class='tabcontainer av-93ifz-cbc062f00d00cdd621e5802539afda5c top_tab  avia-builder-el-2  el_after_av_heading  avia-builder-el-last '>\n<section class='av_tab_section av_tab_section av-82ki7-55cad94e03485cb095bcd2feda8a49c9'  itemscope=\"itemscope\" itemtype=\"https:\/\/schema.org\/CreativeWork\" ><div id='tab-id-1-tab' class='tab active_tab' role='tab' aria-selected=\"true\" tabindex=\"0\" data-fake-id='#tab-id-1' aria-controls='tab-id-1-content'  itemprop=\"headline\" ><span class='tab_icon avia-iconfont avia-font-entypo-fontello' data-av_icon='\ue862' data-av_iconfont='entypo-fontello' ><\/span>Dienstag<\/div><div id='tab-id-1-content' class='tab_content active_tab_content' role='tabpanel' aria-labelledby='tab-id-1-tab' aria-hidden=\"false\"><div class='tab_inner_content invers-color'  itemprop=\"text\" ><h4>16:00 &#8211; 17:30 Uhr &#8211; Walken mit und ohne St\u00f6cke (auch f\u00fcr Anf\u00e4nger)<\/h4>\n<p>Treffen an den Parkpl\u00e4tzen bei den Tennispl\u00e4tzen &#8222;Im g\u00fcldenen Winkel&#8220;<\/p>\n<\/div><\/div><\/section>\n<\/div><\/p><\/div>\n<style type=\"text\/css\" data-created_by=\"avia_inline_auto\" id=\"style-css-av-6tueb-d63de36f5875f6aa8c90aa38955f68f9\">\n.flex_column.av-6tueb-d63de36f5875f6aa8c90aa38955f68f9{\nborder-radius:0px 0px 0px 0px;\npadding:0px 0px 0px 0px;\n}\n<\/style>\n<div  class='flex_column av-6tueb-d63de36f5875f6aa8c90aa38955f68f9 av_one_full  avia-builder-el-3  el_after_av_one_full  el_before_av_one_third  first flex_column_div av-zero-column-padding  column-top-margin'     ><style type=\"text\/css\" data-created_by=\"avia_inline_auto\" id=\"style-css-av-654tb-40f88e405f3be04203038860616a7dd9\">\n#top .av-special-heading.av-654tb-40f88e405f3be04203038860616a7dd9{\npadding-bottom:10px;\n}\nbody .av-special-heading.av-654tb-40f88e405f3be04203038860616a7dd9 .av-special-heading-tag .heading-char{\nfont-size:25px;\n}\n.av-special-heading.av-654tb-40f88e405f3be04203038860616a7dd9 .av-subheading{\nfont-size:15px;\n}\n<\/style>\n<div  class='av-special-heading av-654tb-40f88e405f3be04203038860616a7dd9 av-special-heading-h3  avia-builder-el-4  avia-builder-el-no-sibling '><h3 class='av-special-heading-tag '  itemprop=\"headline\"  >Ansprechpartner<\/h3><div class=\"special-heading-border\"><div class=\"special-heading-inner-border\"><\/div><\/div><\/div><\/div><\/p>\n\n<style type=\"text\/css\" data-created_by=\"avia_inline_auto\" id=\"style-css-av-5wkhb-6aa3be0e38e4acb0aa47ec5ca8cde6e1\">\n.flex_column.av-5wkhb-6aa3be0e38e4acb0aa47ec5ca8cde6e1{\nborder-radius:0px 0px 0px 0px;\npadding:0px 0px 0px 0px;\n}\n<\/style>\n<div  class='flex_column av-5wkhb-6aa3be0e38e4acb0aa47ec5ca8cde6e1 av_one_third  avia-builder-el-5  el_after_av_one_full  avia-builder-el-last  first flex_column_div av-zero-column-padding  column-top-margin'     ><section  class='avia-team-member av-5971n-5993c855a7d49a76351a75c81ab18cdb  avia-builder-el-6  avia-builder-el-no-sibling '  itemscope=\"itemscope\" itemtype=\"https:\/\/schema.org\/Person\" ><div class=\"team-img-container\"><img decoding=\"async\" fetchpriority=\"high\" class='wp-image-33 avia-img-lazy-loading-not-33 avia_image avia_image_team' src=\"https:\/\/www.vfl-westercelle.de\/walk\/wp-content\/uploads\/sites\/15\/2017\/07\/platzhalter_frau.jpg\" alt='Renate Naujok'  itemprop=\"image\"   height=\"314\" width=\"472\" srcset=\"https:\/\/www.vfl-westercelle.de\/walk\/wp-content\/uploads\/sites\/15\/2017\/07\/platzhalter_frau.jpg 472w, https:\/\/www.vfl-westercelle.de\/walk\/wp-content\/uploads\/sites\/15\/2017\/07\/platzhalter_frau-300x200.jpg 300w, https:\/\/www.vfl-westercelle.de\/walk\/wp-content\/uploads\/sites\/15\/2017\/07\/platzhalter_frau-450x299.jpg 450w\" sizes=\"(max-width: 472px) 100vw, 472px\" \/><div class=\"team-social\"><div class=\"team-social-inner\"><a class='avia-team-icon av-4893v-27e7aa6bd72d6b119e7bfc39b9c54e6b avia-iconfont avia-font-entypo-fontello' data-avia-tooltip=\"Tel. 05141 - 81783\" data-av_icon='\ue854' data-av_iconfont='entypo-fontello' ><\/a><\/div><\/div><\/div><h3 class='team-member-name '  itemprop=\"name\" >Renate Naujok<\/h3><div class='team-member-job-title '  itemprop=\"jobTitle\" >Ansprechpartner<\/div><span class='hidden team-member-affiliation'  itemprop=\"affiliation\" >VfL Westercelle - Walking<\/span><\/section><\/div>\n","protected":false},"excerpt":{"rendered":"","protected":false},"author":1,"featured_media":0,"parent":0,"menu_order":0,"comment_status":"closed","ping_status":"closed","template":"","meta":{"footnotes":""},"class_list":["post-15","page","type-page","status-publish","hentry"],"_links":{"self":[{"href":"https:\/\/www.vfl-westercelle.de\/walk\/wp-json\/wp\/v2\/pages\/15","targetHints":{"allow":["GET"]}}],"collection":[{"href":"https:\/\/www.vfl-westercelle.de\/walk\/wp-json\/wp\/v2\/pages"}],"about":[{"href":"https:\/\/www.vfl-westercelle.de\/walk\/wp-json\/wp\/v2\/types\/page"}],"author":[{"embeddable":true,"href":"https:\/\/www.vfl-westercelle.de\/walk\/wp-json\/wp\/v2\/users\/1"}],"replies":[{"embeddable":true,"href":"https:\/\/www.vfl-westercelle.de\/walk\/wp-json\/wp\/v2\/comments?post=15"}],"version-history":[{"count":2,"href":"https:\/\/www.vfl-westercelle.de\/walk\/wp-json\/wp\/v2\/pages\/15\/revisions"}],"predecessor-version":[{"id":185,"href":"https:\/\/www.vfl-westercelle.de\/walk\/wp-json\/wp\/v2\/pages\/15\/revisions\/185"}],"wp:attachment":[{"href":"https:\/\/www.vfl-westercelle.de\/walk\/wp-json\/wp\/v2\/media?parent=15"}],"curies":[{"name":"wp","href":"https:\/\/api.w.org\/{rel}","templated":true}]}}