{"id":19,"date":"2017-07-15T22:12:19","date_gmt":"2017-07-15T20:12:19","guid":{"rendered":"http:\/\/www.vfl-westercelle.de\/walk\/?page_id=19"},"modified":"2017-07-16T00:28:14","modified_gmt":"2017-07-15T22:28:14","slug":"aktivitaeten","status":"publish","type":"page","link":"https:\/\/www.vfl-westercelle.de\/walk\/aktivitaeten\/","title":{"rendered":"Aktivit\u00e4ten"},"content":{"rendered":"\n<style type=\"text\/css\" data-created_by=\"avia_inline_auto\" id=\"style-css-av-av_one_full-6126cab7d8fab8d08143dd2dacdf673c\">\n.flex_column.av-av_one_full-6126cab7d8fab8d08143dd2dacdf673c{\nborder-radius:0px 0px 0px 0px;\npadding:0px 0px 0px 0px;\n}\n<\/style>\n<div  class='flex_column av-av_one_full-6126cab7d8fab8d08143dd2dacdf673c av_one_full  avia-builder-el-0  avia-builder-el-no-sibling  first flex_column_div av-zero-column-padding  '     ><div  class='av-alb-blogposts template-blog  av-blog-meta-author-disabled av-blog-meta-comments-disabled '  itemscope=\"itemscope\" itemtype=\"https:\/\/schema.org\/Blog\" ><article class=\"post-entry post-entry-type-standard post-entry-136 post-loop-1 post-parity-odd single-big with-slider post-136 post type-post status-publish format-standard has-post-thumbnail hentry category-allgemein\"  itemscope=\"itemscope\" itemtype=\"https:\/\/schema.org\/BlogPosting\" ><div class=\"big-preview single-big\"  itemprop=\"image\" itemscope=\"itemscope\" itemtype=\"https:\/\/schema.org\/ImageObject\" ><a href=\"https:\/\/www.vfl-westercelle.de\/walk\/2017\/11\/05\/wasa-lauf-2017\/\"  title=\"WASA Lauf 2017\" ><img decoding=\"async\" loading=\"lazy\" width=\"845\" height=\"321\" src=\"https:\/\/www.vfl-westercelle.de\/walk\/wp-content\/uploads\/sites\/15\/2017\/11\/WASA-Lauf-2017-e1509901798798-845x321.jpg\" class=\"wp-image-137 avia-img-lazy-loading-137 attachment-entry_with_sidebar size-entry_with_sidebar wp-post-image\" alt=\"\" \/><\/a><\/div><div class=\"blog-meta\"><\/div><div class='entry-content-wrapper clearfix standard-content'><header class=\"entry-content-header\" aria-label=\"Post: WASA Lauf 2017\"><h2 class='post-title entry-title '  itemprop=\"headline\" ><a href=\"https:\/\/www.vfl-westercelle.de\/walk\/2017\/11\/05\/wasa-lauf-2017\/\" rel=\"bookmark\" title=\"Permanenter Link zu: WASA Lauf 2017\">WASA Lauf 2017<span class=\"post-format-icon minor-meta\"><\/span><\/a><\/h2><span class=\"post-meta-infos\"><time class=\"date-container minor-meta updated\"  itemprop=\"datePublished\" datetime=\"2017-11-05T18:10:18+01:00\" >5. November 2017<\/time><span class=\"text-sep\">\/<\/span><span class=\"blog-categories minor-meta\">in <a href=\"https:\/\/www.vfl-westercelle.de\/walk\/category\/allgemein\/\" rel=\"tag\">Allgemein<\/a><\/span><\/span><\/header><div class=\"entry-content\"  itemprop=\"text\" ><p>Beim 50. WASA-Lauf am 12. M\u00e4rz 2017 startete auch eine gro\u00dfe Gruppe vom VfL-Westercelle. Warme Kleidung und auch Handschuhe waren angesagt, da zwar die Sonne schien, aber im Allgemeinen ein heftiger kalter Wind den L\u00e4ufern um die Ohren pfiff. Die bekannte Strecke auf der n\u00f6rdlichen Seite der Aller hin und zur\u00fcck auf der s\u00fcdlichen, mit <a class=\"read-more-link\" href=\"https:\/\/www.vfl-westercelle.de\/walk\/2017\/11\/05\/wasa-lauf-2017\/\">[&#8230; weiterlesen]<\/a><\/p>\n<\/div><footer class=\"entry-footer\"><\/footer><div class='post_delimiter'><\/div><\/div><div class=\"post_author_timeline\"><\/div><span class='hidden'>\n\t\t\t\t<span class='av-structured-data'  itemprop=\"image\" itemscope=\"itemscope\" itemtype=\"https:\/\/schema.org\/ImageObject\" >\n\t\t\t\t\t\t<span itemprop='url'>https:\/\/www.vfl-westercelle.de\/walk\/wp-content\/uploads\/sites\/15\/2017\/11\/WASA-Lauf-2017-e1509901798798.jpg<\/span>\n\t\t\t\t\t\t<span itemprop='height'>2898<\/span>\n\t\t\t\t\t\t<span itemprop='width'>5087<\/span>\n\t\t\t\t<\/span>\n\t\t\t\t<span class='av-structured-data'  itemprop=\"publisher\" itemtype=\"https:\/\/schema.org\/Organization\" itemscope=\"itemscope\" >\n\t\t\t\t\t\t<span itemprop='name'>Onlineredaktion<\/span>\n\t\t\t\t\t\t<span itemprop='logo' itemscope itemtype='https:\/\/schema.org\/ImageObject'>\n\t\t\t\t\t\t\t<span itemprop='url'>http:\/\/www.vfl-westercelle.de\/walk\/wp-content\/uploads\/sites\/15\/2017\/09\/walking-vflwestercelle.png<\/span>\n\t\t\t\t\t\t<\/span>\n\t\t\t\t<\/span><span class='av-structured-data'  itemprop=\"author\" itemscope=\"itemscope\" itemtype=\"https:\/\/schema.org\/Person\" ><span itemprop='name'>Onlineredaktion<\/span><\/span><span class='av-structured-data'  itemprop=\"datePublished\" datetime=\"2017-11-05T18:10:18+01:00\" >2017-11-05 18:10:18<\/span><span class='av-structured-data'  itemprop=\"dateModified\" itemtype=\"https:\/\/schema.org\/dateModified\" >2021-10-20 10:41:43<\/span><span class='av-structured-data'  itemprop=\"mainEntityOfPage\" itemtype=\"https:\/\/schema.org\/mainEntityOfPage\" ><span itemprop='name'>WASA Lauf 2017<\/span><\/span><\/span><\/article><article class=\"post-entry post-entry-type-standard post-entry-145 post-loop-2 post-parity-even single-big with-slider post-145 post type-post status-publish format-standard has-post-thumbnail hentry category-allgemein\"  itemscope=\"itemscope\" itemtype=\"https:\/\/schema.org\/BlogPosting\" ><div class=\"big-preview single-big\"  itemprop=\"image\" itemscope=\"itemscope\" itemtype=\"https:\/\/schema.org\/ImageObject\" ><a href=\"https:\/\/www.vfl-westercelle.de\/walk\/2017\/05\/15\/besuch-des-hundertwasserbahnhof\/\"  title=\"Hundertwasser Bahnhof Uelzen\" ><img decoding=\"async\" loading=\"lazy\" width=\"845\" height=\"321\" src=\"https:\/\/www.vfl-westercelle.de\/walk\/wp-content\/uploads\/sites\/15\/2017\/11\/Uelzen-845x321.jpg\" class=\"wp-image-146 avia-img-lazy-loading-146 attachment-entry_with_sidebar size-entry_with_sidebar wp-post-image\" alt=\"\" \/><\/a><\/div><div class=\"blog-meta\"><\/div><div class='entry-content-wrapper clearfix standard-content'><header class=\"entry-content-header\" aria-label=\"Post: Besuch des Hundertwasserbahnhof\"><h2 class='post-title entry-title '  itemprop=\"headline\" ><a href=\"https:\/\/www.vfl-westercelle.de\/walk\/2017\/05\/15\/besuch-des-hundertwasserbahnhof\/\" rel=\"bookmark\" title=\"Permanenter Link zu: Besuch des Hundertwasserbahnhof\">Besuch des Hundertwasserbahnhof<span class=\"post-format-icon minor-meta\"><\/span><\/a><\/h2><span class=\"post-meta-infos\"><time class=\"date-container minor-meta updated\"  itemprop=\"datePublished\" datetime=\"2017-05-15T13:21:27+02:00\" >15. Mai 2017<\/time><span class=\"text-sep\">\/<\/span><span class=\"blog-categories minor-meta\">in <a href=\"https:\/\/www.vfl-westercelle.de\/walk\/category\/allgemein\/\" rel=\"tag\">Allgemein<\/a><\/span><\/span><\/header><div class=\"entry-content\"  itemprop=\"text\" ><p>Bei herrlichem Sonnenschein und wie immer bestgelaunt fuhren 25 Walker mit dem Metronom nach Uelzen. Eine Stadtf\u00fchrerin erkl\u00e4rte uns kurzweilig und sehr interessant die Entstehung dieses damaligen EXPO-Projektes durch den K\u00fcnstler Friedensreich Hundertwasser. Seine besondere Naturverbundenheit spiegelt sich in der eigenwilligen Architektur, den bunten Farben und\u00a0 auff\u00e4lligen Formen wider. Ein anschlie\u00dfendes Kaffeetrinken im Bio-Restaurant rundete <a class=\"read-more-link\" href=\"https:\/\/www.vfl-westercelle.de\/walk\/2017\/05\/15\/besuch-des-hundertwasserbahnhof\/\">[&#8230; weiterlesen]<\/a><\/p>\n<\/div><footer class=\"entry-footer\"><\/footer><div class='post_delimiter'><\/div><\/div><div class=\"post_author_timeline\"><\/div><span class='hidden'>\n\t\t\t\t<span class='av-structured-data'  itemprop=\"image\" itemscope=\"itemscope\" itemtype=\"https:\/\/schema.org\/ImageObject\" >\n\t\t\t\t\t\t<span itemprop='url'>https:\/\/www.vfl-westercelle.de\/walk\/wp-content\/uploads\/sites\/15\/2017\/11\/Uelzen.jpg<\/span>\n\t\t\t\t\t\t<span itemprop='height'>3456<\/span>\n\t\t\t\t\t\t<span itemprop='width'>4608<\/span>\n\t\t\t\t<\/span>\n\t\t\t\t<span class='av-structured-data'  itemprop=\"publisher\" itemtype=\"https:\/\/schema.org\/Organization\" itemscope=\"itemscope\" >\n\t\t\t\t\t\t<span itemprop='name'>Onlineredaktion<\/span>\n\t\t\t\t\t\t<span itemprop='logo' itemscope itemtype='https:\/\/schema.org\/ImageObject'>\n\t\t\t\t\t\t\t<span itemprop='url'>http:\/\/www.vfl-westercelle.de\/walk\/wp-content\/uploads\/sites\/15\/2017\/09\/walking-vflwestercelle.png<\/span>\n\t\t\t\t\t\t<\/span>\n\t\t\t\t<\/span><span class='av-structured-data'  itemprop=\"author\" itemscope=\"itemscope\" itemtype=\"https:\/\/schema.org\/Person\" ><span itemprop='name'>Onlineredaktion<\/span><\/span><span class='av-structured-data'  itemprop=\"datePublished\" datetime=\"2017-05-15T13:21:27+02:00\" >2017-05-15 13:21:27<\/span><span class='av-structured-data'  itemprop=\"dateModified\" itemtype=\"https:\/\/schema.org\/dateModified\" >2021-10-20 10:41:43<\/span><span class='av-structured-data'  itemprop=\"mainEntityOfPage\" itemtype=\"https:\/\/schema.org\/mainEntityOfPage\" ><span itemprop='name'>Besuch des Hundertwasserbahnhof<\/span><\/span><\/span><\/article><article class=\"post-entry post-entry-type-standard post-entry-141 post-loop-3 post-parity-odd single-big with-slider post-141 post type-post status-publish format-standard has-post-thumbnail hentry category-allgemein\"  itemscope=\"itemscope\" itemtype=\"https:\/\/schema.org\/BlogPosting\" ><div class=\"big-preview single-big\"  itemprop=\"image\" itemscope=\"itemscope\" itemtype=\"https:\/\/schema.org\/ImageObject\" ><a href=\"https:\/\/www.vfl-westercelle.de\/walk\/2016\/06\/05\/wasa-lauf-2016\/\"  title=\"WASA Lauf 2016\" ><img decoding=\"async\" loading=\"lazy\" width=\"845\" height=\"321\" src=\"https:\/\/www.vfl-westercelle.de\/walk\/wp-content\/uploads\/sites\/15\/2017\/11\/WASA-Lauf-2016-2-e1509902186318-845x321.jpg\" class=\"wp-image-142 avia-img-lazy-loading-142 attachment-entry_with_sidebar size-entry_with_sidebar wp-post-image\" alt=\"\" \/><\/a><\/div><div class=\"blog-meta\"><\/div><div class='entry-content-wrapper clearfix standard-content'><header class=\"entry-content-header\" aria-label=\"Post: WASA Lauf 2016\"><h2 class='post-title entry-title '  itemprop=\"headline\" ><a href=\"https:\/\/www.vfl-westercelle.de\/walk\/2016\/06\/05\/wasa-lauf-2016\/\" rel=\"bookmark\" title=\"Permanenter Link zu: WASA Lauf 2016\">WASA Lauf 2016<span class=\"post-format-icon minor-meta\"><\/span><\/a><\/h2><span class=\"post-meta-infos\"><time class=\"date-container minor-meta updated\"  itemprop=\"datePublished\" datetime=\"2016-06-05T18:16:34+02:00\" >5. Juni 2016<\/time><span class=\"text-sep\">\/<\/span><span class=\"blog-categories minor-meta\">in <a href=\"https:\/\/www.vfl-westercelle.de\/walk\/category\/allgemein\/\" rel=\"tag\">Allgemein<\/a><\/span><\/span><\/header><div class=\"entry-content\"  itemprop=\"text\" ><p>Sonntag, 13 M\u00e4rz und wir Walker vom VfL sind zum 13. Mal mit dabei. Schon die Begr\u00fc\u00dfung und das Anbringen der Startnummern sind auch diesmal wieder sehr fr\u00f6hlich. Nach dem obligatorischen Gruppenfoto bei heute eisigen Temperaturen ist das Aufw\u00e4rmen besonders intensiv. Ein tolles Gef\u00fchl dann, mit den anderen rund 200 Walkern am Start vor dem <a class=\"read-more-link\" href=\"https:\/\/www.vfl-westercelle.de\/walk\/2016\/06\/05\/wasa-lauf-2016\/\">[&#8230; weiterlesen]<\/a><\/p>\n<\/div><footer class=\"entry-footer\"><\/footer><div class='post_delimiter'><\/div><\/div><div class=\"post_author_timeline\"><\/div><span class='hidden'>\n\t\t\t\t<span class='av-structured-data'  itemprop=\"image\" itemscope=\"itemscope\" itemtype=\"https:\/\/schema.org\/ImageObject\" >\n\t\t\t\t\t\t<span itemprop='url'>https:\/\/www.vfl-westercelle.de\/walk\/wp-content\/uploads\/sites\/15\/2017\/11\/WASA-Lauf-2016-2-e1509902186318.jpg<\/span>\n\t\t\t\t\t\t<span itemprop='height'>750<\/span>\n\t\t\t\t\t\t<span itemprop='width'>1200<\/span>\n\t\t\t\t<\/span>\n\t\t\t\t<span class='av-structured-data'  itemprop=\"publisher\" itemtype=\"https:\/\/schema.org\/Organization\" itemscope=\"itemscope\" >\n\t\t\t\t\t\t<span itemprop='name'>Onlineredaktion<\/span>\n\t\t\t\t\t\t<span itemprop='logo' itemscope itemtype='https:\/\/schema.org\/ImageObject'>\n\t\t\t\t\t\t\t<span itemprop='url'>http:\/\/www.vfl-westercelle.de\/walk\/wp-content\/uploads\/sites\/15\/2017\/09\/walking-vflwestercelle.png<\/span>\n\t\t\t\t\t\t<\/span>\n\t\t\t\t<\/span><span class='av-structured-data'  itemprop=\"author\" itemscope=\"itemscope\" itemtype=\"https:\/\/schema.org\/Person\" ><span itemprop='name'>Onlineredaktion<\/span><\/span><span class='av-structured-data'  itemprop=\"datePublished\" datetime=\"2016-06-05T18:16:34+02:00\" >2016-06-05 18:16:34<\/span><span class='av-structured-data'  itemprop=\"dateModified\" itemtype=\"https:\/\/schema.org\/dateModified\" >2021-10-20 10:41:43<\/span><span class='av-structured-data'  itemprop=\"mainEntityOfPage\" itemtype=\"https:\/\/schema.org\/mainEntityOfPage\" ><span itemprop='name'>WASA Lauf 2016<\/span><\/span><\/span><\/article><article class=\"post-entry post-entry-type-standard post-entry-44 post-loop-4 post-parity-even single-big with-slider post-44 post type-post status-publish format-standard has-post-thumbnail hentry category-allgemein\"  itemscope=\"itemscope\" itemtype=\"https:\/\/schema.org\/BlogPosting\" ><div class=\"big-preview single-big\"  itemprop=\"image\" itemscope=\"itemscope\" itemtype=\"https:\/\/schema.org\/ImageObject\" ><a href=\"https:\/\/www.vfl-westercelle.de\/walk\/2016\/05\/30\/ausflug-durch-die-vier-und-marschlande\/\"  title=\"ausflug2016_02\" ><img decoding=\"async\" loading=\"lazy\" width=\"845\" height=\"321\" src=\"https:\/\/www.vfl-westercelle.de\/walk\/wp-content\/uploads\/sites\/15\/2017\/07\/ausflug2016_02-845x321.jpg\" class=\"wp-image-45 avia-img-lazy-loading-45 attachment-entry_with_sidebar size-entry_with_sidebar wp-post-image\" alt=\"\" \/><\/a><\/div><div class=\"blog-meta\"><\/div><div class='entry-content-wrapper clearfix standard-content'><header class=\"entry-content-header\" aria-label=\"Post: Ausflug durch die Vier- und Marschlande\"><h2 class='post-title entry-title '  itemprop=\"headline\" ><a href=\"https:\/\/www.vfl-westercelle.de\/walk\/2016\/05\/30\/ausflug-durch-die-vier-und-marschlande\/\" rel=\"bookmark\" title=\"Permanenter Link zu: Ausflug durch die Vier- und Marschlande\">Ausflug durch die Vier- und Marschlande<span class=\"post-format-icon minor-meta\"><\/span><\/a><\/h2><span class=\"post-meta-infos\"><time class=\"date-container minor-meta updated\"  itemprop=\"datePublished\" datetime=\"2016-05-30T10:19:19+02:00\" >30. Mai 2016<\/time><span class=\"text-sep\">\/<\/span><span class=\"blog-categories minor-meta\">in <a href=\"https:\/\/www.vfl-westercelle.de\/walk\/category\/allgemein\/\" rel=\"tag\">Allgemein<\/a><\/span><\/span><\/header><div class=\"entry-content\"  itemprop=\"text\" ><p>40 Walker haben am 26. Mai 2016 einen Ausflug mit dem Bus durch die Vier- und Marschlande gemacht und dabei einen recht unbekannten Teil Hamburgs kennen gelernt. Auf einer Rundfahrt mit u.a. der Besichtigung eines Gartenbaubetriebes und der barocken\u00a0 Altengammer Kirche St. Nicolai bekamen sie von einer einheimischen Landfrau viele Informationen. Obwohl das Wetter zu <a class=\"read-more-link\" href=\"https:\/\/www.vfl-westercelle.de\/walk\/2016\/05\/30\/ausflug-durch-die-vier-und-marschlande\/\">[&#8230; weiterlesen]<\/a><\/p>\n<\/div><footer class=\"entry-footer\"><\/footer><div class='post_delimiter'><\/div><\/div><div class=\"post_author_timeline\"><\/div><span class='hidden'>\n\t\t\t\t<span class='av-structured-data'  itemprop=\"image\" itemscope=\"itemscope\" itemtype=\"https:\/\/schema.org\/ImageObject\" >\n\t\t\t\t\t\t<span itemprop='url'>https:\/\/www.vfl-westercelle.de\/walk\/wp-content\/uploads\/sites\/15\/2017\/07\/ausflug2016_02.jpg<\/span>\n\t\t\t\t\t\t<span itemprop='height'>831<\/span>\n\t\t\t\t\t\t<span itemprop='width'>1200<\/span>\n\t\t\t\t<\/span>\n\t\t\t\t<span class='av-structured-data'  itemprop=\"publisher\" itemtype=\"https:\/\/schema.org\/Organization\" itemscope=\"itemscope\" >\n\t\t\t\t\t\t<span itemprop='name'>Onlineredaktion<\/span>\n\t\t\t\t\t\t<span itemprop='logo' itemscope itemtype='https:\/\/schema.org\/ImageObject'>\n\t\t\t\t\t\t\t<span itemprop='url'>http:\/\/www.vfl-westercelle.de\/walk\/wp-content\/uploads\/sites\/15\/2017\/09\/walking-vflwestercelle.png<\/span>\n\t\t\t\t\t\t<\/span>\n\t\t\t\t<\/span><span class='av-structured-data'  itemprop=\"author\" itemscope=\"itemscope\" itemtype=\"https:\/\/schema.org\/Person\" ><span itemprop='name'>Onlineredaktion<\/span><\/span><span class='av-structured-data'  itemprop=\"datePublished\" datetime=\"2016-05-30T10:19:19+02:00\" >2016-05-30 10:19:19<\/span><span class='av-structured-data'  itemprop=\"dateModified\" itemtype=\"https:\/\/schema.org\/dateModified\" >2021-10-20 10:41:43<\/span><span class='av-structured-data'  itemprop=\"mainEntityOfPage\" itemtype=\"https:\/\/schema.org\/mainEntityOfPage\" ><span itemprop='name'>Ausflug durch die Vier- und Marschlande<\/span><\/span><\/span><\/article><article class=\"post-entry post-entry-type-standard post-entry-55 post-loop-5 post-parity-odd post-entry-last single-big with-slider post-55 post type-post status-publish format-standard has-post-thumbnail hentry category-allgemein\"  itemscope=\"itemscope\" itemtype=\"https:\/\/schema.org\/BlogPosting\" ><div class=\"big-preview single-big\"  itemprop=\"image\" itemscope=\"itemscope\" itemtype=\"https:\/\/schema.org\/ImageObject\" ><a href=\"https:\/\/www.vfl-westercelle.de\/walk\/2015\/09\/16\/radtour-mit-30-teilnehmern\/\"  title=\"2015_radtour\" ><img decoding=\"async\" loading=\"lazy\" width=\"845\" height=\"321\" src=\"https:\/\/www.vfl-westercelle.de\/walk\/wp-content\/uploads\/sites\/15\/2017\/07\/2015_radtour-845x321.jpg\" class=\"wp-image-56 avia-img-lazy-loading-56 attachment-entry_with_sidebar size-entry_with_sidebar wp-post-image\" alt=\"\" \/><\/a><\/div><div class=\"blog-meta\"><\/div><div class='entry-content-wrapper clearfix standard-content'><header class=\"entry-content-header\" aria-label=\"Post: Radtour 2015 mit 30 Teilnehmern\"><h2 class='post-title entry-title '  itemprop=\"headline\" ><a href=\"https:\/\/www.vfl-westercelle.de\/walk\/2015\/09\/16\/radtour-mit-30-teilnehmern\/\" rel=\"bookmark\" title=\"Permanenter Link zu: Radtour 2015 mit 30 Teilnehmern\">Radtour 2015 mit 30 Teilnehmern<span class=\"post-format-icon minor-meta\"><\/span><\/a><\/h2><span class=\"post-meta-infos\"><time class=\"date-container minor-meta updated\"  itemprop=\"datePublished\" datetime=\"2015-09-16T00:24:56+02:00\" >16. September 2015<\/time><span class=\"text-sep\">\/<\/span><span class=\"blog-categories minor-meta\">in <a href=\"https:\/\/www.vfl-westercelle.de\/walk\/category\/allgemein\/\" rel=\"tag\">Allgemein<\/a><\/span><\/span><\/header><div class=\"entry-content\"  itemprop=\"text\" ><\/div><footer class=\"entry-footer\"><\/footer><div class='post_delimiter'><\/div><\/div><div class=\"post_author_timeline\"><\/div><span class='hidden'>\n\t\t\t\t<span class='av-structured-data'  itemprop=\"image\" itemscope=\"itemscope\" itemtype=\"https:\/\/schema.org\/ImageObject\" >\n\t\t\t\t\t\t<span itemprop='url'>https:\/\/www.vfl-westercelle.de\/walk\/wp-content\/uploads\/sites\/15\/2017\/07\/2015_radtour.jpg<\/span>\n\t\t\t\t\t\t<span itemprop='height'>571<\/span>\n\t\t\t\t\t\t<span itemprop='width'>1200<\/span>\n\t\t\t\t<\/span>\n\t\t\t\t<span class='av-structured-data'  itemprop=\"publisher\" itemtype=\"https:\/\/schema.org\/Organization\" itemscope=\"itemscope\" >\n\t\t\t\t\t\t<span itemprop='name'>Onlineredaktion<\/span>\n\t\t\t\t\t\t<span itemprop='logo' itemscope itemtype='https:\/\/schema.org\/ImageObject'>\n\t\t\t\t\t\t\t<span itemprop='url'>http:\/\/www.vfl-westercelle.de\/walk\/wp-content\/uploads\/sites\/15\/2017\/09\/walking-vflwestercelle.png<\/span>\n\t\t\t\t\t\t<\/span>\n\t\t\t\t<\/span><span class='av-structured-data'  itemprop=\"author\" itemscope=\"itemscope\" itemtype=\"https:\/\/schema.org\/Person\" ><span itemprop='name'>Onlineredaktion<\/span><\/span><span class='av-structured-data'  itemprop=\"datePublished\" datetime=\"2015-09-16T00:24:56+02:00\" >2015-09-16 00:24:56<\/span><span class='av-structured-data'  itemprop=\"dateModified\" itemtype=\"https:\/\/schema.org\/dateModified\" >2021-10-20 10:41:43<\/span><span class='av-structured-data'  itemprop=\"mainEntityOfPage\" itemtype=\"https:\/\/schema.org\/mainEntityOfPage\" ><span itemprop='name'>Radtour 2015 mit 30 Teilnehmern<\/span><\/span><\/span><\/article><div class='single-big'><nav class='pagination'><span class='pagination-meta'>Seite 1 von 2<\/span><span class='current'>1<\/span><a href='https:\/\/www.vfl-westercelle.de\/walk\/wp-json\/wp\/v2\/pages\/19\/page\/2\/' class='inactive next_page' >2<\/a><\/nav>\n<\/div><\/div><\/div>\n","protected":false},"excerpt":{"rendered":"","protected":false},"author":1,"featured_media":0,"parent":0,"menu_order":0,"comment_status":"closed","ping_status":"closed","template":"","meta":{"footnotes":""},"class_list":["post-19","page","type-page","status-publish","hentry"],"_links":{"self":[{"href":"https:\/\/www.vfl-westercelle.de\/walk\/wp-json\/wp\/v2\/pages\/19","targetHints":{"allow":["GET"]}}],"collection":[{"href":"https:\/\/www.vfl-westercelle.de\/walk\/wp-json\/wp\/v2\/pages"}],"about":[{"href":"https:\/\/www.vfl-westercelle.de\/walk\/wp-json\/wp\/v2\/types\/page"}],"author":[{"embeddable":true,"href":"https:\/\/www.vfl-westercelle.de\/walk\/wp-json\/wp\/v2\/users\/1"}],"replies":[{"embeddable":true,"href":"https:\/\/www.vfl-westercelle.de\/walk\/wp-json\/wp\/v2\/comments?post=19"}],"version-history":[{"count":4,"href":"https:\/\/www.vfl-westercelle.de\/walk\/wp-json\/wp\/v2\/pages\/19\/revisions"}],"predecessor-version":[{"id":64,"href":"https:\/\/www.vfl-westercelle.de\/walk\/wp-json\/wp\/v2\/pages\/19\/revisions\/64"}],"wp:attachment":[{"href":"https:\/\/www.vfl-westercelle.de\/walk\/wp-json\/wp\/v2\/media?parent=19"}],"curies":[{"name":"wp","href":"https:\/\/api.w.org\/{rel}","templated":true}]}}