{"id":702,"date":"2022-10-05T11:06:26","date_gmt":"2022-10-05T09:06:26","guid":{"rendered":"https:\/\/www.vfl-westercelle.de\/yog\/?page_id=702"},"modified":"2025-12-04T11:15:29","modified_gmt":"2025-12-04T10:15:29","slug":"yoga-bei-ina","status":"publish","type":"page","link":"https:\/\/www.vfl-westercelle.de\/yog\/yoga-bei-ina\/","title":{"rendered":"Yoga mit Ina"},"content":{"rendered":"<div  class='flex_column av-9r3fi-a48666a908bdd42a8a668486ec21b8ab av_one_full  avia-builder-el-0  el_before_av_one_full  avia-builder-el-first  first flex_column_div  '     ><style type=\"text\/css\" data-created_by=\"avia_inline_auto\" id=\"style-css-av-l8y9md1s-78108a70e27429123d65b74e6eea0d20\">\n#top .avia-gallery.av-l8y9md1s-78108a70e27429123d65b74e6eea0d20 .avia-gallery-thumb a{\nwidth:20%;\n}\n<\/style>\n<div  class='avia-gallery av-l8y9md1s-78108a70e27429123d65b74e6eea0d20 avia_animate_when_visible  avia-builder-el-1  avia-builder-el-no-sibling  avia_lazyload avia-gallery-animate avia-gallery-1'  itemprop=\"image\" itemscope=\"itemscope\" itemtype=\"https:\/\/schema.org\/ImageObject\" ><meta itemprop=\"contentURL\" content=\"https:\/\/www.vfl-westercelle.de\/yog\/yoga-bei-ina\/\"><div class='avia-gallery-thumb'><a href=\"https:\/\/www.vfl-westercelle.de\/yog\/wp-content\/uploads\/sites\/14\/2022\/04\/37846895_xxl-1030x687.jpg\" data-srcset=\"https:\/\/www.vfl-westercelle.de\/yog\/wp-content\/uploads\/sites\/14\/2022\/04\/37846895_xxl-1030x687.jpg 1030w, https:\/\/www.vfl-westercelle.de\/yog\/wp-content\/uploads\/sites\/14\/2022\/04\/37846895_xxl-300x200.jpg 300w, https:\/\/www.vfl-westercelle.de\/yog\/wp-content\/uploads\/sites\/14\/2022\/04\/37846895_xxl-768x512.jpg 768w, https:\/\/www.vfl-westercelle.de\/yog\/wp-content\/uploads\/sites\/14\/2022\/04\/37846895_xxl-1536x1024.jpg 1536w, https:\/\/www.vfl-westercelle.de\/yog\/wp-content\/uploads\/sites\/14\/2022\/04\/37846895_xxl-2048x1365.jpg 2048w, https:\/\/www.vfl-westercelle.de\/yog\/wp-content\/uploads\/sites\/14\/2022\/04\/37846895_xxl-1500x1000.jpg 1500w, https:\/\/www.vfl-westercelle.de\/yog\/wp-content\/uploads\/sites\/14\/2022\/04\/37846895_xxl-705x470.jpg 705w\" data-sizes=\"(max-width: 1030px) 100vw, 1030px\" data-rel='gallery-1' data-prev-img='https:\/\/www.vfl-westercelle.de\/yog\/wp-content\/uploads\/sites\/14\/2022\/04\/37846895_xxl-495x400.jpg' class='first_thumb lightbox ' data-onclick='1' title='Group of senior people and young woman and men in fitness gym doing gymnastics'  itemprop=\"thumbnailUrl\"  ><img decoding=\"async\" fetchpriority=\"high\" class=\"wp-image-661 avia-img-lazy-loading-not-661\"  data-avia-tooltip='Group of senior people and young woman and men in fitness gym doing gymnastics' src=\"https:\/\/www.vfl-westercelle.de\/yog\/wp-content\/uploads\/sites\/14\/2022\/04\/37846895_xxl-495x400.jpg\" width=\"495\" height=\"400\"  title='Senior and young people doing gymnastics in gym' alt='' srcset=\"https:\/\/www.vfl-westercelle.de\/yog\/wp-content\/uploads\/sites\/14\/2022\/04\/37846895_xxl-495x400.jpg 495w, https:\/\/www.vfl-westercelle.de\/yog\/wp-content\/uploads\/sites\/14\/2022\/04\/37846895_xxl-845x684.jpg 845w\" sizes=\"(max-width: 495px) 100vw, 495px\" \/><div class='big-prev-fake'><img decoding=\"async\" loading=\"lazy\" class=\"wp-image-661 avia-img-lazy-loading-661\"  width=\"495\" height=\"400\" src=\"https:\/\/www.vfl-westercelle.de\/yog\/wp-content\/uploads\/sites\/14\/2022\/04\/37846895_xxl-495x400.jpg\" title='Senior and young people doing gymnastics in gym' alt='' srcset=\"https:\/\/www.vfl-westercelle.de\/yog\/wp-content\/uploads\/sites\/14\/2022\/04\/37846895_xxl-495x400.jpg 495w, https:\/\/www.vfl-westercelle.de\/yog\/wp-content\/uploads\/sites\/14\/2022\/04\/37846895_xxl-845x684.jpg 845w\" sizes=\"auto, (max-width: 495px) 100vw, 495px\" \/><\/div><\/a><a href=\"https:\/\/www.vfl-westercelle.de\/yog\/wp-content\/uploads\/sites\/14\/2022\/04\/52139539_xxl-1030x687.jpg\" data-srcset=\"https:\/\/www.vfl-westercelle.de\/yog\/wp-content\/uploads\/sites\/14\/2022\/04\/52139539_xxl-1030x687.jpg 1030w, https:\/\/www.vfl-westercelle.de\/yog\/wp-content\/uploads\/sites\/14\/2022\/04\/52139539_xxl-300x200.jpg 300w, https:\/\/www.vfl-westercelle.de\/yog\/wp-content\/uploads\/sites\/14\/2022\/04\/52139539_xxl-768x512.jpg 768w, https:\/\/www.vfl-westercelle.de\/yog\/wp-content\/uploads\/sites\/14\/2022\/04\/52139539_xxl-1536x1024.jpg 1536w, https:\/\/www.vfl-westercelle.de\/yog\/wp-content\/uploads\/sites\/14\/2022\/04\/52139539_xxl-2048x1365.jpg 2048w, https:\/\/www.vfl-westercelle.de\/yog\/wp-content\/uploads\/sites\/14\/2022\/04\/52139539_xxl-1500x1000.jpg 1500w, https:\/\/www.vfl-westercelle.de\/yog\/wp-content\/uploads\/sites\/14\/2022\/04\/52139539_xxl-705x470.jpg 705w\" data-sizes=\"(max-width: 1030px) 100vw, 1030px\" data-rel='gallery-1' data-prev-img='https:\/\/www.vfl-westercelle.de\/yog\/wp-content\/uploads\/sites\/14\/2022\/04\/52139539_xxl-495x400.jpg' class='lightbox ' data-onclick='2' title='Sporty beautiful young woman practicing yoga, doing Janu Sirsasana, Head-to-Knee Forward Bend Pose, working out wearing black sportswear, studio, full length'  itemprop=\"thumbnailUrl\"  ><img decoding=\"async\" fetchpriority=\"high\" class=\"wp-image-659 avia-img-lazy-loading-not-659\"  data-avia-tooltip='Sporty beautiful young woman practicing yoga, doing Janu Sirsasana, Head-to-Knee Forward Bend Pose, working out wearing black sportswear, studio, full length' src=\"https:\/\/www.vfl-westercelle.de\/yog\/wp-content\/uploads\/sites\/14\/2022\/04\/52139539_xxl-495x400.jpg\" width=\"495\" height=\"400\"  title='Head-to-Knee forward bend pose' alt='' srcset=\"https:\/\/www.vfl-westercelle.de\/yog\/wp-content\/uploads\/sites\/14\/2022\/04\/52139539_xxl-495x400.jpg 495w, https:\/\/www.vfl-westercelle.de\/yog\/wp-content\/uploads\/sites\/14\/2022\/04\/52139539_xxl-845x684.jpg 845w\" sizes=\"(max-width: 495px) 100vw, 495px\" \/><div class='big-prev-fake'><img decoding=\"async\" loading=\"lazy\" class=\"wp-image-659 avia-img-lazy-loading-659\"  width=\"495\" height=\"400\" src=\"https:\/\/www.vfl-westercelle.de\/yog\/wp-content\/uploads\/sites\/14\/2022\/04\/52139539_xxl-495x400.jpg\" title='Head-to-Knee forward bend pose' alt='' srcset=\"https:\/\/www.vfl-westercelle.de\/yog\/wp-content\/uploads\/sites\/14\/2022\/04\/52139539_xxl-495x400.jpg 495w, https:\/\/www.vfl-westercelle.de\/yog\/wp-content\/uploads\/sites\/14\/2022\/04\/52139539_xxl-845x684.jpg 845w\" sizes=\"auto, (max-width: 495px) 100vw, 495px\" \/><\/div><\/a><a href=\"https:\/\/www.vfl-westercelle.de\/yog\/wp-content\/uploads\/sites\/14\/2021\/02\/20210207_104048-680x1030.jpg\" data-srcset=\"https:\/\/www.vfl-westercelle.de\/yog\/wp-content\/uploads\/sites\/14\/2021\/02\/20210207_104048-680x1030.jpg 680w, https:\/\/www.vfl-westercelle.de\/yog\/wp-content\/uploads\/sites\/14\/2021\/02\/20210207_104048-198x300.jpg 198w, https:\/\/www.vfl-westercelle.de\/yog\/wp-content\/uploads\/sites\/14\/2021\/02\/20210207_104048-768x1163.jpg 768w, https:\/\/www.vfl-westercelle.de\/yog\/wp-content\/uploads\/sites\/14\/2021\/02\/20210207_104048-1014x1536.jpg 1014w, https:\/\/www.vfl-westercelle.de\/yog\/wp-content\/uploads\/sites\/14\/2021\/02\/20210207_104048-1352x2048.jpg 1352w, https:\/\/www.vfl-westercelle.de\/yog\/wp-content\/uploads\/sites\/14\/2021\/02\/20210207_104048-990x1500.jpg 990w, https:\/\/www.vfl-westercelle.de\/yog\/wp-content\/uploads\/sites\/14\/2021\/02\/20210207_104048-465x705.jpg 465w, https:\/\/www.vfl-westercelle.de\/yog\/wp-content\/uploads\/sites\/14\/2021\/02\/20210207_104048-scaled.jpg 1690w\" data-sizes=\"(max-width: 680px) 100vw, 680px\" data-rel='gallery-1' data-prev-img='https:\/\/www.vfl-westercelle.de\/yog\/wp-content\/uploads\/sites\/14\/2021\/02\/20210207_104048-495x400.jpg' class='lightbox ' data-onclick='3' title='20210207_104048'  itemprop=\"thumbnailUrl\"  ><img decoding=\"async\" fetchpriority=\"high\" class=\"wp-image-455 avia-img-lazy-loading-not-455\"   src=\"https:\/\/www.vfl-westercelle.de\/yog\/wp-content\/uploads\/sites\/14\/2021\/02\/20210207_104048-495x400.jpg\" width=\"495\" height=\"400\"  title='20210207_104048' alt='' srcset=\"https:\/\/www.vfl-westercelle.de\/yog\/wp-content\/uploads\/sites\/14\/2021\/02\/20210207_104048-495x400.jpg 495w, https:\/\/www.vfl-westercelle.de\/yog\/wp-content\/uploads\/sites\/14\/2021\/02\/20210207_104048-845x684.jpg 845w\" sizes=\"(max-width: 495px) 100vw, 495px\" \/><div class='big-prev-fake'><img decoding=\"async\" loading=\"lazy\" class=\"wp-image-455 avia-img-lazy-loading-455\"  width=\"495\" height=\"400\" src=\"https:\/\/www.vfl-westercelle.de\/yog\/wp-content\/uploads\/sites\/14\/2021\/02\/20210207_104048-495x400.jpg\" title='20210207_104048' alt='' srcset=\"https:\/\/www.vfl-westercelle.de\/yog\/wp-content\/uploads\/sites\/14\/2021\/02\/20210207_104048-495x400.jpg 495w, https:\/\/www.vfl-westercelle.de\/yog\/wp-content\/uploads\/sites\/14\/2021\/02\/20210207_104048-845x684.jpg 845w\" sizes=\"auto, (max-width: 495px) 100vw, 495px\" \/><\/div><\/a><a href=\"https:\/\/www.vfl-westercelle.de\/yog\/wp-content\/uploads\/sites\/14\/2022\/04\/40114170_xl-1030x691.jpg\" data-srcset=\"https:\/\/www.vfl-westercelle.de\/yog\/wp-content\/uploads\/sites\/14\/2022\/04\/40114170_xl-1030x691.jpg 1030w, https:\/\/www.vfl-westercelle.de\/yog\/wp-content\/uploads\/sites\/14\/2022\/04\/40114170_xl-300x201.jpg 300w, https:\/\/www.vfl-westercelle.de\/yog\/wp-content\/uploads\/sites\/14\/2022\/04\/40114170_xl-768x515.jpg 768w, https:\/\/www.vfl-westercelle.de\/yog\/wp-content\/uploads\/sites\/14\/2022\/04\/40114170_xl-1536x1030.jpg 1536w, https:\/\/www.vfl-westercelle.de\/yog\/wp-content\/uploads\/sites\/14\/2022\/04\/40114170_xl-2048x1374.jpg 2048w, https:\/\/www.vfl-westercelle.de\/yog\/wp-content\/uploads\/sites\/14\/2022\/04\/40114170_xl-1500x1006.jpg 1500w, https:\/\/www.vfl-westercelle.de\/yog\/wp-content\/uploads\/sites\/14\/2022\/04\/40114170_xl-705x473.jpg 705w\" data-sizes=\"(max-width: 1030px) 100vw, 1030px\" data-rel='gallery-1' data-prev-img='https:\/\/www.vfl-westercelle.de\/yog\/wp-content\/uploads\/sites\/14\/2022\/04\/40114170_xl-495x400.jpg' class='lightbox ' data-onclick='4' title='Blonde female doing plank static exercise in gym'  itemprop=\"thumbnailUrl\"  ><img decoding=\"async\" fetchpriority=\"high\" class=\"wp-image-667 avia-img-lazy-loading-not-667\"   src=\"https:\/\/www.vfl-westercelle.de\/yog\/wp-content\/uploads\/sites\/14\/2022\/04\/40114170_xl-495x400.jpg\" width=\"495\" height=\"400\"  title='Blonde female doing plank static exercise in gym' alt='' srcset=\"https:\/\/www.vfl-westercelle.de\/yog\/wp-content\/uploads\/sites\/14\/2022\/04\/40114170_xl-495x400.jpg 495w, https:\/\/www.vfl-westercelle.de\/yog\/wp-content\/uploads\/sites\/14\/2022\/04\/40114170_xl-845x684.jpg 845w\" sizes=\"(max-width: 495px) 100vw, 495px\" \/><div class='big-prev-fake'><img decoding=\"async\" loading=\"lazy\" class=\"wp-image-667 avia-img-lazy-loading-667\"  width=\"495\" height=\"400\" src=\"https:\/\/www.vfl-westercelle.de\/yog\/wp-content\/uploads\/sites\/14\/2022\/04\/40114170_xl-495x400.jpg\" title='Blonde female doing plank static exercise in gym' alt='' srcset=\"https:\/\/www.vfl-westercelle.de\/yog\/wp-content\/uploads\/sites\/14\/2022\/04\/40114170_xl-495x400.jpg 495w, https:\/\/www.vfl-westercelle.de\/yog\/wp-content\/uploads\/sites\/14\/2022\/04\/40114170_xl-845x684.jpg 845w\" sizes=\"auto, (max-width: 495px) 100vw, 495px\" \/><\/div><\/a><a href=\"https:\/\/www.vfl-westercelle.de\/yog\/wp-content\/uploads\/sites\/14\/2022\/04\/60825143_xxl-1030x728.jpg\" data-srcset=\"https:\/\/www.vfl-westercelle.de\/yog\/wp-content\/uploads\/sites\/14\/2022\/04\/60825143_xxl-1030x728.jpg 1030w, https:\/\/www.vfl-westercelle.de\/yog\/wp-content\/uploads\/sites\/14\/2022\/04\/60825143_xxl-300x212.jpg 300w, https:\/\/www.vfl-westercelle.de\/yog\/wp-content\/uploads\/sites\/14\/2022\/04\/60825143_xxl-768x543.jpg 768w, https:\/\/www.vfl-westercelle.de\/yog\/wp-content\/uploads\/sites\/14\/2022\/04\/60825143_xxl-1536x1086.jpg 1536w, https:\/\/www.vfl-westercelle.de\/yog\/wp-content\/uploads\/sites\/14\/2022\/04\/60825143_xxl-2048x1448.jpg 2048w, https:\/\/www.vfl-westercelle.de\/yog\/wp-content\/uploads\/sites\/14\/2022\/04\/60825143_xxl-1500x1061.jpg 1500w, https:\/\/www.vfl-westercelle.de\/yog\/wp-content\/uploads\/sites\/14\/2022\/04\/60825143_xxl-260x185.jpg 260w, https:\/\/www.vfl-westercelle.de\/yog\/wp-content\/uploads\/sites\/14\/2022\/04\/60825143_xxl-705x499.jpg 705w\" data-sizes=\"(max-width: 1030px) 100vw, 1030px\" data-rel='gallery-1' data-prev-img='https:\/\/www.vfl-westercelle.de\/yog\/wp-content\/uploads\/sites\/14\/2022\/04\/60825143_xxl-495x400.jpg' class='lightbox ' data-onclick='5' title='Two young women doing yoga asana extended triangle pose. Trikonasana'  itemprop=\"thumbnailUrl\"  ><img decoding=\"async\" fetchpriority=\"high\" class=\"wp-image-660 avia-img-lazy-loading-not-660\"  data-avia-tooltip='Two young women doing yoga asana extended triangle pose. Trikonasana' src=\"https:\/\/www.vfl-westercelle.de\/yog\/wp-content\/uploads\/sites\/14\/2022\/04\/60825143_xxl-495x400.jpg\" width=\"495\" height=\"400\"  title='Two young women doing yoga asana extended triangle pose' alt='' srcset=\"https:\/\/www.vfl-westercelle.de\/yog\/wp-content\/uploads\/sites\/14\/2022\/04\/60825143_xxl-495x400.jpg 495w, https:\/\/www.vfl-westercelle.de\/yog\/wp-content\/uploads\/sites\/14\/2022\/04\/60825143_xxl-845x684.jpg 845w\" sizes=\"(max-width: 495px) 100vw, 495px\" \/><div class='big-prev-fake'><img decoding=\"async\" loading=\"lazy\" class=\"wp-image-660 avia-img-lazy-loading-660\"  width=\"495\" height=\"400\" src=\"https:\/\/www.vfl-westercelle.de\/yog\/wp-content\/uploads\/sites\/14\/2022\/04\/60825143_xxl-495x400.jpg\" title='Two young women doing yoga asana extended triangle pose' alt='' srcset=\"https:\/\/www.vfl-westercelle.de\/yog\/wp-content\/uploads\/sites\/14\/2022\/04\/60825143_xxl-495x400.jpg 495w, https:\/\/www.vfl-westercelle.de\/yog\/wp-content\/uploads\/sites\/14\/2022\/04\/60825143_xxl-845x684.jpg 845w\" sizes=\"auto, (max-width: 495px) 100vw, 495px\" \/><\/div><\/a><\/div><\/div><\/div>\n<div  class='flex_column av-14fnbi-840d53a84d6c9ace33f4c439b20e4767 av_one_full  avia-builder-el-2  el_after_av_one_full  el_before_av_one_full  first flex_column_div  column-top-margin'     ><p>\n<style type=\"text\/css\" data-created_by=\"avia_inline_auto\" id=\"style-css-av-livd8l3z-c441febcd2a191277faf60593e3f5d2d\">\n#top .av-special-heading.av-livd8l3z-c441febcd2a191277faf60593e3f5d2d{\npadding-bottom:10px;\n}\nbody .av-special-heading.av-livd8l3z-c441febcd2a191277faf60593e3f5d2d .av-special-heading-tag .heading-char{\nfont-size:25px;\n}\n.av-special-heading.av-livd8l3z-c441febcd2a191277faf60593e3f5d2d .av-subheading{\nfont-size:15px;\n}\n<\/style>\n<div  class='av-special-heading av-livd8l3z-c441febcd2a191277faf60593e3f5d2d av-special-heading-h3  avia-builder-el-3  el_before_av_textblock  avia-builder-el-first '><h3 class='av-special-heading-tag '  itemprop=\"headline\"  >2026<\/h3><div class=\"special-heading-border\"><div class=\"special-heading-inner-border\"><\/div><\/div><\/div><br \/>\n<section  class='av_textblock_section av-a0f2u-1cb74a30a5822d433180441700369734 '   itemscope=\"itemscope\" itemtype=\"https:\/\/schema.org\/CreativeWork\" ><div class='avia_textblock av_inherit_color'  itemprop=\"text\" ><p><b>Kursangebote folgen demn\u00e4chst<\/b><\/p>\n<\/div><\/section><\/p><\/div><div  class='flex_column av-skucm-a1bdaba8e32ddc93025465e1d791cff9 av_one_full  avia-builder-el-5  el_after_av_one_full  el_before_av_one_full  first flex_column_div  column-top-margin'     ><p>\n<style type=\"text\/css\" data-created_by=\"avia_inline_auto\" id=\"style-css-av-l8ya07e8-40c6733d482199e4cf0073e51f3dc382\">\n#top .av-special-heading.av-l8ya07e8-40c6733d482199e4cf0073e51f3dc382{\npadding-bottom:10px;\n}\nbody .av-special-heading.av-l8ya07e8-40c6733d482199e4cf0073e51f3dc382 .av-special-heading-tag .heading-char{\nfont-size:25px;\n}\n.av-special-heading.av-l8ya07e8-40c6733d482199e4cf0073e51f3dc382 .av-subheading{\nfont-size:15px;\n}\n<\/style>\n<div  class='av-special-heading av-l8ya07e8-40c6733d482199e4cf0073e51f3dc382 av-special-heading-h3  avia-builder-el-6  el_before_av_textblock  avia-builder-el-first '><h3 class='av-special-heading-tag '  itemprop=\"headline\"  >Anmeldung<\/h3><div class=\"special-heading-border\"><div class=\"special-heading-inner-border\"><\/div><\/div><\/div><br \/>\n<section  class='av_textblock_section av-l8ya0mg5-48da614d88a9b222d7bbbf0f2d2181d4 '   itemscope=\"itemscope\" itemtype=\"https:\/\/schema.org\/CreativeWork\" ><div class='avia_textblock'  itemprop=\"text\" ><p>Anmeldungen bitte \u00fcber die Gesch\u00e4ftsstelle des VfL-Westercelle:<\/p>\n<p><a href=\"&#x6b;&#x75;&#x72;&#x73;&#x65;&#x40;&#x76;&#x66;&#x6c;&#x2d;&#x77;&#x65;&#x73;&#x74;&#x65;&#x72;&#x63;&#x65;&#x6c;&#x6c;&#x65;&#x2e;&#x64;&#x65;\">&#x6b;&#x75;&#114;&#115;e&#x40;&#x76;&#x66;&#108;&#45;w&#x65;&#x73;&#x74;&#101;&#114;c&#x65;&#x6c;&#x6c;&#101;&#46;d&#x65;<\/a><br \/>\nTel.: 05141 &#8211; 88 77 75\/74<\/p>\n<\/div><\/section><\/p><\/div><\/p>\n<div  class='flex_column av-kf0f2-c1a4ff01bd4bee555fc1829725f14b02 av_one_full  avia-builder-el-8  el_after_av_one_full  el_before_av_one_fourth  first flex_column_div  column-top-margin'     ><style type=\"text\/css\" data-created_by=\"avia_inline_auto\" id=\"style-css-av-l8ya1mwl-a47c7e6d940cf52983091f8a9782f47c\">\n#top .av-special-heading.av-l8ya1mwl-a47c7e6d940cf52983091f8a9782f47c{\npadding-bottom:10px;\n}\nbody .av-special-heading.av-l8ya1mwl-a47c7e6d940cf52983091f8a9782f47c .av-special-heading-tag .heading-char{\nfont-size:25px;\n}\n.av-special-heading.av-l8ya1mwl-a47c7e6d940cf52983091f8a9782f47c .av-subheading{\nfont-size:15px;\n}\n<\/style>\n<div  class='av-special-heading av-l8ya1mwl-a47c7e6d940cf52983091f8a9782f47c av-special-heading-h3  avia-builder-el-9  avia-builder-el-no-sibling '><h3 class='av-special-heading-tag '  itemprop=\"headline\"  >Kursleitung<\/h3><div class=\"special-heading-border\"><div class=\"special-heading-inner-border\"><\/div><\/div><\/div><\/div>\n<div  class='flex_column av-hdhim-3b1efc0dde0dc92476fd65d93efb5bef av_one_fourth  avia-builder-el-10  el_after_av_one_full  el_before_av_three_fourth  first flex_column_div  column-top-margin'     ><section  class='av_textblock_section av-l8ya3zr0-d9cdd9906f92567ebdfe353bcd89f25c '   itemscope=\"itemscope\" itemtype=\"https:\/\/schema.org\/CreativeWork\" ><div class='avia_textblock'  itemprop=\"text\" ><p><img loading=\"lazy\" decoding=\"async\" class=\"alignleft wp-image-727 size-medium\" src=\"http:\/\/www.vfl-westercelle.de\/yog\/wp-content\/uploads\/sites\/14\/2022\/10\/Foto-Ina-Wedemeyer-209x300.jpg\" alt=\"\" width=\"209\" height=\"300\" srcset=\"https:\/\/www.vfl-westercelle.de\/yog\/wp-content\/uploads\/sites\/14\/2022\/10\/Foto-Ina-Wedemeyer-209x300.jpg 209w, https:\/\/www.vfl-westercelle.de\/yog\/wp-content\/uploads\/sites\/14\/2022\/10\/Foto-Ina-Wedemeyer-717x1030.jpg 717w, https:\/\/www.vfl-westercelle.de\/yog\/wp-content\/uploads\/sites\/14\/2022\/10\/Foto-Ina-Wedemeyer-768x1103.jpg 768w, https:\/\/www.vfl-westercelle.de\/yog\/wp-content\/uploads\/sites\/14\/2022\/10\/Foto-Ina-Wedemeyer-1070x1536.jpg 1070w, https:\/\/www.vfl-westercelle.de\/yog\/wp-content\/uploads\/sites\/14\/2022\/10\/Foto-Ina-Wedemeyer-1045x1500.jpg 1045w, https:\/\/www.vfl-westercelle.de\/yog\/wp-content\/uploads\/sites\/14\/2022\/10\/Foto-Ina-Wedemeyer-491x705.jpg 491w, https:\/\/www.vfl-westercelle.de\/yog\/wp-content\/uploads\/sites\/14\/2022\/10\/Foto-Ina-Wedemeyer.jpg 1184w\" sizes=\"auto, (max-width: 209px) 100vw, 209px\" \/><\/p>\n<\/div><\/section><\/div>\n<div  class='flex_column av-bvz6e-f61b767564aba860e6d4fe64897bd86f av_three_fourth  avia-builder-el-12  el_after_av_one_fourth  el_before_av_hr  flex_column_div  column-top-margin'     ><section  class='av_textblock_section av-l8yacwt1-060553871cba8f82e675743dbfa1a2ad '   itemscope=\"itemscope\" itemtype=\"https:\/\/schema.org\/CreativeWork\" ><div class='avia_textblock'  itemprop=\"text\" ><p style=\"margin: 0cm;\"><span style=\"font-size: 10.0pt; font-family: 'Arial',sans-serif; color: black;\">Aufgrund ihrer langj\u00e4hrigen Erfahrung als Yoga\u00fcbungsleiterin entwickelte <strong>Ina Wedemeyer<\/strong> das Achtsame Yoga.<\/span><\/p>\n<p style=\"margin: 0cm; -webkit-text-size-adjust: auto; caret-color: #000000;\"><span style=\"font-size: 10.0pt; font-family: 'Arial',sans-serif; color: black;\">Achtsames Yoga ist eine sanfte Form von K\u00f6rper\u00fcbungen, die auf bewusster Atmung, Dehnung und Entspannung basieren. Da alle \u00dcbungen mit besonderer Leichtigkeit ausgef\u00fchrt werden k\u00f6nnen, gelingt auch Yoga-Anf\u00e4ngern ein schneller Einstieg. Diese Mischung aus Hatha- und Yin Yoga kann helfen, das Nervensystem zu normalisieren, den K\u00f6rper zu st\u00e4rken und tiefe Gelassenheit in den Alltag bringen.<\/span><\/p>\n<\/div><\/section><\/div>\n<div  class='hr av-7usbq-a1c90693349f401e2b95fd230062c5dc hr-default  avia-builder-el-14  el_after_av_three_fourth  avia-builder-el-last '><span class='hr-inner '><span class=\"hr-inner-style\"><\/span><\/span><\/div>\n","protected":false},"excerpt":{"rendered":"","protected":false},"author":1,"featured_media":0,"parent":0,"menu_order":0,"comment_status":"closed","ping_status":"closed","template":"","meta":{"footnotes":""},"class_list":["post-702","page","type-page","status-publish","hentry"],"_links":{"self":[{"href":"https:\/\/www.vfl-westercelle.de\/yog\/wp-json\/wp\/v2\/pages\/702","targetHints":{"allow":["GET"]}}],"collection":[{"href":"https:\/\/www.vfl-westercelle.de\/yog\/wp-json\/wp\/v2\/pages"}],"about":[{"href":"https:\/\/www.vfl-westercelle.de\/yog\/wp-json\/wp\/v2\/types\/page"}],"author":[{"embeddable":true,"href":"https:\/\/www.vfl-westercelle.de\/yog\/wp-json\/wp\/v2\/users\/1"}],"replies":[{"embeddable":true,"href":"https:\/\/www.vfl-westercelle.de\/yog\/wp-json\/wp\/v2\/comments?post=702"}],"version-history":[{"count":3,"href":"https:\/\/www.vfl-westercelle.de\/yog\/wp-json\/wp\/v2\/pages\/702\/revisions"}],"predecessor-version":[{"id":863,"href":"https:\/\/www.vfl-westercelle.de\/yog\/wp-json\/wp\/v2\/pages\/702\/revisions\/863"}],"wp:attachment":[{"href":"https:\/\/www.vfl-westercelle.de\/yog\/wp-json\/wp\/v2\/media?parent=702"}],"curies":[{"name":"wp","href":"https:\/\/api.w.org\/{rel}","templated":true}]}}